{"id":29916,"date":"2023-04-06T18:05:43","date_gmt":"2023-04-06T16:05:43","guid":{"rendered":"https:\/\/oplitegames.com\/product\/oplite-mt49-monitor-arm\/"},"modified":"2025-10-08T14:26:29","modified_gmt":"2025-10-08T12:26:29","slug":"oplite-mt49-monitor-arm","status":"publish","type":"product","link":"https:\/\/oplitegames-preprod.ezratis.fr\/es\/producto\/oplite-mt49-monitor-arm\/","title":{"rendered":"MT49 Monitor Arm"},"content":{"rendered":"<p><span style=\"text-decoration: underline;\"><strong>Presentaci\u00f3n:<\/strong><\/span><br \/>\nEl MT49 ha sido dise\u00f1ado espec\u00edficamente para acomodar grandes pantallas de 49&#8243;. Ofrece una gran libertad de movimiento y orientaci\u00f3n para su pantalla curva ultra ancha de 15,2 a 30,4 cm como el monitor para juegos Samsung\u00ae Odyssey G9 o cualquier otra marca con un sistema de montaje est\u00e1ndar universal VESA 75&#215;75 o 100&#215;100. (Samsung\u00ae, Dell\u00ae, LG\u00ae, Lenovo\u00ae, Asus\u00ae, BenQ\u00ae, ACER\u00ae, HP\u00ae etc.).<br \/>\nFabricado en aluminio y acero al carbono forjado, el MT49 combina materiales de alta calidad con un dise\u00f1o elegante. Equipado con un potente conector GAS ajustable, le ayudar\u00e1 a ajustarlo hacia arriba o hacia abajo sin esfuerzo.<\/p>\n<p><span style=\"text-decoration: underline;\"><strong>Aspectos destacados:<\/strong><\/span><br \/>\n\u2705Dise\u00f1ado a partir de aluminio de alta calidad, acero al carbono de alta densidad y carenado ABS.<br \/>\n\u2705Combina un estilo elegante y futurista con los \u00faltimos dise\u00f1os de pantalla de las principales marcas.<br \/>\n\u2705 F\u00e1cil de ajustar, su potente puntal de gas permite ajustar perfectamente la disposici\u00f3n de la pantalla sin esfuerzo. El resultado es una estaci\u00f3n de trabajo o de juego ergon\u00f3mica, pr\u00e1ctica y de alto rendimiento.<br \/>\n\u2705Libera espacio, eleva tu pantalla y libera espacio en el escritorio.<br \/>\n\u2705 Capacidad de inclinaci\u00f3n de +50\/-20\u00b0 para trabajar o jugar c\u00f3modamente sentado o de pie. El punto de giro permite la rotaci\u00f3n horizontal y vertical para pantallas de hasta 32 pulgadas.<br \/>\n\u2705Compatible con pantallas curvas ultraanchas como la Samsung 49&#8243; Odyssey G9 o cualquier otra marca con un sistema de montaje est\u00e1ndar universal VESA 75&#215;75 o 100&#215;100.<br \/>\n\u2705 F\u00e1cil montaje de la pantalla gracias a la placa VESA desmontable suministrada.<br \/>\n\u2705Fijaci\u00f3n del brazo a su escritorio mediante una abrazadera en &#8220;C&#8221; (tornillo de banco de doble anclaje) o mediante 2 vistraversants su escritorio.<\/p>\n<p><span style=\"text-decoration: underline;\"><strong>Especificaciones t\u00e9cnicas:<\/strong><\/span><br \/>\n\u2705 Tama\u00f1o de pantalla compatible: 17&#8243;-49&#8243;.<br \/>\n\u2705 Cantidad de pantallas :1<br \/>\n\u2705 Capacidad de peso (por pantalla) :1~20kg<br \/>\n\u2705 Rango de inclinaci\u00f3n:+50\u00b0~-20\u00b0<br \/>\n\u2705 Rango de giro: +90\u00b0~-90<\/p>\n<p><span style=\"text-decoration: underline;\"><strong>Compatibilidad del producto :<\/strong><\/span><br \/>\n\u2705 Todas las pantallas VESA: 75&#215;75,100&#215;100<br \/>\n\u2705 Todos los escritorios OPLITE<br \/>\n\u2705 Todos los escritorios de otros fabricantes<\/p>\n","protected":false},"excerpt":{"rendered":"<p>\u00a1Ha llegado el momento de disfrutar de experiencias m\u00e1s envolventes al tiempo que libera espacio en su escritorio!<br \/>\nEspecializada en el dise\u00f1o de productos ergon\u00f3micos (ofim\u00e1tica y gaming), OPLITE presenta su nuevo brazo articulado para monitor de gran capacidad, el <strong>MT49<\/strong>.<\/p>\n[embed]https:\/\/www.youtube.com\/watch?v=eHnacXhYbMM[\/embed]\n","protected":false},"featured_media":28925,"template":"","meta":{"_acf_changed":false,"footnotes":""},"product_brand":[],"product_cat":[729,716],"product_tag":[759],"class_list":{"0":"post-29916","1":"product","2":"type-product","3":"status-publish","4":"has-post-thumbnail","6":"product_cat-brazos-articulados","7":"product_cat-oficinas-streaming","8":"product_tag-oplite-gaming-es","9":"pa_colisage-pcb-3-es","11":"first","12":"outofstock","13":"taxable","14":"shipping-taxable","15":"purchasable","16":"product-type-simple"},"bundled_by":[],"bundle_stock_status":"outofstock","bundle_stock_quantity":0,"bundle_virtual":false,"bundle_layout":"","bundle_add_to_cart_form_location":"","bundle_editable_in_cart":false,"bundle_sold_individually_context":"","bundle_item_grouping":"","bundle_min_size":"","bundle_max_size":"","bundle_price":[],"bundled_items":[],"bundle_sell_ids":[],"acf":[],"yoast_head":"<!-- This site is optimized with the Yoast SEO plugin v27.3 - https:\/\/yoast.com\/product\/yoast-seo-wordpress\/ -->\n<title>MT49 Monitor Arm - OPLITE<\/title>\n<meta name=\"robots\" content=\"index, follow, max-snippet:-1, max-image-preview:large, max-video-preview:-1\" \/>\n<link rel=\"canonical\" href=\"https:\/\/oplitegames.com\/es\/producto\/oplite-mt49-monitor-arm\/\" \/>\n<meta property=\"og:locale\" content=\"es_ES\" \/>\n<meta property=\"og:type\" content=\"article\" \/>\n<meta property=\"og:title\" content=\"MT49 Monitor Arm - OPLITE\" \/>\n<meta property=\"og:description\" content=\"\u00a1Ha llegado el momento de disfrutar de experiencias m\u00e1s envolventes al tiempo que libera espacio en su escritorio! Especializada en el dise\u00f1o de productos ergon\u00f3micos (ofim\u00e1tica y gaming), OPLITE presenta su nuevo brazo articulado para monitor de gran capacidad, el MT49.\" \/>\n<meta property=\"og:url\" content=\"https:\/\/oplitegames.com\/es\/producto\/oplite-mt49-monitor-arm\/\" \/>\n<meta property=\"og:site_name\" content=\"OPLITE\" \/>\n<meta property=\"article:modified_time\" content=\"2025-10-08T12:26:29+00:00\" \/>\n<meta property=\"og:image\" content=\"https:\/\/oplitegames.com\/wp-content\/uploads\/OPLITE-MT49-MONITOR-ARM-_01.png\" \/>\n\t<meta property=\"og:image:width\" content=\"2000\" \/>\n\t<meta property=\"og:image:height\" content=\"2000\" \/>\n\t<meta property=\"og:image:type\" content=\"image\/png\" \/>\n<meta name=\"twitter:card\" content=\"summary_large_image\" \/>\n<meta name=\"twitter:label1\" content=\"Price\" \/>\n\t<meta name=\"twitter:data1\" content=\"149,90&nbsp;&euro;\" \/>\n\t<meta name=\"twitter:label2\" content=\"Availability\" \/>\n\t<meta name=\"twitter:data2\" content=\"Out of stock\" \/>\n<script type=\"application\/ld+json\" class=\"yoast-schema-graph\">{\"@context\":\"https:\\\/\\\/schema.org\",\"@graph\":[{\"@type\":[\"WebPage\",\"ItemPage\"],\"@id\":\"https:\\\/\\\/oplitegames.com\\\/es\\\/producto\\\/oplite-mt49-monitor-arm\\\/\",\"url\":\"https:\\\/\\\/oplitegames.com\\\/es\\\/producto\\\/oplite-mt49-monitor-arm\\\/\",\"name\":\"MT49 Monitor Arm - OPLITE\",\"isPartOf\":{\"@id\":\"https:\\\/\\\/oplitegames.com\\\/#website\"},\"primaryImageOfPage\":{\"@id\":\"https:\\\/\\\/oplitegames.com\\\/es\\\/producto\\\/oplite-mt49-monitor-arm\\\/#primaryimage\"},\"image\":{\"@id\":\"https:\\\/\\\/oplitegames.com\\\/es\\\/producto\\\/oplite-mt49-monitor-arm\\\/#primaryimage\"},\"thumbnailUrl\":\"https:\\\/\\\/oplitegames-preprod.ezratis.fr\\\/wp-content\\\/uploads\\\/OPLITE-MT49-MONITOR-ARM-_01.png\",\"datePublished\":\"2023-04-06T16:05:43+00:00\",\"dateModified\":\"2025-10-08T12:26:29+00:00\",\"breadcrumb\":{\"@id\":\"https:\\\/\\\/oplitegames.com\\\/es\\\/producto\\\/oplite-mt49-monitor-arm\\\/#breadcrumb\"},\"inLanguage\":\"es\",\"potentialAction\":[{\"@type\":\"ReadAction\",\"target\":[\"https:\\\/\\\/oplitegames.com\\\/es\\\/producto\\\/oplite-mt49-monitor-arm\\\/\"]}]},{\"@type\":\"ImageObject\",\"inLanguage\":\"es\",\"@id\":\"https:\\\/\\\/oplitegames.com\\\/es\\\/producto\\\/oplite-mt49-monitor-arm\\\/#primaryimage\",\"url\":\"https:\\\/\\\/oplitegames-preprod.ezratis.fr\\\/wp-content\\\/uploads\\\/OPLITE-MT49-MONITOR-ARM-_01.png\",\"contentUrl\":\"https:\\\/\\\/oplitegames-preprod.ezratis.fr\\\/wp-content\\\/uploads\\\/OPLITE-MT49-MONITOR-ARM-_01.png\",\"width\":2000,\"height\":2000},{\"@type\":\"BreadcrumbList\",\"@id\":\"https:\\\/\\\/oplitegames.com\\\/es\\\/producto\\\/oplite-mt49-monitor-arm\\\/#breadcrumb\",\"itemListElement\":[{\"@type\":\"ListItem\",\"position\":1,\"name\":\"Home\",\"item\":\"https:\\\/\\\/oplitegames.com\\\/es\\\/oplite-gaming\\\/\"},{\"@type\":\"ListItem\",\"position\":2,\"name\":\"Comercio\",\"item\":\"https:\\\/\\\/oplitegames.com\\\/es\\\/comercio\\\/\"},{\"@type\":\"ListItem\",\"position\":3,\"name\":\"MT49 Monitor Arm\"}]},{\"@type\":\"WebSite\",\"@id\":\"https:\\\/\\\/oplitegames.com\\\/#website\",\"url\":\"https:\\\/\\\/oplitegames.com\\\/\",\"name\":\"OPLITE\",\"description\":\"\",\"publisher\":{\"@id\":\"https:\\\/\\\/oplitegames.com\\\/#organization\"},\"potentialAction\":[{\"@type\":\"SearchAction\",\"target\":{\"@type\":\"EntryPoint\",\"urlTemplate\":\"https:\\\/\\\/oplitegames.com\\\/?s={search_term_string}\"},\"query-input\":{\"@type\":\"PropertyValueSpecification\",\"valueRequired\":true,\"valueName\":\"search_term_string\"}}],\"inLanguage\":\"es\"},{\"@type\":\"Organization\",\"@id\":\"https:\\\/\\\/oplitegames.com\\\/#organization\",\"name\":\"OPLITE\",\"url\":\"https:\\\/\\\/oplitegames.com\\\/\",\"logo\":{\"@type\":\"ImageObject\",\"inLanguage\":\"es\",\"@id\":\"https:\\\/\\\/oplitegames.com\\\/#\\\/schema\\\/logo\\\/image\\\/\",\"url\":\"https:\\\/\\\/oplitegames-preprod.ezratis.fr\\\/wp-content\\\/uploads\\\/cropped-cropped-Oplite-Blanc-casse-002-scaled-1.png\",\"contentUrl\":\"https:\\\/\\\/oplitegames-preprod.ezratis.fr\\\/wp-content\\\/uploads\\\/cropped-cropped-Oplite-Blanc-casse-002-scaled-1.png\",\"width\":2509,\"height\":597,\"caption\":\"OPLITE\"},\"image\":{\"@id\":\"https:\\\/\\\/oplitegames.com\\\/#\\\/schema\\\/logo\\\/image\\\/\"}}]}<\/script>\n<meta property=\"product:price:amount\" content=\"149.90\" \/>\n<meta property=\"product:price:currency\" content=\"EUR\" \/>\n<meta property=\"og:availability\" content=\"out of stock\" \/>\n<meta property=\"product:availability\" content=\"out of stock\" \/>\n<meta property=\"product:retailer_item_id\" content=\"96446\" \/>\n<meta property=\"product:condition\" content=\"new\" \/>\n<!-- \/ Yoast SEO plugin. -->","yoast_head_json":{"title":"MT49 Monitor Arm - OPLITE","robots":{"index":"index","follow":"follow","max-snippet":"max-snippet:-1","max-image-preview":"max-image-preview:large","max-video-preview":"max-video-preview:-1"},"canonical":"https:\/\/oplitegames.com\/es\/producto\/oplite-mt49-monitor-arm\/","og_locale":"es_ES","og_type":"article","og_title":"MT49 Monitor Arm - OPLITE","og_description":"\u00a1Ha llegado el momento de disfrutar de experiencias m\u00e1s envolventes al tiempo que libera espacio en su escritorio! Especializada en el dise\u00f1o de productos ergon\u00f3micos (ofim\u00e1tica y gaming), OPLITE presenta su nuevo brazo articulado para monitor de gran capacidad, el MT49.","og_url":"https:\/\/oplitegames.com\/es\/producto\/oplite-mt49-monitor-arm\/","og_site_name":"OPLITE","article_modified_time":"2025-10-08T12:26:29+00:00","og_image":[{"width":2000,"height":2000,"url":"https:\/\/oplitegames.com\/wp-content\/uploads\/OPLITE-MT49-MONITOR-ARM-_01.png","type":"image\/png"}],"twitter_card":"summary_large_image","twitter_misc":{"Price":"149,90&nbsp;&euro;","Availability":"Out of stock"},"schema":{"@context":"https:\/\/schema.org","@graph":[{"@type":["WebPage","ItemPage"],"@id":"https:\/\/oplitegames.com\/es\/producto\/oplite-mt49-monitor-arm\/","url":"https:\/\/oplitegames.com\/es\/producto\/oplite-mt49-monitor-arm\/","name":"MT49 Monitor Arm - OPLITE","isPartOf":{"@id":"https:\/\/oplitegames.com\/#website"},"primaryImageOfPage":{"@id":"https:\/\/oplitegames.com\/es\/producto\/oplite-mt49-monitor-arm\/#primaryimage"},"image":{"@id":"https:\/\/oplitegames.com\/es\/producto\/oplite-mt49-monitor-arm\/#primaryimage"},"thumbnailUrl":"https:\/\/oplitegames-preprod.ezratis.fr\/wp-content\/uploads\/OPLITE-MT49-MONITOR-ARM-_01.png","datePublished":"2023-04-06T16:05:43+00:00","dateModified":"2025-10-08T12:26:29+00:00","breadcrumb":{"@id":"https:\/\/oplitegames.com\/es\/producto\/oplite-mt49-monitor-arm\/#breadcrumb"},"inLanguage":"es","potentialAction":[{"@type":"ReadAction","target":["https:\/\/oplitegames.com\/es\/producto\/oplite-mt49-monitor-arm\/"]}]},{"@type":"ImageObject","inLanguage":"es","@id":"https:\/\/oplitegames.com\/es\/producto\/oplite-mt49-monitor-arm\/#primaryimage","url":"https:\/\/oplitegames-preprod.ezratis.fr\/wp-content\/uploads\/OPLITE-MT49-MONITOR-ARM-_01.png","contentUrl":"https:\/\/oplitegames-preprod.ezratis.fr\/wp-content\/uploads\/OPLITE-MT49-MONITOR-ARM-_01.png","width":2000,"height":2000},{"@type":"BreadcrumbList","@id":"https:\/\/oplitegames.com\/es\/producto\/oplite-mt49-monitor-arm\/#breadcrumb","itemListElement":[{"@type":"ListItem","position":1,"name":"Home","item":"https:\/\/oplitegames.com\/es\/oplite-gaming\/"},{"@type":"ListItem","position":2,"name":"Comercio","item":"https:\/\/oplitegames.com\/es\/comercio\/"},{"@type":"ListItem","position":3,"name":"MT49 Monitor Arm"}]},{"@type":"WebSite","@id":"https:\/\/oplitegames.com\/#website","url":"https:\/\/oplitegames.com\/","name":"OPLITE","description":"","publisher":{"@id":"https:\/\/oplitegames.com\/#organization"},"potentialAction":[{"@type":"SearchAction","target":{"@type":"EntryPoint","urlTemplate":"https:\/\/oplitegames.com\/?s={search_term_string}"},"query-input":{"@type":"PropertyValueSpecification","valueRequired":true,"valueName":"search_term_string"}}],"inLanguage":"es"},{"@type":"Organization","@id":"https:\/\/oplitegames.com\/#organization","name":"OPLITE","url":"https:\/\/oplitegames.com\/","logo":{"@type":"ImageObject","inLanguage":"es","@id":"https:\/\/oplitegames.com\/#\/schema\/logo\/image\/","url":"https:\/\/oplitegames-preprod.ezratis.fr\/wp-content\/uploads\/cropped-cropped-Oplite-Blanc-casse-002-scaled-1.png","contentUrl":"https:\/\/oplitegames-preprod.ezratis.fr\/wp-content\/uploads\/cropped-cropped-Oplite-Blanc-casse-002-scaled-1.png","width":2509,"height":597,"caption":"OPLITE"},"image":{"@id":"https:\/\/oplitegames.com\/#\/schema\/logo\/image\/"}}]},"product_price_amount":"149.90","product_price_currency":"EUR","og_availability":"out of stock","product_availability":"out of stock","product_retailer_item_id":"96446","product_condition":"new"},"_links":{"self":[{"href":"https:\/\/oplitegames-preprod.ezratis.fr\/es\/wp-json\/wp\/v2\/product\/29916","targetHints":{"allow":["GET"]}}],"collection":[{"href":"https:\/\/oplitegames-preprod.ezratis.fr\/es\/wp-json\/wp\/v2\/product"}],"about":[{"href":"https:\/\/oplitegames-preprod.ezratis.fr\/es\/wp-json\/wp\/v2\/types\/product"}],"version-history":[{"count":4,"href":"https:\/\/oplitegames-preprod.ezratis.fr\/es\/wp-json\/wp\/v2\/product\/29916\/revisions"}],"predecessor-version":[{"id":48292,"href":"https:\/\/oplitegames-preprod.ezratis.fr\/es\/wp-json\/wp\/v2\/product\/29916\/revisions\/48292"}],"wp:featuredmedia":[{"embeddable":true,"href":"https:\/\/oplitegames-preprod.ezratis.fr\/es\/wp-json\/wp\/v2\/media\/28925"}],"wp:attachment":[{"href":"https:\/\/oplitegames-preprod.ezratis.fr\/es\/wp-json\/wp\/v2\/media?parent=29916"}],"wp:term":[{"taxonomy":"product_brand","embeddable":true,"href":"https:\/\/oplitegames-preprod.ezratis.fr\/es\/wp-json\/wp\/v2\/product_brand?post=29916"},{"taxonomy":"product_cat","embeddable":true,"href":"https:\/\/oplitegames-preprod.ezratis.fr\/es\/wp-json\/wp\/v2\/product_cat?post=29916"},{"taxonomy":"product_tag","embeddable":true,"href":"https:\/\/oplitegames-preprod.ezratis.fr\/es\/wp-json\/wp\/v2\/product_tag?post=29916"}],"curies":[{"name":"wp","href":"https:\/\/api.w.org\/{rel}","templated":true}]}}