{"id":29963,"date":"2023-05-25T17:11:46","date_gmt":"2023-05-25T15:11:46","guid":{"rendered":"https:\/\/oplitegames.com\/product\/universal-keyboard-and-mousse\/"},"modified":"2025-12-15T11:22:31","modified_gmt":"2025-12-15T10:22:31","slug":"universal-keyboard-and-mousse","status":"publish","type":"product","link":"https:\/\/oplitegames-preprod.ezratis.fr\/es\/producto\/universal-keyboard-and-mousse\/","title":{"rendered":"Universal Keyboard and Mouse Tray"},"content":{"rendered":"<p>Compatibilidad del producto :<\/p>\n<p>&nbsp;<\/p>\n<p>Todas las ba\u00f1eras de la marca OPLITE;<\/p>\n<p>Todas las cabinas de otros fabricantes.<\/p>\n","protected":false},"excerpt":{"rendered":"<p>El UKMT es ideal para a\u00f1adir a su OPLITE (o de otro fabricante) simracing SETUP si est\u00e1s jugando en un PC, para que pueda mantener su teclado y el rat\u00f3n a mano.<br \/>\nMontado sobre ruedas (con freno), este soporte universal es f\u00e1cil de desplazar y puede colocarse a la derecha o a la izquierda de su cubo seg\u00fan sus preferencias.<br \/>\nEquipado con 2 bandejas independientes (una para el teclado y otra para el rat\u00f3n), ambas son regulables en altura, rotaci\u00f3n e inclinaci\u00f3n.<br \/>\nCada una de estas bandejas est\u00e1 equipada con una alfombrilla de alta densidad (f\u00e1cil de lavar) que proporciona al rat\u00f3n la m\u00e1xima comodidad de deslizamiento.<br \/>\nY para una comodidad a\u00fan mayor, el UKMT incluye un soporte para tazas y un soporte para auriculares.<\/p>\n","protected":false},"featured_media":29299,"template":"","meta":{"_acf_changed":false,"footnotes":""},"product_brand":[],"product_cat":[750],"product_tag":[759],"class_list":{"0":"post-29963","1":"product","2":"type-product","3":"status-publish","4":"has-post-thumbnail","6":"product_cat-accesorios-simuladores","7":"product_tag-oplite-gaming-es","8":"pa_colisage-pcb-1-es","10":"first","11":"instock","12":"taxable","13":"shipping-taxable","14":"purchasable","15":"product-type-simple"},"bundled_by":[],"bundle_stock_status":"instock","bundle_stock_quantity":92,"bundle_virtual":false,"bundle_layout":"","bundle_add_to_cart_form_location":"","bundle_editable_in_cart":false,"bundle_sold_individually_context":"","bundle_item_grouping":"","bundle_min_size":"","bundle_max_size":"","bundle_price":[],"bundled_items":[],"bundle_sell_ids":[],"acf":[],"yoast_head":"<!-- This site is optimized with the Yoast SEO plugin v27.3 - https:\/\/yoast.com\/product\/yoast-seo-wordpress\/ -->\n<title>Universal Keyboard and Mouse Tray - OPLITE<\/title>\n<meta name=\"robots\" content=\"index, follow, max-snippet:-1, max-image-preview:large, max-video-preview:-1\" \/>\n<link rel=\"canonical\" href=\"https:\/\/oplitegames.com\/es\/producto\/universal-keyboard-and-mousse\/\" \/>\n<meta property=\"og:locale\" content=\"es_ES\" \/>\n<meta property=\"og:type\" content=\"article\" \/>\n<meta property=\"og:title\" content=\"Universal Keyboard and Mouse Tray - OPLITE\" \/>\n<meta property=\"og:description\" content=\"El UKMT es ideal para a\u00f1adir a su OPLITE (o de otro fabricante) simracing SETUP si est\u00e1s jugando en un PC, para que pueda mantener su teclado y el rat\u00f3n a mano. Montado sobre ruedas (con freno), este soporte universal es f\u00e1cil de desplazar y puede colocarse a la derecha o a la izquierda de su cubo seg\u00fan sus preferencias. Equipado con 2 bandejas independientes (una para el teclado y otra para el rat\u00f3n), ambas son regulables en altura, rotaci\u00f3n e inclinaci\u00f3n. Cada una de estas bandejas est\u00e1 equipada con una alfombrilla de alta densidad (f\u00e1cil de lavar) que proporciona al rat\u00f3n la m\u00e1xima comodidad de deslizamiento. Y para una comodidad a\u00fan mayor, el UKMT incluye un soporte para tazas y un soporte para auriculares.\" \/>\n<meta property=\"og:url\" content=\"https:\/\/oplitegames.com\/es\/producto\/universal-keyboard-and-mousse\/\" \/>\n<meta property=\"og:site_name\" content=\"OPLITE\" \/>\n<meta property=\"article:modified_time\" content=\"2025-12-15T10:22:31+00:00\" \/>\n<meta property=\"og:image\" content=\"https:\/\/oplitegames.com\/wp-content\/uploads\/OP-UKMT_01.png\" \/>\n\t<meta property=\"og:image:width\" content=\"1000\" \/>\n\t<meta property=\"og:image:height\" content=\"1000\" \/>\n\t<meta property=\"og:image:type\" content=\"image\/png\" \/>\n<meta name=\"twitter:card\" content=\"summary_large_image\" \/>\n<meta name=\"twitter:label1\" content=\"Price\" \/>\n\t<meta name=\"twitter:data1\" content=\"99,90&nbsp;&euro;\" \/>\n\t<meta name=\"twitter:label2\" content=\"Availability\" \/>\n\t<meta name=\"twitter:data2\" content=\"In stock\" \/>\n<script type=\"application\/ld+json\" class=\"yoast-schema-graph\">{\"@context\":\"https:\\\/\\\/schema.org\",\"@graph\":[{\"@type\":[\"WebPage\",\"ItemPage\"],\"@id\":\"https:\\\/\\\/oplitegames.com\\\/es\\\/producto\\\/universal-keyboard-and-mousse\\\/\",\"url\":\"https:\\\/\\\/oplitegames.com\\\/es\\\/producto\\\/universal-keyboard-and-mousse\\\/\",\"name\":\"Universal Keyboard and Mouse Tray - OPLITE\",\"isPartOf\":{\"@id\":\"https:\\\/\\\/oplitegames.com\\\/#website\"},\"primaryImageOfPage\":{\"@id\":\"https:\\\/\\\/oplitegames.com\\\/es\\\/producto\\\/universal-keyboard-and-mousse\\\/#primaryimage\"},\"image\":{\"@id\":\"https:\\\/\\\/oplitegames.com\\\/es\\\/producto\\\/universal-keyboard-and-mousse\\\/#primaryimage\"},\"thumbnailUrl\":\"https:\\\/\\\/oplitegames-preprod.ezratis.fr\\\/wp-content\\\/uploads\\\/OP-UKMT_01.png\",\"datePublished\":\"2023-05-25T15:11:46+00:00\",\"dateModified\":\"2025-12-15T10:22:31+00:00\",\"breadcrumb\":{\"@id\":\"https:\\\/\\\/oplitegames.com\\\/es\\\/producto\\\/universal-keyboard-and-mousse\\\/#breadcrumb\"},\"inLanguage\":\"es\",\"potentialAction\":[{\"@type\":\"ReadAction\",\"target\":[\"https:\\\/\\\/oplitegames.com\\\/es\\\/producto\\\/universal-keyboard-and-mousse\\\/\"]}]},{\"@type\":\"ImageObject\",\"inLanguage\":\"es\",\"@id\":\"https:\\\/\\\/oplitegames.com\\\/es\\\/producto\\\/universal-keyboard-and-mousse\\\/#primaryimage\",\"url\":\"https:\\\/\\\/oplitegames-preprod.ezratis.fr\\\/wp-content\\\/uploads\\\/OP-UKMT_01.png\",\"contentUrl\":\"https:\\\/\\\/oplitegames-preprod.ezratis.fr\\\/wp-content\\\/uploads\\\/OP-UKMT_01.png\",\"width\":1000,\"height\":1000},{\"@type\":\"BreadcrumbList\",\"@id\":\"https:\\\/\\\/oplitegames.com\\\/es\\\/producto\\\/universal-keyboard-and-mousse\\\/#breadcrumb\",\"itemListElement\":[{\"@type\":\"ListItem\",\"position\":1,\"name\":\"Home\",\"item\":\"https:\\\/\\\/oplitegames.com\\\/es\\\/oplite-gaming\\\/\"},{\"@type\":\"ListItem\",\"position\":2,\"name\":\"Comercio\",\"item\":\"https:\\\/\\\/oplitegames.com\\\/es\\\/comercio\\\/\"},{\"@type\":\"ListItem\",\"position\":3,\"name\":\"Universal Keyboard and Mouse Tray\"}]},{\"@type\":\"WebSite\",\"@id\":\"https:\\\/\\\/oplitegames.com\\\/#website\",\"url\":\"https:\\\/\\\/oplitegames.com\\\/\",\"name\":\"OPLITE\",\"description\":\"\",\"publisher\":{\"@id\":\"https:\\\/\\\/oplitegames.com\\\/#organization\"},\"potentialAction\":[{\"@type\":\"SearchAction\",\"target\":{\"@type\":\"EntryPoint\",\"urlTemplate\":\"https:\\\/\\\/oplitegames.com\\\/?s={search_term_string}\"},\"query-input\":{\"@type\":\"PropertyValueSpecification\",\"valueRequired\":true,\"valueName\":\"search_term_string\"}}],\"inLanguage\":\"es\"},{\"@type\":\"Organization\",\"@id\":\"https:\\\/\\\/oplitegames.com\\\/#organization\",\"name\":\"OPLITE\",\"url\":\"https:\\\/\\\/oplitegames.com\\\/\",\"logo\":{\"@type\":\"ImageObject\",\"inLanguage\":\"es\",\"@id\":\"https:\\\/\\\/oplitegames.com\\\/#\\\/schema\\\/logo\\\/image\\\/\",\"url\":\"https:\\\/\\\/oplitegames-preprod.ezratis.fr\\\/wp-content\\\/uploads\\\/cropped-cropped-Oplite-Blanc-casse-002-scaled-1.png\",\"contentUrl\":\"https:\\\/\\\/oplitegames-preprod.ezratis.fr\\\/wp-content\\\/uploads\\\/cropped-cropped-Oplite-Blanc-casse-002-scaled-1.png\",\"width\":2509,\"height\":597,\"caption\":\"OPLITE\"},\"image\":{\"@id\":\"https:\\\/\\\/oplitegames.com\\\/#\\\/schema\\\/logo\\\/image\\\/\"}}]}<\/script>\n<meta property=\"product:price:amount\" content=\"99.90\" \/>\n<meta property=\"product:price:currency\" content=\"EUR\" \/>\n<meta property=\"og:availability\" content=\"instock\" \/>\n<meta property=\"product:availability\" content=\"instock\" \/>\n<meta property=\"product:retailer_item_id\" content=\"96495\" \/>\n<meta property=\"product:condition\" content=\"new\" \/>\n<!-- \/ Yoast SEO plugin. -->","yoast_head_json":{"title":"Universal Keyboard and Mouse Tray - OPLITE","robots":{"index":"index","follow":"follow","max-snippet":"max-snippet:-1","max-image-preview":"max-image-preview:large","max-video-preview":"max-video-preview:-1"},"canonical":"https:\/\/oplitegames.com\/es\/producto\/universal-keyboard-and-mousse\/","og_locale":"es_ES","og_type":"article","og_title":"Universal Keyboard and Mouse Tray - OPLITE","og_description":"El UKMT es ideal para a\u00f1adir a su OPLITE (o de otro fabricante) simracing SETUP si est\u00e1s jugando en un PC, para que pueda mantener su teclado y el rat\u00f3n a mano. Montado sobre ruedas (con freno), este soporte universal es f\u00e1cil de desplazar y puede colocarse a la derecha o a la izquierda de su cubo seg\u00fan sus preferencias. Equipado con 2 bandejas independientes (una para el teclado y otra para el rat\u00f3n), ambas son regulables en altura, rotaci\u00f3n e inclinaci\u00f3n. Cada una de estas bandejas est\u00e1 equipada con una alfombrilla de alta densidad (f\u00e1cil de lavar) que proporciona al rat\u00f3n la m\u00e1xima comodidad de deslizamiento. Y para una comodidad a\u00fan mayor, el UKMT incluye un soporte para tazas y un soporte para auriculares.","og_url":"https:\/\/oplitegames.com\/es\/producto\/universal-keyboard-and-mousse\/","og_site_name":"OPLITE","article_modified_time":"2025-12-15T10:22:31+00:00","og_image":[{"width":1000,"height":1000,"url":"https:\/\/oplitegames.com\/wp-content\/uploads\/OP-UKMT_01.png","type":"image\/png"}],"twitter_card":"summary_large_image","twitter_misc":{"Price":"99,90&nbsp;&euro;","Availability":"In stock"},"schema":{"@context":"https:\/\/schema.org","@graph":[{"@type":["WebPage","ItemPage"],"@id":"https:\/\/oplitegames.com\/es\/producto\/universal-keyboard-and-mousse\/","url":"https:\/\/oplitegames.com\/es\/producto\/universal-keyboard-and-mousse\/","name":"Universal Keyboard and Mouse Tray - OPLITE","isPartOf":{"@id":"https:\/\/oplitegames.com\/#website"},"primaryImageOfPage":{"@id":"https:\/\/oplitegames.com\/es\/producto\/universal-keyboard-and-mousse\/#primaryimage"},"image":{"@id":"https:\/\/oplitegames.com\/es\/producto\/universal-keyboard-and-mousse\/#primaryimage"},"thumbnailUrl":"https:\/\/oplitegames-preprod.ezratis.fr\/wp-content\/uploads\/OP-UKMT_01.png","datePublished":"2023-05-25T15:11:46+00:00","dateModified":"2025-12-15T10:22:31+00:00","breadcrumb":{"@id":"https:\/\/oplitegames.com\/es\/producto\/universal-keyboard-and-mousse\/#breadcrumb"},"inLanguage":"es","potentialAction":[{"@type":"ReadAction","target":["https:\/\/oplitegames.com\/es\/producto\/universal-keyboard-and-mousse\/"]}]},{"@type":"ImageObject","inLanguage":"es","@id":"https:\/\/oplitegames.com\/es\/producto\/universal-keyboard-and-mousse\/#primaryimage","url":"https:\/\/oplitegames-preprod.ezratis.fr\/wp-content\/uploads\/OP-UKMT_01.png","contentUrl":"https:\/\/oplitegames-preprod.ezratis.fr\/wp-content\/uploads\/OP-UKMT_01.png","width":1000,"height":1000},{"@type":"BreadcrumbList","@id":"https:\/\/oplitegames.com\/es\/producto\/universal-keyboard-and-mousse\/#breadcrumb","itemListElement":[{"@type":"ListItem","position":1,"name":"Home","item":"https:\/\/oplitegames.com\/es\/oplite-gaming\/"},{"@type":"ListItem","position":2,"name":"Comercio","item":"https:\/\/oplitegames.com\/es\/comercio\/"},{"@type":"ListItem","position":3,"name":"Universal Keyboard and Mouse Tray"}]},{"@type":"WebSite","@id":"https:\/\/oplitegames.com\/#website","url":"https:\/\/oplitegames.com\/","name":"OPLITE","description":"","publisher":{"@id":"https:\/\/oplitegames.com\/#organization"},"potentialAction":[{"@type":"SearchAction","target":{"@type":"EntryPoint","urlTemplate":"https:\/\/oplitegames.com\/?s={search_term_string}"},"query-input":{"@type":"PropertyValueSpecification","valueRequired":true,"valueName":"search_term_string"}}],"inLanguage":"es"},{"@type":"Organization","@id":"https:\/\/oplitegames.com\/#organization","name":"OPLITE","url":"https:\/\/oplitegames.com\/","logo":{"@type":"ImageObject","inLanguage":"es","@id":"https:\/\/oplitegames.com\/#\/schema\/logo\/image\/","url":"https:\/\/oplitegames-preprod.ezratis.fr\/wp-content\/uploads\/cropped-cropped-Oplite-Blanc-casse-002-scaled-1.png","contentUrl":"https:\/\/oplitegames-preprod.ezratis.fr\/wp-content\/uploads\/cropped-cropped-Oplite-Blanc-casse-002-scaled-1.png","width":2509,"height":597,"caption":"OPLITE"},"image":{"@id":"https:\/\/oplitegames.com\/#\/schema\/logo\/image\/"}}]},"product_price_amount":"99.90","product_price_currency":"EUR","og_availability":"instock","product_availability":"instock","product_retailer_item_id":"96495","product_condition":"new"},"_links":{"self":[{"href":"https:\/\/oplitegames-preprod.ezratis.fr\/es\/wp-json\/wp\/v2\/product\/29963","targetHints":{"allow":["GET"]}}],"collection":[{"href":"https:\/\/oplitegames-preprod.ezratis.fr\/es\/wp-json\/wp\/v2\/product"}],"about":[{"href":"https:\/\/oplitegames-preprod.ezratis.fr\/es\/wp-json\/wp\/v2\/types\/product"}],"version-history":[{"count":3,"href":"https:\/\/oplitegames-preprod.ezratis.fr\/es\/wp-json\/wp\/v2\/product\/29963\/revisions"}],"predecessor-version":[{"id":60881,"href":"https:\/\/oplitegames-preprod.ezratis.fr\/es\/wp-json\/wp\/v2\/product\/29963\/revisions\/60881"}],"wp:featuredmedia":[{"embeddable":true,"href":"https:\/\/oplitegames-preprod.ezratis.fr\/es\/wp-json\/wp\/v2\/media\/29299"}],"wp:attachment":[{"href":"https:\/\/oplitegames-preprod.ezratis.fr\/es\/wp-json\/wp\/v2\/media?parent=29963"}],"wp:term":[{"taxonomy":"product_brand","embeddable":true,"href":"https:\/\/oplitegames-preprod.ezratis.fr\/es\/wp-json\/wp\/v2\/product_brand?post=29963"},{"taxonomy":"product_cat","embeddable":true,"href":"https:\/\/oplitegames-preprod.ezratis.fr\/es\/wp-json\/wp\/v2\/product_cat?post=29963"},{"taxonomy":"product_tag","embeddable":true,"href":"https:\/\/oplitegames-preprod.ezratis.fr\/es\/wp-json\/wp\/v2\/product_tag?post=29963"}],"curies":[{"name":"wp","href":"https:\/\/api.w.org\/{rel}","templated":true}]}}