{"id":29968,"date":"2023-05-25T17:11:45","date_gmt":"2023-05-25T15:11:45","guid":{"rendered":"https:\/\/oplitegames.com\/product\/ultimate-gt-floor-mat-yellow\/"},"modified":"2025-10-08T14:27:03","modified_gmt":"2025-10-08T12:27:03","slug":"ultimate-gt-floor-mat-yellow","status":"publish","type":"product","link":"https:\/\/oplitegames-preprod.ezratis.fr\/es\/producto\/ultimate-gt-floor-mat-yellow\/","title":{"rendered":"Ultimate GT Floor Mat &#8211; Yellow"},"content":{"rendered":"<p>Tama\u00f1o \/ Colores :<\/p>\n<p>152 cm x 90cm<br \/>Negro y amarillo<br \/>Composici\u00f3n:<\/p>\n<p>Materiales: 50% poli\u00e9ster \/ 50% TPR\/TPE.<br \/>Compatibilidad del producto:<\/p>\n<p>Todas las ba\u00f1eras de la marca OPLITE;<\/p>\n<p>Todos los cockpits de otros fabricantes.<\/p>\n","protected":false},"excerpt":{"rendered":"<p>La alfombrilla Ultimate GT ha sido dise\u00f1ada para adaptarse a todos los simuladores de la gama OPLITE, as\u00ed como a la mayor\u00eda de los disponibles en el mercado.<\/p>\n<p>Su cuidado dise\u00f1o evoca el ambiente de los paddocks y dar\u00e1 otra dimensi\u00f3n a su instalaci\u00f3n gracias a una gama de colores sobrios y variados (Negro y Verde, Negro y Amarillo, Negro y Azul y Negro y Rojo).<\/p>\n<p>Parte superior: fabricada en poli\u00e9ster para ofrecer colores vivos y duraderos y garantizar un f\u00e1cil mantenimiento.<\/p>\n<p>Parte inferior: fabricada en TPR\/TPE con una innovadora estructura micro-triangular para proporcionar una protecci\u00f3n \u00f3ptima a sus suelos y reducir la transmisi\u00f3n de vibraciones.<\/p>\n<p>Las duraderas costuras laterales negras proporcionan un acabado PREMIUM.<\/p>\n","protected":false},"featured_media":29271,"template":"","meta":{"_acf_changed":false,"footnotes":""},"product_brand":[],"product_cat":[781],"product_tag":[759],"class_list":{"0":"post-29968","1":"product","2":"type-product","3":"status-publish","4":"has-post-thumbnail","6":"product_cat-uncategorized-es","7":"product_tag-oplite-gaming-es","8":"pa_colisage-pcb-6-es","10":"first","11":"outofstock","12":"taxable","13":"shipping-taxable","14":"purchasable","15":"product-type-simple"},"bundled_by":[],"bundle_stock_status":"outofstock","bundle_stock_quantity":0,"bundle_virtual":false,"bundle_layout":"","bundle_add_to_cart_form_location":"","bundle_editable_in_cart":false,"bundle_sold_individually_context":"","bundle_item_grouping":"","bundle_min_size":"","bundle_max_size":"","bundle_price":[],"bundled_items":[],"bundle_sell_ids":[],"acf":[],"yoast_head":"<!-- This site is optimized with the Yoast SEO plugin v27.3 - https:\/\/yoast.com\/product\/yoast-seo-wordpress\/ -->\n<title>Ultimate GT Floor Mat - Yellow - OPLITE<\/title>\n<meta name=\"robots\" content=\"index, follow, max-snippet:-1, max-image-preview:large, max-video-preview:-1\" \/>\n<link rel=\"canonical\" href=\"https:\/\/oplitegames.com\/es\/producto\/ultimate-gt-floor-mat-yellow\/\" \/>\n<meta property=\"og:locale\" content=\"es_ES\" \/>\n<meta property=\"og:type\" content=\"article\" \/>\n<meta property=\"og:title\" content=\"Ultimate GT Floor Mat - Yellow - OPLITE\" \/>\n<meta property=\"og:description\" content=\"La alfombrilla Ultimate GT ha sido dise\u00f1ada para adaptarse a todos los simuladores de la gama OPLITE, as\u00ed como a la mayor\u00eda de los disponibles en el mercado.Su cuidado dise\u00f1o evoca el ambiente de los paddocks y dar\u00e1 otra dimensi\u00f3n a su instalaci\u00f3n gracias a una gama de colores sobrios y variados (Negro y Verde, Negro y Amarillo, Negro y Azul y Negro y Rojo).Parte superior: fabricada en poli\u00e9ster para ofrecer colores vivos y duraderos y garantizar un f\u00e1cil mantenimiento.Parte inferior: fabricada en TPR\/TPE con una innovadora estructura micro-triangular para proporcionar una protecci\u00f3n \u00f3ptima a sus suelos y reducir la transmisi\u00f3n de vibraciones.Las duraderas costuras laterales negras proporcionan un acabado PREMIUM.\" \/>\n<meta property=\"og:url\" content=\"https:\/\/oplitegames.com\/es\/producto\/ultimate-gt-floor-mat-yellow\/\" \/>\n<meta property=\"og:site_name\" content=\"OPLITE\" \/>\n<meta property=\"article:modified_time\" content=\"2025-10-08T12:27:03+00:00\" \/>\n<meta property=\"og:image\" content=\"https:\/\/oplitegames.com\/wp-content\/uploads\/OP-FM-Y_1.png\" \/>\n\t<meta property=\"og:image:width\" content=\"1000\" \/>\n\t<meta property=\"og:image:height\" content=\"1000\" \/>\n\t<meta property=\"og:image:type\" content=\"image\/png\" \/>\n<meta name=\"twitter:card\" content=\"summary_large_image\" \/>\n<meta name=\"twitter:label1\" content=\"Price\" \/>\n\t<meta name=\"twitter:data1\" content=\"49,90&nbsp;&euro;\" \/>\n\t<meta name=\"twitter:label2\" content=\"Availability\" \/>\n\t<meta name=\"twitter:data2\" content=\"Out of stock\" \/>\n<script type=\"application\/ld+json\" class=\"yoast-schema-graph\">{\"@context\":\"https:\\\/\\\/schema.org\",\"@graph\":[{\"@type\":[\"WebPage\",\"ItemPage\"],\"@id\":\"https:\\\/\\\/oplitegames.com\\\/es\\\/producto\\\/ultimate-gt-floor-mat-yellow\\\/\",\"url\":\"https:\\\/\\\/oplitegames.com\\\/es\\\/producto\\\/ultimate-gt-floor-mat-yellow\\\/\",\"name\":\"Ultimate GT Floor Mat - Yellow - OPLITE\",\"isPartOf\":{\"@id\":\"https:\\\/\\\/oplitegames.com\\\/#website\"},\"primaryImageOfPage\":{\"@id\":\"https:\\\/\\\/oplitegames.com\\\/es\\\/producto\\\/ultimate-gt-floor-mat-yellow\\\/#primaryimage\"},\"image\":{\"@id\":\"https:\\\/\\\/oplitegames.com\\\/es\\\/producto\\\/ultimate-gt-floor-mat-yellow\\\/#primaryimage\"},\"thumbnailUrl\":\"https:\\\/\\\/oplitegames-preprod.ezratis.fr\\\/wp-content\\\/uploads\\\/OP-FM-Y_1.png\",\"datePublished\":\"2023-05-25T15:11:45+00:00\",\"dateModified\":\"2025-10-08T12:27:03+00:00\",\"breadcrumb\":{\"@id\":\"https:\\\/\\\/oplitegames.com\\\/es\\\/producto\\\/ultimate-gt-floor-mat-yellow\\\/#breadcrumb\"},\"inLanguage\":\"es\",\"potentialAction\":[{\"@type\":\"ReadAction\",\"target\":[\"https:\\\/\\\/oplitegames.com\\\/es\\\/producto\\\/ultimate-gt-floor-mat-yellow\\\/\"]}]},{\"@type\":\"ImageObject\",\"inLanguage\":\"es\",\"@id\":\"https:\\\/\\\/oplitegames.com\\\/es\\\/producto\\\/ultimate-gt-floor-mat-yellow\\\/#primaryimage\",\"url\":\"https:\\\/\\\/oplitegames-preprod.ezratis.fr\\\/wp-content\\\/uploads\\\/OP-FM-Y_1.png\",\"contentUrl\":\"https:\\\/\\\/oplitegames-preprod.ezratis.fr\\\/wp-content\\\/uploads\\\/OP-FM-Y_1.png\",\"width\":1000,\"height\":1000},{\"@type\":\"BreadcrumbList\",\"@id\":\"https:\\\/\\\/oplitegames.com\\\/es\\\/producto\\\/ultimate-gt-floor-mat-yellow\\\/#breadcrumb\",\"itemListElement\":[{\"@type\":\"ListItem\",\"position\":1,\"name\":\"Home\",\"item\":\"https:\\\/\\\/oplitegames.com\\\/es\\\/oplite-gaming\\\/\"},{\"@type\":\"ListItem\",\"position\":2,\"name\":\"Comercio\",\"item\":\"https:\\\/\\\/oplitegames.com\\\/es\\\/comercio\\\/\"},{\"@type\":\"ListItem\",\"position\":3,\"name\":\"Ultimate GT Floor Mat &#8211; Yellow\"}]},{\"@type\":\"WebSite\",\"@id\":\"https:\\\/\\\/oplitegames.com\\\/#website\",\"url\":\"https:\\\/\\\/oplitegames.com\\\/\",\"name\":\"OPLITE\",\"description\":\"\",\"publisher\":{\"@id\":\"https:\\\/\\\/oplitegames.com\\\/#organization\"},\"potentialAction\":[{\"@type\":\"SearchAction\",\"target\":{\"@type\":\"EntryPoint\",\"urlTemplate\":\"https:\\\/\\\/oplitegames.com\\\/?s={search_term_string}\"},\"query-input\":{\"@type\":\"PropertyValueSpecification\",\"valueRequired\":true,\"valueName\":\"search_term_string\"}}],\"inLanguage\":\"es\"},{\"@type\":\"Organization\",\"@id\":\"https:\\\/\\\/oplitegames.com\\\/#organization\",\"name\":\"OPLITE\",\"url\":\"https:\\\/\\\/oplitegames.com\\\/\",\"logo\":{\"@type\":\"ImageObject\",\"inLanguage\":\"es\",\"@id\":\"https:\\\/\\\/oplitegames.com\\\/#\\\/schema\\\/logo\\\/image\\\/\",\"url\":\"https:\\\/\\\/oplitegames-preprod.ezratis.fr\\\/wp-content\\\/uploads\\\/cropped-cropped-Oplite-Blanc-casse-002-scaled-1.png\",\"contentUrl\":\"https:\\\/\\\/oplitegames-preprod.ezratis.fr\\\/wp-content\\\/uploads\\\/cropped-cropped-Oplite-Blanc-casse-002-scaled-1.png\",\"width\":2509,\"height\":597,\"caption\":\"OPLITE\"},\"image\":{\"@id\":\"https:\\\/\\\/oplitegames.com\\\/#\\\/schema\\\/logo\\\/image\\\/\"}}]}<\/script>\n<meta property=\"product:price:amount\" content=\"49.90\" \/>\n<meta property=\"product:price:currency\" content=\"EUR\" \/>\n<meta property=\"og:availability\" content=\"out of stock\" \/>\n<meta property=\"product:availability\" content=\"out of stock\" \/>\n<meta property=\"product:retailer_item_id\" content=\"96463\" \/>\n<meta property=\"product:condition\" content=\"new\" \/>\n<!-- \/ Yoast SEO plugin. -->","yoast_head_json":{"title":"Ultimate GT Floor Mat - Yellow - OPLITE","robots":{"index":"index","follow":"follow","max-snippet":"max-snippet:-1","max-image-preview":"max-image-preview:large","max-video-preview":"max-video-preview:-1"},"canonical":"https:\/\/oplitegames.com\/es\/producto\/ultimate-gt-floor-mat-yellow\/","og_locale":"es_ES","og_type":"article","og_title":"Ultimate GT Floor Mat - Yellow - OPLITE","og_description":"La alfombrilla Ultimate GT ha sido dise\u00f1ada para adaptarse a todos los simuladores de la gama OPLITE, as\u00ed como a la mayor\u00eda de los disponibles en el mercado.Su cuidado dise\u00f1o evoca el ambiente de los paddocks y dar\u00e1 otra dimensi\u00f3n a su instalaci\u00f3n gracias a una gama de colores sobrios y variados (Negro y Verde, Negro y Amarillo, Negro y Azul y Negro y Rojo).Parte superior: fabricada en poli\u00e9ster para ofrecer colores vivos y duraderos y garantizar un f\u00e1cil mantenimiento.Parte inferior: fabricada en TPR\/TPE con una innovadora estructura micro-triangular para proporcionar una protecci\u00f3n \u00f3ptima a sus suelos y reducir la transmisi\u00f3n de vibraciones.Las duraderas costuras laterales negras proporcionan un acabado PREMIUM.","og_url":"https:\/\/oplitegames.com\/es\/producto\/ultimate-gt-floor-mat-yellow\/","og_site_name":"OPLITE","article_modified_time":"2025-10-08T12:27:03+00:00","og_image":[{"width":1000,"height":1000,"url":"https:\/\/oplitegames.com\/wp-content\/uploads\/OP-FM-Y_1.png","type":"image\/png"}],"twitter_card":"summary_large_image","twitter_misc":{"Price":"49,90&nbsp;&euro;","Availability":"Out of stock"},"schema":{"@context":"https:\/\/schema.org","@graph":[{"@type":["WebPage","ItemPage"],"@id":"https:\/\/oplitegames.com\/es\/producto\/ultimate-gt-floor-mat-yellow\/","url":"https:\/\/oplitegames.com\/es\/producto\/ultimate-gt-floor-mat-yellow\/","name":"Ultimate GT Floor Mat - Yellow - OPLITE","isPartOf":{"@id":"https:\/\/oplitegames.com\/#website"},"primaryImageOfPage":{"@id":"https:\/\/oplitegames.com\/es\/producto\/ultimate-gt-floor-mat-yellow\/#primaryimage"},"image":{"@id":"https:\/\/oplitegames.com\/es\/producto\/ultimate-gt-floor-mat-yellow\/#primaryimage"},"thumbnailUrl":"https:\/\/oplitegames-preprod.ezratis.fr\/wp-content\/uploads\/OP-FM-Y_1.png","datePublished":"2023-05-25T15:11:45+00:00","dateModified":"2025-10-08T12:27:03+00:00","breadcrumb":{"@id":"https:\/\/oplitegames.com\/es\/producto\/ultimate-gt-floor-mat-yellow\/#breadcrumb"},"inLanguage":"es","potentialAction":[{"@type":"ReadAction","target":["https:\/\/oplitegames.com\/es\/producto\/ultimate-gt-floor-mat-yellow\/"]}]},{"@type":"ImageObject","inLanguage":"es","@id":"https:\/\/oplitegames.com\/es\/producto\/ultimate-gt-floor-mat-yellow\/#primaryimage","url":"https:\/\/oplitegames-preprod.ezratis.fr\/wp-content\/uploads\/OP-FM-Y_1.png","contentUrl":"https:\/\/oplitegames-preprod.ezratis.fr\/wp-content\/uploads\/OP-FM-Y_1.png","width":1000,"height":1000},{"@type":"BreadcrumbList","@id":"https:\/\/oplitegames.com\/es\/producto\/ultimate-gt-floor-mat-yellow\/#breadcrumb","itemListElement":[{"@type":"ListItem","position":1,"name":"Home","item":"https:\/\/oplitegames.com\/es\/oplite-gaming\/"},{"@type":"ListItem","position":2,"name":"Comercio","item":"https:\/\/oplitegames.com\/es\/comercio\/"},{"@type":"ListItem","position":3,"name":"Ultimate GT Floor Mat &#8211; Yellow"}]},{"@type":"WebSite","@id":"https:\/\/oplitegames.com\/#website","url":"https:\/\/oplitegames.com\/","name":"OPLITE","description":"","publisher":{"@id":"https:\/\/oplitegames.com\/#organization"},"potentialAction":[{"@type":"SearchAction","target":{"@type":"EntryPoint","urlTemplate":"https:\/\/oplitegames.com\/?s={search_term_string}"},"query-input":{"@type":"PropertyValueSpecification","valueRequired":true,"valueName":"search_term_string"}}],"inLanguage":"es"},{"@type":"Organization","@id":"https:\/\/oplitegames.com\/#organization","name":"OPLITE","url":"https:\/\/oplitegames.com\/","logo":{"@type":"ImageObject","inLanguage":"es","@id":"https:\/\/oplitegames.com\/#\/schema\/logo\/image\/","url":"https:\/\/oplitegames-preprod.ezratis.fr\/wp-content\/uploads\/cropped-cropped-Oplite-Blanc-casse-002-scaled-1.png","contentUrl":"https:\/\/oplitegames-preprod.ezratis.fr\/wp-content\/uploads\/cropped-cropped-Oplite-Blanc-casse-002-scaled-1.png","width":2509,"height":597,"caption":"OPLITE"},"image":{"@id":"https:\/\/oplitegames.com\/#\/schema\/logo\/image\/"}}]},"product_price_amount":"49.90","product_price_currency":"EUR","og_availability":"out of stock","product_availability":"out of stock","product_retailer_item_id":"96463","product_condition":"new"},"_links":{"self":[{"href":"https:\/\/oplitegames-preprod.ezratis.fr\/es\/wp-json\/wp\/v2\/product\/29968","targetHints":{"allow":["GET"]}}],"collection":[{"href":"https:\/\/oplitegames-preprod.ezratis.fr\/es\/wp-json\/wp\/v2\/product"}],"about":[{"href":"https:\/\/oplitegames-preprod.ezratis.fr\/es\/wp-json\/wp\/v2\/types\/product"}],"version-history":[{"count":1,"href":"https:\/\/oplitegames-preprod.ezratis.fr\/es\/wp-json\/wp\/v2\/product\/29968\/revisions"}],"predecessor-version":[{"id":38427,"href":"https:\/\/oplitegames-preprod.ezratis.fr\/es\/wp-json\/wp\/v2\/product\/29968\/revisions\/38427"}],"wp:featuredmedia":[{"embeddable":true,"href":"https:\/\/oplitegames-preprod.ezratis.fr\/es\/wp-json\/wp\/v2\/media\/29271"}],"wp:attachment":[{"href":"https:\/\/oplitegames-preprod.ezratis.fr\/es\/wp-json\/wp\/v2\/media?parent=29968"}],"wp:term":[{"taxonomy":"product_brand","embeddable":true,"href":"https:\/\/oplitegames-preprod.ezratis.fr\/es\/wp-json\/wp\/v2\/product_brand?post=29968"},{"taxonomy":"product_cat","embeddable":true,"href":"https:\/\/oplitegames-preprod.ezratis.fr\/es\/wp-json\/wp\/v2\/product_cat?post=29968"},{"taxonomy":"product_tag","embeddable":true,"href":"https:\/\/oplitegames-preprod.ezratis.fr\/es\/wp-json\/wp\/v2\/product_tag?post=29968"}],"curies":[{"name":"wp","href":"https:\/\/api.w.org\/{rel}","templated":true}]}}