{"id":29993,"date":"2023-05-25T17:11:37","date_gmt":"2023-05-25T15:11:37","guid":{"rendered":"https:\/\/oplitegames.com\/product\/gtr-s3-dd-and-yoke-holder\/"},"modified":"2025-10-08T14:26:54","modified_gmt":"2025-10-08T12:26:54","slug":"gtr-s3-dd-and-yoke-holder","status":"publish","type":"product","link":"https:\/\/oplitegames-preprod.ezratis.fr\/es\/producto\/gtr-s3-dd-and-yoke-holder\/","title":{"rendered":"GTR S3\/S8 DD y soporte de horquilla"},"content":{"rendered":"<p><span style=\"text-decoration: underline;\"><strong>Compatibilidad de los accesorios Simracing* :<\/strong><\/span><br \/>\nDirect Drive Logitech, Cammus, MOZA, SIMCUBE<br \/>\nVolante de carreras &#8211; Logitech G920, G29, G27, G25, Thrustmaster T-GT, TS-PC Racer, TS-XW Racer, T500RS, T300RS, TX Racing Wheel Ferrari 458 Italia Edition, Fanatec CSL Elite, ClubSport Wheel V1, V2, V2.5, Porsche GT2\/GT3, CSR y CSR Elite<\/p>\n<p><span style=\"text-decoration: underline;\"><strong>Compatibilidad con accesorios Flightsim* :<\/strong><\/span><br \/>\nSoporte 100% compatible con los perif\u00e9ricos de yugo de Logitech y Turtle Beach<\/p>\n<p><span style=\"text-decoration: underline;\"><strong>Especificaciones t\u00e9cnicas :<\/strong><\/span><br \/>\nPlaca de acero al carbono de 3 mm de espesor<br \/>\nPintura: Negro mate, alta resistencia<\/p>\n<p><span style=\"text-decoration: underline;\"><strong>Contenido de la caja :<\/strong><\/span><br \/>\nDirect Drive y soporte de yugo<br \/>\nKit de tornillos para montaje en OP-GTR-RC \/ OP-GTR-EY \/ OP-GTR-ER<\/p>\n<p><span style=\"text-decoration: underline;\"><strong>Compatibilidad con los productos OPLITE :<\/strong><\/span><br \/>\nOPLITE GTR\/ GTR S3 \/ S3 Elite (OP-GTR-RC \/ OP-GTR-EY \/ OP-GTR-ER)<\/p>\n<p><small> *Per garantire la massima compatibilit\u00e0 con alcuni dispositivi, potrebbero essere necessari piccoli adattamenti. Nessuna preoccupazione: la qualit\u00e0 e la garanzia del prodotto non ne risentono.<\/small><\/p>\n","protected":false},"excerpt":{"rendered":"<p>El soporte para Direct Drive y Yoke est\u00e1 dise\u00f1ado para los entusiastas de SIMRACING y FLIGHTSIM m\u00e1s exigentes.Este soporte sujeta volantes Direct Drive de los principales fabricantes (Logitech, Cammus, MOZA, SIMCUBE), as\u00ed como Yoke de Logitech y Turtle Beach. Para que su cabina de pilotaje (o de vuelo) sea perfectamente ergon\u00f3mica, este soporte se eleva 2 cm para alojar sus perif\u00e9ricos (volante y yugo). A ambos lados del soporte se encuentran una serie de orificios de \u00d8 8 mm que le permitir\u00e1n fijar futuros equipos OPLITE o DYI.<br \/>\nFabricado 100% en acero al carbono, su rigidez le permite soportar movimientos bruscos y repetitivos manteniendo un alto nivel de estabilidad.<\/p>\n","protected":false},"featured_media":30425,"template":"","meta":{"_acf_changed":false,"footnotes":""},"product_brand":[],"product_cat":[781],"product_tag":[759],"class_list":{"0":"post-29993","1":"product","2":"type-product","3":"status-publish","4":"has-post-thumbnail","6":"product_cat-uncategorized-es","7":"product_tag-oplite-gaming-es","8":"pa_colisage-pcb-6-es","10":"first","11":"outofstock","12":"taxable","13":"shipping-taxable","14":"purchasable","15":"product-type-simple"},"bundled_by":[],"bundle_stock_status":"outofstock","bundle_stock_quantity":0,"bundle_virtual":false,"bundle_layout":"","bundle_add_to_cart_form_location":"","bundle_editable_in_cart":false,"bundle_sold_individually_context":"","bundle_item_grouping":"","bundle_min_size":"","bundle_max_size":"","bundle_price":[],"bundled_items":[],"bundle_sell_ids":[],"acf":[],"yoast_head":"<!-- This site is optimized with the Yoast SEO plugin v27.3 - https:\/\/yoast.com\/product\/yoast-seo-wordpress\/ -->\n<title>GTR S3\/S8 DD y soporte de horquilla - OPLITE<\/title>\n<meta name=\"robots\" content=\"index, follow, max-snippet:-1, max-image-preview:large, max-video-preview:-1\" \/>\n<link rel=\"canonical\" href=\"https:\/\/oplitegames.com\/es\/producto\/gtr-s3-dd-and-yoke-holder\/\" \/>\n<meta property=\"og:locale\" content=\"es_ES\" \/>\n<meta property=\"og:type\" content=\"article\" \/>\n<meta property=\"og:title\" content=\"GTR S3\/S8 DD y soporte de horquilla - OPLITE\" \/>\n<meta property=\"og:description\" content=\"El soporte para Direct Drive y Yoke est\u00e1 dise\u00f1ado para los entusiastas de SIMRACING y FLIGHTSIM m\u00e1s exigentes.Este soporte sujeta volantes Direct Drive de los principales fabricantes (Logitech, Cammus, MOZA, SIMCUBE), as\u00ed como Yoke de Logitech y Turtle Beach. Para que su cabina de pilotaje (o de vuelo) sea perfectamente ergon\u00f3mica, este soporte se eleva 2 cm para alojar sus perif\u00e9ricos (volante y yugo). A ambos lados del soporte se encuentran una serie de orificios de \u00d8 8 mm que le permitir\u00e1n fijar futuros equipos OPLITE o DYI. Fabricado 100% en acero al carbono, su rigidez le permite soportar movimientos bruscos y repetitivos manteniendo un alto nivel de estabilidad.\" \/>\n<meta property=\"og:url\" content=\"https:\/\/oplitegames.com\/es\/producto\/gtr-s3-dd-and-yoke-holder\/\" \/>\n<meta property=\"og:site_name\" content=\"OPLITE\" \/>\n<meta property=\"article:modified_time\" content=\"2025-10-08T12:26:54+00:00\" \/>\n<meta property=\"og:image\" content=\"https:\/\/oplitegames.com\/wp-content\/uploads\/OP-GTR-FSD_1-1.png\" \/>\n\t<meta property=\"og:image:width\" content=\"1000\" \/>\n\t<meta property=\"og:image:height\" content=\"1000\" \/>\n\t<meta property=\"og:image:type\" content=\"image\/png\" \/>\n<meta name=\"twitter:card\" content=\"summary_large_image\" \/>\n<meta name=\"twitter:label1\" content=\"Price\" \/>\n\t<meta name=\"twitter:data1\" content=\"49,90&nbsp;&euro;\" \/>\n\t<meta name=\"twitter:label2\" content=\"Availability\" \/>\n\t<meta name=\"twitter:data2\" content=\"Out of stock\" \/>\n<script type=\"application\/ld+json\" class=\"yoast-schema-graph\">{\"@context\":\"https:\\\/\\\/schema.org\",\"@graph\":[{\"@type\":[\"WebPage\",\"ItemPage\"],\"@id\":\"https:\\\/\\\/oplitegames.com\\\/es\\\/producto\\\/gtr-s3-dd-and-yoke-holder\\\/\",\"url\":\"https:\\\/\\\/oplitegames.com\\\/es\\\/producto\\\/gtr-s3-dd-and-yoke-holder\\\/\",\"name\":\"GTR S3\\\/S8 DD y soporte de horquilla - OPLITE\",\"isPartOf\":{\"@id\":\"https:\\\/\\\/oplitegames.com\\\/#website\"},\"primaryImageOfPage\":{\"@id\":\"https:\\\/\\\/oplitegames.com\\\/es\\\/producto\\\/gtr-s3-dd-and-yoke-holder\\\/#primaryimage\"},\"image\":{\"@id\":\"https:\\\/\\\/oplitegames.com\\\/es\\\/producto\\\/gtr-s3-dd-and-yoke-holder\\\/#primaryimage\"},\"thumbnailUrl\":\"https:\\\/\\\/oplitegames-preprod.ezratis.fr\\\/wp-content\\\/uploads\\\/OP-GTR-FSD_1-1.png\",\"datePublished\":\"2023-05-25T15:11:37+00:00\",\"dateModified\":\"2025-10-08T12:26:54+00:00\",\"breadcrumb\":{\"@id\":\"https:\\\/\\\/oplitegames.com\\\/es\\\/producto\\\/gtr-s3-dd-and-yoke-holder\\\/#breadcrumb\"},\"inLanguage\":\"es\",\"potentialAction\":[{\"@type\":\"ReadAction\",\"target\":[\"https:\\\/\\\/oplitegames.com\\\/es\\\/producto\\\/gtr-s3-dd-and-yoke-holder\\\/\"]}]},{\"@type\":\"ImageObject\",\"inLanguage\":\"es\",\"@id\":\"https:\\\/\\\/oplitegames.com\\\/es\\\/producto\\\/gtr-s3-dd-and-yoke-holder\\\/#primaryimage\",\"url\":\"https:\\\/\\\/oplitegames-preprod.ezratis.fr\\\/wp-content\\\/uploads\\\/OP-GTR-FSD_1-1.png\",\"contentUrl\":\"https:\\\/\\\/oplitegames-preprod.ezratis.fr\\\/wp-content\\\/uploads\\\/OP-GTR-FSD_1-1.png\",\"width\":1000,\"height\":1000},{\"@type\":\"BreadcrumbList\",\"@id\":\"https:\\\/\\\/oplitegames.com\\\/es\\\/producto\\\/gtr-s3-dd-and-yoke-holder\\\/#breadcrumb\",\"itemListElement\":[{\"@type\":\"ListItem\",\"position\":1,\"name\":\"Home\",\"item\":\"https:\\\/\\\/oplitegames.com\\\/es\\\/oplite-gaming\\\/\"},{\"@type\":\"ListItem\",\"position\":2,\"name\":\"Comercio\",\"item\":\"https:\\\/\\\/oplitegames.com\\\/es\\\/comercio\\\/\"},{\"@type\":\"ListItem\",\"position\":3,\"name\":\"GTR S3\\\/S8 DD y soporte de horquilla\"}]},{\"@type\":\"WebSite\",\"@id\":\"https:\\\/\\\/oplitegames.com\\\/#website\",\"url\":\"https:\\\/\\\/oplitegames.com\\\/\",\"name\":\"OPLITE\",\"description\":\"\",\"publisher\":{\"@id\":\"https:\\\/\\\/oplitegames.com\\\/#organization\"},\"potentialAction\":[{\"@type\":\"SearchAction\",\"target\":{\"@type\":\"EntryPoint\",\"urlTemplate\":\"https:\\\/\\\/oplitegames.com\\\/?s={search_term_string}\"},\"query-input\":{\"@type\":\"PropertyValueSpecification\",\"valueRequired\":true,\"valueName\":\"search_term_string\"}}],\"inLanguage\":\"es\"},{\"@type\":\"Organization\",\"@id\":\"https:\\\/\\\/oplitegames.com\\\/#organization\",\"name\":\"OPLITE\",\"url\":\"https:\\\/\\\/oplitegames.com\\\/\",\"logo\":{\"@type\":\"ImageObject\",\"inLanguage\":\"es\",\"@id\":\"https:\\\/\\\/oplitegames.com\\\/#\\\/schema\\\/logo\\\/image\\\/\",\"url\":\"https:\\\/\\\/oplitegames-preprod.ezratis.fr\\\/wp-content\\\/uploads\\\/cropped-cropped-Oplite-Blanc-casse-002-scaled-1.png\",\"contentUrl\":\"https:\\\/\\\/oplitegames-preprod.ezratis.fr\\\/wp-content\\\/uploads\\\/cropped-cropped-Oplite-Blanc-casse-002-scaled-1.png\",\"width\":2509,\"height\":597,\"caption\":\"OPLITE\"},\"image\":{\"@id\":\"https:\\\/\\\/oplitegames.com\\\/#\\\/schema\\\/logo\\\/image\\\/\"}}]}<\/script>\n<meta property=\"product:price:amount\" content=\"49.90\" \/>\n<meta property=\"product:price:currency\" content=\"EUR\" \/>\n<meta property=\"og:availability\" content=\"out of stock\" \/>\n<meta property=\"product:availability\" content=\"out of stock\" \/>\n<meta property=\"product:retailer_item_id\" content=\"96458\" \/>\n<meta property=\"product:condition\" content=\"new\" \/>\n<!-- \/ Yoast SEO plugin. -->","yoast_head_json":{"title":"GTR S3\/S8 DD y soporte de horquilla - OPLITE","robots":{"index":"index","follow":"follow","max-snippet":"max-snippet:-1","max-image-preview":"max-image-preview:large","max-video-preview":"max-video-preview:-1"},"canonical":"https:\/\/oplitegames.com\/es\/producto\/gtr-s3-dd-and-yoke-holder\/","og_locale":"es_ES","og_type":"article","og_title":"GTR S3\/S8 DD y soporte de horquilla - OPLITE","og_description":"El soporte para Direct Drive y Yoke est\u00e1 dise\u00f1ado para los entusiastas de SIMRACING y FLIGHTSIM m\u00e1s exigentes.Este soporte sujeta volantes Direct Drive de los principales fabricantes (Logitech, Cammus, MOZA, SIMCUBE), as\u00ed como Yoke de Logitech y Turtle Beach. Para que su cabina de pilotaje (o de vuelo) sea perfectamente ergon\u00f3mica, este soporte se eleva 2 cm para alojar sus perif\u00e9ricos (volante y yugo). A ambos lados del soporte se encuentran una serie de orificios de \u00d8 8 mm que le permitir\u00e1n fijar futuros equipos OPLITE o DYI. Fabricado 100% en acero al carbono, su rigidez le permite soportar movimientos bruscos y repetitivos manteniendo un alto nivel de estabilidad.","og_url":"https:\/\/oplitegames.com\/es\/producto\/gtr-s3-dd-and-yoke-holder\/","og_site_name":"OPLITE","article_modified_time":"2025-10-08T12:26:54+00:00","og_image":[{"width":1000,"height":1000,"url":"https:\/\/oplitegames.com\/wp-content\/uploads\/OP-GTR-FSD_1-1.png","type":"image\/png"}],"twitter_card":"summary_large_image","twitter_misc":{"Price":"49,90&nbsp;&euro;","Availability":"Out of stock"},"schema":{"@context":"https:\/\/schema.org","@graph":[{"@type":["WebPage","ItemPage"],"@id":"https:\/\/oplitegames.com\/es\/producto\/gtr-s3-dd-and-yoke-holder\/","url":"https:\/\/oplitegames.com\/es\/producto\/gtr-s3-dd-and-yoke-holder\/","name":"GTR S3\/S8 DD y soporte de horquilla - OPLITE","isPartOf":{"@id":"https:\/\/oplitegames.com\/#website"},"primaryImageOfPage":{"@id":"https:\/\/oplitegames.com\/es\/producto\/gtr-s3-dd-and-yoke-holder\/#primaryimage"},"image":{"@id":"https:\/\/oplitegames.com\/es\/producto\/gtr-s3-dd-and-yoke-holder\/#primaryimage"},"thumbnailUrl":"https:\/\/oplitegames-preprod.ezratis.fr\/wp-content\/uploads\/OP-GTR-FSD_1-1.png","datePublished":"2023-05-25T15:11:37+00:00","dateModified":"2025-10-08T12:26:54+00:00","breadcrumb":{"@id":"https:\/\/oplitegames.com\/es\/producto\/gtr-s3-dd-and-yoke-holder\/#breadcrumb"},"inLanguage":"es","potentialAction":[{"@type":"ReadAction","target":["https:\/\/oplitegames.com\/es\/producto\/gtr-s3-dd-and-yoke-holder\/"]}]},{"@type":"ImageObject","inLanguage":"es","@id":"https:\/\/oplitegames.com\/es\/producto\/gtr-s3-dd-and-yoke-holder\/#primaryimage","url":"https:\/\/oplitegames-preprod.ezratis.fr\/wp-content\/uploads\/OP-GTR-FSD_1-1.png","contentUrl":"https:\/\/oplitegames-preprod.ezratis.fr\/wp-content\/uploads\/OP-GTR-FSD_1-1.png","width":1000,"height":1000},{"@type":"BreadcrumbList","@id":"https:\/\/oplitegames.com\/es\/producto\/gtr-s3-dd-and-yoke-holder\/#breadcrumb","itemListElement":[{"@type":"ListItem","position":1,"name":"Home","item":"https:\/\/oplitegames.com\/es\/oplite-gaming\/"},{"@type":"ListItem","position":2,"name":"Comercio","item":"https:\/\/oplitegames.com\/es\/comercio\/"},{"@type":"ListItem","position":3,"name":"GTR S3\/S8 DD y soporte de horquilla"}]},{"@type":"WebSite","@id":"https:\/\/oplitegames.com\/#website","url":"https:\/\/oplitegames.com\/","name":"OPLITE","description":"","publisher":{"@id":"https:\/\/oplitegames.com\/#organization"},"potentialAction":[{"@type":"SearchAction","target":{"@type":"EntryPoint","urlTemplate":"https:\/\/oplitegames.com\/?s={search_term_string}"},"query-input":{"@type":"PropertyValueSpecification","valueRequired":true,"valueName":"search_term_string"}}],"inLanguage":"es"},{"@type":"Organization","@id":"https:\/\/oplitegames.com\/#organization","name":"OPLITE","url":"https:\/\/oplitegames.com\/","logo":{"@type":"ImageObject","inLanguage":"es","@id":"https:\/\/oplitegames.com\/#\/schema\/logo\/image\/","url":"https:\/\/oplitegames-preprod.ezratis.fr\/wp-content\/uploads\/cropped-cropped-Oplite-Blanc-casse-002-scaled-1.png","contentUrl":"https:\/\/oplitegames-preprod.ezratis.fr\/wp-content\/uploads\/cropped-cropped-Oplite-Blanc-casse-002-scaled-1.png","width":2509,"height":597,"caption":"OPLITE"},"image":{"@id":"https:\/\/oplitegames.com\/#\/schema\/logo\/image\/"}}]},"product_price_amount":"49.90","product_price_currency":"EUR","og_availability":"out of stock","product_availability":"out of stock","product_retailer_item_id":"96458","product_condition":"new"},"_links":{"self":[{"href":"https:\/\/oplitegames-preprod.ezratis.fr\/es\/wp-json\/wp\/v2\/product\/29993","targetHints":{"allow":["GET"]}}],"collection":[{"href":"https:\/\/oplitegames-preprod.ezratis.fr\/es\/wp-json\/wp\/v2\/product"}],"about":[{"href":"https:\/\/oplitegames-preprod.ezratis.fr\/es\/wp-json\/wp\/v2\/types\/product"}],"version-history":[{"count":3,"href":"https:\/\/oplitegames-preprod.ezratis.fr\/es\/wp-json\/wp\/v2\/product\/29993\/revisions"}],"predecessor-version":[{"id":31694,"href":"https:\/\/oplitegames-preprod.ezratis.fr\/es\/wp-json\/wp\/v2\/product\/29993\/revisions\/31694"}],"wp:featuredmedia":[{"embeddable":true,"href":"https:\/\/oplitegames-preprod.ezratis.fr\/es\/wp-json\/wp\/v2\/media\/30425"}],"wp:attachment":[{"href":"https:\/\/oplitegames-preprod.ezratis.fr\/es\/wp-json\/wp\/v2\/media?parent=29993"}],"wp:term":[{"taxonomy":"product_brand","embeddable":true,"href":"https:\/\/oplitegames-preprod.ezratis.fr\/es\/wp-json\/wp\/v2\/product_brand?post=29993"},{"taxonomy":"product_cat","embeddable":true,"href":"https:\/\/oplitegames-preprod.ezratis.fr\/es\/wp-json\/wp\/v2\/product_cat?post=29993"},{"taxonomy":"product_tag","embeddable":true,"href":"https:\/\/oplitegames-preprod.ezratis.fr\/es\/wp-json\/wp\/v2\/product_tag?post=29993"}],"curies":[{"name":"wp","href":"https:\/\/api.w.org\/{rel}","templated":true}]}}