{"id":30091,"date":"2023-05-25T17:11:35","date_gmt":"2023-05-25T15:11:35","guid":{"rendered":"https:\/\/oplitegames.com\/product\/premium-storage-kit-clamp\/"},"modified":"2026-01-20T10:43:53","modified_gmt":"2026-01-20T09:43:53","slug":"premium-storage-kit-clamp","status":"publish","type":"product","link":"https:\/\/oplitegames-preprod.ezratis.fr\/es\/producto\/premium-storage-kit-clamp\/","title":{"rendered":"Premium storage kit Clamp"},"content":{"rendered":"<p>La gama PREMIUM STORAGE KITS ofrece una soluci\u00f3n de almacenamiento especialmente dise\u00f1ada para sus accesorios de videojuegos como mandos o auriculares&#8230; Disponible en dos colores, blanco o negro, estos kits se integrar\u00e1n armoniosamente en su decoraci\u00f3n interior. Con unas dimensiones perfectas de 420 mm x 477 mm, el panel perforado de acero puede colocarse horizontal o verticalmente. Los numerosos orificios disponibles le ofrecen la flexibilidad necesaria para colocar sus soportes de accesorios exactamente como desee.<br \/>\nEl PREMIUM STORAGE KITS se instala f\u00e1cilmente gracias a sus dos moletas, sin necesidad de taladrar, ya sea en un escritorio o en un estante.<\/p>\n<p><span style=\"text-decoration: underline;\"><strong>Caracter\u00edsticas t\u00e9cnicas:<\/strong> <\/span><br \/>\n\u2705 Dimensiones 420 mm x477mm<br \/>\n\u2705 Fijaci\u00f3n por 2 moletas<br \/>\n\u2705 1 soporte para auriculares, 1 soporte para taza, 2 soportes para mandos, 2 ganchos, 3 imanes<br \/>\n\u2705 Peso soportado: hasta 5 kg,<\/p>\n<p><span style=\"text-decoration: underline;\"><strong>Compatibilidad del producto:<\/strong><\/span><br \/>\n\u2705 Todas las oficinas de la marca OPLITE<br \/>\n\u2705 Todas las oficinas de los dem\u00e1s fabricantes<br \/>\n\u2705 Todos los estantes del mercado con una altura de entre 9mm y 60mm<\/p>\n<p><span style=\"text-decoration: underline;\"><strong>Gama disponible :<\/strong><\/span><\/p>\n<table>\n<tbody>\n<tr>\n<td>OP-BM04-B<\/td>\n<td>OP-BM04-W<\/td>\n<\/tr>\n<tr>\n<td>3770031134155<\/td>\n<td>3770031134162<\/td>\n<\/tr>\n<tr>\n<td><img fetchpriority=\"high\" decoding=\"async\" class=\"\" src=\"https:\/\/oplitegames-preprod.ezratis.fr\/wp-content\/uploads\/OP-BM04-B_1-1.png\" width=\"320\" height=\"320\" \/><\/td>\n<td><img decoding=\"async\" class=\"\" src=\"https:\/\/oplitegames-preprod.ezratis.fr\/wp-content\/uploads\/OP-BM04-W_1-2-800x800.png\" width=\"321\" height=\"321\" \/>&nbsp;<\/td>\n<\/tr>\n<\/tbody>\n<\/table>\n","protected":false},"excerpt":{"rendered":"<p>\u00a1Ha llegado el momento de vivir experiencias m\u00e1s inmersivas mientras liberas espacio en tu escritorio!<br \/>\nExperto en dise\u00f1o de productos ergon\u00f3micos para los sectores ofim\u00e1tico y gaming, OPLITE presenta su primera soluci\u00f3n de almacenamiento, los <strong>PREMIUM STORAGE KITS<\/strong>.<\/p>\n","protected":false},"featured_media":30087,"template":"","meta":{"_acf_changed":false,"footnotes":""},"product_brand":[],"product_cat":[723,716],"product_tag":[759],"class_list":{"0":"post-30091","1":"product","2":"type-product","3":"status-publish","4":"has-post-thumbnail","6":"product_cat-accesorios-oficina","7":"product_cat-oficinas-streaming","8":"product_tag-oplite-gaming-es","9":"pa_colisage-pcb-4-es","11":"first","12":"instock","13":"taxable","14":"shipping-taxable","15":"purchasable","16":"product-type-simple"},"bundled_by":[],"bundle_stock_status":"instock","bundle_stock_quantity":77,"bundle_virtual":false,"bundle_layout":"","bundle_add_to_cart_form_location":"","bundle_editable_in_cart":false,"bundle_sold_individually_context":"","bundle_item_grouping":"","bundle_min_size":"","bundle_max_size":"","bundle_price":[],"bundled_items":[],"bundle_sell_ids":[],"acf":[],"yoast_head":"<!-- This site is optimized with the Yoast SEO plugin v27.3 - https:\/\/yoast.com\/product\/yoast-seo-wordpress\/ -->\n<title>Premium storage kit Clamp - OPLITE<\/title>\n<meta name=\"robots\" content=\"index, follow, max-snippet:-1, max-image-preview:large, max-video-preview:-1\" \/>\n<link rel=\"canonical\" href=\"https:\/\/oplitegames.com\/es\/producto\/premium-storage-kit-clamp\/\" \/>\n<meta property=\"og:locale\" content=\"es_ES\" \/>\n<meta property=\"og:type\" content=\"article\" \/>\n<meta property=\"og:title\" content=\"Premium storage kit Clamp - OPLITE\" \/>\n<meta property=\"og:description\" content=\"\u00a1Ha llegado el momento de vivir experiencias m\u00e1s inmersivas mientras liberas espacio en tu escritorio! Experto en dise\u00f1o de productos ergon\u00f3micos para los sectores ofim\u00e1tico y gaming, OPLITE presenta su primera soluci\u00f3n de almacenamiento, los PREMIUM STORAGE KITS.\" \/>\n<meta property=\"og:url\" content=\"https:\/\/oplitegames.com\/es\/producto\/premium-storage-kit-clamp\/\" \/>\n<meta property=\"og:site_name\" content=\"OPLITE\" \/>\n<meta property=\"article:modified_time\" content=\"2026-01-20T09:43:53+00:00\" \/>\n<meta property=\"og:image\" content=\"https:\/\/oplitegames.com\/wp-content\/uploads\/OP-BM04-B_1-1.png\" \/>\n\t<meta property=\"og:image:width\" content=\"1000\" \/>\n\t<meta property=\"og:image:height\" content=\"1000\" \/>\n\t<meta property=\"og:image:type\" content=\"image\/png\" \/>\n<meta name=\"twitter:card\" content=\"summary_large_image\" \/>\n<meta name=\"twitter:label1\" content=\"Price\" \/>\n\t<meta name=\"twitter:data1\" content=\"29,90&nbsp;&euro;\" \/>\n\t<meta name=\"twitter:label2\" content=\"Availability\" \/>\n\t<meta name=\"twitter:data2\" content=\"In stock\" \/>\n<script type=\"application\/ld+json\" class=\"yoast-schema-graph\">{\"@context\":\"https:\\\/\\\/schema.org\",\"@graph\":[{\"@type\":[\"WebPage\",\"ItemPage\"],\"@id\":\"https:\\\/\\\/oplitegames.com\\\/es\\\/producto\\\/premium-storage-kit-clamp\\\/\",\"url\":\"https:\\\/\\\/oplitegames.com\\\/es\\\/producto\\\/premium-storage-kit-clamp\\\/\",\"name\":\"Premium storage kit Clamp - OPLITE\",\"isPartOf\":{\"@id\":\"https:\\\/\\\/oplitegames.com\\\/#website\"},\"primaryImageOfPage\":{\"@id\":\"https:\\\/\\\/oplitegames.com\\\/es\\\/producto\\\/premium-storage-kit-clamp\\\/#primaryimage\"},\"image\":{\"@id\":\"https:\\\/\\\/oplitegames.com\\\/es\\\/producto\\\/premium-storage-kit-clamp\\\/#primaryimage\"},\"thumbnailUrl\":\"https:\\\/\\\/oplitegames-preprod.ezratis.fr\\\/wp-content\\\/uploads\\\/OP-BM04-B_1-1.png\",\"datePublished\":\"2023-05-25T15:11:35+00:00\",\"dateModified\":\"2026-01-20T09:43:53+00:00\",\"breadcrumb\":{\"@id\":\"https:\\\/\\\/oplitegames.com\\\/es\\\/producto\\\/premium-storage-kit-clamp\\\/#breadcrumb\"},\"inLanguage\":\"es\",\"potentialAction\":[{\"@type\":\"ReadAction\",\"target\":[\"https:\\\/\\\/oplitegames.com\\\/es\\\/producto\\\/premium-storage-kit-clamp\\\/\"]}]},{\"@type\":\"ImageObject\",\"inLanguage\":\"es\",\"@id\":\"https:\\\/\\\/oplitegames.com\\\/es\\\/producto\\\/premium-storage-kit-clamp\\\/#primaryimage\",\"url\":\"https:\\\/\\\/oplitegames-preprod.ezratis.fr\\\/wp-content\\\/uploads\\\/OP-BM04-B_1-1.png\",\"contentUrl\":\"https:\\\/\\\/oplitegames-preprod.ezratis.fr\\\/wp-content\\\/uploads\\\/OP-BM04-B_1-1.png\",\"width\":1000,\"height\":1000},{\"@type\":\"BreadcrumbList\",\"@id\":\"https:\\\/\\\/oplitegames.com\\\/es\\\/producto\\\/premium-storage-kit-clamp\\\/#breadcrumb\",\"itemListElement\":[{\"@type\":\"ListItem\",\"position\":1,\"name\":\"Home\",\"item\":\"https:\\\/\\\/oplitegames.com\\\/es\\\/oplite-gaming\\\/\"},{\"@type\":\"ListItem\",\"position\":2,\"name\":\"Comercio\",\"item\":\"https:\\\/\\\/oplitegames.com\\\/es\\\/comercio\\\/\"},{\"@type\":\"ListItem\",\"position\":3,\"name\":\"Premium storage kit Clamp\"}]},{\"@type\":\"WebSite\",\"@id\":\"https:\\\/\\\/oplitegames.com\\\/#website\",\"url\":\"https:\\\/\\\/oplitegames.com\\\/\",\"name\":\"OPLITE\",\"description\":\"\",\"publisher\":{\"@id\":\"https:\\\/\\\/oplitegames.com\\\/#organization\"},\"potentialAction\":[{\"@type\":\"SearchAction\",\"target\":{\"@type\":\"EntryPoint\",\"urlTemplate\":\"https:\\\/\\\/oplitegames.com\\\/?s={search_term_string}\"},\"query-input\":{\"@type\":\"PropertyValueSpecification\",\"valueRequired\":true,\"valueName\":\"search_term_string\"}}],\"inLanguage\":\"es\"},{\"@type\":\"Organization\",\"@id\":\"https:\\\/\\\/oplitegames.com\\\/#organization\",\"name\":\"OPLITE\",\"url\":\"https:\\\/\\\/oplitegames.com\\\/\",\"logo\":{\"@type\":\"ImageObject\",\"inLanguage\":\"es\",\"@id\":\"https:\\\/\\\/oplitegames.com\\\/#\\\/schema\\\/logo\\\/image\\\/\",\"url\":\"https:\\\/\\\/oplitegames-preprod.ezratis.fr\\\/wp-content\\\/uploads\\\/cropped-cropped-Oplite-Blanc-casse-002-scaled-1.png\",\"contentUrl\":\"https:\\\/\\\/oplitegames-preprod.ezratis.fr\\\/wp-content\\\/uploads\\\/cropped-cropped-Oplite-Blanc-casse-002-scaled-1.png\",\"width\":2509,\"height\":597,\"caption\":\"OPLITE\"},\"image\":{\"@id\":\"https:\\\/\\\/oplitegames.com\\\/#\\\/schema\\\/logo\\\/image\\\/\"}}]}<\/script>\n<meta property=\"product:price:amount\" content=\"29.90\" \/>\n<meta property=\"product:price:currency\" content=\"EUR\" \/>\n<meta property=\"og:availability\" content=\"instock\" \/>\n<meta property=\"product:availability\" content=\"instock\" \/>\n<meta property=\"product:retailer_item_id\" content=\"96456\" \/>\n<meta property=\"product:condition\" content=\"new\" \/>\n<!-- \/ Yoast SEO plugin. -->","yoast_head_json":{"title":"Premium storage kit Clamp - OPLITE","robots":{"index":"index","follow":"follow","max-snippet":"max-snippet:-1","max-image-preview":"max-image-preview:large","max-video-preview":"max-video-preview:-1"},"canonical":"https:\/\/oplitegames.com\/es\/producto\/premium-storage-kit-clamp\/","og_locale":"es_ES","og_type":"article","og_title":"Premium storage kit Clamp - OPLITE","og_description":"\u00a1Ha llegado el momento de vivir experiencias m\u00e1s inmersivas mientras liberas espacio en tu escritorio! Experto en dise\u00f1o de productos ergon\u00f3micos para los sectores ofim\u00e1tico y gaming, OPLITE presenta su primera soluci\u00f3n de almacenamiento, los PREMIUM STORAGE KITS.","og_url":"https:\/\/oplitegames.com\/es\/producto\/premium-storage-kit-clamp\/","og_site_name":"OPLITE","article_modified_time":"2026-01-20T09:43:53+00:00","og_image":[{"width":1000,"height":1000,"url":"https:\/\/oplitegames.com\/wp-content\/uploads\/OP-BM04-B_1-1.png","type":"image\/png"}],"twitter_card":"summary_large_image","twitter_misc":{"Price":"29,90&nbsp;&euro;","Availability":"In stock"},"schema":{"@context":"https:\/\/schema.org","@graph":[{"@type":["WebPage","ItemPage"],"@id":"https:\/\/oplitegames.com\/es\/producto\/premium-storage-kit-clamp\/","url":"https:\/\/oplitegames.com\/es\/producto\/premium-storage-kit-clamp\/","name":"Premium storage kit Clamp - OPLITE","isPartOf":{"@id":"https:\/\/oplitegames.com\/#website"},"primaryImageOfPage":{"@id":"https:\/\/oplitegames.com\/es\/producto\/premium-storage-kit-clamp\/#primaryimage"},"image":{"@id":"https:\/\/oplitegames.com\/es\/producto\/premium-storage-kit-clamp\/#primaryimage"},"thumbnailUrl":"https:\/\/oplitegames-preprod.ezratis.fr\/wp-content\/uploads\/OP-BM04-B_1-1.png","datePublished":"2023-05-25T15:11:35+00:00","dateModified":"2026-01-20T09:43:53+00:00","breadcrumb":{"@id":"https:\/\/oplitegames.com\/es\/producto\/premium-storage-kit-clamp\/#breadcrumb"},"inLanguage":"es","potentialAction":[{"@type":"ReadAction","target":["https:\/\/oplitegames.com\/es\/producto\/premium-storage-kit-clamp\/"]}]},{"@type":"ImageObject","inLanguage":"es","@id":"https:\/\/oplitegames.com\/es\/producto\/premium-storage-kit-clamp\/#primaryimage","url":"https:\/\/oplitegames-preprod.ezratis.fr\/wp-content\/uploads\/OP-BM04-B_1-1.png","contentUrl":"https:\/\/oplitegames-preprod.ezratis.fr\/wp-content\/uploads\/OP-BM04-B_1-1.png","width":1000,"height":1000},{"@type":"BreadcrumbList","@id":"https:\/\/oplitegames.com\/es\/producto\/premium-storage-kit-clamp\/#breadcrumb","itemListElement":[{"@type":"ListItem","position":1,"name":"Home","item":"https:\/\/oplitegames.com\/es\/oplite-gaming\/"},{"@type":"ListItem","position":2,"name":"Comercio","item":"https:\/\/oplitegames.com\/es\/comercio\/"},{"@type":"ListItem","position":3,"name":"Premium storage kit Clamp"}]},{"@type":"WebSite","@id":"https:\/\/oplitegames.com\/#website","url":"https:\/\/oplitegames.com\/","name":"OPLITE","description":"","publisher":{"@id":"https:\/\/oplitegames.com\/#organization"},"potentialAction":[{"@type":"SearchAction","target":{"@type":"EntryPoint","urlTemplate":"https:\/\/oplitegames.com\/?s={search_term_string}"},"query-input":{"@type":"PropertyValueSpecification","valueRequired":true,"valueName":"search_term_string"}}],"inLanguage":"es"},{"@type":"Organization","@id":"https:\/\/oplitegames.com\/#organization","name":"OPLITE","url":"https:\/\/oplitegames.com\/","logo":{"@type":"ImageObject","inLanguage":"es","@id":"https:\/\/oplitegames.com\/#\/schema\/logo\/image\/","url":"https:\/\/oplitegames-preprod.ezratis.fr\/wp-content\/uploads\/cropped-cropped-Oplite-Blanc-casse-002-scaled-1.png","contentUrl":"https:\/\/oplitegames-preprod.ezratis.fr\/wp-content\/uploads\/cropped-cropped-Oplite-Blanc-casse-002-scaled-1.png","width":2509,"height":597,"caption":"OPLITE"},"image":{"@id":"https:\/\/oplitegames.com\/#\/schema\/logo\/image\/"}}]},"product_price_amount":"29.90","product_price_currency":"EUR","og_availability":"instock","product_availability":"instock","product_retailer_item_id":"96456","product_condition":"new"},"_links":{"self":[{"href":"https:\/\/oplitegames-preprod.ezratis.fr\/es\/wp-json\/wp\/v2\/product\/30091","targetHints":{"allow":["GET"]}}],"collection":[{"href":"https:\/\/oplitegames-preprod.ezratis.fr\/es\/wp-json\/wp\/v2\/product"}],"about":[{"href":"https:\/\/oplitegames-preprod.ezratis.fr\/es\/wp-json\/wp\/v2\/types\/product"}],"version-history":[{"count":3,"href":"https:\/\/oplitegames-preprod.ezratis.fr\/es\/wp-json\/wp\/v2\/product\/30091\/revisions"}],"predecessor-version":[{"id":40323,"href":"https:\/\/oplitegames-preprod.ezratis.fr\/es\/wp-json\/wp\/v2\/product\/30091\/revisions\/40323"}],"wp:featuredmedia":[{"embeddable":true,"href":"https:\/\/oplitegames-preprod.ezratis.fr\/es\/wp-json\/wp\/v2\/media\/30087"}],"wp:attachment":[{"href":"https:\/\/oplitegames-preprod.ezratis.fr\/es\/wp-json\/wp\/v2\/media?parent=30091"}],"wp:term":[{"taxonomy":"product_brand","embeddable":true,"href":"https:\/\/oplitegames-preprod.ezratis.fr\/es\/wp-json\/wp\/v2\/product_brand?post=30091"},{"taxonomy":"product_cat","embeddable":true,"href":"https:\/\/oplitegames-preprod.ezratis.fr\/es\/wp-json\/wp\/v2\/product_cat?post=30091"},{"taxonomy":"product_tag","embeddable":true,"href":"https:\/\/oplitegames-preprod.ezratis.fr\/es\/wp-json\/wp\/v2\/product_tag?post=30091"}],"curies":[{"name":"wp","href":"https:\/\/api.w.org\/{rel}","templated":true}]}}