{"id":31906,"date":"2023-10-19T17:44:35","date_gmt":"2023-10-19T15:44:35","guid":{"rendered":"https:\/\/oplitegames.com\/product\/gtr-s8-lockable-castor-wheels\/"},"modified":"2025-12-15T19:18:40","modified_gmt":"2025-12-15T18:18:40","slug":"gtr-s8-lockable-castor-wheels","status":"publish","type":"product","link":"https:\/\/oplitegames-preprod.ezratis.fr\/es\/producto\/gtr-s8-lockable-castor-wheels\/","title":{"rendered":"GTR S8 Lockable Castor Wheels"},"content":{"rendered":"<p>El kit <strong>GTR S8 CASTOR WHEELS<\/strong> incluye 8 ruedas y ha sido dise\u00f1ado para simplificar eldesplazamiento de su cabina garantizando al mismo tiempo una estabilidad excepcional.<br \/>\nEl kit se compone de 4 ruedas con freno y 4 ruedas libres. Cada una de estas ruedas est\u00e1fabricada con caucho de 63 mm de di\u00e1metro, equipado con un rodamiento de bolas que permite la rotaci\u00f3n libre en un \u00e1ngulo de 360 grados.<\/p>\n<p><span style=\"text-decoration: underline\"><strong>Aspectos destacados:<\/strong><\/span><br \/>\n\u2705 Juego de 8 ruedas giratorias, 4 de las cuales incorporan un mecanismo de frenado de<br \/>\nseguridad.<br \/>\n\u2705 Revestimiento de goma suave para facilitar el movimiento en diferentes tipos de superficie.<br \/>\n\u2705 Conjunto de rodamientos de bolas para una comodidad y un silencio \u00f3ptimos.<br \/>\n\u2705 Rotaci\u00f3n completa de 360 grados, 4 ruedas libres y 4 con freno.<br \/>\n\u2705 Puede utilizarse para una amplia gama de aplicaciones en juegos de 4 u 8.<br \/>\n\u2705 Rosca de 8 mm de di\u00e1metro (M8) para facilitar el montaje, y ajuste de altura mediante contratuerca.<\/p>\n<p><span style=\"text-decoration: underline\"><strong>Datos t\u00e9cnicos:<\/strong><\/span><br \/>\n\u2705 Rueda \u00d8 63mm \/ Rosca M8 &#8211; 8mm<br \/>\n\u2705 Uso de 4 ruedas = 150 kg de capacidad de carga<br \/>\n\u2705 Uso de 8 ruedas = 300 kg de capacidad de carga<br \/>\n\u2705 Movimiento giratorio de 360\u00b0.<\/p>\n<table style=\"height: 490px\" width=\"926\">\n<thead>\n<tr>\n<td style=\"text-align: center\"><strong>x4<\/strong><\/td>\n<td style=\"text-align: center\"><strong>x4<\/strong><\/td>\n<\/tr>\n<tr>\n<td><img decoding=\"async\" src=\"https:\/\/vm-wpexertis-oplite-staging.westeurope.cloudapp.azure.com\/wp-content\/uploads\/Roulette-Cockpit-GTR-S8-OP-CW_2.png\" \/><\/td>\n<td><img decoding=\"async\" src=\"https:\/\/vm-wpexertis-oplite-staging.westeurope.cloudapp.azure.com\/wp-content\/uploads\/Roulette-Cockpit-GTR-S8-OP-CW_3.png\" \/><\/td>\n<\/tr>\n<\/thead>\n<\/table>\n<p><span style=\"text-decoration: underline\"><strong>Compatibilidad de los productos:<\/strong><\/span><br \/>\n\u2705 Cabinas OPLITE GTR S8<br \/>\n\u2705 Silla de oficina, escritorio, cama, carro de transporte, mueble de TV, mobiliario interior, cabina<br \/>\nde simulaci\u00f3n de autom\u00f3vil, cabina de simulaci\u00f3n de vuelo&#8230;.<br \/>\n\u2705 Fijaci\u00f3n por tornillo \/ Di\u00e1metro de la rosca \u00d8 8mm<\/p>\n","protected":false},"excerpt":{"rendered":"<p>Es hora de aumentar tu movilidad conservando una experiencia de juego incomparable.<br \/>\nExperto en dise\u00f1o ergon\u00f3mico para los sectores de oficina y gaming, OPLITE presenta un juego de 8 ruedas <strong>CASTOR WHEELS GTR S8<\/strong>.<\/p>\n","protected":false},"featured_media":31881,"template":"","meta":{"_acf_changed":false,"footnotes":""},"product_brand":[],"product_cat":[750,882,744,764,797,731],"product_tag":[759],"class_list":{"0":"post-31906","1":"product","2":"type-product","3":"status-publish","4":"has-post-thumbnail","6":"product_cat-accesorios-simuladores","7":"product_cat-accessoire","8":"product_cat-cabina-gtr-s8-elite","9":"product_cat-cabina-gtr-s8-infinity-es","10":"product_cat-cockpit-s8-ultra-es","11":"product_cat-simuladores","12":"product_tag-oplite-gaming-es","13":"pa_colisage-pcb-12-es","15":"first","16":"instock","17":"taxable","18":"shipping-taxable","19":"purchasable","20":"product-type-simple"},"bundled_by":[],"bundle_stock_status":"instock","bundle_stock_quantity":248,"bundle_virtual":false,"bundle_layout":"","bundle_add_to_cart_form_location":"","bundle_editable_in_cart":false,"bundle_sold_individually_context":"","bundle_item_grouping":"","bundle_min_size":"","bundle_max_size":"","bundle_price":[],"bundled_items":[],"bundle_sell_ids":[],"acf":[],"yoast_head":"<!-- This site is optimized with the Yoast SEO plugin v27.3 - https:\/\/yoast.com\/product\/yoast-seo-wordpress\/ -->\n<title>GTR S8 Lockable Castor Wheels - OPLITE<\/title>\n<meta name=\"robots\" content=\"index, follow, max-snippet:-1, max-image-preview:large, max-video-preview:-1\" \/>\n<link rel=\"canonical\" href=\"https:\/\/oplitegames.com\/es\/producto\/gtr-s8-lockable-castor-wheels\/\" \/>\n<meta property=\"og:locale\" content=\"es_ES\" \/>\n<meta property=\"og:type\" content=\"article\" \/>\n<meta property=\"og:title\" content=\"GTR S8 Lockable Castor Wheels - OPLITE\" \/>\n<meta property=\"og:description\" content=\"Es hora de aumentar tu movilidad conservando una experiencia de juego incomparable. Experto en dise\u00f1o ergon\u00f3mico para los sectores de oficina y gaming, OPLITE presenta un juego de 8 ruedas CASTOR WHEELS GTR S8.\" \/>\n<meta property=\"og:url\" content=\"https:\/\/oplitegames.com\/es\/producto\/gtr-s8-lockable-castor-wheels\/\" \/>\n<meta property=\"og:site_name\" content=\"OPLITE\" \/>\n<meta property=\"article:modified_time\" content=\"2025-12-15T18:18:40+00:00\" \/>\n<meta property=\"og:image\" content=\"https:\/\/oplitegames.com\/wp-content\/uploads\/Roulette-Cockpit-GTR-S8-OP-CW_5.png\" \/>\n\t<meta property=\"og:image:width\" content=\"1000\" \/>\n\t<meta property=\"og:image:height\" content=\"1000\" \/>\n\t<meta property=\"og:image:type\" content=\"image\/png\" \/>\n<meta name=\"twitter:card\" content=\"summary_large_image\" \/>\n<meta name=\"twitter:label1\" content=\"Price\" \/>\n\t<meta name=\"twitter:data1\" content=\"49,90&nbsp;&euro;\" \/>\n\t<meta name=\"twitter:label2\" content=\"Availability\" \/>\n\t<meta name=\"twitter:data2\" content=\"In stock\" \/>\n<script type=\"application\/ld+json\" class=\"yoast-schema-graph\">{\"@context\":\"https:\\\/\\\/schema.org\",\"@graph\":[{\"@type\":[\"WebPage\",\"ItemPage\"],\"@id\":\"https:\\\/\\\/oplitegames.com\\\/es\\\/producto\\\/gtr-s8-lockable-castor-wheels\\\/\",\"url\":\"https:\\\/\\\/oplitegames.com\\\/es\\\/producto\\\/gtr-s8-lockable-castor-wheels\\\/\",\"name\":\"GTR S8 Lockable Castor Wheels - OPLITE\",\"isPartOf\":{\"@id\":\"https:\\\/\\\/oplitegames.com\\\/#website\"},\"primaryImageOfPage\":{\"@id\":\"https:\\\/\\\/oplitegames.com\\\/es\\\/producto\\\/gtr-s8-lockable-castor-wheels\\\/#primaryimage\"},\"image\":{\"@id\":\"https:\\\/\\\/oplitegames.com\\\/es\\\/producto\\\/gtr-s8-lockable-castor-wheels\\\/#primaryimage\"},\"thumbnailUrl\":\"https:\\\/\\\/oplitegames-preprod.ezratis.fr\\\/wp-content\\\/uploads\\\/Roulette-Cockpit-GTR-S8-OP-CW_5.png\",\"datePublished\":\"2023-10-19T15:44:35+00:00\",\"dateModified\":\"2025-12-15T18:18:40+00:00\",\"breadcrumb\":{\"@id\":\"https:\\\/\\\/oplitegames.com\\\/es\\\/producto\\\/gtr-s8-lockable-castor-wheels\\\/#breadcrumb\"},\"inLanguage\":\"es\",\"potentialAction\":[{\"@type\":\"ReadAction\",\"target\":[\"https:\\\/\\\/oplitegames.com\\\/es\\\/producto\\\/gtr-s8-lockable-castor-wheels\\\/\"]}]},{\"@type\":\"ImageObject\",\"inLanguage\":\"es\",\"@id\":\"https:\\\/\\\/oplitegames.com\\\/es\\\/producto\\\/gtr-s8-lockable-castor-wheels\\\/#primaryimage\",\"url\":\"https:\\\/\\\/oplitegames-preprod.ezratis.fr\\\/wp-content\\\/uploads\\\/Roulette-Cockpit-GTR-S8-OP-CW_5.png\",\"contentUrl\":\"https:\\\/\\\/oplitegames-preprod.ezratis.fr\\\/wp-content\\\/uploads\\\/Roulette-Cockpit-GTR-S8-OP-CW_5.png\",\"width\":1000,\"height\":1000},{\"@type\":\"BreadcrumbList\",\"@id\":\"https:\\\/\\\/oplitegames.com\\\/es\\\/producto\\\/gtr-s8-lockable-castor-wheels\\\/#breadcrumb\",\"itemListElement\":[{\"@type\":\"ListItem\",\"position\":1,\"name\":\"Home\",\"item\":\"https:\\\/\\\/oplitegames.com\\\/es\\\/oplite-gaming\\\/\"},{\"@type\":\"ListItem\",\"position\":2,\"name\":\"Comercio\",\"item\":\"https:\\\/\\\/oplitegames.com\\\/es\\\/comercio\\\/\"},{\"@type\":\"ListItem\",\"position\":3,\"name\":\"GTR S8 Lockable Castor Wheels\"}]},{\"@type\":\"WebSite\",\"@id\":\"https:\\\/\\\/oplitegames.com\\\/#website\",\"url\":\"https:\\\/\\\/oplitegames.com\\\/\",\"name\":\"OPLITE\",\"description\":\"\",\"publisher\":{\"@id\":\"https:\\\/\\\/oplitegames.com\\\/#organization\"},\"potentialAction\":[{\"@type\":\"SearchAction\",\"target\":{\"@type\":\"EntryPoint\",\"urlTemplate\":\"https:\\\/\\\/oplitegames.com\\\/?s={search_term_string}\"},\"query-input\":{\"@type\":\"PropertyValueSpecification\",\"valueRequired\":true,\"valueName\":\"search_term_string\"}}],\"inLanguage\":\"es\"},{\"@type\":\"Organization\",\"@id\":\"https:\\\/\\\/oplitegames.com\\\/#organization\",\"name\":\"OPLITE\",\"url\":\"https:\\\/\\\/oplitegames.com\\\/\",\"logo\":{\"@type\":\"ImageObject\",\"inLanguage\":\"es\",\"@id\":\"https:\\\/\\\/oplitegames.com\\\/#\\\/schema\\\/logo\\\/image\\\/\",\"url\":\"https:\\\/\\\/oplitegames-preprod.ezratis.fr\\\/wp-content\\\/uploads\\\/cropped-cropped-Oplite-Blanc-casse-002-scaled-1.png\",\"contentUrl\":\"https:\\\/\\\/oplitegames-preprod.ezratis.fr\\\/wp-content\\\/uploads\\\/cropped-cropped-Oplite-Blanc-casse-002-scaled-1.png\",\"width\":2509,\"height\":597,\"caption\":\"OPLITE\"},\"image\":{\"@id\":\"https:\\\/\\\/oplitegames.com\\\/#\\\/schema\\\/logo\\\/image\\\/\"}}]}<\/script>\n<meta property=\"product:price:amount\" content=\"49.90\" \/>\n<meta property=\"product:price:currency\" content=\"EUR\" \/>\n<meta property=\"og:availability\" content=\"instock\" \/>\n<meta property=\"product:availability\" content=\"instock\" \/>\n<meta property=\"product:retailer_item_id\" content=\"97248\" \/>\n<meta property=\"product:condition\" content=\"new\" \/>\n<!-- \/ Yoast SEO plugin. -->","yoast_head_json":{"title":"GTR S8 Lockable Castor Wheels - OPLITE","robots":{"index":"index","follow":"follow","max-snippet":"max-snippet:-1","max-image-preview":"max-image-preview:large","max-video-preview":"max-video-preview:-1"},"canonical":"https:\/\/oplitegames.com\/es\/producto\/gtr-s8-lockable-castor-wheels\/","og_locale":"es_ES","og_type":"article","og_title":"GTR S8 Lockable Castor Wheels - OPLITE","og_description":"Es hora de aumentar tu movilidad conservando una experiencia de juego incomparable. Experto en dise\u00f1o ergon\u00f3mico para los sectores de oficina y gaming, OPLITE presenta un juego de 8 ruedas CASTOR WHEELS GTR S8.","og_url":"https:\/\/oplitegames.com\/es\/producto\/gtr-s8-lockable-castor-wheels\/","og_site_name":"OPLITE","article_modified_time":"2025-12-15T18:18:40+00:00","og_image":[{"width":1000,"height":1000,"url":"https:\/\/oplitegames.com\/wp-content\/uploads\/Roulette-Cockpit-GTR-S8-OP-CW_5.png","type":"image\/png"}],"twitter_card":"summary_large_image","twitter_misc":{"Price":"49,90&nbsp;&euro;","Availability":"In stock"},"schema":{"@context":"https:\/\/schema.org","@graph":[{"@type":["WebPage","ItemPage"],"@id":"https:\/\/oplitegames.com\/es\/producto\/gtr-s8-lockable-castor-wheels\/","url":"https:\/\/oplitegames.com\/es\/producto\/gtr-s8-lockable-castor-wheels\/","name":"GTR S8 Lockable Castor Wheels - OPLITE","isPartOf":{"@id":"https:\/\/oplitegames.com\/#website"},"primaryImageOfPage":{"@id":"https:\/\/oplitegames.com\/es\/producto\/gtr-s8-lockable-castor-wheels\/#primaryimage"},"image":{"@id":"https:\/\/oplitegames.com\/es\/producto\/gtr-s8-lockable-castor-wheels\/#primaryimage"},"thumbnailUrl":"https:\/\/oplitegames-preprod.ezratis.fr\/wp-content\/uploads\/Roulette-Cockpit-GTR-S8-OP-CW_5.png","datePublished":"2023-10-19T15:44:35+00:00","dateModified":"2025-12-15T18:18:40+00:00","breadcrumb":{"@id":"https:\/\/oplitegames.com\/es\/producto\/gtr-s8-lockable-castor-wheels\/#breadcrumb"},"inLanguage":"es","potentialAction":[{"@type":"ReadAction","target":["https:\/\/oplitegames.com\/es\/producto\/gtr-s8-lockable-castor-wheels\/"]}]},{"@type":"ImageObject","inLanguage":"es","@id":"https:\/\/oplitegames.com\/es\/producto\/gtr-s8-lockable-castor-wheels\/#primaryimage","url":"https:\/\/oplitegames-preprod.ezratis.fr\/wp-content\/uploads\/Roulette-Cockpit-GTR-S8-OP-CW_5.png","contentUrl":"https:\/\/oplitegames-preprod.ezratis.fr\/wp-content\/uploads\/Roulette-Cockpit-GTR-S8-OP-CW_5.png","width":1000,"height":1000},{"@type":"BreadcrumbList","@id":"https:\/\/oplitegames.com\/es\/producto\/gtr-s8-lockable-castor-wheels\/#breadcrumb","itemListElement":[{"@type":"ListItem","position":1,"name":"Home","item":"https:\/\/oplitegames.com\/es\/oplite-gaming\/"},{"@type":"ListItem","position":2,"name":"Comercio","item":"https:\/\/oplitegames.com\/es\/comercio\/"},{"@type":"ListItem","position":3,"name":"GTR S8 Lockable Castor Wheels"}]},{"@type":"WebSite","@id":"https:\/\/oplitegames.com\/#website","url":"https:\/\/oplitegames.com\/","name":"OPLITE","description":"","publisher":{"@id":"https:\/\/oplitegames.com\/#organization"},"potentialAction":[{"@type":"SearchAction","target":{"@type":"EntryPoint","urlTemplate":"https:\/\/oplitegames.com\/?s={search_term_string}"},"query-input":{"@type":"PropertyValueSpecification","valueRequired":true,"valueName":"search_term_string"}}],"inLanguage":"es"},{"@type":"Organization","@id":"https:\/\/oplitegames.com\/#organization","name":"OPLITE","url":"https:\/\/oplitegames.com\/","logo":{"@type":"ImageObject","inLanguage":"es","@id":"https:\/\/oplitegames.com\/#\/schema\/logo\/image\/","url":"https:\/\/oplitegames-preprod.ezratis.fr\/wp-content\/uploads\/cropped-cropped-Oplite-Blanc-casse-002-scaled-1.png","contentUrl":"https:\/\/oplitegames-preprod.ezratis.fr\/wp-content\/uploads\/cropped-cropped-Oplite-Blanc-casse-002-scaled-1.png","width":2509,"height":597,"caption":"OPLITE"},"image":{"@id":"https:\/\/oplitegames.com\/#\/schema\/logo\/image\/"}}]},"product_price_amount":"49.90","product_price_currency":"EUR","og_availability":"instock","product_availability":"instock","product_retailer_item_id":"97248","product_condition":"new"},"_links":{"self":[{"href":"https:\/\/oplitegames-preprod.ezratis.fr\/es\/wp-json\/wp\/v2\/product\/31906","targetHints":{"allow":["GET"]}}],"collection":[{"href":"https:\/\/oplitegames-preprod.ezratis.fr\/es\/wp-json\/wp\/v2\/product"}],"about":[{"href":"https:\/\/oplitegames-preprod.ezratis.fr\/es\/wp-json\/wp\/v2\/types\/product"}],"version-history":[{"count":4,"href":"https:\/\/oplitegames-preprod.ezratis.fr\/es\/wp-json\/wp\/v2\/product\/31906\/revisions"}],"predecessor-version":[{"id":48328,"href":"https:\/\/oplitegames-preprod.ezratis.fr\/es\/wp-json\/wp\/v2\/product\/31906\/revisions\/48328"}],"wp:featuredmedia":[{"embeddable":true,"href":"https:\/\/oplitegames-preprod.ezratis.fr\/es\/wp-json\/wp\/v2\/media\/31881"}],"wp:attachment":[{"href":"https:\/\/oplitegames-preprod.ezratis.fr\/es\/wp-json\/wp\/v2\/media?parent=31906"}],"wp:term":[{"taxonomy":"product_brand","embeddable":true,"href":"https:\/\/oplitegames-preprod.ezratis.fr\/es\/wp-json\/wp\/v2\/product_brand?post=31906"},{"taxonomy":"product_cat","embeddable":true,"href":"https:\/\/oplitegames-preprod.ezratis.fr\/es\/wp-json\/wp\/v2\/product_cat?post=31906"},{"taxonomy":"product_tag","embeddable":true,"href":"https:\/\/oplitegames-preprod.ezratis.fr\/es\/wp-json\/wp\/v2\/product_tag?post=31906"}],"curies":[{"name":"wp","href":"https:\/\/api.w.org\/{rel}","templated":true}]}}