{"id":37802,"date":"2024-09-09T14:48:21","date_gmt":"2024-09-09T12:48:21","guid":{"rendered":"https:\/\/oplitegames.com\/?post_type=product&#038;p=37802"},"modified":"2025-11-17T09:32:43","modified_gmt":"2025-11-17T08:32:43","slug":"cockpit-gtr-s8-elite-force-red","status":"publish","type":"product","link":"https:\/\/oplitegames-preprod.ezratis.fr\/es\/producto\/cockpit-gtr-s8-elite-force-red\/","title":{"rendered":"Cockpit GTR S8 Elite Force Red"},"content":{"rendered":"<p>El cockpit de simulaci\u00f3n GTR S8 ELITE FORCE combina los \u00faltimos avances de la marca en tecnolog\u00eda de simracing con un dise\u00f1o atemporal inspirado en el mundo de las carreras. Su estructura tubular de acero al carbono de alta densidad con un di\u00e1metro de 48 mm garantiza una rigidez \u00f3ptima, y las placas de montaje aseguran una compatibilidad total con soluciones de marcas l\u00edderes como Fanatec\u00ae, Moza\u00ae, Thrustmaster\u00ae, Logitech\u00ae, Turtle Beach\u00ae y Asetek\u00ae. Con una amplia gama de opciones de ajuste, este cockpit ofrece una posici\u00f3n de conducci\u00f3n ergon\u00f3mica adecuada para una gran variedad de modos de conducci\u00f3n, como GT, Drift, F1 y Rally.<\/p>\n<p><u><b>Caracter\u00edsticas principales. <\/b><\/u><\/p>\n<p>\u2705 Kit Full Force incluido para una rigidez \u00f3ptima y un aspecto agresivo.<br \/>\n\u2705 Aut\u00e9ntico asiento de cubo de fibra de vidrio recubierto de ante, montado sobre correderas, apto para todos los tama\u00f1os de carrocer\u00eda desde 1,50 m hasta m\u00e1s de 2,10 m, con una capacidad de carga de hasta 150 kg.<br \/>\n\u2705 Logotipo de la marca cortado a l\u00e1ser en los soportes del cubo.<br \/>\n\u2705 Soporte de pedal reforzado que permite montar pedales LoadCell, incluso en plano.<br \/>\n\u2705 M\u00faltiples ajustes disponibles, ajuste r\u00e1pido gracias al uso de pomos de apriete<br \/>\n\u2705 Soporte de volante ajustable en altura e inclinaci\u00f3n compatible con las tecnolog\u00edas Force Feedback Direct Drive y Courroie.<br \/>\n\u2705 Tornillos de acero niquelado e insertos roscados de alta calidad procedentes de la industria del autom\u00f3vil.<br \/>\n\u2705 \u00c1ngulos de rigidizaci\u00f3n en la parte delantera y trasera del chasis con ranuras oblongas de 6 mm de di\u00e1metro, que permiten la instalaci\u00f3n de accesorios realizados mediante impresi\u00f3n 3D u otros m\u00e9todos, con un esp\u00edritu Do It Yourself (DIY).<br \/>\n\u2705 Chasis equipado con ocho tuercas soldadas que pueden utilizarse para fijar las patas giratorias Oplite incluidas o el kit opcional de ruedas de alto rendimiento CASTOR WHEEL GTR S8.<br \/>\n\u2705 Los \u00faltimos avances tecnol\u00f3gicos abren nuevas oportunidades para la simulaci\u00f3n de vuelo con la incorporaci\u00f3n del SIMRACING &amp; FLIGHTSIM HOLDER opcional.<br \/>\n<u><b><\/b><\/u><\/p>\n<p><u><b>Caracter\u00edsticas t\u00e9cnicas <\/b><\/u><br \/>\n<b><\/b><\/p>\n<p><b>Chasis: <\/b><br \/>\n\u2022 Estructura tubular de \u00d8 48mm x 2 mm de espesor<br \/>\n\u2022 Kit de fuerza completa incluido<br \/>\n\u2022 Pintura negra brillante y roja de alta resistencia para un acabado de alta calidad<br \/>\n<b>Soporte de volante: <\/b><br \/>\n\u2022 Ajuste arriba\/abajo 30\u00b0<br \/>\n\u2022 Inclinaci\u00f3n hacia arriba\/abajo 30 grados<br \/>\n<b>Soporte de pedales: <\/b><br \/>\n\u2022 Ajuste de profundidad Permite ajustar la posici\u00f3n delantera\/trasera 200mm y la inclinaci\u00f3n de 0\u00b0 a +30\u00b0, para adaptarse a su morfolog\u00eda<br \/>\n<b>Asiento de ba\u00f1era: <\/b><br \/>\n\u2022 Profundidad ajustable<br \/>\n\u2022 Altura y inclinaci\u00f3n delantera\/trasera ajustable de -6\u00b0 a +6\u00b0 y +5\/-5cm<br \/>\n\u2022 Carcasa de poli\u00e9ster reforzado con fibra de vidrio (GRP), acabado en sat\u00e9n negro.<br \/>\n\u2022 Forro de gamuza y espuma de alta densidad 32kg\/m3<br \/>\n\u2022 5 pases de arn\u00e9s\/ Compatible con arneses de 3 o 4 puntos<br \/>\n\u2022 Fijaciones en gu\u00edas que permiten un ajuste de 220 mm<br \/>\n<b>Compatibilidad de producto: <\/b><br \/>\n100% compatible* con volantes y pedales de las marcas Fanatec\u00ae, Moza\u00ae, Thrustmaster\u00ae**, Logitech\u00ae, Turtle Beach\u00ae, Nacon\u00ae, Revosim\u00ae o Asetek\u00ae<\/p>\n<p><small> *Per garantire la massima compatibilit\u00e0 con alcuni dispositivi, potrebbero essere necessari piccoli adattamenti. Nessuna preoccupazione: la qualit\u00e0 e la garanzia del prodotto non ne risentono.<br \/>\n*Todos los productos Thrusmaster excepto T150 y TMX<\/small><\/p>\n","protected":false},"excerpt":{"rendered":"<p>El cockpit <strong>GTR S8 ELITE FORCE Red<\/strong> es la versi\u00f3n premium del famoso GTR S8 Infinity. Conserva, por tanto, las mismas caracter\u00edsticas t\u00e9cnicas y se distingue por unos acabados est\u00e9ticos m\u00e1s elegantes.<\/p>\n<p>Entre estas tendencias figuran:<\/p>\n<ul>\n<li>Una pintura lacada bicolor de gran sofisticaci\u00f3n,<\/li>\n<li>Un corte l\u00e1ser del logotipo \u00abGTR S8\u00bb situado debajo del asiento de la ba\u00f1era,<\/li>\n<li>Un revestimiento de gamuza para el asiento (equivalente a alc\u00e1ntara).<\/li>\n<\/ul>\n[embed]https:\/\/www.youtube.com\/watch?v=kygailipLPY&#038;t=33s[\/embed]\n","protected":false},"featured_media":38487,"template":"","meta":{"_acf_changed":false,"footnotes":""},"product_brand":[],"product_cat":[744],"product_tag":[],"class_list":{"0":"post-37802","1":"product","2":"type-product","3":"status-publish","4":"has-post-thumbnail","6":"product_cat-cabina-gtr-s8-elite","7":"pa_colisage-pcb-824","8":"pa_colisage-pcb-1-es","10":"first","11":"outofstock","12":"taxable","13":"shipping-taxable","14":"purchasable","15":"product-type-simple"},"bundled_by":[],"bundle_stock_status":"outofstock","bundle_stock_quantity":0,"bundle_virtual":false,"bundle_layout":"","bundle_add_to_cart_form_location":"","bundle_editable_in_cart":false,"bundle_sold_individually_context":"","bundle_item_grouping":"","bundle_min_size":"","bundle_max_size":"","bundle_price":[],"bundled_items":[],"bundle_sell_ids":[],"acf":[],"yoast_head":"<!-- This site is optimized with the Yoast SEO plugin v27.3 - https:\/\/yoast.com\/product\/yoast-seo-wordpress\/ -->\n<title>Cockpit GTR S8 Elite Force Red - OPLITE<\/title>\n<meta name=\"robots\" content=\"index, follow, max-snippet:-1, max-image-preview:large, max-video-preview:-1\" \/>\n<link rel=\"canonical\" href=\"https:\/\/oplitegames.com\/es\/producto\/cockpit-gtr-s8-elite-force-red\/\" \/>\n<meta property=\"og:locale\" content=\"es_ES\" \/>\n<meta property=\"og:type\" content=\"article\" \/>\n<meta property=\"og:title\" content=\"Cockpit GTR S8 Elite Force Red - OPLITE\" \/>\n<meta property=\"og:description\" content=\"El cockpit GTR S8 ELITE FORCE Red es la versi\u00f3n premium del famoso GTR S8 Infinity. Conserva, por tanto, las mismas caracter\u00edsticas t\u00e9cnicas y se distingue por unos acabados est\u00e9ticos m\u00e1s elegantes.  Entre estas tendencias figuran:   Una pintura lacada bicolor de gran sofisticaci\u00f3n,  Un corte l\u00e1ser del logotipo \u00abGTR S8\u00bb situado debajo del asiento de la ba\u00f1era,  Un revestimiento de gamuza para el asiento (equivalente a alc\u00e1ntara).\" \/>\n<meta property=\"og:url\" content=\"https:\/\/oplitegames.com\/es\/producto\/cockpit-gtr-s8-elite-force-red\/\" \/>\n<meta property=\"og:site_name\" content=\"OPLITE\" \/>\n<meta property=\"article:modified_time\" content=\"2025-11-17T08:32:43+00:00\" \/>\n<meta property=\"og:image\" content=\"https:\/\/oplitegames.com\/wp-content\/uploads\/OP-GTR-EFR_1-1.png\" \/>\n\t<meta property=\"og:image:width\" content=\"1000\" \/>\n\t<meta property=\"og:image:height\" content=\"1000\" \/>\n\t<meta property=\"og:image:type\" content=\"image\/png\" \/>\n<meta name=\"twitter:card\" content=\"summary_large_image\" \/>\n<meta name=\"twitter:label1\" content=\"Price\" \/>\n\t<meta name=\"twitter:data1\" content=\"599,90&nbsp;&euro;\" \/>\n\t<meta name=\"twitter:label2\" content=\"Availability\" \/>\n\t<meta name=\"twitter:data2\" content=\"Out of stock\" \/>\n<script type=\"application\/ld+json\" class=\"yoast-schema-graph\">{\"@context\":\"https:\\\/\\\/schema.org\",\"@graph\":[{\"@type\":[\"WebPage\",\"ItemPage\"],\"@id\":\"https:\\\/\\\/oplitegames.com\\\/es\\\/producto\\\/cockpit-gtr-s8-elite-force-red\\\/\",\"url\":\"https:\\\/\\\/oplitegames.com\\\/es\\\/producto\\\/cockpit-gtr-s8-elite-force-red\\\/\",\"name\":\"Cockpit GTR S8 Elite Force Red - OPLITE\",\"isPartOf\":{\"@id\":\"https:\\\/\\\/oplitegames.com\\\/#website\"},\"primaryImageOfPage\":{\"@id\":\"https:\\\/\\\/oplitegames.com\\\/es\\\/producto\\\/cockpit-gtr-s8-elite-force-red\\\/#primaryimage\"},\"image\":{\"@id\":\"https:\\\/\\\/oplitegames.com\\\/es\\\/producto\\\/cockpit-gtr-s8-elite-force-red\\\/#primaryimage\"},\"thumbnailUrl\":\"https:\\\/\\\/oplitegames-preprod.ezratis.fr\\\/wp-content\\\/uploads\\\/OP-GTR-EFR_1-1.png\",\"datePublished\":\"2024-09-09T12:48:21+00:00\",\"dateModified\":\"2025-11-17T08:32:43+00:00\",\"breadcrumb\":{\"@id\":\"https:\\\/\\\/oplitegames.com\\\/es\\\/producto\\\/cockpit-gtr-s8-elite-force-red\\\/#breadcrumb\"},\"inLanguage\":\"es\",\"potentialAction\":[{\"@type\":\"ReadAction\",\"target\":[\"https:\\\/\\\/oplitegames.com\\\/es\\\/producto\\\/cockpit-gtr-s8-elite-force-red\\\/\"]}]},{\"@type\":\"ImageObject\",\"inLanguage\":\"es\",\"@id\":\"https:\\\/\\\/oplitegames.com\\\/es\\\/producto\\\/cockpit-gtr-s8-elite-force-red\\\/#primaryimage\",\"url\":\"https:\\\/\\\/oplitegames-preprod.ezratis.fr\\\/wp-content\\\/uploads\\\/OP-GTR-EFR_1-1.png\",\"contentUrl\":\"https:\\\/\\\/oplitegames-preprod.ezratis.fr\\\/wp-content\\\/uploads\\\/OP-GTR-EFR_1-1.png\",\"width\":1000,\"height\":1000},{\"@type\":\"BreadcrumbList\",\"@id\":\"https:\\\/\\\/oplitegames.com\\\/es\\\/producto\\\/cockpit-gtr-s8-elite-force-red\\\/#breadcrumb\",\"itemListElement\":[{\"@type\":\"ListItem\",\"position\":1,\"name\":\"Home\",\"item\":\"https:\\\/\\\/oplitegames.com\\\/es\\\/oplite-gaming\\\/\"},{\"@type\":\"ListItem\",\"position\":2,\"name\":\"Comercio\",\"item\":\"https:\\\/\\\/oplitegames.com\\\/es\\\/comercio\\\/\"},{\"@type\":\"ListItem\",\"position\":3,\"name\":\"Cockpit GTR S8 Elite Force Red\"}]},{\"@type\":\"WebSite\",\"@id\":\"https:\\\/\\\/oplitegames.com\\\/#website\",\"url\":\"https:\\\/\\\/oplitegames.com\\\/\",\"name\":\"OPLITE\",\"description\":\"\",\"publisher\":{\"@id\":\"https:\\\/\\\/oplitegames.com\\\/#organization\"},\"potentialAction\":[{\"@type\":\"SearchAction\",\"target\":{\"@type\":\"EntryPoint\",\"urlTemplate\":\"https:\\\/\\\/oplitegames.com\\\/?s={search_term_string}\"},\"query-input\":{\"@type\":\"PropertyValueSpecification\",\"valueRequired\":true,\"valueName\":\"search_term_string\"}}],\"inLanguage\":\"es\"},{\"@type\":\"Organization\",\"@id\":\"https:\\\/\\\/oplitegames.com\\\/#organization\",\"name\":\"OPLITE\",\"url\":\"https:\\\/\\\/oplitegames.com\\\/\",\"logo\":{\"@type\":\"ImageObject\",\"inLanguage\":\"es\",\"@id\":\"https:\\\/\\\/oplitegames.com\\\/#\\\/schema\\\/logo\\\/image\\\/\",\"url\":\"https:\\\/\\\/oplitegames-preprod.ezratis.fr\\\/wp-content\\\/uploads\\\/cropped-cropped-Oplite-Blanc-casse-002-scaled-1.png\",\"contentUrl\":\"https:\\\/\\\/oplitegames-preprod.ezratis.fr\\\/wp-content\\\/uploads\\\/cropped-cropped-Oplite-Blanc-casse-002-scaled-1.png\",\"width\":2509,\"height\":597,\"caption\":\"OPLITE\"},\"image\":{\"@id\":\"https:\\\/\\\/oplitegames.com\\\/#\\\/schema\\\/logo\\\/image\\\/\"}}]}<\/script>\n<meta property=\"product:price:amount\" content=\"599.90\" \/>\n<meta property=\"product:price:currency\" content=\"EUR\" \/>\n<meta property=\"og:availability\" content=\"out of stock\" \/>\n<meta property=\"product:availability\" content=\"out of stock\" \/>\n<meta property=\"product:retailer_item_id\" content=\"100732\" \/>\n<meta property=\"product:condition\" content=\"new\" \/>\n<!-- \/ Yoast SEO plugin. -->","yoast_head_json":{"title":"Cockpit GTR S8 Elite Force Red - OPLITE","robots":{"index":"index","follow":"follow","max-snippet":"max-snippet:-1","max-image-preview":"max-image-preview:large","max-video-preview":"max-video-preview:-1"},"canonical":"https:\/\/oplitegames.com\/es\/producto\/cockpit-gtr-s8-elite-force-red\/","og_locale":"es_ES","og_type":"article","og_title":"Cockpit GTR S8 Elite Force Red - OPLITE","og_description":"El cockpit GTR S8 ELITE FORCE Red es la versi\u00f3n premium del famoso GTR S8 Infinity. Conserva, por tanto, las mismas caracter\u00edsticas t\u00e9cnicas y se distingue por unos acabados est\u00e9ticos m\u00e1s elegantes.  Entre estas tendencias figuran:   Una pintura lacada bicolor de gran sofisticaci\u00f3n,  Un corte l\u00e1ser del logotipo \u00abGTR S8\u00bb situado debajo del asiento de la ba\u00f1era,  Un revestimiento de gamuza para el asiento (equivalente a alc\u00e1ntara).","og_url":"https:\/\/oplitegames.com\/es\/producto\/cockpit-gtr-s8-elite-force-red\/","og_site_name":"OPLITE","article_modified_time":"2025-11-17T08:32:43+00:00","og_image":[{"width":1000,"height":1000,"url":"https:\/\/oplitegames.com\/wp-content\/uploads\/OP-GTR-EFR_1-1.png","type":"image\/png"}],"twitter_card":"summary_large_image","twitter_misc":{"Price":"599,90&nbsp;&euro;","Availability":"Out of stock"},"schema":{"@context":"https:\/\/schema.org","@graph":[{"@type":["WebPage","ItemPage"],"@id":"https:\/\/oplitegames.com\/es\/producto\/cockpit-gtr-s8-elite-force-red\/","url":"https:\/\/oplitegames.com\/es\/producto\/cockpit-gtr-s8-elite-force-red\/","name":"Cockpit GTR S8 Elite Force Red - OPLITE","isPartOf":{"@id":"https:\/\/oplitegames.com\/#website"},"primaryImageOfPage":{"@id":"https:\/\/oplitegames.com\/es\/producto\/cockpit-gtr-s8-elite-force-red\/#primaryimage"},"image":{"@id":"https:\/\/oplitegames.com\/es\/producto\/cockpit-gtr-s8-elite-force-red\/#primaryimage"},"thumbnailUrl":"https:\/\/oplitegames-preprod.ezratis.fr\/wp-content\/uploads\/OP-GTR-EFR_1-1.png","datePublished":"2024-09-09T12:48:21+00:00","dateModified":"2025-11-17T08:32:43+00:00","breadcrumb":{"@id":"https:\/\/oplitegames.com\/es\/producto\/cockpit-gtr-s8-elite-force-red\/#breadcrumb"},"inLanguage":"es","potentialAction":[{"@type":"ReadAction","target":["https:\/\/oplitegames.com\/es\/producto\/cockpit-gtr-s8-elite-force-red\/"]}]},{"@type":"ImageObject","inLanguage":"es","@id":"https:\/\/oplitegames.com\/es\/producto\/cockpit-gtr-s8-elite-force-red\/#primaryimage","url":"https:\/\/oplitegames-preprod.ezratis.fr\/wp-content\/uploads\/OP-GTR-EFR_1-1.png","contentUrl":"https:\/\/oplitegames-preprod.ezratis.fr\/wp-content\/uploads\/OP-GTR-EFR_1-1.png","width":1000,"height":1000},{"@type":"BreadcrumbList","@id":"https:\/\/oplitegames.com\/es\/producto\/cockpit-gtr-s8-elite-force-red\/#breadcrumb","itemListElement":[{"@type":"ListItem","position":1,"name":"Home","item":"https:\/\/oplitegames.com\/es\/oplite-gaming\/"},{"@type":"ListItem","position":2,"name":"Comercio","item":"https:\/\/oplitegames.com\/es\/comercio\/"},{"@type":"ListItem","position":3,"name":"Cockpit GTR S8 Elite Force Red"}]},{"@type":"WebSite","@id":"https:\/\/oplitegames.com\/#website","url":"https:\/\/oplitegames.com\/","name":"OPLITE","description":"","publisher":{"@id":"https:\/\/oplitegames.com\/#organization"},"potentialAction":[{"@type":"SearchAction","target":{"@type":"EntryPoint","urlTemplate":"https:\/\/oplitegames.com\/?s={search_term_string}"},"query-input":{"@type":"PropertyValueSpecification","valueRequired":true,"valueName":"search_term_string"}}],"inLanguage":"es"},{"@type":"Organization","@id":"https:\/\/oplitegames.com\/#organization","name":"OPLITE","url":"https:\/\/oplitegames.com\/","logo":{"@type":"ImageObject","inLanguage":"es","@id":"https:\/\/oplitegames.com\/#\/schema\/logo\/image\/","url":"https:\/\/oplitegames-preprod.ezratis.fr\/wp-content\/uploads\/cropped-cropped-Oplite-Blanc-casse-002-scaled-1.png","contentUrl":"https:\/\/oplitegames-preprod.ezratis.fr\/wp-content\/uploads\/cropped-cropped-Oplite-Blanc-casse-002-scaled-1.png","width":2509,"height":597,"caption":"OPLITE"},"image":{"@id":"https:\/\/oplitegames.com\/#\/schema\/logo\/image\/"}}]},"product_price_amount":"599.90","product_price_currency":"EUR","og_availability":"out of stock","product_availability":"out of stock","product_retailer_item_id":"100732","product_condition":"new"},"_links":{"self":[{"href":"https:\/\/oplitegames-preprod.ezratis.fr\/es\/wp-json\/wp\/v2\/product\/37802","targetHints":{"allow":["GET"]}}],"collection":[{"href":"https:\/\/oplitegames-preprod.ezratis.fr\/es\/wp-json\/wp\/v2\/product"}],"about":[{"href":"https:\/\/oplitegames-preprod.ezratis.fr\/es\/wp-json\/wp\/v2\/types\/product"}],"version-history":[{"count":9,"href":"https:\/\/oplitegames-preprod.ezratis.fr\/es\/wp-json\/wp\/v2\/product\/37802\/revisions"}],"predecessor-version":[{"id":61548,"href":"https:\/\/oplitegames-preprod.ezratis.fr\/es\/wp-json\/wp\/v2\/product\/37802\/revisions\/61548"}],"wp:featuredmedia":[{"embeddable":true,"href":"https:\/\/oplitegames-preprod.ezratis.fr\/es\/wp-json\/wp\/v2\/media\/38487"}],"wp:attachment":[{"href":"https:\/\/oplitegames-preprod.ezratis.fr\/es\/wp-json\/wp\/v2\/media?parent=37802"}],"wp:term":[{"taxonomy":"product_brand","embeddable":true,"href":"https:\/\/oplitegames-preprod.ezratis.fr\/es\/wp-json\/wp\/v2\/product_brand?post=37802"},{"taxonomy":"product_cat","embeddable":true,"href":"https:\/\/oplitegames-preprod.ezratis.fr\/es\/wp-json\/wp\/v2\/product_cat?post=37802"},{"taxonomy":"product_tag","embeddable":true,"href":"https:\/\/oplitegames-preprod.ezratis.fr\/es\/wp-json\/wp\/v2\/product_tag?post=37802"}],"curies":[{"name":"wp","href":"https:\/\/api.w.org\/{rel}","templated":true}]}}