{"id":42988,"date":"2025-01-10T11:15:38","date_gmt":"2025-01-10T10:15:38","guid":{"rendered":"https:\/\/oplitegames.com\/?post_type=product&#038;p=42988"},"modified":"2025-11-25T03:01:48","modified_gmt":"2025-11-25T02:01:48","slug":"monitor-stand-gtr-s3-s8-white","status":"publish","type":"product","link":"https:\/\/oplitegames-preprod.ezratis.fr\/es\/producto\/monitor-stand-gtr-s3-s8-white\/","title":{"rendered":"Monitor Stand GTR S3\/S8 White"},"content":{"rendered":"<p>Su pantalla est\u00e1 ahora perfectamente integrada en su cockpit gracias al <strong>MONITOR STAND GTR WHITE V2<\/strong>. Este soporte para una sola pantalla ha sido especialmente dise\u00f1ado para adaptarse a todas las generaciones de cabinas OPLITE de la serie GTR. Al igual que su cockpit, su dise\u00f1o se inspira en el mundo del automovilismo y las opciones de ajuste se han mejorado meticulosamente para ofrecer una ergonom\u00eda lo m\u00e1s parecida posible a la real. Le seducir\u00e1n el aspecto y la robustez general de todo su equipo de conducci\u00f3n, as\u00ed como sus m\u00faltiples opciones de ajuste.<\/p>\n<p><span style=\"text-decoration: underline;\"><strong>Especificaciones t\u00e9cnicas:<\/strong><\/span><\/p>\n<ul>\n<li>Estructura tubular de \u00d848 mm para una estabilidad y rigidez m\u00e1ximas<\/li>\n<li>Tornillos de acero niquelado e insertos roscados de alta calidad procedentes de la industria del autom\u00f3vil.<\/li>\n<li>Altura de la pantalla ajustable en 2 posiciones para una comodidad de visualizaci\u00f3n \u00f3ptima: 955\/1005 mm<\/li>\n<li>Profundidad de la pantalla ajustable en un rango de 60 mm<\/li>\n<li>Sistema de bloqueo antirrobo para asegurar su pantalla<\/li>\n<li>Tornillos incluidos para fijar la pantalla \/ se adapta a la mayor\u00eda de las pantallas<\/li>\n<\/ul>\n<p><span style=\"text-decoration: underline;\"><strong>Compatibilidad con pantallas :<\/strong><\/span><\/p>\n<ul>\n<li>Todo tipo de pantallas (PC o TV) hasta 50 pulgadas<\/li>\n<li>Todos los tipos de pantalla, normas VESA: 75\u00d775,100\u00d7100,200\u00d7100,200\u00d7200,300\u00d7200,400\u00d7200<\/li>\n<li style=\"list-style-type: none;\"><\/li>\n<\/ul>\n<p><span style=\"text-decoration: underline;\"><strong>Compatibilidad del producto :<\/strong><\/span>100% Compatible con las cabinas de la serie GTR WHITE<\/p>\n","protected":false},"excerpt":{"rendered":"<p>Expertos en el dise\u00f1o de productos ergon\u00f3micos para los sectores de oficina y gaming, OPLITE presenta su <strong>MONITOR STAND GTR WHITE V2<\/strong>, compatible con todas las generaciones de cockpits OPLITE GTR WHITE. \u00a1Es hora de pasar de jugador a piloto! Carreras de coches o aviaci\u00f3n, \u00a1elige!<\/p>\n[embed]https:\/\/youtu.be\/yDJwHIkV1Tw[\/embed]\n<p>&nbsp;<\/p>\n","protected":false},"featured_media":43115,"template":"","meta":{"_acf_changed":false,"footnotes":""},"product_brand":[],"product_cat":[797,731],"product_tag":[],"class_list":{"0":"post-42988","1":"product","2":"type-product","3":"status-publish","4":"has-post-thumbnail","6":"product_cat-cockpit-s8-ultra-es","7":"product_cat-simuladores","8":"pa_colisage-pcb-824","9":"pa_colisage-pcb-1-es","11":"first","12":"outofstock","13":"taxable","14":"shipping-taxable","15":"purchasable","16":"product-type-simple"},"bundled_by":[],"bundle_stock_status":"outofstock","bundle_stock_quantity":0,"bundle_virtual":false,"bundle_layout":"","bundle_add_to_cart_form_location":"","bundle_editable_in_cart":false,"bundle_sold_individually_context":"","bundle_item_grouping":"","bundle_min_size":"","bundle_max_size":"","bundle_price":[],"bundled_items":[],"bundle_sell_ids":[],"acf":[],"yoast_head":"<!-- This site is optimized with the Yoast SEO plugin v27.3 - https:\/\/yoast.com\/product\/yoast-seo-wordpress\/ -->\n<title>Monitor Stand GTR S3\/S8 White - OPLITE<\/title>\n<meta name=\"robots\" content=\"index, follow, max-snippet:-1, max-image-preview:large, max-video-preview:-1\" \/>\n<link rel=\"canonical\" href=\"https:\/\/oplitegames.com\/es\/producto\/monitor-stand-gtr-s3-s8-white\/\" \/>\n<meta property=\"og:locale\" content=\"es_ES\" \/>\n<meta property=\"og:type\" content=\"article\" \/>\n<meta property=\"og:title\" content=\"Monitor Stand GTR S3\/S8 White - OPLITE\" \/>\n<meta property=\"og:description\" content=\"Expertos en el dise\u00f1o de productos ergon\u00f3micos para los sectores de oficina y gaming, OPLITE presenta su MONITOR STAND GTR WHITE V2, compatible con todas las generaciones de cockpits OPLITE GTR WHITE. \u00a1Es hora de pasar de jugador a piloto! Carreras de coches o aviaci\u00f3n, \u00a1elige!    &nbsp;\" \/>\n<meta property=\"og:url\" content=\"https:\/\/oplitegames.com\/es\/producto\/monitor-stand-gtr-s3-s8-white\/\" \/>\n<meta property=\"og:site_name\" content=\"OPLITE\" \/>\n<meta property=\"article:modified_time\" content=\"2025-11-25T02:01:48+00:00\" \/>\n<meta property=\"og:image\" content=\"https:\/\/oplitegames.com\/wp-content\/uploads\/OPLITE-MONITOR-STAND-GTR-S3_S8-WHITE-OP-SMS-GTRW_01.png\" \/>\n\t<meta property=\"og:image:width\" content=\"2750\" \/>\n\t<meta property=\"og:image:height\" content=\"2750\" \/>\n\t<meta property=\"og:image:type\" content=\"image\/png\" \/>\n<meta name=\"twitter:card\" content=\"summary_large_image\" \/>\n<meta name=\"twitter:label1\" content=\"Price\" \/>\n\t<meta name=\"twitter:data1\" content=\"99,90&nbsp;&euro;\" \/>\n\t<meta name=\"twitter:label2\" content=\"Availability\" \/>\n\t<meta name=\"twitter:data2\" content=\"Out of stock\" \/>\n<script type=\"application\/ld+json\" class=\"yoast-schema-graph\">{\"@context\":\"https:\\\/\\\/schema.org\",\"@graph\":[{\"@type\":[\"WebPage\",\"ItemPage\"],\"@id\":\"https:\\\/\\\/oplitegames.com\\\/es\\\/producto\\\/monitor-stand-gtr-s3-s8-white\\\/\",\"url\":\"https:\\\/\\\/oplitegames.com\\\/es\\\/producto\\\/monitor-stand-gtr-s3-s8-white\\\/\",\"name\":\"Monitor Stand GTR S3\\\/S8 White - OPLITE\",\"isPartOf\":{\"@id\":\"https:\\\/\\\/oplitegames.com\\\/#website\"},\"primaryImageOfPage\":{\"@id\":\"https:\\\/\\\/oplitegames.com\\\/es\\\/producto\\\/monitor-stand-gtr-s3-s8-white\\\/#primaryimage\"},\"image\":{\"@id\":\"https:\\\/\\\/oplitegames.com\\\/es\\\/producto\\\/monitor-stand-gtr-s3-s8-white\\\/#primaryimage\"},\"thumbnailUrl\":\"https:\\\/\\\/oplitegames-preprod.ezratis.fr\\\/wp-content\\\/uploads\\\/OPLITE-MONITOR-STAND-GTR-S3_S8-WHITE-OP-SMS-GTRW_01.png\",\"datePublished\":\"2025-01-10T10:15:38+00:00\",\"dateModified\":\"2025-11-25T02:01:48+00:00\",\"breadcrumb\":{\"@id\":\"https:\\\/\\\/oplitegames.com\\\/es\\\/producto\\\/monitor-stand-gtr-s3-s8-white\\\/#breadcrumb\"},\"inLanguage\":\"es\",\"potentialAction\":[{\"@type\":\"ReadAction\",\"target\":[\"https:\\\/\\\/oplitegames.com\\\/es\\\/producto\\\/monitor-stand-gtr-s3-s8-white\\\/\"]}]},{\"@type\":\"ImageObject\",\"inLanguage\":\"es\",\"@id\":\"https:\\\/\\\/oplitegames.com\\\/es\\\/producto\\\/monitor-stand-gtr-s3-s8-white\\\/#primaryimage\",\"url\":\"https:\\\/\\\/oplitegames-preprod.ezratis.fr\\\/wp-content\\\/uploads\\\/OPLITE-MONITOR-STAND-GTR-S3_S8-WHITE-OP-SMS-GTRW_01.png\",\"contentUrl\":\"https:\\\/\\\/oplitegames-preprod.ezratis.fr\\\/wp-content\\\/uploads\\\/OPLITE-MONITOR-STAND-GTR-S3_S8-WHITE-OP-SMS-GTRW_01.png\",\"width\":2750,\"height\":2750},{\"@type\":\"BreadcrumbList\",\"@id\":\"https:\\\/\\\/oplitegames.com\\\/es\\\/producto\\\/monitor-stand-gtr-s3-s8-white\\\/#breadcrumb\",\"itemListElement\":[{\"@type\":\"ListItem\",\"position\":1,\"name\":\"Home\",\"item\":\"https:\\\/\\\/oplitegames.com\\\/es\\\/oplite-gaming\\\/\"},{\"@type\":\"ListItem\",\"position\":2,\"name\":\"Comercio\",\"item\":\"https:\\\/\\\/oplitegames.com\\\/es\\\/comercio\\\/\"},{\"@type\":\"ListItem\",\"position\":3,\"name\":\"Monitor Stand GTR S3\\\/S8 White\"}]},{\"@type\":\"WebSite\",\"@id\":\"https:\\\/\\\/oplitegames.com\\\/#website\",\"url\":\"https:\\\/\\\/oplitegames.com\\\/\",\"name\":\"OPLITE\",\"description\":\"\",\"publisher\":{\"@id\":\"https:\\\/\\\/oplitegames.com\\\/#organization\"},\"potentialAction\":[{\"@type\":\"SearchAction\",\"target\":{\"@type\":\"EntryPoint\",\"urlTemplate\":\"https:\\\/\\\/oplitegames.com\\\/?s={search_term_string}\"},\"query-input\":{\"@type\":\"PropertyValueSpecification\",\"valueRequired\":true,\"valueName\":\"search_term_string\"}}],\"inLanguage\":\"es\"},{\"@type\":\"Organization\",\"@id\":\"https:\\\/\\\/oplitegames.com\\\/#organization\",\"name\":\"OPLITE\",\"url\":\"https:\\\/\\\/oplitegames.com\\\/\",\"logo\":{\"@type\":\"ImageObject\",\"inLanguage\":\"es\",\"@id\":\"https:\\\/\\\/oplitegames.com\\\/#\\\/schema\\\/logo\\\/image\\\/\",\"url\":\"https:\\\/\\\/oplitegames-preprod.ezratis.fr\\\/wp-content\\\/uploads\\\/cropped-cropped-Oplite-Blanc-casse-002-scaled-1.png\",\"contentUrl\":\"https:\\\/\\\/oplitegames-preprod.ezratis.fr\\\/wp-content\\\/uploads\\\/cropped-cropped-Oplite-Blanc-casse-002-scaled-1.png\",\"width\":2509,\"height\":597,\"caption\":\"OPLITE\"},\"image\":{\"@id\":\"https:\\\/\\\/oplitegames.com\\\/#\\\/schema\\\/logo\\\/image\\\/\"}}]}<\/script>\n<meta property=\"product:price:amount\" content=\"99.90\" \/>\n<meta property=\"product:price:currency\" content=\"EUR\" \/>\n<meta property=\"og:availability\" content=\"out of stock\" \/>\n<meta property=\"product:availability\" content=\"out of stock\" \/>\n<meta property=\"product:retailer_item_id\" content=\"101628\" \/>\n<meta property=\"product:condition\" content=\"new\" \/>\n<!-- \/ Yoast SEO plugin. -->","yoast_head_json":{"title":"Monitor Stand GTR S3\/S8 White - OPLITE","robots":{"index":"index","follow":"follow","max-snippet":"max-snippet:-1","max-image-preview":"max-image-preview:large","max-video-preview":"max-video-preview:-1"},"canonical":"https:\/\/oplitegames.com\/es\/producto\/monitor-stand-gtr-s3-s8-white\/","og_locale":"es_ES","og_type":"article","og_title":"Monitor Stand GTR S3\/S8 White - OPLITE","og_description":"Expertos en el dise\u00f1o de productos ergon\u00f3micos para los sectores de oficina y gaming, OPLITE presenta su MONITOR STAND GTR WHITE V2, compatible con todas las generaciones de cockpits OPLITE GTR WHITE. \u00a1Es hora de pasar de jugador a piloto! Carreras de coches o aviaci\u00f3n, \u00a1elige!    &nbsp;","og_url":"https:\/\/oplitegames.com\/es\/producto\/monitor-stand-gtr-s3-s8-white\/","og_site_name":"OPLITE","article_modified_time":"2025-11-25T02:01:48+00:00","og_image":[{"width":2750,"height":2750,"url":"https:\/\/oplitegames.com\/wp-content\/uploads\/OPLITE-MONITOR-STAND-GTR-S3_S8-WHITE-OP-SMS-GTRW_01.png","type":"image\/png"}],"twitter_card":"summary_large_image","twitter_misc":{"Price":"99,90&nbsp;&euro;","Availability":"Out of stock"},"schema":{"@context":"https:\/\/schema.org","@graph":[{"@type":["WebPage","ItemPage"],"@id":"https:\/\/oplitegames.com\/es\/producto\/monitor-stand-gtr-s3-s8-white\/","url":"https:\/\/oplitegames.com\/es\/producto\/monitor-stand-gtr-s3-s8-white\/","name":"Monitor Stand GTR S3\/S8 White - OPLITE","isPartOf":{"@id":"https:\/\/oplitegames.com\/#website"},"primaryImageOfPage":{"@id":"https:\/\/oplitegames.com\/es\/producto\/monitor-stand-gtr-s3-s8-white\/#primaryimage"},"image":{"@id":"https:\/\/oplitegames.com\/es\/producto\/monitor-stand-gtr-s3-s8-white\/#primaryimage"},"thumbnailUrl":"https:\/\/oplitegames-preprod.ezratis.fr\/wp-content\/uploads\/OPLITE-MONITOR-STAND-GTR-S3_S8-WHITE-OP-SMS-GTRW_01.png","datePublished":"2025-01-10T10:15:38+00:00","dateModified":"2025-11-25T02:01:48+00:00","breadcrumb":{"@id":"https:\/\/oplitegames.com\/es\/producto\/monitor-stand-gtr-s3-s8-white\/#breadcrumb"},"inLanguage":"es","potentialAction":[{"@type":"ReadAction","target":["https:\/\/oplitegames.com\/es\/producto\/monitor-stand-gtr-s3-s8-white\/"]}]},{"@type":"ImageObject","inLanguage":"es","@id":"https:\/\/oplitegames.com\/es\/producto\/monitor-stand-gtr-s3-s8-white\/#primaryimage","url":"https:\/\/oplitegames-preprod.ezratis.fr\/wp-content\/uploads\/OPLITE-MONITOR-STAND-GTR-S3_S8-WHITE-OP-SMS-GTRW_01.png","contentUrl":"https:\/\/oplitegames-preprod.ezratis.fr\/wp-content\/uploads\/OPLITE-MONITOR-STAND-GTR-S3_S8-WHITE-OP-SMS-GTRW_01.png","width":2750,"height":2750},{"@type":"BreadcrumbList","@id":"https:\/\/oplitegames.com\/es\/producto\/monitor-stand-gtr-s3-s8-white\/#breadcrumb","itemListElement":[{"@type":"ListItem","position":1,"name":"Home","item":"https:\/\/oplitegames.com\/es\/oplite-gaming\/"},{"@type":"ListItem","position":2,"name":"Comercio","item":"https:\/\/oplitegames.com\/es\/comercio\/"},{"@type":"ListItem","position":3,"name":"Monitor Stand GTR S3\/S8 White"}]},{"@type":"WebSite","@id":"https:\/\/oplitegames.com\/#website","url":"https:\/\/oplitegames.com\/","name":"OPLITE","description":"","publisher":{"@id":"https:\/\/oplitegames.com\/#organization"},"potentialAction":[{"@type":"SearchAction","target":{"@type":"EntryPoint","urlTemplate":"https:\/\/oplitegames.com\/?s={search_term_string}"},"query-input":{"@type":"PropertyValueSpecification","valueRequired":true,"valueName":"search_term_string"}}],"inLanguage":"es"},{"@type":"Organization","@id":"https:\/\/oplitegames.com\/#organization","name":"OPLITE","url":"https:\/\/oplitegames.com\/","logo":{"@type":"ImageObject","inLanguage":"es","@id":"https:\/\/oplitegames.com\/#\/schema\/logo\/image\/","url":"https:\/\/oplitegames-preprod.ezratis.fr\/wp-content\/uploads\/cropped-cropped-Oplite-Blanc-casse-002-scaled-1.png","contentUrl":"https:\/\/oplitegames-preprod.ezratis.fr\/wp-content\/uploads\/cropped-cropped-Oplite-Blanc-casse-002-scaled-1.png","width":2509,"height":597,"caption":"OPLITE"},"image":{"@id":"https:\/\/oplitegames.com\/#\/schema\/logo\/image\/"}}]},"product_price_amount":"99.90","product_price_currency":"EUR","og_availability":"out of stock","product_availability":"out of stock","product_retailer_item_id":"101628","product_condition":"new"},"_links":{"self":[{"href":"https:\/\/oplitegames-preprod.ezratis.fr\/es\/wp-json\/wp\/v2\/product\/42988","targetHints":{"allow":["GET"]}}],"collection":[{"href":"https:\/\/oplitegames-preprod.ezratis.fr\/es\/wp-json\/wp\/v2\/product"}],"about":[{"href":"https:\/\/oplitegames-preprod.ezratis.fr\/es\/wp-json\/wp\/v2\/types\/product"}],"version-history":[{"count":7,"href":"https:\/\/oplitegames-preprod.ezratis.fr\/es\/wp-json\/wp\/v2\/product\/42988\/revisions"}],"predecessor-version":[{"id":48361,"href":"https:\/\/oplitegames-preprod.ezratis.fr\/es\/wp-json\/wp\/v2\/product\/42988\/revisions\/48361"}],"wp:featuredmedia":[{"embeddable":true,"href":"https:\/\/oplitegames-preprod.ezratis.fr\/es\/wp-json\/wp\/v2\/media\/43115"}],"wp:attachment":[{"href":"https:\/\/oplitegames-preprod.ezratis.fr\/es\/wp-json\/wp\/v2\/media?parent=42988"}],"wp:term":[{"taxonomy":"product_brand","embeddable":true,"href":"https:\/\/oplitegames-preprod.ezratis.fr\/es\/wp-json\/wp\/v2\/product_brand?post=42988"},{"taxonomy":"product_cat","embeddable":true,"href":"https:\/\/oplitegames-preprod.ezratis.fr\/es\/wp-json\/wp\/v2\/product_cat?post=42988"},{"taxonomy":"product_tag","embeddable":true,"href":"https:\/\/oplitegames-preprod.ezratis.fr\/es\/wp-json\/wp\/v2\/product_tag?post=42988"}],"curies":[{"name":"wp","href":"https:\/\/api.w.org\/{rel}","templated":true}]}}