{"id":43000,"date":"2025-01-10T11:14:21","date_gmt":"2025-01-10T10:14:21","guid":{"rendered":"https:\/\/oplitegames.com\/?post_type=product&#038;p=43000"},"modified":"2026-01-20T10:44:10","modified_gmt":"2026-01-20T09:44:10","slug":"cockpit-gtr-s8-infinity-force-white","status":"publish","type":"product","link":"https:\/\/oplitegames-preprod.ezratis.fr\/es\/producto\/cockpit-gtr-s8-infinity-force-white\/","title":{"rendered":"Cockpit GTR S8 Infinity Force White"},"content":{"rendered":"<p>La cabina de simulaci\u00f3n <b>OPLITE GTR S8 Infinity Force White<\/b> combina los \u00faltimos avances de la marca en tecnolog\u00eda de simulaci\u00f3n con un dise\u00f1o atemporal inspirado en las carreras. Su estructura tubular de acero al carbono de alta densidad con un di\u00e1metro de 48 mm garantiza una rigidez \u00f3ptima, mientras que las placas de montaje aseguran una compatibilidad total con soluciones de marcas l\u00edderes como Fanatec\u00ae, Moza\u00ae, Thrustmaster\u00ae, Logitech\u00ae, Turtle Beach\u00ae, Nacon\u00ae, o Asetek\u00ae. Equipado con una amplia gama de opciones de ajuste, este cockpit ofrece una cabina ergon\u00f3mica adecuada para varios modos de conducci\u00f3n, incluidos GT, Drift, F1 y Rally.<\/p>\n<p><strong><u>Caracter\u00edsticas t\u00e9cnicas :<\/u><\/strong><\/p>\n<p><strong>Armaz\u00f3n :<\/strong><br \/>\no Marco tubular \u00d8 48mm x 2mm de espesor<br \/>\no Kit Full Force incluido<br \/>\no Pintura blanca brillante de alta resistencia para un acabado de alta calidad.<\/p>\n<p><strong>Soporte del volante :<\/strong><br \/>\no Ajuste arriba\/abajo \u00b130<br \/>\no Inclinaci\u00f3n arriba\/abajo \u00b130<\/p>\n<p><strong>Soporte de pedales :<\/strong><br \/>\no Ajuste de profundidad Permite ajustar la posici\u00f3n delantera\/trasera en \u00b1200 mm y la inclinaci\u00f3n de 0\u00b0 a +30\u00b0, para adaptarse a la forma de su cuerpo<br \/>\no Asiento de cubo<\/p>\n<p><strong>Profundidad ajustable :<\/strong><br \/>\no Altura e inclinaci\u00f3n delantera\/trasera ajustables de -6\u00b0 a +6\u00b0 y +5\/-5cm<br \/>\no Carcasa de poli\u00e9ster reforzado con fibra de vidrio (PRFV), acabado negro satinado.<br \/>\no Funda de microfibra negra Espuma de alta densidad 32Kg\/m3<br \/>\no 5 puertos de arn\u00e9s \/ Compatible con arneses de 3 o 4 puntos<br \/>\no Fijaciones sobre gu\u00edas para ajuste de \u00b1220mm<\/p>\n<p><strong><u>Compatibilidad del producto :<\/u><\/strong><\/p>\n<p>100% Compatible* con volantes y pedales Fanatec\u00ae, Moza\u00ae, Thrustmaster\u00ae, Logitech\u00ae, Turtle Beach\u00ae, Asetek\u00ae y Revosim\u00ae<\/p>\n<p><small> *Per garantire la massima compatibilit\u00e0 con alcuni dispositivi, potrebbero essere necessari piccoli adattamenti. Nessuna preoccupazione: la qualit\u00e0 e la garanzia del prodotto non ne risentono.<\/small><\/p>\n","protected":false},"excerpt":{"rendered":"<p>Expertos en el dise\u00f1o de productos ergon\u00f3micos para oficina y juegos, OPLITE presenta su \u00faltimo cockpit de simulaci\u00f3n de carreras, el <strong>GTR S8 INFINITY FORCE WHITE<\/strong>. Con el KIT FUll FORCE incluido, la cabina GTR S8 est\u00e1 lista para recibir el SOPORTE SIMRACING &amp; FLIGHTSIM. \u00a1Es el accesorio imprescindible para los entusiastas de las carreras y la aviaci\u00f3n que te llevar\u00e1 de jugador a piloto!<\/p>\n<p>&nbsp;<\/p>\n","protected":false},"featured_media":44542,"template":"","meta":{"_acf_changed":false,"footnotes":""},"product_brand":[],"product_cat":[797,731],"product_tag":[],"class_list":{"0":"post-43000","1":"product","2":"type-product","3":"status-publish","4":"has-post-thumbnail","6":"product_cat-cockpit-s8-ultra-es","7":"product_cat-simuladores","8":"pa_colisage-pcb-824","9":"pa_colisage-pcb-1-es","11":"first","12":"instock","13":"taxable","14":"shipping-taxable","15":"purchasable","16":"product-type-simple"},"bundled_by":[],"bundle_stock_status":"instock","bundle_stock_quantity":54,"bundle_virtual":false,"bundle_layout":"","bundle_add_to_cart_form_location":"","bundle_editable_in_cart":false,"bundle_sold_individually_context":"","bundle_item_grouping":"","bundle_min_size":"","bundle_max_size":"","bundle_price":[],"bundled_items":[],"bundle_sell_ids":[],"acf":[],"yoast_head":"<!-- This site is optimized with the Yoast SEO plugin v27.3 - https:\/\/yoast.com\/product\/yoast-seo-wordpress\/ -->\n<title>Cockpit GTR S8 Infinity Force White - OPLITE<\/title>\n<meta name=\"robots\" content=\"index, follow, max-snippet:-1, max-image-preview:large, max-video-preview:-1\" \/>\n<link rel=\"canonical\" href=\"https:\/\/oplitegames.com\/es\/producto\/cockpit-gtr-s8-infinity-force-white\/\" \/>\n<meta property=\"og:locale\" content=\"es_ES\" \/>\n<meta property=\"og:type\" content=\"article\" \/>\n<meta property=\"og:title\" content=\"Cockpit GTR S8 Infinity Force White - OPLITE\" \/>\n<meta property=\"og:description\" content=\"Expertos en el dise\u00f1o de productos ergon\u00f3micos para oficina y juegos, OPLITE presenta su \u00faltimo cockpit de simulaci\u00f3n de carreras, el GTR S8 INFINITY FORCE WHITE. Con el KIT FUll FORCE incluido, la cabina GTR S8 est\u00e1 lista para recibir el SOPORTE SIMRACING &amp; FLIGHTSIM. \u00a1Es el accesorio imprescindible para los entusiastas de las carreras y la aviaci\u00f3n que te llevar\u00e1 de jugador a piloto!  &nbsp;\" \/>\n<meta property=\"og:url\" content=\"https:\/\/oplitegames.com\/es\/producto\/cockpit-gtr-s8-infinity-force-white\/\" \/>\n<meta property=\"og:site_name\" content=\"OPLITE\" \/>\n<meta property=\"article:modified_time\" content=\"2026-01-20T09:44:10+00:00\" \/>\n<meta property=\"og:image\" content=\"https:\/\/oplitegames.com\/wp-content\/uploads\/GTR-S8-INFINITY-FORCE-WHITE-OP-GTR-S8FFW_01-1-2.png\" \/>\n\t<meta property=\"og:image:width\" content=\"2750\" \/>\n\t<meta property=\"og:image:height\" content=\"2750\" \/>\n\t<meta property=\"og:image:type\" content=\"image\/png\" \/>\n<meta name=\"twitter:card\" content=\"summary_large_image\" \/>\n<meta name=\"twitter:label1\" content=\"Price\" \/>\n\t<meta name=\"twitter:data1\" content=\"549,90&nbsp;&euro;\" \/>\n\t<meta name=\"twitter:label2\" content=\"Availability\" \/>\n\t<meta name=\"twitter:data2\" content=\"In stock\" \/>\n<script type=\"application\/ld+json\" class=\"yoast-schema-graph\">{\"@context\":\"https:\\\/\\\/schema.org\",\"@graph\":[{\"@type\":[\"WebPage\",\"ItemPage\"],\"@id\":\"https:\\\/\\\/oplitegames.com\\\/es\\\/producto\\\/cockpit-gtr-s8-infinity-force-white\\\/\",\"url\":\"https:\\\/\\\/oplitegames.com\\\/es\\\/producto\\\/cockpit-gtr-s8-infinity-force-white\\\/\",\"name\":\"Cockpit GTR S8 Infinity Force White - OPLITE\",\"isPartOf\":{\"@id\":\"https:\\\/\\\/oplitegames.com\\\/#website\"},\"primaryImageOfPage\":{\"@id\":\"https:\\\/\\\/oplitegames.com\\\/es\\\/producto\\\/cockpit-gtr-s8-infinity-force-white\\\/#primaryimage\"},\"image\":{\"@id\":\"https:\\\/\\\/oplitegames.com\\\/es\\\/producto\\\/cockpit-gtr-s8-infinity-force-white\\\/#primaryimage\"},\"thumbnailUrl\":\"https:\\\/\\\/oplitegames-preprod.ezratis.fr\\\/wp-content\\\/uploads\\\/GTR-S8-INFINITY-FORCE-WHITE-OP-GTR-S8FFW_01-1-2.png\",\"datePublished\":\"2025-01-10T10:14:21+00:00\",\"dateModified\":\"2026-01-20T09:44:10+00:00\",\"breadcrumb\":{\"@id\":\"https:\\\/\\\/oplitegames.com\\\/es\\\/producto\\\/cockpit-gtr-s8-infinity-force-white\\\/#breadcrumb\"},\"inLanguage\":\"es\",\"potentialAction\":[{\"@type\":\"ReadAction\",\"target\":[\"https:\\\/\\\/oplitegames.com\\\/es\\\/producto\\\/cockpit-gtr-s8-infinity-force-white\\\/\"]}]},{\"@type\":\"ImageObject\",\"inLanguage\":\"es\",\"@id\":\"https:\\\/\\\/oplitegames.com\\\/es\\\/producto\\\/cockpit-gtr-s8-infinity-force-white\\\/#primaryimage\",\"url\":\"https:\\\/\\\/oplitegames-preprod.ezratis.fr\\\/wp-content\\\/uploads\\\/GTR-S8-INFINITY-FORCE-WHITE-OP-GTR-S8FFW_01-1-2.png\",\"contentUrl\":\"https:\\\/\\\/oplitegames-preprod.ezratis.fr\\\/wp-content\\\/uploads\\\/GTR-S8-INFINITY-FORCE-WHITE-OP-GTR-S8FFW_01-1-2.png\",\"width\":2750,\"height\":2750},{\"@type\":\"BreadcrumbList\",\"@id\":\"https:\\\/\\\/oplitegames.com\\\/es\\\/producto\\\/cockpit-gtr-s8-infinity-force-white\\\/#breadcrumb\",\"itemListElement\":[{\"@type\":\"ListItem\",\"position\":1,\"name\":\"Home\",\"item\":\"https:\\\/\\\/oplitegames.com\\\/es\\\/oplite-gaming\\\/\"},{\"@type\":\"ListItem\",\"position\":2,\"name\":\"Comercio\",\"item\":\"https:\\\/\\\/oplitegames.com\\\/es\\\/comercio\\\/\"},{\"@type\":\"ListItem\",\"position\":3,\"name\":\"Cockpit GTR S8 Infinity Force White\"}]},{\"@type\":\"WebSite\",\"@id\":\"https:\\\/\\\/oplitegames.com\\\/#website\",\"url\":\"https:\\\/\\\/oplitegames.com\\\/\",\"name\":\"OPLITE\",\"description\":\"\",\"publisher\":{\"@id\":\"https:\\\/\\\/oplitegames.com\\\/#organization\"},\"potentialAction\":[{\"@type\":\"SearchAction\",\"target\":{\"@type\":\"EntryPoint\",\"urlTemplate\":\"https:\\\/\\\/oplitegames.com\\\/?s={search_term_string}\"},\"query-input\":{\"@type\":\"PropertyValueSpecification\",\"valueRequired\":true,\"valueName\":\"search_term_string\"}}],\"inLanguage\":\"es\"},{\"@type\":\"Organization\",\"@id\":\"https:\\\/\\\/oplitegames.com\\\/#organization\",\"name\":\"OPLITE\",\"url\":\"https:\\\/\\\/oplitegames.com\\\/\",\"logo\":{\"@type\":\"ImageObject\",\"inLanguage\":\"es\",\"@id\":\"https:\\\/\\\/oplitegames.com\\\/#\\\/schema\\\/logo\\\/image\\\/\",\"url\":\"https:\\\/\\\/oplitegames-preprod.ezratis.fr\\\/wp-content\\\/uploads\\\/cropped-cropped-Oplite-Blanc-casse-002-scaled-1.png\",\"contentUrl\":\"https:\\\/\\\/oplitegames-preprod.ezratis.fr\\\/wp-content\\\/uploads\\\/cropped-cropped-Oplite-Blanc-casse-002-scaled-1.png\",\"width\":2509,\"height\":597,\"caption\":\"OPLITE\"},\"image\":{\"@id\":\"https:\\\/\\\/oplitegames.com\\\/#\\\/schema\\\/logo\\\/image\\\/\"}}]}<\/script>\n<meta property=\"product:price:amount\" content=\"549.90\" \/>\n<meta property=\"product:price:currency\" content=\"EUR\" \/>\n<meta property=\"og:availability\" content=\"instock\" \/>\n<meta property=\"product:availability\" content=\"instock\" \/>\n<meta property=\"product:retailer_item_id\" content=\"101625\" \/>\n<meta property=\"product:condition\" content=\"new\" \/>\n<!-- \/ Yoast SEO plugin. -->","yoast_head_json":{"title":"Cockpit GTR S8 Infinity Force White - OPLITE","robots":{"index":"index","follow":"follow","max-snippet":"max-snippet:-1","max-image-preview":"max-image-preview:large","max-video-preview":"max-video-preview:-1"},"canonical":"https:\/\/oplitegames.com\/es\/producto\/cockpit-gtr-s8-infinity-force-white\/","og_locale":"es_ES","og_type":"article","og_title":"Cockpit GTR S8 Infinity Force White - OPLITE","og_description":"Expertos en el dise\u00f1o de productos ergon\u00f3micos para oficina y juegos, OPLITE presenta su \u00faltimo cockpit de simulaci\u00f3n de carreras, el GTR S8 INFINITY FORCE WHITE. Con el KIT FUll FORCE incluido, la cabina GTR S8 est\u00e1 lista para recibir el SOPORTE SIMRACING &amp; FLIGHTSIM. \u00a1Es el accesorio imprescindible para los entusiastas de las carreras y la aviaci\u00f3n que te llevar\u00e1 de jugador a piloto!  &nbsp;","og_url":"https:\/\/oplitegames.com\/es\/producto\/cockpit-gtr-s8-infinity-force-white\/","og_site_name":"OPLITE","article_modified_time":"2026-01-20T09:44:10+00:00","og_image":[{"width":2750,"height":2750,"url":"https:\/\/oplitegames.com\/wp-content\/uploads\/GTR-S8-INFINITY-FORCE-WHITE-OP-GTR-S8FFW_01-1-2.png","type":"image\/png"}],"twitter_card":"summary_large_image","twitter_misc":{"Price":"549,90&nbsp;&euro;","Availability":"In stock"},"schema":{"@context":"https:\/\/schema.org","@graph":[{"@type":["WebPage","ItemPage"],"@id":"https:\/\/oplitegames.com\/es\/producto\/cockpit-gtr-s8-infinity-force-white\/","url":"https:\/\/oplitegames.com\/es\/producto\/cockpit-gtr-s8-infinity-force-white\/","name":"Cockpit GTR S8 Infinity Force White - OPLITE","isPartOf":{"@id":"https:\/\/oplitegames.com\/#website"},"primaryImageOfPage":{"@id":"https:\/\/oplitegames.com\/es\/producto\/cockpit-gtr-s8-infinity-force-white\/#primaryimage"},"image":{"@id":"https:\/\/oplitegames.com\/es\/producto\/cockpit-gtr-s8-infinity-force-white\/#primaryimage"},"thumbnailUrl":"https:\/\/oplitegames-preprod.ezratis.fr\/wp-content\/uploads\/GTR-S8-INFINITY-FORCE-WHITE-OP-GTR-S8FFW_01-1-2.png","datePublished":"2025-01-10T10:14:21+00:00","dateModified":"2026-01-20T09:44:10+00:00","breadcrumb":{"@id":"https:\/\/oplitegames.com\/es\/producto\/cockpit-gtr-s8-infinity-force-white\/#breadcrumb"},"inLanguage":"es","potentialAction":[{"@type":"ReadAction","target":["https:\/\/oplitegames.com\/es\/producto\/cockpit-gtr-s8-infinity-force-white\/"]}]},{"@type":"ImageObject","inLanguage":"es","@id":"https:\/\/oplitegames.com\/es\/producto\/cockpit-gtr-s8-infinity-force-white\/#primaryimage","url":"https:\/\/oplitegames-preprod.ezratis.fr\/wp-content\/uploads\/GTR-S8-INFINITY-FORCE-WHITE-OP-GTR-S8FFW_01-1-2.png","contentUrl":"https:\/\/oplitegames-preprod.ezratis.fr\/wp-content\/uploads\/GTR-S8-INFINITY-FORCE-WHITE-OP-GTR-S8FFW_01-1-2.png","width":2750,"height":2750},{"@type":"BreadcrumbList","@id":"https:\/\/oplitegames.com\/es\/producto\/cockpit-gtr-s8-infinity-force-white\/#breadcrumb","itemListElement":[{"@type":"ListItem","position":1,"name":"Home","item":"https:\/\/oplitegames.com\/es\/oplite-gaming\/"},{"@type":"ListItem","position":2,"name":"Comercio","item":"https:\/\/oplitegames.com\/es\/comercio\/"},{"@type":"ListItem","position":3,"name":"Cockpit GTR S8 Infinity Force White"}]},{"@type":"WebSite","@id":"https:\/\/oplitegames.com\/#website","url":"https:\/\/oplitegames.com\/","name":"OPLITE","description":"","publisher":{"@id":"https:\/\/oplitegames.com\/#organization"},"potentialAction":[{"@type":"SearchAction","target":{"@type":"EntryPoint","urlTemplate":"https:\/\/oplitegames.com\/?s={search_term_string}"},"query-input":{"@type":"PropertyValueSpecification","valueRequired":true,"valueName":"search_term_string"}}],"inLanguage":"es"},{"@type":"Organization","@id":"https:\/\/oplitegames.com\/#organization","name":"OPLITE","url":"https:\/\/oplitegames.com\/","logo":{"@type":"ImageObject","inLanguage":"es","@id":"https:\/\/oplitegames.com\/#\/schema\/logo\/image\/","url":"https:\/\/oplitegames-preprod.ezratis.fr\/wp-content\/uploads\/cropped-cropped-Oplite-Blanc-casse-002-scaled-1.png","contentUrl":"https:\/\/oplitegames-preprod.ezratis.fr\/wp-content\/uploads\/cropped-cropped-Oplite-Blanc-casse-002-scaled-1.png","width":2509,"height":597,"caption":"OPLITE"},"image":{"@id":"https:\/\/oplitegames.com\/#\/schema\/logo\/image\/"}}]},"product_price_amount":"549.90","product_price_currency":"EUR","og_availability":"instock","product_availability":"instock","product_retailer_item_id":"101625","product_condition":"new"},"_links":{"self":[{"href":"https:\/\/oplitegames-preprod.ezratis.fr\/es\/wp-json\/wp\/v2\/product\/43000","targetHints":{"allow":["GET"]}}],"collection":[{"href":"https:\/\/oplitegames-preprod.ezratis.fr\/es\/wp-json\/wp\/v2\/product"}],"about":[{"href":"https:\/\/oplitegames-preprod.ezratis.fr\/es\/wp-json\/wp\/v2\/types\/product"}],"version-history":[{"count":10,"href":"https:\/\/oplitegames-preprod.ezratis.fr\/es\/wp-json\/wp\/v2\/product\/43000\/revisions"}],"predecessor-version":[{"id":60873,"href":"https:\/\/oplitegames-preprod.ezratis.fr\/es\/wp-json\/wp\/v2\/product\/43000\/revisions\/60873"}],"wp:featuredmedia":[{"embeddable":true,"href":"https:\/\/oplitegames-preprod.ezratis.fr\/es\/wp-json\/wp\/v2\/media\/44542"}],"wp:attachment":[{"href":"https:\/\/oplitegames-preprod.ezratis.fr\/es\/wp-json\/wp\/v2\/media?parent=43000"}],"wp:term":[{"taxonomy":"product_brand","embeddable":true,"href":"https:\/\/oplitegames-preprod.ezratis.fr\/es\/wp-json\/wp\/v2\/product_brand?post=43000"},{"taxonomy":"product_cat","embeddable":true,"href":"https:\/\/oplitegames-preprod.ezratis.fr\/es\/wp-json\/wp\/v2\/product_cat?post=43000"},{"taxonomy":"product_tag","embeddable":true,"href":"https:\/\/oplitegames-preprod.ezratis.fr\/es\/wp-json\/wp\/v2\/product_tag?post=43000"}],"curies":[{"name":"wp","href":"https:\/\/api.w.org\/{rel}","templated":true}]}}