{"id":43018,"date":"2025-01-10T11:14:43","date_gmt":"2025-01-10T10:14:43","guid":{"rendered":"https:\/\/oplitegames.com\/?post_type=product&#038;p=43018"},"modified":"2025-11-23T21:43:37","modified_gmt":"2025-11-23T20:43:37","slug":"simracing-flightsim-holder-white","status":"publish","type":"product","link":"https:\/\/oplitegames-preprod.ezratis.fr\/es\/producto\/simracing-flightsim-holder-white\/","title":{"rendered":"Simracing &amp; Flightsim Holder White"},"content":{"rendered":"<p>Elemento inseparable del<strong> FULL FORCE KIT, el SIMRACING &amp; FLIGHTSIM HOLDER WHITE<\/strong> ha sido dise\u00f1ado para satisfacer a los pilotos exigentes que buscan una rigidez excepcional y una ergonom\u00eda \u00f3ptima para sus perif\u00e9ricos, como el freno de mano, la caja de cambios, El joystick y el acelerador.<\/p>\n<p>El kit <strong>SIMRACING &amp; FLIGHTSIM HOLDER WHITE<\/strong> se fija directamente a su FULL FORCE KIT para alojar sus dispositivos de simulaci\u00f3n favoritos. Si usted es un ferviente seguidor de SIMRACING o FLIGHTSIM, este soporte sabr\u00e1 satisfacer sus necesidades gracias a su compatibilidad excepcional con los dispositivos actualmente disponibles en el mercado.<\/p>\n<p>Este soporte ofrece un ajuste preciso en tres ejes, incluyendo la altura y la profundidad, para optimizar la ergonom\u00eda global de su configuraci\u00f3n en funci\u00f3n de su morfolog\u00eda. Fabricado completamente en acero al carbono, su rigidez le permite resistir movimientos bruscos y repetidos manteniendo una excelente estabilidad.<\/p>\n<p><span style=\"text-decoration: underline;\"><strong>Caracter\u00edsticas t\u00e9cnicas:<\/strong><\/span><\/p>\n<ul>\n<li>Placa de acero al carbono de 3 mm de espesor<\/li>\n<li>Pintura: blanco brillante de alta resistencia para un acabado de alta calidad<\/li>\n<li>Altura: 95 mm, ancho 214 mm, profundidad 400 mm<\/li>\n<li>Kit de tornillos para la fijaci\u00f3n en el Full Force Kit<\/li>\n<\/ul>\n<p><strong><u>Compatibilidad de dispositivos*:<\/u><\/strong><\/p>\n<ul>\n<li>Frenos de mano y caja de cambios de las marcas Fanatec\u00ae, Moza\u00ae, Thrustmaster\u00ae, Logitech\u00ae, Turtle Beach\u00ae o Asetek\u00ae<\/li>\n<li>Joystick y acelerador Thrustmaster\u00ae HOTAS Warthog TM, T.16000MFCS Hotas, TCA Airbus Edition, TWCS. Compatible con dispositivos Logitech\/ Saitek\u00ae X52, X52 Pro, X55, X56, GSaitek Pro Flight Yoke<\/li>\n<\/ul>\n<p><small> *Per garantire la massima compatibilit\u00e0 con alcuni dispositivi, potrebbero essere necessari piccoli adattamenti. Nessuna preoccupazione: la qualit\u00e0 e la garanzia del prodotto non ne risentono.<\/small><\/p>\n<p><strong><u>Compatibilidad de producto: <\/u><\/strong><\/p>\n<p>&#8211; 100% Compatible con los cockpits GTR S8 FORCE WHITE<br \/>\n&#8211; Compatible tambi\u00e9n con otros cockpits de la serie GTR equipados con el Full Force Kit<\/p>\n<p>&nbsp;<\/p>\n","protected":false},"excerpt":{"rendered":"<p>Experto en dise\u00f1o de productos ergon\u00f3micos para los sectores ofim\u00e1ticos y de juegos, OPLITE le presenta su <strong>SIMRACING &amp; FLIGHTSIM HOLDER WHITE<\/strong> dedicado a su cabina GTR S8 White.<\/p>\n<p>Es el momento de pasar del estatus de jugador al de piloto! Carrera automovil\u00edstica o Aviaci\u00f3n,\u00a1haz tu elecci\u00f3n!<\/p>\n<p>&nbsp;<\/p>\n","protected":false},"featured_media":43150,"template":"","meta":{"_acf_changed":false,"footnotes":""},"product_brand":[],"product_cat":[797,731],"product_tag":[],"class_list":{"0":"post-43018","1":"product","2":"type-product","3":"status-publish","4":"has-post-thumbnail","6":"product_cat-cockpit-s8-ultra-es","7":"product_cat-simuladores","8":"pa_colisage-pcb-4-es","10":"first","11":"outofstock","12":"taxable","13":"shipping-taxable","14":"purchasable","15":"product-type-simple"},"bundled_by":[],"bundle_stock_status":"outofstock","bundle_stock_quantity":0,"bundle_virtual":false,"bundle_layout":"","bundle_add_to_cart_form_location":"","bundle_editable_in_cart":false,"bundle_sold_individually_context":"","bundle_item_grouping":"","bundle_min_size":"","bundle_max_size":"","bundle_price":[],"bundled_items":[],"bundle_sell_ids":[],"acf":[],"yoast_head":"<!-- This site is optimized with the Yoast SEO plugin v27.3 - https:\/\/yoast.com\/product\/yoast-seo-wordpress\/ -->\n<title>Simracing &amp; Flightsim Holder White - OPLITE<\/title>\n<meta name=\"robots\" content=\"index, follow, max-snippet:-1, max-image-preview:large, max-video-preview:-1\" \/>\n<link rel=\"canonical\" href=\"https:\/\/oplitegames.com\/es\/producto\/simracing-flightsim-holder-white\/\" \/>\n<meta property=\"og:locale\" content=\"es_ES\" \/>\n<meta property=\"og:type\" content=\"article\" \/>\n<meta property=\"og:title\" content=\"Simracing &amp; Flightsim Holder White - OPLITE\" \/>\n<meta property=\"og:description\" content=\"Experto en dise\u00f1o de productos ergon\u00f3micos para los sectores ofim\u00e1ticos y de juegos, OPLITE le presenta su SIMRACING &amp; FLIGHTSIM HOLDER WHITE dedicado a su cabina GTR S8 White.  Es el momento de pasar del estatus de jugador al de piloto! Carrera automovil\u00edstica o Aviaci\u00f3n,\u00a1haz tu elecci\u00f3n!  &nbsp;\" \/>\n<meta property=\"og:url\" content=\"https:\/\/oplitegames.com\/es\/producto\/simracing-flightsim-holder-white\/\" \/>\n<meta property=\"og:site_name\" content=\"OPLITE\" \/>\n<meta property=\"article:modified_time\" content=\"2025-11-23T20:43:37+00:00\" \/>\n<meta property=\"og:image\" content=\"https:\/\/oplitegames.com\/wp-content\/uploads\/OPLITE-SIMRACING-FLIGHTSIM-HOLDER-WHITE-OP-GTR-FSHW_01.png\" \/>\n\t<meta property=\"og:image:width\" content=\"2750\" \/>\n\t<meta property=\"og:image:height\" content=\"2750\" \/>\n\t<meta property=\"og:image:type\" content=\"image\/png\" \/>\n<meta name=\"twitter:card\" content=\"summary_large_image\" \/>\n<meta name=\"twitter:label1\" content=\"Price\" \/>\n\t<meta name=\"twitter:data1\" content=\"89,90&nbsp;&euro;\" \/>\n\t<meta name=\"twitter:label2\" content=\"Availability\" \/>\n\t<meta name=\"twitter:data2\" content=\"Out of stock\" \/>\n<script type=\"application\/ld+json\" class=\"yoast-schema-graph\">{\"@context\":\"https:\\\/\\\/schema.org\",\"@graph\":[{\"@type\":[\"WebPage\",\"ItemPage\"],\"@id\":\"https:\\\/\\\/oplitegames.com\\\/es\\\/producto\\\/simracing-flightsim-holder-white\\\/\",\"url\":\"https:\\\/\\\/oplitegames.com\\\/es\\\/producto\\\/simracing-flightsim-holder-white\\\/\",\"name\":\"Simracing &amp; Flightsim Holder White - OPLITE\",\"isPartOf\":{\"@id\":\"https:\\\/\\\/oplitegames.com\\\/#website\"},\"primaryImageOfPage\":{\"@id\":\"https:\\\/\\\/oplitegames.com\\\/es\\\/producto\\\/simracing-flightsim-holder-white\\\/#primaryimage\"},\"image\":{\"@id\":\"https:\\\/\\\/oplitegames.com\\\/es\\\/producto\\\/simracing-flightsim-holder-white\\\/#primaryimage\"},\"thumbnailUrl\":\"https:\\\/\\\/oplitegames-preprod.ezratis.fr\\\/wp-content\\\/uploads\\\/OPLITE-SIMRACING-FLIGHTSIM-HOLDER-WHITE-OP-GTR-FSHW_01.png\",\"datePublished\":\"2025-01-10T10:14:43+00:00\",\"dateModified\":\"2025-11-23T20:43:37+00:00\",\"breadcrumb\":{\"@id\":\"https:\\\/\\\/oplitegames.com\\\/es\\\/producto\\\/simracing-flightsim-holder-white\\\/#breadcrumb\"},\"inLanguage\":\"es\",\"potentialAction\":[{\"@type\":\"ReadAction\",\"target\":[\"https:\\\/\\\/oplitegames.com\\\/es\\\/producto\\\/simracing-flightsim-holder-white\\\/\"]}]},{\"@type\":\"ImageObject\",\"inLanguage\":\"es\",\"@id\":\"https:\\\/\\\/oplitegames.com\\\/es\\\/producto\\\/simracing-flightsim-holder-white\\\/#primaryimage\",\"url\":\"https:\\\/\\\/oplitegames-preprod.ezratis.fr\\\/wp-content\\\/uploads\\\/OPLITE-SIMRACING-FLIGHTSIM-HOLDER-WHITE-OP-GTR-FSHW_01.png\",\"contentUrl\":\"https:\\\/\\\/oplitegames-preprod.ezratis.fr\\\/wp-content\\\/uploads\\\/OPLITE-SIMRACING-FLIGHTSIM-HOLDER-WHITE-OP-GTR-FSHW_01.png\",\"width\":2750,\"height\":2750},{\"@type\":\"BreadcrumbList\",\"@id\":\"https:\\\/\\\/oplitegames.com\\\/es\\\/producto\\\/simracing-flightsim-holder-white\\\/#breadcrumb\",\"itemListElement\":[{\"@type\":\"ListItem\",\"position\":1,\"name\":\"Home\",\"item\":\"https:\\\/\\\/oplitegames.com\\\/es\\\/oplite-gaming\\\/\"},{\"@type\":\"ListItem\",\"position\":2,\"name\":\"Comercio\",\"item\":\"https:\\\/\\\/oplitegames.com\\\/es\\\/comercio\\\/\"},{\"@type\":\"ListItem\",\"position\":3,\"name\":\"Simracing &amp; Flightsim Holder White\"}]},{\"@type\":\"WebSite\",\"@id\":\"https:\\\/\\\/oplitegames.com\\\/#website\",\"url\":\"https:\\\/\\\/oplitegames.com\\\/\",\"name\":\"OPLITE\",\"description\":\"\",\"publisher\":{\"@id\":\"https:\\\/\\\/oplitegames.com\\\/#organization\"},\"potentialAction\":[{\"@type\":\"SearchAction\",\"target\":{\"@type\":\"EntryPoint\",\"urlTemplate\":\"https:\\\/\\\/oplitegames.com\\\/?s={search_term_string}\"},\"query-input\":{\"@type\":\"PropertyValueSpecification\",\"valueRequired\":true,\"valueName\":\"search_term_string\"}}],\"inLanguage\":\"es\"},{\"@type\":\"Organization\",\"@id\":\"https:\\\/\\\/oplitegames.com\\\/#organization\",\"name\":\"OPLITE\",\"url\":\"https:\\\/\\\/oplitegames.com\\\/\",\"logo\":{\"@type\":\"ImageObject\",\"inLanguage\":\"es\",\"@id\":\"https:\\\/\\\/oplitegames.com\\\/#\\\/schema\\\/logo\\\/image\\\/\",\"url\":\"https:\\\/\\\/oplitegames-preprod.ezratis.fr\\\/wp-content\\\/uploads\\\/cropped-cropped-Oplite-Blanc-casse-002-scaled-1.png\",\"contentUrl\":\"https:\\\/\\\/oplitegames-preprod.ezratis.fr\\\/wp-content\\\/uploads\\\/cropped-cropped-Oplite-Blanc-casse-002-scaled-1.png\",\"width\":2509,\"height\":597,\"caption\":\"OPLITE\"},\"image\":{\"@id\":\"https:\\\/\\\/oplitegames.com\\\/#\\\/schema\\\/logo\\\/image\\\/\"}}]}<\/script>\n<meta property=\"product:price:amount\" content=\"89.90\" \/>\n<meta property=\"product:price:currency\" content=\"EUR\" \/>\n<meta property=\"og:availability\" content=\"out of stock\" \/>\n<meta property=\"product:availability\" content=\"out of stock\" \/>\n<meta property=\"product:retailer_item_id\" content=\"101629\" \/>\n<meta property=\"product:condition\" content=\"new\" \/>\n<!-- \/ Yoast SEO plugin. -->","yoast_head_json":{"title":"Simracing &amp; Flightsim Holder White - OPLITE","robots":{"index":"index","follow":"follow","max-snippet":"max-snippet:-1","max-image-preview":"max-image-preview:large","max-video-preview":"max-video-preview:-1"},"canonical":"https:\/\/oplitegames.com\/es\/producto\/simracing-flightsim-holder-white\/","og_locale":"es_ES","og_type":"article","og_title":"Simracing &amp; Flightsim Holder White - OPLITE","og_description":"Experto en dise\u00f1o de productos ergon\u00f3micos para los sectores ofim\u00e1ticos y de juegos, OPLITE le presenta su SIMRACING &amp; FLIGHTSIM HOLDER WHITE dedicado a su cabina GTR S8 White.  Es el momento de pasar del estatus de jugador al de piloto! Carrera automovil\u00edstica o Aviaci\u00f3n,\u00a1haz tu elecci\u00f3n!  &nbsp;","og_url":"https:\/\/oplitegames.com\/es\/producto\/simracing-flightsim-holder-white\/","og_site_name":"OPLITE","article_modified_time":"2025-11-23T20:43:37+00:00","og_image":[{"width":2750,"height":2750,"url":"https:\/\/oplitegames.com\/wp-content\/uploads\/OPLITE-SIMRACING-FLIGHTSIM-HOLDER-WHITE-OP-GTR-FSHW_01.png","type":"image\/png"}],"twitter_card":"summary_large_image","twitter_misc":{"Price":"89,90&nbsp;&euro;","Availability":"Out of stock"},"schema":{"@context":"https:\/\/schema.org","@graph":[{"@type":["WebPage","ItemPage"],"@id":"https:\/\/oplitegames.com\/es\/producto\/simracing-flightsim-holder-white\/","url":"https:\/\/oplitegames.com\/es\/producto\/simracing-flightsim-holder-white\/","name":"Simracing &amp; Flightsim Holder White - OPLITE","isPartOf":{"@id":"https:\/\/oplitegames.com\/#website"},"primaryImageOfPage":{"@id":"https:\/\/oplitegames.com\/es\/producto\/simracing-flightsim-holder-white\/#primaryimage"},"image":{"@id":"https:\/\/oplitegames.com\/es\/producto\/simracing-flightsim-holder-white\/#primaryimage"},"thumbnailUrl":"https:\/\/oplitegames-preprod.ezratis.fr\/wp-content\/uploads\/OPLITE-SIMRACING-FLIGHTSIM-HOLDER-WHITE-OP-GTR-FSHW_01.png","datePublished":"2025-01-10T10:14:43+00:00","dateModified":"2025-11-23T20:43:37+00:00","breadcrumb":{"@id":"https:\/\/oplitegames.com\/es\/producto\/simracing-flightsim-holder-white\/#breadcrumb"},"inLanguage":"es","potentialAction":[{"@type":"ReadAction","target":["https:\/\/oplitegames.com\/es\/producto\/simracing-flightsim-holder-white\/"]}]},{"@type":"ImageObject","inLanguage":"es","@id":"https:\/\/oplitegames.com\/es\/producto\/simracing-flightsim-holder-white\/#primaryimage","url":"https:\/\/oplitegames-preprod.ezratis.fr\/wp-content\/uploads\/OPLITE-SIMRACING-FLIGHTSIM-HOLDER-WHITE-OP-GTR-FSHW_01.png","contentUrl":"https:\/\/oplitegames-preprod.ezratis.fr\/wp-content\/uploads\/OPLITE-SIMRACING-FLIGHTSIM-HOLDER-WHITE-OP-GTR-FSHW_01.png","width":2750,"height":2750},{"@type":"BreadcrumbList","@id":"https:\/\/oplitegames.com\/es\/producto\/simracing-flightsim-holder-white\/#breadcrumb","itemListElement":[{"@type":"ListItem","position":1,"name":"Home","item":"https:\/\/oplitegames.com\/es\/oplite-gaming\/"},{"@type":"ListItem","position":2,"name":"Comercio","item":"https:\/\/oplitegames.com\/es\/comercio\/"},{"@type":"ListItem","position":3,"name":"Simracing &amp; Flightsim Holder White"}]},{"@type":"WebSite","@id":"https:\/\/oplitegames.com\/#website","url":"https:\/\/oplitegames.com\/","name":"OPLITE","description":"","publisher":{"@id":"https:\/\/oplitegames.com\/#organization"},"potentialAction":[{"@type":"SearchAction","target":{"@type":"EntryPoint","urlTemplate":"https:\/\/oplitegames.com\/?s={search_term_string}"},"query-input":{"@type":"PropertyValueSpecification","valueRequired":true,"valueName":"search_term_string"}}],"inLanguage":"es"},{"@type":"Organization","@id":"https:\/\/oplitegames.com\/#organization","name":"OPLITE","url":"https:\/\/oplitegames.com\/","logo":{"@type":"ImageObject","inLanguage":"es","@id":"https:\/\/oplitegames.com\/#\/schema\/logo\/image\/","url":"https:\/\/oplitegames-preprod.ezratis.fr\/wp-content\/uploads\/cropped-cropped-Oplite-Blanc-casse-002-scaled-1.png","contentUrl":"https:\/\/oplitegames-preprod.ezratis.fr\/wp-content\/uploads\/cropped-cropped-Oplite-Blanc-casse-002-scaled-1.png","width":2509,"height":597,"caption":"OPLITE"},"image":{"@id":"https:\/\/oplitegames.com\/#\/schema\/logo\/image\/"}}]},"product_price_amount":"89.90","product_price_currency":"EUR","og_availability":"out of stock","product_availability":"out of stock","product_retailer_item_id":"101629","product_condition":"new"},"_links":{"self":[{"href":"https:\/\/oplitegames-preprod.ezratis.fr\/es\/wp-json\/wp\/v2\/product\/43018","targetHints":{"allow":["GET"]}}],"collection":[{"href":"https:\/\/oplitegames-preprod.ezratis.fr\/es\/wp-json\/wp\/v2\/product"}],"about":[{"href":"https:\/\/oplitegames-preprod.ezratis.fr\/es\/wp-json\/wp\/v2\/types\/product"}],"version-history":[{"count":7,"href":"https:\/\/oplitegames-preprod.ezratis.fr\/es\/wp-json\/wp\/v2\/product\/43018\/revisions"}],"predecessor-version":[{"id":53476,"href":"https:\/\/oplitegames-preprod.ezratis.fr\/es\/wp-json\/wp\/v2\/product\/43018\/revisions\/53476"}],"wp:featuredmedia":[{"embeddable":true,"href":"https:\/\/oplitegames-preprod.ezratis.fr\/es\/wp-json\/wp\/v2\/media\/43150"}],"wp:attachment":[{"href":"https:\/\/oplitegames-preprod.ezratis.fr\/es\/wp-json\/wp\/v2\/media?parent=43018"}],"wp:term":[{"taxonomy":"product_brand","embeddable":true,"href":"https:\/\/oplitegames-preprod.ezratis.fr\/es\/wp-json\/wp\/v2\/product_brand?post=43018"},{"taxonomy":"product_cat","embeddable":true,"href":"https:\/\/oplitegames-preprod.ezratis.fr\/es\/wp-json\/wp\/v2\/product_cat?post=43018"},{"taxonomy":"product_tag","embeddable":true,"href":"https:\/\/oplitegames-preprod.ezratis.fr\/es\/wp-json\/wp\/v2\/product_tag?post=43018"}],"curies":[{"name":"wp","href":"https:\/\/api.w.org\/{rel}","templated":true}]}}