{"id":45710,"date":"2025-01-28T03:00:06","date_gmt":"2025-01-28T02:00:06","guid":{"rendered":"https:\/\/oplitegames.com\/?post_type=product&#038;p=45710"},"modified":"2025-12-16T15:09:26","modified_gmt":"2025-12-16T14:09:26","slug":"cockpit-r8-fury-white","status":"publish","type":"product","link":"https:\/\/oplitegames-preprod.ezratis.fr\/es\/producto\/cockpit-r8-fury-white\/","title":{"rendered":"Cockpit R8 Fury White"},"content":{"rendered":"<p>El R8 FURY es el resultado de la colaboraci\u00f3n entre el departamento de I+D de OPLITE y la experiencia de numerosos pilotos profesionales. Ofrece una ergonom\u00eda realista, adaptada a tu morfolog\u00eda y a diferentes estilos de simulaci\u00f3n de conducci\u00f3n: GT, NASCAR, Rally, Trophy Truck&#8230; (F\u00f3rmula 1 como opci\u00f3n). Su construcci\u00f3n h\u00edbrida, con una estructura ultra r\u00edgida de perfil <strong>de aluminio (6063 T6) de 80&#215;40 mm y el uso de acero tubular tipo E355 de \u00d8 35 mm,<\/strong> hace de este cockpit una soluci\u00f3n robusta y est\u00e9tica, compatible con cilindros hidr\u00e1ulicos. Sus cualidades estructurales le permiten albergar las bases de motor Direct Drive y los pedales LoadCell m\u00e1s potentes del mercado.<\/p>\n<p><span style=\"text-decoration: underline;\"><strong><span class=\"tag_trans\">Puntos Fuertes<\/span><\/strong><\/span><br \/>\n\u2022 Asiento baquet Oplite RS1 FiberCore\u00ae, adecuado para todas las tallas desde 1,50 m hasta m\u00e1s de 2,10 m, con una capacidad de carga de hasta 150 kg (incluido en la caja).<br \/>\n\u2022\u00a0Combinaci\u00f3n perfecta entre perfil de aluminio y acero tubular, que ofrece est\u00e9tica, rigidez e inmersi\u00f3n.<br \/>\n\u2022\u00a0Ergonom\u00eda ajustable para todas las tallas, validada por pilotos profesionales.<br \/>\n\u2022\u00a0Soporte de volante de acero compatible con las bases Direct Drive de \u00faltima generaci\u00f3n (potencia superior a 35 Nm).<br \/>\n\u2022\u00a0Soporte de pedales en acero y perfil de aluminio 40&#215;40, que permite la instalaci\u00f3n de los pedales LoadCell m\u00e1s potentes (hasta 200 kg de presi\u00f3n).<br \/>\n\u2022\u00a0Gu\u00edas de asiento &#8220;Easy Sliding&#8221; para un ajuste preciso, con posibilidad de fijar un Buttkicker\u00ae.<br \/>\n\u2022\u00a0Soportes de montaje (perfil de aluminio\/gu\u00edas) compatibles con las gu\u00edas de la marca Sparco\u00ae.<br \/>\n\u2022\u00a0Equipado con 4 almohadillas giratorias antideslizantes, reemplazables por las &#8220;R8 SUPREME CASTOR WHEEL&#8221; (ruedas opcionales).<br \/>\n\u2022\u00a0Torniller\u00eda de acero niquelado de grado 12.9 e insertos roscados de alta calidad (norma de competici\u00f3n automovil\u00edstica).<br \/>\n\u2022\u00a0Muy compacto: espacio ocupado en el suelo de 120&#215;60 cm.<br \/>\n\u2022\u00a0Ecosistema completo para dise\u00f1ar una cabina de pilotaje ideal con todos los perif\u00e9ricos al alcance de la<\/p>\n<p><span style=\"text-decoration: underline;\"><strong>Caracter\u00edsticas t\u00e9cnicas<\/strong><\/span><br \/>\n<strong>Chasis:<\/strong><br \/>\n\u2022 Estructura de perfil de aluminio (6063 T6) de 80x40mm y acero tubular robusto tipo E355 con un di\u00e1metro de 35mm y un espesor de 2,5mm<br \/>\n\u2022 4 almohadillas giratorias largas para ofrecer un ajuste \u00f3ptimo<br \/>\n<strong>Soporte para volante:<\/strong><br \/>\n\u2022 Estructura de acero tipo E355 con un espesor de 5mm<br \/>\n\u2022 Ajuste de altura, inclinaci\u00f3n -10\u00b0\/+13\u00b0, y profundidad<br \/>\n<strong>Soporte para pedales:<\/strong><br \/>\n\u2022 Estructura de perfil de aluminio (6063 T6) de 40x40mm y placas de acero tipo E355 con un espesor de 5mm<br \/>\n\u2022 Ajuste de profundidad, inclinaci\u00f3n -9\u00b0\/+33\u00b0, y altura<br \/>\n<strong>Asiento baquet Oplite RS1 FiberCore\u00ae:<\/strong><br \/>\n\u2022 Nueva tecnolog\u00eda con 4 capas de fibra de vidrio entrelazadas y reforzadas<br \/>\n\u2022 Profundidad ajustable en \u00b1220mm mediante rieles deslizantes<br \/>\n\u2022 Ajuste de altura<br \/>\n\u2022 Inclinaci\u00f3n arriba\/abajo -24\u00b0\/+24\u00b0<br \/>\n\u2022 Revestimiento de microfibra negra con espuma de alta densidad<br \/>\n(32Kg\/m\u00b3)<br \/>\n\u2022 5 pasajes para arneses \/ Compatible con arneses de 3 o 4 puntos<br \/>\n<strong>Compatibilidad:<\/strong><br \/>\n\u2022 Soportes universales est\u00e1ndar FIA\u00ae; los asientos baquet de todas las grandes marcas son compatibles con el chasis R8 Fury. SPARCO\u00ae, RECARO\u00ae, SABELT\u00ae, Corbeau\u00ae, Bride\u00ae, GT2i\u00ae&#8230;<br \/>\n<strong>Torniller\u00eda y accesorios:<\/strong><br \/>\n\u2022 Torniller\u00eda de grado 12.9 de acero niquelado e insertos roscados de alta calidad, provenientes de la industria automotriz<br \/>\n\u2022 2 abrazaderas gu\u00eda cables<br \/>\n\u2022 2 bridas<br \/>\n\u2022 Un paquete de 4 pegatinas<\/p>\n<p><span style=\"text-decoration: underline;\"><strong>Compatibilidad de dispositivos*<\/strong><\/span><\/p>\n<table width=\"983\">\n<tbody>\n<tr>\n<th>Brand<\/th>\n<th>Product Type<\/th>\n<th>Compatible Products<\/th>\n<\/tr>\n<tr>\n<td>THRUSTMASTER<\/td>\n<td>Wheelbases**<\/td>\n<td>T300, T300RS, TS-XW, TS-PC, TGTII, T818, T598<\/td>\n<\/tr>\n<tr>\n<td>THRUSTMASTER<\/td>\n<td>Pedals<\/td>\n<td>T3PM, T-LCM<\/td>\n<\/tr>\n<tr>\n<td>TURTLE BEACH<\/td>\n<td>Wheelbase \/ Pedals<\/td>\n<td>VelocityOne Race<\/td>\n<\/tr>\n<tr>\n<td>LOGITECH<\/td>\n<td>Wheelbases<\/td>\n<td>G29, G920, G923, G Pro<\/td>\n<\/tr>\n<tr>\n<td>LOGITECH<\/td>\n<td>Pedals<\/td>\n<td>G29, G920, G923, Pro Racing Pedals<\/td>\n<\/tr>\n<tr>\n<td>MOZA<\/td>\n<td>Wheelbases<\/td>\n<td>R5, R9, R12, R16, R21<\/td>\n<\/tr>\n<tr>\n<td>MOZA<\/td>\n<td>Pedals<\/td>\n<td>SR-P lite Pedals, SR-P Pedals , CRP Pedals<\/td>\n<\/tr>\n<tr>\n<td>NACON<\/td>\n<td>Wheelbases<\/td>\n<td>RS Pure<\/td>\n<\/tr>\n<tr>\n<td>NACON<\/td>\n<td>Pedals<\/td>\n<td>RS Pure<\/td>\n<\/tr>\n<tr>\n<td>CAMMUS<\/td>\n<td>Wheelbases \/ Pedals<\/td>\n<td>C5, C12, DDWB 15, C5 Pedals, LC100<\/td>\n<\/tr>\n<tr>\n<td>FANATEC<\/td>\n<td>Wheelbases<\/td>\n<td>CSL DD, Clublsport DD, Clubsport DD+, DD Extreme, DD1, DD2<\/td>\n<\/tr>\n<tr>\n<td>FANATEC<\/td>\n<td>Pedals<\/td>\n<td>CSL Pedals, CSL Pedals LC, CSL Elite Pedals V2, Clubsport Pedals V3<\/td>\n<\/tr>\n<tr>\n<td>ASETEK<\/td>\n<td>Wheelbases<\/td>\n<td>Asetek Mount \/ La Prima 12nm, Forte 18nm, Invicta 27nm<\/td>\n<\/tr>\n<tr>\n<td>ASETEK<\/td>\n<td>Pedals<\/td>\n<td>Invicta, Invicta S series,La Prima,Forte S Series, Forte<\/td>\n<\/tr>\n<tr>\n<td>SIMUCUBE<\/td>\n<td>Mount<\/td>\n<td>Simucube Mount \/ Simcube 2 Sport, Simcube 2 Pro, Simbcube 2 Ultimate<\/td>\n<\/tr>\n<tr>\n<td>SIMAGIC<\/td>\n<td>Wheelbase \/ Pedals<\/td>\n<td>Alpha Mini, Alpha, Alpha U, P1000, P2000-R<\/td>\n<\/tr>\n<tr>\n<td>HEUSINKVELD<\/td>\n<td>Pedals<\/td>\n<td>Ultimate+, Sprint, Simcube Pedals<\/td>\n<\/tr>\n<\/tbody>\n<\/table>\n<p><small>*Per garantire la massima compatibilit\u00e0 con alcuni dispositivi, potrebbero essere necessari piccoli adattamenti. Nessuna preoccupazione: la qualit\u00e0 e la garanzia del prodotto non ne risentono.<br \/>\n**Puede ser necesario taladrar para las distancias entre ejes THRUSMASTER.<\/small><\/p>\n<p><span style=\"text-decoration: underline;\"><strong>Ecosistema R8 Fury<\/strong><\/span><\/p>\n<table width=\"837\">\n<tbody>\n<tr>\n<th>OPLITE<\/th>\n<th>Item No.<\/th>\n<th>Commercial Name GTIN<\/th>\n<\/tr>\n<tr>\n<td>OP-R8-CHB<\/td>\n<td>CHASSIS COCKPIT R8 FURY BLACK<\/td>\n<td>3770031134445<\/td>\n<\/tr>\n<tr>\n<td>OP-R8-CHW<\/td>\n<td>CHASSIS COCKPIT R8 FURY WHITE<\/td>\n<td>3770031134452<\/td>\n<\/tr>\n<tr>\n<td>OP-R8-B<\/td>\n<td>COCKPIT R8 FURY BLACK<\/td>\n<td>3770031134438<\/td>\n<\/tr>\n<tr>\n<td><strong>OP-R8-W<\/strong><\/td>\n<td><strong>COCKPIT R8 FURY WHITE<\/strong><\/td>\n<td><strong>3770031134421<\/strong><\/td>\n<\/tr>\n<tr>\n<td>OP-R8-HBB<\/td>\n<td>R8 GEAR SHIFT HANDBRAKE HOLDER BLACK<\/td>\n<td>3770031134414<\/td>\n<\/tr>\n<tr>\n<td>OP-R8-HBW<\/td>\n<td>R8 GEAR SHIFT HANDBRAKE HOLDER WHITE<\/td>\n<td>3770031134407<\/td>\n<\/tr>\n<tr>\n<td>OP-R8-CW<\/td>\n<td>R8 SUPREME CASTOR WHEEL<\/td>\n<td>3770031134391<\/td>\n<\/tr>\n<tr>\n<td>OP-R8-MKTB<\/td>\n<td>R8 KEYBOARD &amp; MOUSE TRAY BLACK<\/td>\n<td>3770031134377<\/td>\n<\/tr>\n<tr>\n<td>OP-R8-MKTW<\/td>\n<td>R8 KEYBOARD &amp; MOUSE TRAY WHITE<\/td>\n<td>3770031134544<\/td>\n<\/tr>\n<tr>\n<td>OP-R8-CPUHB<\/td>\n<td>R8 CPU HOLDER R8 BLACK<\/td>\n<td>3770031134360<\/td>\n<\/tr>\n<tr>\n<td>OP-R8-CPUHW<\/td>\n<td>R8 CPU HOLDER R8 WHITE<\/td>\n<td>3770031134551<\/td>\n<\/tr>\n<tr>\n<td>OP-R8-SMMB<\/td>\n<td>R8 SINGLE MONITOR MOUNT BLACK<\/td>\n<td>3770031134384<\/td>\n<\/tr>\n<tr>\n<td>OP-R8-SMMW<\/td>\n<td>R8 SINGLE MONITOR MOUNT WHITE<\/td>\n<td>3770031134353<\/td>\n<\/tr>\n<tr>\n<td>OP-R8-SMSB<\/td>\n<td>R8 SINGLE MONITOR STAND<\/td>\n<td>3770031134346<\/td>\n<\/tr>\n<tr>\n<td>OP-R8-ETSM<\/td>\n<td>R8 EXTENSIONS TRIPLE SCREEN MOUNT<\/td>\n<td>3770031134339<\/td>\n<\/tr>\n<tr>\n<td>OP-R8-4MMB<\/td>\n<td>R8 ON TOP MONITOR MOUNT BLACK<\/td>\n<td>3770031134322<\/td>\n<\/tr>\n<tr>\n<td>OP-R8-4MMW<\/td>\n<td>R8 ON TOP MONITOR MOUNT WHITE<\/td>\n<td>3770031134568<\/td>\n<\/tr>\n<\/tbody>\n<\/table>\n","protected":false},"excerpt":{"rendered":"<p>SOPLITE presenta su completamente nuevo <strong>R8 FURY<\/strong> en blanco:<strong> \u00a1el cockpit de simulaci\u00f3n automovil\u00edstica m\u00e1s compacto, potente e inmersivo de su categor\u00eda!<\/strong> \u00a1Prep\u00e1rate para una experiencia de conducci\u00f3n sin compromisos!<\/p>\n[embed]https:\/\/youtu.be\/Y-DH4SEYmDE?si=KeaE_idll3x5ZYBh[\/embed]\n","protected":false},"featured_media":44704,"template":"","meta":{"_acf_changed":false,"footnotes":""},"product_brand":[],"product_cat":[803,731],"product_tag":[811],"class_list":{"0":"post-45710","1":"product","2":"type-product","3":"status-publish","4":"has-post-thumbnail","6":"product_cat-cockpit-r8-fury-white-es","7":"product_cat-simuladores","8":"product_tag-r8-fury-es","9":"pa_colisage-pcb-1-es","11":"first","12":"outofstock","13":"taxable","14":"shipping-taxable","15":"purchasable","16":"product-type-simple"},"bundled_by":[],"bundle_stock_status":"outofstock","bundle_stock_quantity":0,"bundle_virtual":false,"bundle_layout":"","bundle_add_to_cart_form_location":"","bundle_editable_in_cart":false,"bundle_sold_individually_context":"","bundle_item_grouping":"","bundle_min_size":"","bundle_max_size":"","bundle_price":[],"bundled_items":[],"bundle_sell_ids":[],"acf":[],"yoast_head":"<!-- This site is optimized with the Yoast SEO plugin v27.3 - https:\/\/yoast.com\/product\/yoast-seo-wordpress\/ -->\n<title>Cockpit R8 Fury White - OPLITE<\/title>\n<meta name=\"robots\" content=\"index, follow, max-snippet:-1, max-image-preview:large, max-video-preview:-1\" \/>\n<link rel=\"canonical\" href=\"https:\/\/oplitegames.com\/es\/producto\/cockpit-r8-fury-white\/\" \/>\n<meta property=\"og:locale\" content=\"es_ES\" \/>\n<meta property=\"og:type\" content=\"article\" \/>\n<meta property=\"og:title\" content=\"Cockpit R8 Fury White - OPLITE\" \/>\n<meta property=\"og:description\" content=\"SOPLITE presenta su completamente nuevo R8 FURY en blanco: \u00a1el cockpit de simulaci\u00f3n automovil\u00edstica m\u00e1s compacto, potente e inmersivo de su categor\u00eda! \u00a1Prep\u00e1rate para una experiencia de conducci\u00f3n sin compromisos!\" \/>\n<meta property=\"og:url\" content=\"https:\/\/oplitegames.com\/es\/producto\/cockpit-r8-fury-white\/\" \/>\n<meta property=\"og:site_name\" content=\"OPLITE\" \/>\n<meta property=\"article:modified_time\" content=\"2025-12-16T14:09:26+00:00\" \/>\n<meta property=\"og:image\" content=\"https:\/\/oplitegames.com\/wp-content\/uploads\/COCKPIT-R8-FURY-WHITE-OP-R8-W_01.png\" \/>\n\t<meta property=\"og:image:width\" content=\"2750\" \/>\n\t<meta property=\"og:image:height\" content=\"2750\" \/>\n\t<meta property=\"og:image:type\" content=\"image\/png\" \/>\n<meta name=\"twitter:card\" content=\"summary_large_image\" \/>\n<meta name=\"twitter:label1\" content=\"Price\" \/>\n\t<meta name=\"twitter:data1\" content=\"649,90&nbsp;&euro;\" \/>\n\t<meta name=\"twitter:label2\" content=\"Availability\" \/>\n\t<meta name=\"twitter:data2\" content=\"Out of stock\" \/>\n<script type=\"application\/ld+json\" class=\"yoast-schema-graph\">{\"@context\":\"https:\\\/\\\/schema.org\",\"@graph\":[{\"@type\":[\"WebPage\",\"ItemPage\"],\"@id\":\"https:\\\/\\\/oplitegames.com\\\/es\\\/producto\\\/cockpit-r8-fury-white\\\/\",\"url\":\"https:\\\/\\\/oplitegames.com\\\/es\\\/producto\\\/cockpit-r8-fury-white\\\/\",\"name\":\"Cockpit R8 Fury White - OPLITE\",\"isPartOf\":{\"@id\":\"https:\\\/\\\/oplitegames.com\\\/#website\"},\"primaryImageOfPage\":{\"@id\":\"https:\\\/\\\/oplitegames.com\\\/es\\\/producto\\\/cockpit-r8-fury-white\\\/#primaryimage\"},\"image\":{\"@id\":\"https:\\\/\\\/oplitegames.com\\\/es\\\/producto\\\/cockpit-r8-fury-white\\\/#primaryimage\"},\"thumbnailUrl\":\"https:\\\/\\\/oplitegames-preprod.ezratis.fr\\\/wp-content\\\/uploads\\\/COCKPIT-R8-FURY-WHITE-OP-R8-W_01.png\",\"datePublished\":\"2025-01-28T02:00:06+00:00\",\"dateModified\":\"2025-12-16T14:09:26+00:00\",\"breadcrumb\":{\"@id\":\"https:\\\/\\\/oplitegames.com\\\/es\\\/producto\\\/cockpit-r8-fury-white\\\/#breadcrumb\"},\"inLanguage\":\"es\",\"potentialAction\":[{\"@type\":\"ReadAction\",\"target\":[\"https:\\\/\\\/oplitegames.com\\\/es\\\/producto\\\/cockpit-r8-fury-white\\\/\"]}]},{\"@type\":\"ImageObject\",\"inLanguage\":\"es\",\"@id\":\"https:\\\/\\\/oplitegames.com\\\/es\\\/producto\\\/cockpit-r8-fury-white\\\/#primaryimage\",\"url\":\"https:\\\/\\\/oplitegames-preprod.ezratis.fr\\\/wp-content\\\/uploads\\\/COCKPIT-R8-FURY-WHITE-OP-R8-W_01.png\",\"contentUrl\":\"https:\\\/\\\/oplitegames-preprod.ezratis.fr\\\/wp-content\\\/uploads\\\/COCKPIT-R8-FURY-WHITE-OP-R8-W_01.png\",\"width\":2750,\"height\":2750},{\"@type\":\"BreadcrumbList\",\"@id\":\"https:\\\/\\\/oplitegames.com\\\/es\\\/producto\\\/cockpit-r8-fury-white\\\/#breadcrumb\",\"itemListElement\":[{\"@type\":\"ListItem\",\"position\":1,\"name\":\"Home\",\"item\":\"https:\\\/\\\/oplitegames.com\\\/es\\\/oplite-gaming\\\/\"},{\"@type\":\"ListItem\",\"position\":2,\"name\":\"Comercio\",\"item\":\"https:\\\/\\\/oplitegames.com\\\/es\\\/comercio\\\/\"},{\"@type\":\"ListItem\",\"position\":3,\"name\":\"Cockpit R8 Fury White\"}]},{\"@type\":\"WebSite\",\"@id\":\"https:\\\/\\\/oplitegames.com\\\/#website\",\"url\":\"https:\\\/\\\/oplitegames.com\\\/\",\"name\":\"OPLITE\",\"description\":\"\",\"publisher\":{\"@id\":\"https:\\\/\\\/oplitegames.com\\\/#organization\"},\"potentialAction\":[{\"@type\":\"SearchAction\",\"target\":{\"@type\":\"EntryPoint\",\"urlTemplate\":\"https:\\\/\\\/oplitegames.com\\\/?s={search_term_string}\"},\"query-input\":{\"@type\":\"PropertyValueSpecification\",\"valueRequired\":true,\"valueName\":\"search_term_string\"}}],\"inLanguage\":\"es\"},{\"@type\":\"Organization\",\"@id\":\"https:\\\/\\\/oplitegames.com\\\/#organization\",\"name\":\"OPLITE\",\"url\":\"https:\\\/\\\/oplitegames.com\\\/\",\"logo\":{\"@type\":\"ImageObject\",\"inLanguage\":\"es\",\"@id\":\"https:\\\/\\\/oplitegames.com\\\/#\\\/schema\\\/logo\\\/image\\\/\",\"url\":\"https:\\\/\\\/oplitegames-preprod.ezratis.fr\\\/wp-content\\\/uploads\\\/cropped-cropped-Oplite-Blanc-casse-002-scaled-1.png\",\"contentUrl\":\"https:\\\/\\\/oplitegames-preprod.ezratis.fr\\\/wp-content\\\/uploads\\\/cropped-cropped-Oplite-Blanc-casse-002-scaled-1.png\",\"width\":2509,\"height\":597,\"caption\":\"OPLITE\"},\"image\":{\"@id\":\"https:\\\/\\\/oplitegames.com\\\/#\\\/schema\\\/logo\\\/image\\\/\"}}]}<\/script>\n<meta property=\"product:price:amount\" content=\"649.90\" \/>\n<meta property=\"product:price:currency\" content=\"EUR\" \/>\n<meta property=\"og:availability\" content=\"out of stock\" \/>\n<meta property=\"product:availability\" content=\"out of stock\" \/>\n<meta property=\"product:retailer_item_id\" content=\"100734\" \/>\n<meta property=\"product:condition\" content=\"new\" \/>\n<!-- \/ Yoast SEO plugin. -->","yoast_head_json":{"title":"Cockpit R8 Fury White - OPLITE","robots":{"index":"index","follow":"follow","max-snippet":"max-snippet:-1","max-image-preview":"max-image-preview:large","max-video-preview":"max-video-preview:-1"},"canonical":"https:\/\/oplitegames.com\/es\/producto\/cockpit-r8-fury-white\/","og_locale":"es_ES","og_type":"article","og_title":"Cockpit R8 Fury White - OPLITE","og_description":"SOPLITE presenta su completamente nuevo R8 FURY en blanco: \u00a1el cockpit de simulaci\u00f3n automovil\u00edstica m\u00e1s compacto, potente e inmersivo de su categor\u00eda! \u00a1Prep\u00e1rate para una experiencia de conducci\u00f3n sin compromisos!","og_url":"https:\/\/oplitegames.com\/es\/producto\/cockpit-r8-fury-white\/","og_site_name":"OPLITE","article_modified_time":"2025-12-16T14:09:26+00:00","og_image":[{"width":2750,"height":2750,"url":"https:\/\/oplitegames.com\/wp-content\/uploads\/COCKPIT-R8-FURY-WHITE-OP-R8-W_01.png","type":"image\/png"}],"twitter_card":"summary_large_image","twitter_misc":{"Price":"649,90&nbsp;&euro;","Availability":"Out of stock"},"schema":{"@context":"https:\/\/schema.org","@graph":[{"@type":["WebPage","ItemPage"],"@id":"https:\/\/oplitegames.com\/es\/producto\/cockpit-r8-fury-white\/","url":"https:\/\/oplitegames.com\/es\/producto\/cockpit-r8-fury-white\/","name":"Cockpit R8 Fury White - OPLITE","isPartOf":{"@id":"https:\/\/oplitegames.com\/#website"},"primaryImageOfPage":{"@id":"https:\/\/oplitegames.com\/es\/producto\/cockpit-r8-fury-white\/#primaryimage"},"image":{"@id":"https:\/\/oplitegames.com\/es\/producto\/cockpit-r8-fury-white\/#primaryimage"},"thumbnailUrl":"https:\/\/oplitegames-preprod.ezratis.fr\/wp-content\/uploads\/COCKPIT-R8-FURY-WHITE-OP-R8-W_01.png","datePublished":"2025-01-28T02:00:06+00:00","dateModified":"2025-12-16T14:09:26+00:00","breadcrumb":{"@id":"https:\/\/oplitegames.com\/es\/producto\/cockpit-r8-fury-white\/#breadcrumb"},"inLanguage":"es","potentialAction":[{"@type":"ReadAction","target":["https:\/\/oplitegames.com\/es\/producto\/cockpit-r8-fury-white\/"]}]},{"@type":"ImageObject","inLanguage":"es","@id":"https:\/\/oplitegames.com\/es\/producto\/cockpit-r8-fury-white\/#primaryimage","url":"https:\/\/oplitegames-preprod.ezratis.fr\/wp-content\/uploads\/COCKPIT-R8-FURY-WHITE-OP-R8-W_01.png","contentUrl":"https:\/\/oplitegames-preprod.ezratis.fr\/wp-content\/uploads\/COCKPIT-R8-FURY-WHITE-OP-R8-W_01.png","width":2750,"height":2750},{"@type":"BreadcrumbList","@id":"https:\/\/oplitegames.com\/es\/producto\/cockpit-r8-fury-white\/#breadcrumb","itemListElement":[{"@type":"ListItem","position":1,"name":"Home","item":"https:\/\/oplitegames.com\/es\/oplite-gaming\/"},{"@type":"ListItem","position":2,"name":"Comercio","item":"https:\/\/oplitegames.com\/es\/comercio\/"},{"@type":"ListItem","position":3,"name":"Cockpit R8 Fury White"}]},{"@type":"WebSite","@id":"https:\/\/oplitegames.com\/#website","url":"https:\/\/oplitegames.com\/","name":"OPLITE","description":"","publisher":{"@id":"https:\/\/oplitegames.com\/#organization"},"potentialAction":[{"@type":"SearchAction","target":{"@type":"EntryPoint","urlTemplate":"https:\/\/oplitegames.com\/?s={search_term_string}"},"query-input":{"@type":"PropertyValueSpecification","valueRequired":true,"valueName":"search_term_string"}}],"inLanguage":"es"},{"@type":"Organization","@id":"https:\/\/oplitegames.com\/#organization","name":"OPLITE","url":"https:\/\/oplitegames.com\/","logo":{"@type":"ImageObject","inLanguage":"es","@id":"https:\/\/oplitegames.com\/#\/schema\/logo\/image\/","url":"https:\/\/oplitegames-preprod.ezratis.fr\/wp-content\/uploads\/cropped-cropped-Oplite-Blanc-casse-002-scaled-1.png","contentUrl":"https:\/\/oplitegames-preprod.ezratis.fr\/wp-content\/uploads\/cropped-cropped-Oplite-Blanc-casse-002-scaled-1.png","width":2509,"height":597,"caption":"OPLITE"},"image":{"@id":"https:\/\/oplitegames.com\/#\/schema\/logo\/image\/"}}]},"product_price_amount":"649.90","product_price_currency":"EUR","og_availability":"out of stock","product_availability":"out of stock","product_retailer_item_id":"100734","product_condition":"new"},"_links":{"self":[{"href":"https:\/\/oplitegames-preprod.ezratis.fr\/es\/wp-json\/wp\/v2\/product\/45710","targetHints":{"allow":["GET"]}}],"collection":[{"href":"https:\/\/oplitegames-preprod.ezratis.fr\/es\/wp-json\/wp\/v2\/product"}],"about":[{"href":"https:\/\/oplitegames-preprod.ezratis.fr\/es\/wp-json\/wp\/v2\/types\/product"}],"version-history":[{"count":8,"href":"https:\/\/oplitegames-preprod.ezratis.fr\/es\/wp-json\/wp\/v2\/product\/45710\/revisions"}],"predecessor-version":[{"id":62478,"href":"https:\/\/oplitegames-preprod.ezratis.fr\/es\/wp-json\/wp\/v2\/product\/45710\/revisions\/62478"}],"wp:featuredmedia":[{"embeddable":true,"href":"https:\/\/oplitegames-preprod.ezratis.fr\/es\/wp-json\/wp\/v2\/media\/44704"}],"wp:attachment":[{"href":"https:\/\/oplitegames-preprod.ezratis.fr\/es\/wp-json\/wp\/v2\/media?parent=45710"}],"wp:term":[{"taxonomy":"product_brand","embeddable":true,"href":"https:\/\/oplitegames-preprod.ezratis.fr\/es\/wp-json\/wp\/v2\/product_brand?post=45710"},{"taxonomy":"product_cat","embeddable":true,"href":"https:\/\/oplitegames-preprod.ezratis.fr\/es\/wp-json\/wp\/v2\/product_cat?post=45710"},{"taxonomy":"product_tag","embeddable":true,"href":"https:\/\/oplitegames-preprod.ezratis.fr\/es\/wp-json\/wp\/v2\/product_tag?post=45710"}],"curies":[{"name":"wp","href":"https:\/\/api.w.org\/{rel}","templated":true}]}}