{"id":45822,"date":"2025-01-28T03:00:07","date_gmt":"2025-01-28T02:00:07","guid":{"rendered":"https:\/\/oplitegames.com\/?post_type=product&#038;p=45822"},"modified":"2026-01-20T10:42:07","modified_gmt":"2026-01-20T09:42:07","slug":"chassis-r8-fury-black","status":"publish","type":"product","link":"https:\/\/oplitegames-preprod.ezratis.fr\/es\/producto\/chassis-r8-fury-black\/","title":{"rendered":"Chassis R8 Fury Black"},"content":{"rendered":"<p>Fruto de la colaboraci\u00f3n entre el departamento de I+D de OPLITE y la experiencia de numerosos pilotos profesionales, el R8 FURY ofrece una ergonom\u00eda realista, adaptada a tu morfolog\u00eda y a diferentes estilos de simulaci\u00f3n de conducci\u00f3n: GT, NASCAR, Rally, Trophy Truck&#8230; (F\u00f3rmula 1 opcional). Su construcci\u00f3n h\u00edbrida, con una estructura ultra r\u00edgida de perfil de <strong>aluminio (6063 T6) de 80&#215;40 mm y el uso de acero tubular tipo E355 de \u00d8 35 mm,<\/strong> convierte este cockpit en una soluci\u00f3n robusta y est\u00e9tica compatible con los cilindros hidr\u00e1ulicos. Sus cualidades estructurales le permiten albergar las bases de motor Direct Drive y los pedales LoadCell m\u00e1s potentes del mercado.<\/p>\n<p><span style=\"text-decoration: underline;\"><strong>Puntos Fuertes<\/strong><\/span><br \/>\n\u2022 Alianza perfecta entre perfil de aluminio y acero tubular, que ofrece est\u00e9tica, rigidez e inmersi\u00f3n.<br \/>\n\u2022 Ergonom\u00eda ajustable para todas las tallas, validada por pilotos profesionales.<br \/>\n\u2022 Soporte para volante de acero compatible con las bases de Direct Drive de \u00faltima generaci\u00f3n (potencia superior a 35 NM).<br \/>\n\u2022 Soporte para pedales de acero y perfil de aluminio 40&#215;40, que permite la instalaci\u00f3n de los pedales LoadCell m\u00e1s potentes (hasta 200 kg de presi\u00f3n).<br \/>\n\u2022 Gu\u00edas de asiento &#8220;Easy Sliding&#8221; para un ajuste preciso, con posibilidad de fijaci\u00f3n para un Buttkicker\u00ae.<br \/>\n\u2022 Montajes universales est\u00e1ndar FIA\u00ae; compatibles con SPARCO\u00ae, RECARO\u00ae, SABELT\u00ae, Corbeau\u00ae, Bride\u00ae, GT2i\u00ae y m\u00e1s.<br \/>\n\u2022 Esquinas de ensamblaje (perfil de aluminio\/guias) compatibles con gu\u00edas de la marca Sparco\u00ae.<br \/>\n\u2022 Suministradas con 4 patines antideslizantes, reemplazables por las &#8220;R8 SUPREME CASTOR WHEEL&#8221; (ruedas opcionales).<br \/>\n\u2022 Torniller\u00eda de acero niquelado de grado 12.9 e inserciones roscadas de alta calidad (norma de competici\u00f3n automovil\u00edstica).<br \/>\n\u2022 Muy compacto: huella en el suelo de 120&#215;60 cm.<br \/>\n\u2022 Ecosistema completo para dise\u00f1ar un puesto de conducci\u00f3n ideal con todos los perif\u00e9ricos al alcance de la mano.<\/p>\n<p><span style=\"text-decoration: underline;\"><strong>Caracter\u00edsticas t\u00e9cnicas<\/strong><\/span><br \/>\n<strong>Chasis:<\/strong><br \/>\n\u2022 Estructura de perfil de aluminio (6063 T6) de 80&#215;40 mm y acero tubular robusto tipo E355 con un di\u00e1metro de 35 mm y un espesor de 2,5 mm.<br \/>\n\u2022 4 almohadillas giratorias largas para un ajuste \u00f3ptimo.<br \/>\n<strong>Soporte para volante:<\/strong><br \/>\n\u2022 Estructura de acero tipo E355 con un espesor de 5 mm.<br \/>\n\u2022 Ajuste de altura, ajuste de inclinaci\u00f3n de -10\u00b0 a +13\u00b0 y ajuste de profundidad.<br \/>\n<strong>Soporte para pedales:<\/strong><br \/>\n\u2022 Estructura de perfil de aluminio (6063 T6) de 40&#215;40 mm y placas de acero tipo E355 con un espesor de 5 mm.<br \/>\n\u2022 Ajuste de profundidad, ajuste de inclinaci\u00f3n de -9\u00b0 a +33\u00b0 y altura.<br \/>\n<strong>Compatibilidad de perif\u00e9ricos:<\/strong><br \/>\n\u2022 El R8 FURY es compatible con numerosos perif\u00e9ricos, incluidas marcas como Fanatec\u00ae, Simagic\u00ae, Simucube\u00ae, Moza\u00ae, Thrustmaster\u00ae, Logitech\u00ae, Turtle Beach\u00ae, Asetek\u00ae y muchas m\u00e1s.<br \/>\n<strong>Compatibilidad con el asiento de cubo de fibra de vidrio:<\/strong><br \/>\n\u2022 El asiento de cubo Oplite RS1 FiberCore\u00ae (vendido por separado) es 100% compatible con este chasis.<br \/>\n\u2022 Los soportes de nuestro R8 Fury tienen una distancia entre ejes de montaje que cumple con los est\u00e1ndares FIA\u00ae (espaciado de 290 mm), lo que permite instalar la mayor\u00eda de los asientos baquet GT de las marcas m\u00e1s prestigiosas.<br \/>\n\u2022 Para la instalaci\u00f3n de un asiento baquet tipo Rally, puede ser imprescindible adquirir los soportes del fabricante para garantizar una compatibilidad \u00f3ptima.<br \/>\n<strong>Torniller\u00eda y accesorios:<\/strong><br \/>\n\u2022 Torniller\u00eda de acero niquelado de grado 12.9 e insertos roscados de alta calidad provenientes de la industria automotriz.<br \/>\n\u2022 2 abrazaderas gu\u00eda de cables, 2 bridas,<br \/>\n\u2022 un paquete de 4 pegatinas.<\/p>\n<p><span style=\"text-decoration: underline;\"><strong>Compatibilidad de perif\u00e9ricos*<\/strong><\/span><\/p>\n<table width=\"983\">\n<tbody>\n<tr>\n<th>Brand<\/th>\n<th>Product Type<\/th>\n<th>Compatible Products<\/th>\n<\/tr>\n<tr>\n<td>THRUSTMASTER<\/td>\n<td>Wheelbases**<\/td>\n<td>T300, T300RS, TS-XW, TS-PC, TGTII, T818, T598<\/td>\n<\/tr>\n<tr>\n<td>THRUSTMASTER<\/td>\n<td>Pedals<\/td>\n<td>T3PM, T-LCM<\/td>\n<\/tr>\n<tr>\n<td>TURTLE BEACH<\/td>\n<td>Wheelbase \/ Pedals<\/td>\n<td>VelocityOne Race<\/td>\n<\/tr>\n<tr>\n<td>LOGITECH<\/td>\n<td>Wheelbases<\/td>\n<td>G29, G920, G923, G Pro<\/td>\n<\/tr>\n<tr>\n<td>LOGITECH<\/td>\n<td>Pedals<\/td>\n<td>G29, G920, G923, Pro Racing Pedals<\/td>\n<\/tr>\n<tr>\n<td>MOZA<\/td>\n<td>Wheelbases<\/td>\n<td>R5, R9, R12, R16, R21<\/td>\n<\/tr>\n<tr>\n<td>MOZA<\/td>\n<td>Pedals<\/td>\n<td>SR-P lite Pedals, SR-P Pedals , CRP Pedals<\/td>\n<\/tr>\n<tr>\n<td>NACON<\/td>\n<td>Wheelbases<\/td>\n<td>RS Pure<\/td>\n<\/tr>\n<tr>\n<td>NACON<\/td>\n<td>Pedals<\/td>\n<td>RS Pure<\/td>\n<\/tr>\n<tr>\n<td>CAMMUS<\/td>\n<td>Wheelbases \/ Pedals<\/td>\n<td>C5, C12, DDWB 15, C5 Pedals, LC100<\/td>\n<\/tr>\n<tr>\n<td>FANATEC<\/td>\n<td>Wheelbases<\/td>\n<td>CSL DD, Clublsport DD, Clubsport DD+, DD Extreme, DD1, DD2<\/td>\n<\/tr>\n<tr>\n<td>FANATEC<\/td>\n<td>Pedals<\/td>\n<td>CSL Pedals, CSL Pedals LC, CSL Elite Pedals V2, Clubsport Pedals V3<\/td>\n<\/tr>\n<tr>\n<td>ASETEK<\/td>\n<td>Wheelbases<\/td>\n<td>Asetek Mount \/ La Prima 12nm, Forte 18nm, Invicta 27nm<\/td>\n<\/tr>\n<tr>\n<td>ASETEK<\/td>\n<td>Pedals<\/td>\n<td>Invicta, Invicta S series,La Prima,Forte S Series, Forte<\/td>\n<\/tr>\n<tr>\n<td>SIMUCUBE<\/td>\n<td>Mount<\/td>\n<td>Simucube Mount \/ Simcube 2 Sport, Simcube 2 Pro, Simbcube 2 Ultimate<\/td>\n<\/tr>\n<tr>\n<td>SIMAGIC<\/td>\n<td>Wheelbase \/ Pedals<\/td>\n<td>Alpha Mini, Alpha, Alpha U, P1000, P2000-R<\/td>\n<\/tr>\n<tr>\n<td>HEUSINKVELD<\/td>\n<td>Pedals<\/td>\n<td>Ultimate+, Sprint, Simcube Pedals<\/td>\n<\/tr>\n<\/tbody>\n<\/table>\n<p><small>*Per garantire la massima compatibilit\u00e0 con alcuni dispositivi, potrebbero essere necessari piccoli adattamenti. Nessuna preoccupazione: la qualit\u00e0 e la garanzia del prodotto non ne risentono.<br \/>\n**Puede ser necesario taladrar para las distancias entre ejes THRUSMASTER.<\/small><\/p>\n<p><span style=\"text-decoration: underline;\"><strong>Ecosistema R8 Fury<\/strong><\/span><\/p>\n<table width=\"837\">\n<tbody>\n<tr>\n<th>OPLITE<\/th>\n<th>Item No.<\/th>\n<th>Commercial Name GTIN<\/th>\n<\/tr>\n<tr>\n<td><strong>OP-R8-CHB<\/strong><\/td>\n<td><strong>CHASSIS COCKPIT R8 FURY BLACK<\/strong><\/td>\n<td><strong>3770031134445<\/strong><\/td>\n<\/tr>\n<tr>\n<td>OP-R8-CHW<\/td>\n<td>CHASSIS COCKPIT R8 FURY WHITE<\/td>\n<td>3770031134452<\/td>\n<\/tr>\n<tr>\n<td>OP-R8-B<\/td>\n<td>COCKPIT R8 FURY BLACK<\/td>\n<td>3770031134438<\/td>\n<\/tr>\n<tr>\n<td>OP-R8-W<\/td>\n<td>COCKPIT R8 FURY WHITE<\/td>\n<td>3770031134421<\/td>\n<\/tr>\n<tr>\n<td>OP-R8-HBB<\/td>\n<td>R8 GEAR SHIFT HANDBRAKE HOLDER BLACK<\/td>\n<td>3770031134414<\/td>\n<\/tr>\n<tr>\n<td>OP-R8-HBW<\/td>\n<td>R8 GEAR SHIFT HANDBRAKE HOLDER WHITE<\/td>\n<td>3770031134407<\/td>\n<\/tr>\n<tr>\n<td>OP-R8-CW<\/td>\n<td>R8 SUPREME CASTOR WHEEL<\/td>\n<td>3770031134391<\/td>\n<\/tr>\n<tr>\n<td>OP-R8-MKTB<\/td>\n<td>R8 KEYBOARD &amp; MOUSE TRAY BLACK<\/td>\n<td>3770031134377<\/td>\n<\/tr>\n<tr>\n<td>OP-R8-MKTW<\/td>\n<td>R8 KEYBOARD &amp; MOUSE TRAY WHITE<\/td>\n<td>3770031134544<\/td>\n<\/tr>\n<tr>\n<td>OP-R8-CPUHB<\/td>\n<td>R8 CPU HOLDER R8 BLACK<\/td>\n<td>3770031134360<\/td>\n<\/tr>\n<tr>\n<td>OP-R8-CPUHW<\/td>\n<td>R8 CPU HOLDER R8 WHITE<\/td>\n<td>3770031134551<\/td>\n<\/tr>\n<tr>\n<td>OP-R8-SMMB<\/td>\n<td>R8 SINGLE MONITOR MOUNT BLACK<\/td>\n<td>3770031134384<\/td>\n<\/tr>\n<tr>\n<td>OP-R8-SMMW<\/td>\n<td>R8 SINGLE MONITOR MOUNT WHITE<\/td>\n<td>3770031134353<\/td>\n<\/tr>\n<tr>\n<td>OP-R8-SMSB<\/td>\n<td>R8 SINGLE MONITOR STAND<\/td>\n<td>3770031134346<\/td>\n<\/tr>\n<tr>\n<td>OP-R8-ETSM<\/td>\n<td>R8 EXTENSIONS TRIPLE SCREEN MOUNT<\/td>\n<td>3770031134339<\/td>\n<\/tr>\n<tr>\n<td>OP-R8-4MMB<\/td>\n<td>R8 ON TOP MONITOR MOUNT BLACK<\/td>\n<td>3770031134322<\/td>\n<\/tr>\n<tr>\n<td>OP-R8-4MMW<\/td>\n<td>R8 ON TOP MONITOR MOUNT WHITE<\/td>\n<td>3770031134568<\/td>\n<\/tr>\n<\/tbody>\n<\/table>\n","protected":false},"excerpt":{"rendered":"<p>OPLITE presenta su nuevo Cockpit de simulaci\u00f3n, el <strong>R8 FURY en versi\u00f3n Negro<\/strong>: \u00a1el cockpit de simulaci\u00f3n automovil\u00edstica m\u00e1s compacto, m\u00e1s potente y m\u00e1s inmersivo de su categor\u00eda! \u00a1Prep\u00e1rate para una experiencia de conducci\u00f3n sin compromisos!<\/p>\n","protected":false},"featured_media":46343,"template":"","meta":{"_acf_changed":false,"footnotes":""},"product_brand":[],"product_cat":[806,731],"product_tag":[811],"class_list":{"0":"post-45822","1":"product","2":"type-product","3":"status-publish","4":"has-post-thumbnail","6":"product_cat-cockpit-r8-fury-black-es","7":"product_cat-simuladores","8":"product_tag-r8-fury-es","9":"pa_colisage-pcb-1-es","11":"first","12":"instock","13":"taxable","14":"shipping-taxable","15":"purchasable","16":"product-type-simple"},"bundled_by":[],"bundle_stock_status":"instock","bundle_stock_quantity":8,"bundle_virtual":false,"bundle_layout":"","bundle_add_to_cart_form_location":"","bundle_editable_in_cart":false,"bundle_sold_individually_context":"","bundle_item_grouping":"","bundle_min_size":"","bundle_max_size":"","bundle_price":[],"bundled_items":[],"bundle_sell_ids":[],"acf":[],"yoast_head":"<!-- This site is optimized with the Yoast SEO plugin v27.3 - https:\/\/yoast.com\/product\/yoast-seo-wordpress\/ -->\n<title>Chassis R8 Fury Black - OPLITE<\/title>\n<meta name=\"robots\" content=\"index, follow, max-snippet:-1, max-image-preview:large, max-video-preview:-1\" \/>\n<link rel=\"canonical\" href=\"https:\/\/oplitegames.com\/es\/producto\/chassis-r8-fury-black\/\" \/>\n<meta property=\"og:locale\" content=\"es_ES\" \/>\n<meta property=\"og:type\" content=\"article\" \/>\n<meta property=\"og:title\" content=\"Chassis R8 Fury Black - OPLITE\" \/>\n<meta property=\"og:description\" content=\"OPLITE presenta su nuevo Cockpit de simulaci\u00f3n, el R8 FURY en versi\u00f3n Negro: \u00a1el cockpit de simulaci\u00f3n automovil\u00edstica m\u00e1s compacto, m\u00e1s potente y m\u00e1s inmersivo de su categor\u00eda! \u00a1Prep\u00e1rate para una experiencia de conducci\u00f3n sin compromisos!\" \/>\n<meta property=\"og:url\" content=\"https:\/\/oplitegames.com\/es\/producto\/chassis-r8-fury-black\/\" \/>\n<meta property=\"og:site_name\" content=\"OPLITE\" \/>\n<meta property=\"article:modified_time\" content=\"2026-01-20T09:42:07+00:00\" \/>\n<meta property=\"og:image\" content=\"https:\/\/oplitegames.com\/wp-content\/uploads\/CHASSIS-R8-FURY-BLACK-OP-R8-CHB_01-1.png\" \/>\n\t<meta property=\"og:image:width\" content=\"2250\" \/>\n\t<meta property=\"og:image:height\" content=\"2250\" \/>\n\t<meta property=\"og:image:type\" content=\"image\/png\" \/>\n<meta name=\"twitter:card\" content=\"summary_large_image\" \/>\n<meta name=\"twitter:label1\" content=\"Price\" \/>\n\t<meta name=\"twitter:data1\" content=\"499,90&nbsp;&euro;\" \/>\n\t<meta name=\"twitter:label2\" content=\"Availability\" \/>\n\t<meta name=\"twitter:data2\" content=\"In stock\" \/>\n<script type=\"application\/ld+json\" class=\"yoast-schema-graph\">{\"@context\":\"https:\\\/\\\/schema.org\",\"@graph\":[{\"@type\":[\"WebPage\",\"ItemPage\"],\"@id\":\"https:\\\/\\\/oplitegames.com\\\/es\\\/producto\\\/chassis-r8-fury-black\\\/\",\"url\":\"https:\\\/\\\/oplitegames.com\\\/es\\\/producto\\\/chassis-r8-fury-black\\\/\",\"name\":\"Chassis R8 Fury Black - OPLITE\",\"isPartOf\":{\"@id\":\"https:\\\/\\\/oplitegames.com\\\/#website\"},\"primaryImageOfPage\":{\"@id\":\"https:\\\/\\\/oplitegames.com\\\/es\\\/producto\\\/chassis-r8-fury-black\\\/#primaryimage\"},\"image\":{\"@id\":\"https:\\\/\\\/oplitegames.com\\\/es\\\/producto\\\/chassis-r8-fury-black\\\/#primaryimage\"},\"thumbnailUrl\":\"https:\\\/\\\/oplitegames-preprod.ezratis.fr\\\/wp-content\\\/uploads\\\/CHASSIS-R8-FURY-BLACK-OP-R8-CHB_01-1.png\",\"datePublished\":\"2025-01-28T02:00:07+00:00\",\"dateModified\":\"2026-01-20T09:42:07+00:00\",\"breadcrumb\":{\"@id\":\"https:\\\/\\\/oplitegames.com\\\/es\\\/producto\\\/chassis-r8-fury-black\\\/#breadcrumb\"},\"inLanguage\":\"es\",\"potentialAction\":[{\"@type\":\"ReadAction\",\"target\":[\"https:\\\/\\\/oplitegames.com\\\/es\\\/producto\\\/chassis-r8-fury-black\\\/\"]}]},{\"@type\":\"ImageObject\",\"inLanguage\":\"es\",\"@id\":\"https:\\\/\\\/oplitegames.com\\\/es\\\/producto\\\/chassis-r8-fury-black\\\/#primaryimage\",\"url\":\"https:\\\/\\\/oplitegames-preprod.ezratis.fr\\\/wp-content\\\/uploads\\\/CHASSIS-R8-FURY-BLACK-OP-R8-CHB_01-1.png\",\"contentUrl\":\"https:\\\/\\\/oplitegames-preprod.ezratis.fr\\\/wp-content\\\/uploads\\\/CHASSIS-R8-FURY-BLACK-OP-R8-CHB_01-1.png\",\"width\":2250,\"height\":2250},{\"@type\":\"BreadcrumbList\",\"@id\":\"https:\\\/\\\/oplitegames.com\\\/es\\\/producto\\\/chassis-r8-fury-black\\\/#breadcrumb\",\"itemListElement\":[{\"@type\":\"ListItem\",\"position\":1,\"name\":\"Home\",\"item\":\"https:\\\/\\\/oplitegames.com\\\/es\\\/oplite-gaming\\\/\"},{\"@type\":\"ListItem\",\"position\":2,\"name\":\"Comercio\",\"item\":\"https:\\\/\\\/oplitegames.com\\\/es\\\/comercio\\\/\"},{\"@type\":\"ListItem\",\"position\":3,\"name\":\"Chassis R8 Fury Black\"}]},{\"@type\":\"WebSite\",\"@id\":\"https:\\\/\\\/oplitegames.com\\\/#website\",\"url\":\"https:\\\/\\\/oplitegames.com\\\/\",\"name\":\"OPLITE\",\"description\":\"\",\"publisher\":{\"@id\":\"https:\\\/\\\/oplitegames.com\\\/#organization\"},\"potentialAction\":[{\"@type\":\"SearchAction\",\"target\":{\"@type\":\"EntryPoint\",\"urlTemplate\":\"https:\\\/\\\/oplitegames.com\\\/?s={search_term_string}\"},\"query-input\":{\"@type\":\"PropertyValueSpecification\",\"valueRequired\":true,\"valueName\":\"search_term_string\"}}],\"inLanguage\":\"es\"},{\"@type\":\"Organization\",\"@id\":\"https:\\\/\\\/oplitegames.com\\\/#organization\",\"name\":\"OPLITE\",\"url\":\"https:\\\/\\\/oplitegames.com\\\/\",\"logo\":{\"@type\":\"ImageObject\",\"inLanguage\":\"es\",\"@id\":\"https:\\\/\\\/oplitegames.com\\\/#\\\/schema\\\/logo\\\/image\\\/\",\"url\":\"https:\\\/\\\/oplitegames-preprod.ezratis.fr\\\/wp-content\\\/uploads\\\/cropped-cropped-Oplite-Blanc-casse-002-scaled-1.png\",\"contentUrl\":\"https:\\\/\\\/oplitegames-preprod.ezratis.fr\\\/wp-content\\\/uploads\\\/cropped-cropped-Oplite-Blanc-casse-002-scaled-1.png\",\"width\":2509,\"height\":597,\"caption\":\"OPLITE\"},\"image\":{\"@id\":\"https:\\\/\\\/oplitegames.com\\\/#\\\/schema\\\/logo\\\/image\\\/\"}}]}<\/script>\n<meta property=\"product:price:amount\" content=\"499.90\" \/>\n<meta property=\"product:price:currency\" content=\"EUR\" \/>\n<meta property=\"og:availability\" content=\"instock\" \/>\n<meta property=\"product:availability\" content=\"instock\" \/>\n<meta property=\"product:retailer_item_id\" content=\"100735\" \/>\n<meta property=\"product:condition\" content=\"new\" \/>\n<!-- \/ Yoast SEO plugin. -->","yoast_head_json":{"title":"Chassis R8 Fury Black - OPLITE","robots":{"index":"index","follow":"follow","max-snippet":"max-snippet:-1","max-image-preview":"max-image-preview:large","max-video-preview":"max-video-preview:-1"},"canonical":"https:\/\/oplitegames.com\/es\/producto\/chassis-r8-fury-black\/","og_locale":"es_ES","og_type":"article","og_title":"Chassis R8 Fury Black - OPLITE","og_description":"OPLITE presenta su nuevo Cockpit de simulaci\u00f3n, el R8 FURY en versi\u00f3n Negro: \u00a1el cockpit de simulaci\u00f3n automovil\u00edstica m\u00e1s compacto, m\u00e1s potente y m\u00e1s inmersivo de su categor\u00eda! \u00a1Prep\u00e1rate para una experiencia de conducci\u00f3n sin compromisos!","og_url":"https:\/\/oplitegames.com\/es\/producto\/chassis-r8-fury-black\/","og_site_name":"OPLITE","article_modified_time":"2026-01-20T09:42:07+00:00","og_image":[{"width":2250,"height":2250,"url":"https:\/\/oplitegames.com\/wp-content\/uploads\/CHASSIS-R8-FURY-BLACK-OP-R8-CHB_01-1.png","type":"image\/png"}],"twitter_card":"summary_large_image","twitter_misc":{"Price":"499,90&nbsp;&euro;","Availability":"In stock"},"schema":{"@context":"https:\/\/schema.org","@graph":[{"@type":["WebPage","ItemPage"],"@id":"https:\/\/oplitegames.com\/es\/producto\/chassis-r8-fury-black\/","url":"https:\/\/oplitegames.com\/es\/producto\/chassis-r8-fury-black\/","name":"Chassis R8 Fury Black - OPLITE","isPartOf":{"@id":"https:\/\/oplitegames.com\/#website"},"primaryImageOfPage":{"@id":"https:\/\/oplitegames.com\/es\/producto\/chassis-r8-fury-black\/#primaryimage"},"image":{"@id":"https:\/\/oplitegames.com\/es\/producto\/chassis-r8-fury-black\/#primaryimage"},"thumbnailUrl":"https:\/\/oplitegames-preprod.ezratis.fr\/wp-content\/uploads\/CHASSIS-R8-FURY-BLACK-OP-R8-CHB_01-1.png","datePublished":"2025-01-28T02:00:07+00:00","dateModified":"2026-01-20T09:42:07+00:00","breadcrumb":{"@id":"https:\/\/oplitegames.com\/es\/producto\/chassis-r8-fury-black\/#breadcrumb"},"inLanguage":"es","potentialAction":[{"@type":"ReadAction","target":["https:\/\/oplitegames.com\/es\/producto\/chassis-r8-fury-black\/"]}]},{"@type":"ImageObject","inLanguage":"es","@id":"https:\/\/oplitegames.com\/es\/producto\/chassis-r8-fury-black\/#primaryimage","url":"https:\/\/oplitegames-preprod.ezratis.fr\/wp-content\/uploads\/CHASSIS-R8-FURY-BLACK-OP-R8-CHB_01-1.png","contentUrl":"https:\/\/oplitegames-preprod.ezratis.fr\/wp-content\/uploads\/CHASSIS-R8-FURY-BLACK-OP-R8-CHB_01-1.png","width":2250,"height":2250},{"@type":"BreadcrumbList","@id":"https:\/\/oplitegames.com\/es\/producto\/chassis-r8-fury-black\/#breadcrumb","itemListElement":[{"@type":"ListItem","position":1,"name":"Home","item":"https:\/\/oplitegames.com\/es\/oplite-gaming\/"},{"@type":"ListItem","position":2,"name":"Comercio","item":"https:\/\/oplitegames.com\/es\/comercio\/"},{"@type":"ListItem","position":3,"name":"Chassis R8 Fury Black"}]},{"@type":"WebSite","@id":"https:\/\/oplitegames.com\/#website","url":"https:\/\/oplitegames.com\/","name":"OPLITE","description":"","publisher":{"@id":"https:\/\/oplitegames.com\/#organization"},"potentialAction":[{"@type":"SearchAction","target":{"@type":"EntryPoint","urlTemplate":"https:\/\/oplitegames.com\/?s={search_term_string}"},"query-input":{"@type":"PropertyValueSpecification","valueRequired":true,"valueName":"search_term_string"}}],"inLanguage":"es"},{"@type":"Organization","@id":"https:\/\/oplitegames.com\/#organization","name":"OPLITE","url":"https:\/\/oplitegames.com\/","logo":{"@type":"ImageObject","inLanguage":"es","@id":"https:\/\/oplitegames.com\/#\/schema\/logo\/image\/","url":"https:\/\/oplitegames-preprod.ezratis.fr\/wp-content\/uploads\/cropped-cropped-Oplite-Blanc-casse-002-scaled-1.png","contentUrl":"https:\/\/oplitegames-preprod.ezratis.fr\/wp-content\/uploads\/cropped-cropped-Oplite-Blanc-casse-002-scaled-1.png","width":2509,"height":597,"caption":"OPLITE"},"image":{"@id":"https:\/\/oplitegames.com\/#\/schema\/logo\/image\/"}}]},"product_price_amount":"499.90","product_price_currency":"EUR","og_availability":"instock","product_availability":"instock","product_retailer_item_id":"100735","product_condition":"new"},"_links":{"self":[{"href":"https:\/\/oplitegames-preprod.ezratis.fr\/es\/wp-json\/wp\/v2\/product\/45822","targetHints":{"allow":["GET"]}}],"collection":[{"href":"https:\/\/oplitegames-preprod.ezratis.fr\/es\/wp-json\/wp\/v2\/product"}],"about":[{"href":"https:\/\/oplitegames-preprod.ezratis.fr\/es\/wp-json\/wp\/v2\/types\/product"}],"version-history":[{"count":6,"href":"https:\/\/oplitegames-preprod.ezratis.fr\/es\/wp-json\/wp\/v2\/product\/45822\/revisions"}],"predecessor-version":[{"id":60853,"href":"https:\/\/oplitegames-preprod.ezratis.fr\/es\/wp-json\/wp\/v2\/product\/45822\/revisions\/60853"}],"wp:featuredmedia":[{"embeddable":true,"href":"https:\/\/oplitegames-preprod.ezratis.fr\/es\/wp-json\/wp\/v2\/media\/46343"}],"wp:attachment":[{"href":"https:\/\/oplitegames-preprod.ezratis.fr\/es\/wp-json\/wp\/v2\/media?parent=45822"}],"wp:term":[{"taxonomy":"product_brand","embeddable":true,"href":"https:\/\/oplitegames-preprod.ezratis.fr\/es\/wp-json\/wp\/v2\/product_brand?post=45822"},{"taxonomy":"product_cat","embeddable":true,"href":"https:\/\/oplitegames-preprod.ezratis.fr\/es\/wp-json\/wp\/v2\/product_cat?post=45822"},{"taxonomy":"product_tag","embeddable":true,"href":"https:\/\/oplitegames-preprod.ezratis.fr\/es\/wp-json\/wp\/v2\/product_tag?post=45822"}],"curies":[{"name":"wp","href":"https:\/\/api.w.org\/{rel}","templated":true}]}}