{"id":45847,"date":"2025-01-28T03:00:09","date_gmt":"2025-01-28T02:00:09","guid":{"rendered":"https:\/\/oplitegames.com\/?post_type=product&#038;p=45847"},"modified":"2025-12-15T20:20:32","modified_gmt":"2025-12-15T19:20:32","slug":"r8-single-monitor-mount-black","status":"publish","type":"product","link":"https:\/\/oplitegames-preprod.ezratis.fr\/es\/producto\/r8-single-monitor-mount-black\/","title":{"rendered":"R8 Single Monitor Mount Black"},"content":{"rendered":"<p>Gracias al <strong>R8 Single Monitor Mount<\/strong>, su pantalla se integra perfectamente en su cockpit. Especialmente dise\u00f1ado para el R8 FURY de OPLITE, este soporte para un solo monitor adopta un dise\u00f1o inspirado en el mundo del automovilismo. Los ajustes han sido cuidadosamente estudiados para ofrecer una ergonom\u00eda cercana a la realidad, proporcionando una apariencia robusta y m\u00faltiples opciones de ajuste que cautivar\u00e1n a los entusiastas del pilotaje. Su construcci\u00f3n se basa en acero especialmente resistente tipo E355 y se fija firmemente con 8 puntos de anclaje.<\/p>\n<p><strong><u>Puntos fuertes <\/u><\/strong><br \/>\n\u2022 Integraci\u00f3n perfecta con su cockpit R8 FURY<br \/>\n\u2022 Instalaci\u00f3n r\u00e1pida y ultra r\u00edgida<br \/>\n\u2022 Gran compatibilidad con pantallas y TV<br \/>\n\u2022 M\u00faltiples ajustes posibles<\/p>\n<p><strong><u>Especificaciones t\u00e9cnicas<\/u><\/strong><br \/>\n<strong>Tubos de conexi\u00f3n:<\/strong><br \/>\n\u2022 Estructura de acero tubular robusto tipo E355 con un di\u00e1metro de \u00d8 35 mm y un espesor de 2 mm<br \/>\n<strong>Marco de recepci\u00f3n de la pantalla:<\/strong><br \/>\n\u2022 Estructura de acero tipo E355 con un espesor de 2 mm<br \/>\n<strong>Ajustes de pantalla :<\/strong><br \/>\n\u2022 6 niveles de ajuste de altura<br \/>\n\u2022 Profundidad ajustable a \u00b160mm<br \/>\n\u2022 Inclinaci\u00f3n arriba\/abajo \u00b110<\/p>\n<p><span style=\"text-decoration: underline;\"><strong>Ecosistema:<\/strong><\/span><br \/>\n\u2022 Desde el lanzamiento del R8 FURY, hay una amplia gama de productos OPLITE disponibles para dise\u00f1ar su ecosistema.<br \/>\n<strong>Compatibilidad del producto :<\/strong><br \/>\n&gt; R8 EXTENSIONS TRIPLE SCREEN MOUNT<br \/>\n&gt; R8 FOUR MONITOR MOUNT<\/p>\n<p><strong><u>Compatibilidad con pantallas y televisores<\/u><\/strong><\/p>\n<table width=\"574\">\n<tbody>\n<tr>\n<th>Informaci\u00f3n<\/th>\n<th>Datos t\u00e9cnicos<\/th>\n<\/tr>\n<tr>\n<td>TAMA\u00d1O M\u00c1XIMO DE TV<\/td>\n<td>48&#8243; 16:9<\/td>\n<\/tr>\n<tr>\n<td>TAMA\u00d1O M\u00c1XIMO PANTALLA PC<\/td>\n<td>57&#8243; 32:9 (Curvo o plano)<\/td>\n<\/tr>\n<tr>\n<td>PESO M\u00c1XIMO<\/td>\n<td>30Kg<\/td>\n<\/tr>\n<tr>\n<td>VESA<\/td>\n<td>75\u00d775,100\u00d7100,200\u00d7100,<br \/>\n200\u00d7200,300\u00d7200,400\u00d7200<\/td>\n<\/tr>\n<\/tbody>\n<\/table>\n<p><span style=\"text-decoration: underline;\"><strong>Ecosistema R8 Fury<\/strong><\/span><\/p>\n<table width=\"849\">\n<tbody>\n<tr>\n<th>OPLITE<\/th>\n<th>Item No.<\/th>\n<th>Commercial Name GTIN<\/th>\n<\/tr>\n<tr>\n<td>OP-R8-CHB<\/td>\n<td>CHASSIS COCKPIT R8 FURY BLACK<\/td>\n<td>3770031134445<\/td>\n<\/tr>\n<tr>\n<td>OP-R8-CHW<\/td>\n<td>CHASSIS COCKPIT R8 FURY WHITE<\/td>\n<td>3770031134452<\/td>\n<\/tr>\n<tr>\n<td>OP-R8-B<\/td>\n<td>COCKPIT R8 FURY BLACK<\/td>\n<td>3770031134438<\/td>\n<\/tr>\n<tr>\n<td>OP-R8-W<\/td>\n<td>COCKPIT R8 FURY WHITE<\/td>\n<td>3770031134421<\/td>\n<\/tr>\n<tr>\n<td>OP-R8-HBB<\/td>\n<td>R8 GEAR SHIFT HANDBRAKE HOLDER BLACK<\/td>\n<td>3770031134414<\/td>\n<\/tr>\n<tr>\n<td>OP-R8-HBW<\/td>\n<td>R8 GEAR SHIFT HANDBRAKE HOLDER WHITE<\/td>\n<td>3770031134407<\/td>\n<\/tr>\n<tr>\n<td>OP-R8-CW<\/td>\n<td>R8 SUPREME CASTOR WHEEL<\/td>\n<td>3770031134391<\/td>\n<\/tr>\n<tr>\n<td>OP-R8-MKTB<\/td>\n<td>R8 KEYBOARD &amp; MOUSE TRAY BLACK<\/td>\n<td>3770031134377<\/td>\n<\/tr>\n<tr>\n<td>OP-R8-MKTW<\/td>\n<td>R8 KEYBOARD &amp; MOUSE TRAY WHITE<\/td>\n<td>3770031134544<\/td>\n<\/tr>\n<tr>\n<td>OP-R8-CPUHB<\/td>\n<td>R8 CPU HOLDER R8 BLACK<\/td>\n<td>3770031134360<\/td>\n<\/tr>\n<tr>\n<td>OP-R8-CPUHW<\/td>\n<td>R8 CPU HOLDER R8 WHITE<\/td>\n<td>3770031134551<\/td>\n<\/tr>\n<tr>\n<td><strong>OP-R8-SMMB<\/strong><\/td>\n<td><strong>R8 SINGLE MONITOR MOUNT BLACK<\/strong><\/td>\n<td><strong>3770031134384<\/strong><\/td>\n<\/tr>\n<tr>\n<td>OP-R8-SMMW<\/td>\n<td>R8 SINGLE MONITOR MOUNT WHITE<\/td>\n<td>3770031134353<\/td>\n<\/tr>\n<tr>\n<td>OP-R8-SMSB<\/td>\n<td>R8 SINGLE MONITOR STAND<\/td>\n<td>3770031134346<\/td>\n<\/tr>\n<tr>\n<td>OP-R8-ETSM<\/td>\n<td>R8 EXTENSIONS TRIPLE SCREEN MOUNT<\/td>\n<td>3770031134339<\/td>\n<\/tr>\n<tr>\n<td>OP-R8-4MMB<\/td>\n<td>R8 ON TOP MONITOR MOUNT BLACK<\/td>\n<td>3770031134322<\/td>\n<\/tr>\n<tr>\n<td>OP-R8-4MMW<\/td>\n<td>R8 ON TOP MONITOR MOUNT WHITE<\/td>\n<td>3770031134568<\/td>\n<\/tr>\n<\/tbody>\n<\/table>\n","protected":false},"excerpt":{"rendered":"<p>Experto en dise\u00f1o de productos ergon\u00f3micos para los sectores de oficina y gaming, OPLITE le presenta el soporte para un <strong>solo monitor<\/strong> para su R8 Fury.<\/p>\n","protected":false},"featured_media":44843,"template":"","meta":{"_acf_changed":false,"footnotes":""},"product_brand":[],"product_cat":[806,731],"product_tag":[811],"class_list":{"0":"post-45847","1":"product","2":"type-product","3":"status-publish","4":"has-post-thumbnail","6":"product_cat-cockpit-r8-fury-black-es","7":"product_cat-simuladores","8":"product_tag-r8-fury-es","9":"pa_colisage-pcb-824","10":"pa_colisage-pcb-1-es","12":"first","13":"instock","14":"taxable","15":"shipping-taxable","16":"purchasable","17":"product-type-simple"},"bundled_by":[],"bundle_stock_status":"instock","bundle_stock_quantity":60,"bundle_virtual":false,"bundle_layout":"","bundle_add_to_cart_form_location":"","bundle_editable_in_cart":false,"bundle_sold_individually_context":"","bundle_item_grouping":"","bundle_min_size":"","bundle_max_size":"","bundle_price":[],"bundled_items":[],"bundle_sell_ids":[],"acf":[],"yoast_head":"<!-- This site is optimized with the Yoast SEO plugin v27.3 - https:\/\/yoast.com\/product\/yoast-seo-wordpress\/ -->\n<title>R8 Single Monitor Mount Black - OPLITE<\/title>\n<meta name=\"robots\" content=\"index, follow, max-snippet:-1, max-image-preview:large, max-video-preview:-1\" \/>\n<link rel=\"canonical\" href=\"https:\/\/oplitegames.com\/es\/producto\/r8-single-monitor-mount-black\/\" \/>\n<meta property=\"og:locale\" content=\"es_ES\" \/>\n<meta property=\"og:type\" content=\"article\" \/>\n<meta property=\"og:title\" content=\"R8 Single Monitor Mount Black - OPLITE\" \/>\n<meta property=\"og:description\" content=\"Experto en dise\u00f1o de productos ergon\u00f3micos para los sectores de oficina y gaming, OPLITE le presenta el soporte para un solo monitor para su R8 Fury.\" \/>\n<meta property=\"og:url\" content=\"https:\/\/oplitegames.com\/es\/producto\/r8-single-monitor-mount-black\/\" \/>\n<meta property=\"og:site_name\" content=\"OPLITE\" \/>\n<meta property=\"article:modified_time\" content=\"2025-12-15T19:20:32+00:00\" \/>\n<meta property=\"og:image\" content=\"https:\/\/oplitegames.com\/wp-content\/uploads\/OPLITE-R8-SINGLE-MONITOR-MOUNT-BLACK-OP-R8-SMMB_01.png\" \/>\n\t<meta property=\"og:image:width\" content=\"2750\" \/>\n\t<meta property=\"og:image:height\" content=\"2750\" \/>\n\t<meta property=\"og:image:type\" content=\"image\/png\" \/>\n<meta name=\"twitter:card\" content=\"summary_large_image\" \/>\n<meta name=\"twitter:label1\" content=\"Price\" \/>\n\t<meta name=\"twitter:data1\" content=\"99,90&nbsp;&euro;\" \/>\n\t<meta name=\"twitter:label2\" content=\"Availability\" \/>\n\t<meta name=\"twitter:data2\" content=\"In stock\" \/>\n<script type=\"application\/ld+json\" class=\"yoast-schema-graph\">{\"@context\":\"https:\\\/\\\/schema.org\",\"@graph\":[{\"@type\":[\"WebPage\",\"ItemPage\"],\"@id\":\"https:\\\/\\\/oplitegames.com\\\/es\\\/producto\\\/r8-single-monitor-mount-black\\\/\",\"url\":\"https:\\\/\\\/oplitegames.com\\\/es\\\/producto\\\/r8-single-monitor-mount-black\\\/\",\"name\":\"R8 Single Monitor Mount Black - OPLITE\",\"isPartOf\":{\"@id\":\"https:\\\/\\\/oplitegames.com\\\/#website\"},\"primaryImageOfPage\":{\"@id\":\"https:\\\/\\\/oplitegames.com\\\/es\\\/producto\\\/r8-single-monitor-mount-black\\\/#primaryimage\"},\"image\":{\"@id\":\"https:\\\/\\\/oplitegames.com\\\/es\\\/producto\\\/r8-single-monitor-mount-black\\\/#primaryimage\"},\"thumbnailUrl\":\"https:\\\/\\\/oplitegames-preprod.ezratis.fr\\\/wp-content\\\/uploads\\\/OPLITE-R8-SINGLE-MONITOR-MOUNT-BLACK-OP-R8-SMMB_01.png\",\"datePublished\":\"2025-01-28T02:00:09+00:00\",\"dateModified\":\"2025-12-15T19:20:32+00:00\",\"breadcrumb\":{\"@id\":\"https:\\\/\\\/oplitegames.com\\\/es\\\/producto\\\/r8-single-monitor-mount-black\\\/#breadcrumb\"},\"inLanguage\":\"es\",\"potentialAction\":[{\"@type\":\"ReadAction\",\"target\":[\"https:\\\/\\\/oplitegames.com\\\/es\\\/producto\\\/r8-single-monitor-mount-black\\\/\"]}]},{\"@type\":\"ImageObject\",\"inLanguage\":\"es\",\"@id\":\"https:\\\/\\\/oplitegames.com\\\/es\\\/producto\\\/r8-single-monitor-mount-black\\\/#primaryimage\",\"url\":\"https:\\\/\\\/oplitegames-preprod.ezratis.fr\\\/wp-content\\\/uploads\\\/OPLITE-R8-SINGLE-MONITOR-MOUNT-BLACK-OP-R8-SMMB_01.png\",\"contentUrl\":\"https:\\\/\\\/oplitegames-preprod.ezratis.fr\\\/wp-content\\\/uploads\\\/OPLITE-R8-SINGLE-MONITOR-MOUNT-BLACK-OP-R8-SMMB_01.png\",\"width\":2750,\"height\":2750},{\"@type\":\"BreadcrumbList\",\"@id\":\"https:\\\/\\\/oplitegames.com\\\/es\\\/producto\\\/r8-single-monitor-mount-black\\\/#breadcrumb\",\"itemListElement\":[{\"@type\":\"ListItem\",\"position\":1,\"name\":\"Home\",\"item\":\"https:\\\/\\\/oplitegames.com\\\/es\\\/oplite-gaming\\\/\"},{\"@type\":\"ListItem\",\"position\":2,\"name\":\"Comercio\",\"item\":\"https:\\\/\\\/oplitegames.com\\\/es\\\/comercio\\\/\"},{\"@type\":\"ListItem\",\"position\":3,\"name\":\"R8 Single Monitor Mount Black\"}]},{\"@type\":\"WebSite\",\"@id\":\"https:\\\/\\\/oplitegames.com\\\/#website\",\"url\":\"https:\\\/\\\/oplitegames.com\\\/\",\"name\":\"OPLITE\",\"description\":\"\",\"publisher\":{\"@id\":\"https:\\\/\\\/oplitegames.com\\\/#organization\"},\"potentialAction\":[{\"@type\":\"SearchAction\",\"target\":{\"@type\":\"EntryPoint\",\"urlTemplate\":\"https:\\\/\\\/oplitegames.com\\\/?s={search_term_string}\"},\"query-input\":{\"@type\":\"PropertyValueSpecification\",\"valueRequired\":true,\"valueName\":\"search_term_string\"}}],\"inLanguage\":\"es\"},{\"@type\":\"Organization\",\"@id\":\"https:\\\/\\\/oplitegames.com\\\/#organization\",\"name\":\"OPLITE\",\"url\":\"https:\\\/\\\/oplitegames.com\\\/\",\"logo\":{\"@type\":\"ImageObject\",\"inLanguage\":\"es\",\"@id\":\"https:\\\/\\\/oplitegames.com\\\/#\\\/schema\\\/logo\\\/image\\\/\",\"url\":\"https:\\\/\\\/oplitegames-preprod.ezratis.fr\\\/wp-content\\\/uploads\\\/cropped-cropped-Oplite-Blanc-casse-002-scaled-1.png\",\"contentUrl\":\"https:\\\/\\\/oplitegames-preprod.ezratis.fr\\\/wp-content\\\/uploads\\\/cropped-cropped-Oplite-Blanc-casse-002-scaled-1.png\",\"width\":2509,\"height\":597,\"caption\":\"OPLITE\"},\"image\":{\"@id\":\"https:\\\/\\\/oplitegames.com\\\/#\\\/schema\\\/logo\\\/image\\\/\"}}]}<\/script>\n<meta property=\"product:price:amount\" content=\"99.90\" \/>\n<meta property=\"product:price:currency\" content=\"EUR\" \/>\n<meta property=\"og:availability\" content=\"instock\" \/>\n<meta property=\"product:availability\" content=\"instock\" \/>\n<meta property=\"product:retailer_item_id\" content=\"100737\" \/>\n<meta property=\"product:condition\" content=\"new\" \/>\n<!-- \/ Yoast SEO plugin. -->","yoast_head_json":{"title":"R8 Single Monitor Mount Black - OPLITE","robots":{"index":"index","follow":"follow","max-snippet":"max-snippet:-1","max-image-preview":"max-image-preview:large","max-video-preview":"max-video-preview:-1"},"canonical":"https:\/\/oplitegames.com\/es\/producto\/r8-single-monitor-mount-black\/","og_locale":"es_ES","og_type":"article","og_title":"R8 Single Monitor Mount Black - OPLITE","og_description":"Experto en dise\u00f1o de productos ergon\u00f3micos para los sectores de oficina y gaming, OPLITE le presenta el soporte para un solo monitor para su R8 Fury.","og_url":"https:\/\/oplitegames.com\/es\/producto\/r8-single-monitor-mount-black\/","og_site_name":"OPLITE","article_modified_time":"2025-12-15T19:20:32+00:00","og_image":[{"width":2750,"height":2750,"url":"https:\/\/oplitegames.com\/wp-content\/uploads\/OPLITE-R8-SINGLE-MONITOR-MOUNT-BLACK-OP-R8-SMMB_01.png","type":"image\/png"}],"twitter_card":"summary_large_image","twitter_misc":{"Price":"99,90&nbsp;&euro;","Availability":"In stock"},"schema":{"@context":"https:\/\/schema.org","@graph":[{"@type":["WebPage","ItemPage"],"@id":"https:\/\/oplitegames.com\/es\/producto\/r8-single-monitor-mount-black\/","url":"https:\/\/oplitegames.com\/es\/producto\/r8-single-monitor-mount-black\/","name":"R8 Single Monitor Mount Black - OPLITE","isPartOf":{"@id":"https:\/\/oplitegames.com\/#website"},"primaryImageOfPage":{"@id":"https:\/\/oplitegames.com\/es\/producto\/r8-single-monitor-mount-black\/#primaryimage"},"image":{"@id":"https:\/\/oplitegames.com\/es\/producto\/r8-single-monitor-mount-black\/#primaryimage"},"thumbnailUrl":"https:\/\/oplitegames-preprod.ezratis.fr\/wp-content\/uploads\/OPLITE-R8-SINGLE-MONITOR-MOUNT-BLACK-OP-R8-SMMB_01.png","datePublished":"2025-01-28T02:00:09+00:00","dateModified":"2025-12-15T19:20:32+00:00","breadcrumb":{"@id":"https:\/\/oplitegames.com\/es\/producto\/r8-single-monitor-mount-black\/#breadcrumb"},"inLanguage":"es","potentialAction":[{"@type":"ReadAction","target":["https:\/\/oplitegames.com\/es\/producto\/r8-single-monitor-mount-black\/"]}]},{"@type":"ImageObject","inLanguage":"es","@id":"https:\/\/oplitegames.com\/es\/producto\/r8-single-monitor-mount-black\/#primaryimage","url":"https:\/\/oplitegames-preprod.ezratis.fr\/wp-content\/uploads\/OPLITE-R8-SINGLE-MONITOR-MOUNT-BLACK-OP-R8-SMMB_01.png","contentUrl":"https:\/\/oplitegames-preprod.ezratis.fr\/wp-content\/uploads\/OPLITE-R8-SINGLE-MONITOR-MOUNT-BLACK-OP-R8-SMMB_01.png","width":2750,"height":2750},{"@type":"BreadcrumbList","@id":"https:\/\/oplitegames.com\/es\/producto\/r8-single-monitor-mount-black\/#breadcrumb","itemListElement":[{"@type":"ListItem","position":1,"name":"Home","item":"https:\/\/oplitegames.com\/es\/oplite-gaming\/"},{"@type":"ListItem","position":2,"name":"Comercio","item":"https:\/\/oplitegames.com\/es\/comercio\/"},{"@type":"ListItem","position":3,"name":"R8 Single Monitor Mount Black"}]},{"@type":"WebSite","@id":"https:\/\/oplitegames.com\/#website","url":"https:\/\/oplitegames.com\/","name":"OPLITE","description":"","publisher":{"@id":"https:\/\/oplitegames.com\/#organization"},"potentialAction":[{"@type":"SearchAction","target":{"@type":"EntryPoint","urlTemplate":"https:\/\/oplitegames.com\/?s={search_term_string}"},"query-input":{"@type":"PropertyValueSpecification","valueRequired":true,"valueName":"search_term_string"}}],"inLanguage":"es"},{"@type":"Organization","@id":"https:\/\/oplitegames.com\/#organization","name":"OPLITE","url":"https:\/\/oplitegames.com\/","logo":{"@type":"ImageObject","inLanguage":"es","@id":"https:\/\/oplitegames.com\/#\/schema\/logo\/image\/","url":"https:\/\/oplitegames-preprod.ezratis.fr\/wp-content\/uploads\/cropped-cropped-Oplite-Blanc-casse-002-scaled-1.png","contentUrl":"https:\/\/oplitegames-preprod.ezratis.fr\/wp-content\/uploads\/cropped-cropped-Oplite-Blanc-casse-002-scaled-1.png","width":2509,"height":597,"caption":"OPLITE"},"image":{"@id":"https:\/\/oplitegames.com\/#\/schema\/logo\/image\/"}}]},"product_price_amount":"99.90","product_price_currency":"EUR","og_availability":"instock","product_availability":"instock","product_retailer_item_id":"100737","product_condition":"new"},"_links":{"self":[{"href":"https:\/\/oplitegames-preprod.ezratis.fr\/es\/wp-json\/wp\/v2\/product\/45847","targetHints":{"allow":["GET"]}}],"collection":[{"href":"https:\/\/oplitegames-preprod.ezratis.fr\/es\/wp-json\/wp\/v2\/product"}],"about":[{"href":"https:\/\/oplitegames-preprod.ezratis.fr\/es\/wp-json\/wp\/v2\/types\/product"}],"version-history":[{"count":4,"href":"https:\/\/oplitegames-preprod.ezratis.fr\/es\/wp-json\/wp\/v2\/product\/45847\/revisions"}],"predecessor-version":[{"id":61520,"href":"https:\/\/oplitegames-preprod.ezratis.fr\/es\/wp-json\/wp\/v2\/product\/45847\/revisions\/61520"}],"wp:featuredmedia":[{"embeddable":true,"href":"https:\/\/oplitegames-preprod.ezratis.fr\/es\/wp-json\/wp\/v2\/media\/44843"}],"wp:attachment":[{"href":"https:\/\/oplitegames-preprod.ezratis.fr\/es\/wp-json\/wp\/v2\/media?parent=45847"}],"wp:term":[{"taxonomy":"product_brand","embeddable":true,"href":"https:\/\/oplitegames-preprod.ezratis.fr\/es\/wp-json\/wp\/v2\/product_brand?post=45847"},{"taxonomy":"product_cat","embeddable":true,"href":"https:\/\/oplitegames-preprod.ezratis.fr\/es\/wp-json\/wp\/v2\/product_cat?post=45847"},{"taxonomy":"product_tag","embeddable":true,"href":"https:\/\/oplitegames-preprod.ezratis.fr\/es\/wp-json\/wp\/v2\/product_tag?post=45847"}],"curies":[{"name":"wp","href":"https:\/\/api.w.org\/{rel}","templated":true}]}}