{"id":45871,"date":"2025-01-28T03:00:14","date_gmt":"2025-01-28T02:00:14","guid":{"rendered":"https:\/\/oplitegames.com\/?post_type=product&#038;p=45871"},"modified":"2025-12-16T16:37:05","modified_gmt":"2025-12-16T15:37:05","slug":"r8-keyboard-mouse-tray-black","status":"publish","type":"product","link":"https:\/\/oplitegames-preprod.ezratis.fr\/es\/producto\/r8-keyboard-mouse-tray-black\/","title":{"rendered":"R8\/S8 Keyboard &amp; Mouse Tray Black"},"content":{"rendered":"<p>El kit <strong>\u00abR8 \/ S8 Keyboard &amp; Mouse Tray\u00bb<\/strong> est\u00e1 dedicado a los jugadores de PC y les permite tener a mano el teclado y el rat\u00f3n. Consta de 2 bandejas independientes (una para el teclado y otra para el rat\u00f3n), cada una equipada con una alfombrilla de alta densidad (f\u00e1cil de lavar). Este dise\u00f1o permite montarlas de forma independiente a ambos lados del puesto de pilotaje. Hay mucho margen para el ajuste y la puesta a punto, gracias al uso de r\u00f3tulas multidireccionales y abrazaderas universales para tubos de \u00d8 35 mm. El kit est\u00e1 fabricado en acero E355. Este kit tambi\u00e9n es compatible con la GT3 SUPERFAST V2.<\/p>\n<p><span style=\"text-decoration: underline;\"><strong>Puntos Fuertes<\/strong><\/span><br \/>\n\u2022 Ideal para completar la configuraci\u00f3n de su R8 FURY \/ GTR S8<br \/>\n\u2022 R\u00e1pido de instalar<br \/>\n\u2022 Amplia gama de opciones de ajuste<br \/>\n\u2022 Compatibilidad universal con tubos de 35 mm<\/p>\n<p><span style=\"text-decoration: underline;\"><strong>Caracter\u00edsticas t\u00e9cnicas<\/strong><\/span><br \/>\n<strong>Tubos de conexi\u00f3n :<\/strong><br \/>\n\u2022 Robusta estructura tubular de acero, tipo E355, \u00d8 35mm y 2mm de espesor.<br \/>\n<strong>Estantes :<\/strong><br \/>\n\u2022 Estructura de acero tipo E355, 2 mm de espesor<br \/>\n<strong>Regulaci\u00f3n:<\/strong><br \/>\n&#8211; En 3 ejes y de forma independiente para cada bandeja<\/p>\n<p><span style=\"text-decoration: underline;\"><strong>Ecosistema:<\/strong><\/span><br \/>\n\u2022 Desde el lanzamiento de la R8 FURY, una amplia gama de productos OPLITE est\u00e1 disponible para dise\u00f1ar su ecosistema<\/p>\n<p><span style=\"text-decoration: underline;\"><strong>Compatibilidad con el cockpit<\/strong><\/span><\/p>\n<table style=\"height: 191px;\" width=\"565\">\n<tbody>\n<tr>\n<th>Fabricantes<\/th>\n<th>Modelos<\/th>\n<\/tr>\n<tr>\n<td>OPLITE<\/td>\n<td>COCKPIT R8 FURY<br \/>\nCOCKPIT GTR S8<br \/>\nGT3 SUPERFAST<\/td>\n<\/tr>\n<tr>\n<td>OTROS<\/td>\n<td>Todas las cabinas dise\u00f1adas con tubo de \u00d8 35 mm<\/td>\n<\/tr>\n<\/tbody>\n<\/table>\n<p><span style=\"text-decoration: underline;\"><strong>Ecosistema R8 Fury<\/strong><\/span><\/p>\n<table>\n<tbody>\n<tr>\n<th>OPLITE<\/th>\n<th>Item No.<\/th>\n<th>Commercial Name GTIN<\/th>\n<\/tr>\n<tr>\n<td>OP-R8-CHB<\/td>\n<td>CHASSIS COCKPIT R8 FURY BLACK<\/td>\n<td>3770031134445<\/td>\n<\/tr>\n<tr>\n<td>OP-R8-CHW<\/td>\n<td>CHASSIS COCKPIT R8 FURY WHITE<\/td>\n<td>3770031134452<\/td>\n<\/tr>\n<tr>\n<td>OP-R8-B<\/td>\n<td>COCKPIT R8 FURY BLACK<\/td>\n<td>3770031134438<\/td>\n<\/tr>\n<tr>\n<td>OP-R8-W<\/td>\n<td>COCKPIT R8 FURY WHITE<\/td>\n<td>3770031134421<\/td>\n<\/tr>\n<tr>\n<td>OP-R8-HBB<\/td>\n<td>R8 GEAR SHIFT HANDBRAKE HOLDER BLACK<\/td>\n<td>3770031134414<\/td>\n<\/tr>\n<tr>\n<td>OP-R8-HBW<\/td>\n<td>R8 GEAR SHIFT HANDBRAKE HOLDER WHITE<\/td>\n<td>3770031134407<\/td>\n<\/tr>\n<tr>\n<td>OP-R8-CW<\/td>\n<td>R8 SUPREME CASTOR WHEEL<\/td>\n<td>3770031134391<\/td>\n<\/tr>\n<tr>\n<td><strong>OP-R8-MKTB<\/strong><\/td>\n<td><strong>R8 KEYBOARD &amp; MOUSE TRAY BLACK<\/strong><\/td>\n<td><strong>3770031134377<\/strong><\/td>\n<\/tr>\n<tr>\n<td>OP-R8-MKTW<\/td>\n<td>R8 KEYBOARD &amp; MOUSE TRAY WHITE<\/td>\n<td>3770031134544<\/td>\n<\/tr>\n<tr>\n<td>OP-R8-CPUHB<\/td>\n<td>R8 CPU HOLDER R8 BLACK<\/td>\n<td>3770031134360<\/td>\n<\/tr>\n<tr>\n<td>OP-R8-CPUHW<\/td>\n<td>R8 CPU HOLDER R8 WHITE<\/td>\n<td>3770031134551<\/td>\n<\/tr>\n<tr>\n<td>OP-R8-SMMB<\/td>\n<td>R8 SINGLE MONITOR MOUNT BLACK<\/td>\n<td>3770031134384<\/td>\n<\/tr>\n<tr>\n<td>OP-R8-SMMW<\/td>\n<td>R8 SINGLE MONITOR MOUNT WHITE<\/td>\n<td>3770031134353<\/td>\n<\/tr>\n<tr>\n<td>OP-R8-SMSB<\/td>\n<td>R8 SINGLE MONITOR STAND<\/td>\n<td>3770031134346<\/td>\n<\/tr>\n<tr>\n<td>OP-R8-ETSM<\/td>\n<td>R8 EXTENSIONS TRIPLE SCREEN MOUNT<\/td>\n<td>3770031134339<\/td>\n<\/tr>\n<tr>\n<td>OP-R8-4MMB<\/td>\n<td>R8 ON TOP MONITOR MOUNT BLACK<\/td>\n<td>3770031134322<\/td>\n<\/tr>\n<tr>\n<td>OP-R8-4MMW<\/td>\n<td>R8 ON TOP MONITOR MOUNT WHITE<\/td>\n<td>3770031134568<\/td>\n<\/tr>\n<\/tbody>\n<\/table>\n","protected":false},"excerpt":{"rendered":"<p>Como experto en dise\u00f1o de productos ergon\u00f3micos para los sectores de oficina y gaming, OPLITE presenta su nuevo soporte para teclado y rat\u00f3n.<\/p>\n","protected":false},"featured_media":45006,"template":"","meta":{"_acf_changed":false,"footnotes":""},"product_brand":[],"product_cat":[740,744,764,806,731],"product_tag":[811],"class_list":{"0":"post-45871","1":"product","2":"type-product","3":"status-publish","4":"has-post-thumbnail","6":"product_cat-cabina-gt3","7":"product_cat-cabina-gtr-s8-elite","8":"product_cat-cabina-gtr-s8-infinity-es","9":"product_cat-cockpit-r8-fury-black-es","10":"product_cat-simuladores","11":"product_tag-r8-fury-es","12":"pa_colisage-pcb-1-es","14":"first","15":"instock","16":"taxable","17":"shipping-taxable","18":"purchasable","19":"product-type-simple"},"bundled_by":[],"bundle_stock_status":"instock","bundle_stock_quantity":148,"bundle_virtual":false,"bundle_layout":"","bundle_add_to_cart_form_location":"","bundle_editable_in_cart":false,"bundle_sold_individually_context":"","bundle_item_grouping":"","bundle_min_size":"","bundle_max_size":"","bundle_price":[],"bundled_items":[],"bundle_sell_ids":[],"acf":[],"yoast_head":"<!-- This site is optimized with the Yoast SEO plugin v27.3 - https:\/\/yoast.com\/product\/yoast-seo-wordpress\/ -->\n<title>R8\/S8 Keyboard &amp; Mouse Tray Black - OPLITE<\/title>\n<meta name=\"robots\" content=\"index, follow, max-snippet:-1, max-image-preview:large, max-video-preview:-1\" \/>\n<link rel=\"canonical\" href=\"https:\/\/oplitegames.com\/es\/producto\/r8-keyboard-mouse-tray-black\/\" \/>\n<meta property=\"og:locale\" content=\"es_ES\" \/>\n<meta property=\"og:type\" content=\"article\" \/>\n<meta property=\"og:title\" content=\"R8\/S8 Keyboard &amp; Mouse Tray Black - OPLITE\" \/>\n<meta property=\"og:description\" content=\"Como experto en dise\u00f1o de productos ergon\u00f3micos para los sectores de oficina y gaming, OPLITE presenta su nuevo soporte para teclado y rat\u00f3n.\" \/>\n<meta property=\"og:url\" content=\"https:\/\/oplitegames.com\/es\/producto\/r8-keyboard-mouse-tray-black\/\" \/>\n<meta property=\"og:site_name\" content=\"OPLITE\" \/>\n<meta property=\"article:modified_time\" content=\"2025-12-16T15:37:05+00:00\" \/>\n<meta property=\"og:image\" content=\"https:\/\/oplitegames.com\/wp-content\/uploads\/OPLITE-R8-KEYBOARD-MOUSE-TRAY-BLACK-OP-R8-MKTB_01.png\" \/>\n\t<meta property=\"og:image:width\" content=\"2750\" \/>\n\t<meta property=\"og:image:height\" content=\"2750\" \/>\n\t<meta property=\"og:image:type\" content=\"image\/png\" \/>\n<meta name=\"twitter:card\" content=\"summary_large_image\" \/>\n<meta name=\"twitter:label1\" content=\"Price\" \/>\n\t<meta name=\"twitter:data1\" content=\"79,90&nbsp;&euro;\" \/>\n\t<meta name=\"twitter:label2\" content=\"Availability\" \/>\n\t<meta name=\"twitter:data2\" content=\"In stock\" \/>\n<script type=\"application\/ld+json\" class=\"yoast-schema-graph\">{\"@context\":\"https:\\\/\\\/schema.org\",\"@graph\":[{\"@type\":[\"WebPage\",\"ItemPage\"],\"@id\":\"https:\\\/\\\/oplitegames.com\\\/es\\\/producto\\\/r8-keyboard-mouse-tray-black\\\/\",\"url\":\"https:\\\/\\\/oplitegames.com\\\/es\\\/producto\\\/r8-keyboard-mouse-tray-black\\\/\",\"name\":\"R8\\\/S8 Keyboard &amp; Mouse Tray Black - OPLITE\",\"isPartOf\":{\"@id\":\"https:\\\/\\\/oplitegames.com\\\/#website\"},\"primaryImageOfPage\":{\"@id\":\"https:\\\/\\\/oplitegames.com\\\/es\\\/producto\\\/r8-keyboard-mouse-tray-black\\\/#primaryimage\"},\"image\":{\"@id\":\"https:\\\/\\\/oplitegames.com\\\/es\\\/producto\\\/r8-keyboard-mouse-tray-black\\\/#primaryimage\"},\"thumbnailUrl\":\"https:\\\/\\\/oplitegames-preprod.ezratis.fr\\\/wp-content\\\/uploads\\\/OPLITE-R8-KEYBOARD-MOUSE-TRAY-BLACK-OP-R8-MKTB_01.png\",\"datePublished\":\"2025-01-28T02:00:14+00:00\",\"dateModified\":\"2025-12-16T15:37:05+00:00\",\"breadcrumb\":{\"@id\":\"https:\\\/\\\/oplitegames.com\\\/es\\\/producto\\\/r8-keyboard-mouse-tray-black\\\/#breadcrumb\"},\"inLanguage\":\"es\",\"potentialAction\":[{\"@type\":\"ReadAction\",\"target\":[\"https:\\\/\\\/oplitegames.com\\\/es\\\/producto\\\/r8-keyboard-mouse-tray-black\\\/\"]}]},{\"@type\":\"ImageObject\",\"inLanguage\":\"es\",\"@id\":\"https:\\\/\\\/oplitegames.com\\\/es\\\/producto\\\/r8-keyboard-mouse-tray-black\\\/#primaryimage\",\"url\":\"https:\\\/\\\/oplitegames-preprod.ezratis.fr\\\/wp-content\\\/uploads\\\/OPLITE-R8-KEYBOARD-MOUSE-TRAY-BLACK-OP-R8-MKTB_01.png\",\"contentUrl\":\"https:\\\/\\\/oplitegames-preprod.ezratis.fr\\\/wp-content\\\/uploads\\\/OPLITE-R8-KEYBOARD-MOUSE-TRAY-BLACK-OP-R8-MKTB_01.png\",\"width\":2750,\"height\":2750},{\"@type\":\"BreadcrumbList\",\"@id\":\"https:\\\/\\\/oplitegames.com\\\/es\\\/producto\\\/r8-keyboard-mouse-tray-black\\\/#breadcrumb\",\"itemListElement\":[{\"@type\":\"ListItem\",\"position\":1,\"name\":\"Home\",\"item\":\"https:\\\/\\\/oplitegames.com\\\/es\\\/oplite-gaming\\\/\"},{\"@type\":\"ListItem\",\"position\":2,\"name\":\"Comercio\",\"item\":\"https:\\\/\\\/oplitegames.com\\\/es\\\/comercio\\\/\"},{\"@type\":\"ListItem\",\"position\":3,\"name\":\"R8\\\/S8 Keyboard &amp; Mouse Tray Black\"}]},{\"@type\":\"WebSite\",\"@id\":\"https:\\\/\\\/oplitegames.com\\\/#website\",\"url\":\"https:\\\/\\\/oplitegames.com\\\/\",\"name\":\"OPLITE\",\"description\":\"\",\"publisher\":{\"@id\":\"https:\\\/\\\/oplitegames.com\\\/#organization\"},\"potentialAction\":[{\"@type\":\"SearchAction\",\"target\":{\"@type\":\"EntryPoint\",\"urlTemplate\":\"https:\\\/\\\/oplitegames.com\\\/?s={search_term_string}\"},\"query-input\":{\"@type\":\"PropertyValueSpecification\",\"valueRequired\":true,\"valueName\":\"search_term_string\"}}],\"inLanguage\":\"es\"},{\"@type\":\"Organization\",\"@id\":\"https:\\\/\\\/oplitegames.com\\\/#organization\",\"name\":\"OPLITE\",\"url\":\"https:\\\/\\\/oplitegames.com\\\/\",\"logo\":{\"@type\":\"ImageObject\",\"inLanguage\":\"es\",\"@id\":\"https:\\\/\\\/oplitegames.com\\\/#\\\/schema\\\/logo\\\/image\\\/\",\"url\":\"https:\\\/\\\/oplitegames-preprod.ezratis.fr\\\/wp-content\\\/uploads\\\/cropped-cropped-Oplite-Blanc-casse-002-scaled-1.png\",\"contentUrl\":\"https:\\\/\\\/oplitegames-preprod.ezratis.fr\\\/wp-content\\\/uploads\\\/cropped-cropped-Oplite-Blanc-casse-002-scaled-1.png\",\"width\":2509,\"height\":597,\"caption\":\"OPLITE\"},\"image\":{\"@id\":\"https:\\\/\\\/oplitegames.com\\\/#\\\/schema\\\/logo\\\/image\\\/\"}}]}<\/script>\n<meta property=\"product:price:amount\" content=\"79.90\" \/>\n<meta property=\"product:price:currency\" content=\"EUR\" \/>\n<meta property=\"og:availability\" content=\"instock\" \/>\n<meta property=\"product:availability\" content=\"instock\" \/>\n<meta property=\"product:retailer_item_id\" content=\"101269\" \/>\n<meta property=\"product:condition\" content=\"new\" \/>\n<!-- \/ Yoast SEO plugin. -->","yoast_head_json":{"title":"R8\/S8 Keyboard &amp; Mouse Tray Black - OPLITE","robots":{"index":"index","follow":"follow","max-snippet":"max-snippet:-1","max-image-preview":"max-image-preview:large","max-video-preview":"max-video-preview:-1"},"canonical":"https:\/\/oplitegames.com\/es\/producto\/r8-keyboard-mouse-tray-black\/","og_locale":"es_ES","og_type":"article","og_title":"R8\/S8 Keyboard &amp; Mouse Tray Black - OPLITE","og_description":"Como experto en dise\u00f1o de productos ergon\u00f3micos para los sectores de oficina y gaming, OPLITE presenta su nuevo soporte para teclado y rat\u00f3n.","og_url":"https:\/\/oplitegames.com\/es\/producto\/r8-keyboard-mouse-tray-black\/","og_site_name":"OPLITE","article_modified_time":"2025-12-16T15:37:05+00:00","og_image":[{"width":2750,"height":2750,"url":"https:\/\/oplitegames.com\/wp-content\/uploads\/OPLITE-R8-KEYBOARD-MOUSE-TRAY-BLACK-OP-R8-MKTB_01.png","type":"image\/png"}],"twitter_card":"summary_large_image","twitter_misc":{"Price":"79,90&nbsp;&euro;","Availability":"In stock"},"schema":{"@context":"https:\/\/schema.org","@graph":[{"@type":["WebPage","ItemPage"],"@id":"https:\/\/oplitegames.com\/es\/producto\/r8-keyboard-mouse-tray-black\/","url":"https:\/\/oplitegames.com\/es\/producto\/r8-keyboard-mouse-tray-black\/","name":"R8\/S8 Keyboard &amp; Mouse Tray Black - OPLITE","isPartOf":{"@id":"https:\/\/oplitegames.com\/#website"},"primaryImageOfPage":{"@id":"https:\/\/oplitegames.com\/es\/producto\/r8-keyboard-mouse-tray-black\/#primaryimage"},"image":{"@id":"https:\/\/oplitegames.com\/es\/producto\/r8-keyboard-mouse-tray-black\/#primaryimage"},"thumbnailUrl":"https:\/\/oplitegames-preprod.ezratis.fr\/wp-content\/uploads\/OPLITE-R8-KEYBOARD-MOUSE-TRAY-BLACK-OP-R8-MKTB_01.png","datePublished":"2025-01-28T02:00:14+00:00","dateModified":"2025-12-16T15:37:05+00:00","breadcrumb":{"@id":"https:\/\/oplitegames.com\/es\/producto\/r8-keyboard-mouse-tray-black\/#breadcrumb"},"inLanguage":"es","potentialAction":[{"@type":"ReadAction","target":["https:\/\/oplitegames.com\/es\/producto\/r8-keyboard-mouse-tray-black\/"]}]},{"@type":"ImageObject","inLanguage":"es","@id":"https:\/\/oplitegames.com\/es\/producto\/r8-keyboard-mouse-tray-black\/#primaryimage","url":"https:\/\/oplitegames-preprod.ezratis.fr\/wp-content\/uploads\/OPLITE-R8-KEYBOARD-MOUSE-TRAY-BLACK-OP-R8-MKTB_01.png","contentUrl":"https:\/\/oplitegames-preprod.ezratis.fr\/wp-content\/uploads\/OPLITE-R8-KEYBOARD-MOUSE-TRAY-BLACK-OP-R8-MKTB_01.png","width":2750,"height":2750},{"@type":"BreadcrumbList","@id":"https:\/\/oplitegames.com\/es\/producto\/r8-keyboard-mouse-tray-black\/#breadcrumb","itemListElement":[{"@type":"ListItem","position":1,"name":"Home","item":"https:\/\/oplitegames.com\/es\/oplite-gaming\/"},{"@type":"ListItem","position":2,"name":"Comercio","item":"https:\/\/oplitegames.com\/es\/comercio\/"},{"@type":"ListItem","position":3,"name":"R8\/S8 Keyboard &amp; Mouse Tray Black"}]},{"@type":"WebSite","@id":"https:\/\/oplitegames.com\/#website","url":"https:\/\/oplitegames.com\/","name":"OPLITE","description":"","publisher":{"@id":"https:\/\/oplitegames.com\/#organization"},"potentialAction":[{"@type":"SearchAction","target":{"@type":"EntryPoint","urlTemplate":"https:\/\/oplitegames.com\/?s={search_term_string}"},"query-input":{"@type":"PropertyValueSpecification","valueRequired":true,"valueName":"search_term_string"}}],"inLanguage":"es"},{"@type":"Organization","@id":"https:\/\/oplitegames.com\/#organization","name":"OPLITE","url":"https:\/\/oplitegames.com\/","logo":{"@type":"ImageObject","inLanguage":"es","@id":"https:\/\/oplitegames.com\/#\/schema\/logo\/image\/","url":"https:\/\/oplitegames-preprod.ezratis.fr\/wp-content\/uploads\/cropped-cropped-Oplite-Blanc-casse-002-scaled-1.png","contentUrl":"https:\/\/oplitegames-preprod.ezratis.fr\/wp-content\/uploads\/cropped-cropped-Oplite-Blanc-casse-002-scaled-1.png","width":2509,"height":597,"caption":"OPLITE"},"image":{"@id":"https:\/\/oplitegames.com\/#\/schema\/logo\/image\/"}}]},"product_price_amount":"79.90","product_price_currency":"EUR","og_availability":"instock","product_availability":"instock","product_retailer_item_id":"101269","product_condition":"new"},"_links":{"self":[{"href":"https:\/\/oplitegames-preprod.ezratis.fr\/es\/wp-json\/wp\/v2\/product\/45871","targetHints":{"allow":["GET"]}}],"collection":[{"href":"https:\/\/oplitegames-preprod.ezratis.fr\/es\/wp-json\/wp\/v2\/product"}],"about":[{"href":"https:\/\/oplitegames-preprod.ezratis.fr\/es\/wp-json\/wp\/v2\/types\/product"}],"version-history":[{"count":5,"href":"https:\/\/oplitegames-preprod.ezratis.fr\/es\/wp-json\/wp\/v2\/product\/45871\/revisions"}],"predecessor-version":[{"id":46421,"href":"https:\/\/oplitegames-preprod.ezratis.fr\/es\/wp-json\/wp\/v2\/product\/45871\/revisions\/46421"}],"wp:featuredmedia":[{"embeddable":true,"href":"https:\/\/oplitegames-preprod.ezratis.fr\/es\/wp-json\/wp\/v2\/media\/45006"}],"wp:attachment":[{"href":"https:\/\/oplitegames-preprod.ezratis.fr\/es\/wp-json\/wp\/v2\/media?parent=45871"}],"wp:term":[{"taxonomy":"product_brand","embeddable":true,"href":"https:\/\/oplitegames-preprod.ezratis.fr\/es\/wp-json\/wp\/v2\/product_brand?post=45871"},{"taxonomy":"product_cat","embeddable":true,"href":"https:\/\/oplitegames-preprod.ezratis.fr\/es\/wp-json\/wp\/v2\/product_cat?post=45871"},{"taxonomy":"product_tag","embeddable":true,"href":"https:\/\/oplitegames-preprod.ezratis.fr\/es\/wp-json\/wp\/v2\/product_tag?post=45871"}],"curies":[{"name":"wp","href":"https:\/\/api.w.org\/{rel}","templated":true}]}}