{"id":50423,"date":"2025-03-13T03:00:06","date_gmt":"2025-03-13T02:00:06","guid":{"rendered":"https:\/\/oplitegames.com\/?post_type=product&#038;p=50423"},"modified":"2025-11-27T03:01:50","modified_gmt":"2025-11-27T02:01:50","slug":"rs1-fibercore-siege-baquet-gtr","status":"publish","type":"product","link":"https:\/\/oplitegames-preprod.ezratis.fr\/es\/producto\/rs1-fibercore-siege-baquet-gtr\/","title":{"rendered":"RS1 FiberCore Si\u00e8ge Baquet GTR"},"content":{"rendered":"<p>El asiento baquet Oplite RS1 FiberCore\u00ae integra una tecnolog\u00eda innovadora compuesta por 4 capas de fibra de vidrio entrelazadas, reforzadas y armadas, garantizando una rigidez comparable a la de los asientos baquet utilizados en competiciones de automovilismo. Combinando est\u00e9tica y confort, ofrece a los jugadores una inmersi\u00f3n realista en el mundo del automovilismo. Dise\u00f1ado con un dise\u00f1o ergon\u00f3mico abierto, el RS1 FiberCore\u00ae se adapta a todas las morfolog\u00edas, ya sea de una persona que mide 1,40 m y pesa 60 kg, o de otra que mide 2,10 m y pesa 150 kg.<\/p>\n<p><span style=\"text-decoration: underline;\"><strong>Puntos Fuertes<\/strong><\/span><br \/>\n4 capas de fibra de vidrio entrelazadas, reforzadas y armadas<br \/>\nDimensi\u00f3n universal<br \/>\nRevestimiento de microfibra ultra transpirable<br \/>\nEspuma de alta densidad 35kg\/m3<br \/>\n5 pasos de la honda, compatible 3 y 4 puntos<br \/>\nFijaciones laterales est\u00e1ndar 290mm<br \/>\n4 Tornillos M8x20 incluidos para montaje lateral<\/p>\n<p><span style=\"text-decoration: underline;\"><strong>Caracter\u00edsticas t\u00e9cnicas<\/strong><\/span><br \/>\n<span style=\"text-decoration: underline;\">Dimensiones externas<\/span><br \/>\n-Ancho de espalda: 60 cm<br \/>\n-Ancho de asiento: 43 cm<br \/>\n-Altura del respaldo: 88cm<br \/>\n<span style=\"text-decoration: underline;\">Dimensiones internas<\/span><br \/>\n-Ancho de respaldo: 32 cm<br \/>\n-Ancho de asiento: 36 cm<br \/>\n<span style=\"text-decoration: underline;\">Aviso: No se puede<\/span><br \/>\n-No se incluyen los soportes para asientos.<br \/>\n-Este asiento no est\u00e1 homologado para ser instalado en un coche, su uso est\u00e1 dedicado exclusivamente a Simracing.<\/p>\n","protected":false},"excerpt":{"rendered":"<p>Experto en el dise\u00f1o de productos ergon\u00f3micos para la oficina y el sector de los juegos, OPLITE presenta su ya famosa ba\u00f1era, la GTR.<\/p>\n","protected":false},"featured_media":54852,"template":"","meta":{"_acf_changed":false,"footnotes":""},"product_brand":[],"product_cat":[764,806,803,797,731],"product_tag":[811],"class_list":{"0":"post-50423","1":"product","2":"type-product","3":"status-publish","4":"has-post-thumbnail","6":"product_cat-cabina-gtr-s8-infinity-es","7":"product_cat-cockpit-r8-fury-black-es","8":"product_cat-cockpit-r8-fury-white-es","9":"product_cat-cockpit-s8-ultra-es","10":"product_cat-simuladores","11":"product_tag-r8-fury-es","12":"pa_colisage-pcb-1-es","14":"first","15":"outofstock","16":"taxable","17":"shipping-taxable","18":"purchasable","19":"product-type-simple"},"bundled_by":[],"bundle_stock_status":"outofstock","bundle_stock_quantity":0,"bundle_virtual":false,"bundle_layout":"","bundle_add_to_cart_form_location":"","bundle_editable_in_cart":false,"bundle_sold_individually_context":"","bundle_item_grouping":"","bundle_min_size":"","bundle_max_size":"","bundle_price":[],"bundled_items":[],"bundle_sell_ids":[],"acf":[],"yoast_head":"<!-- This site is optimized with the Yoast SEO plugin v27.3 - https:\/\/yoast.com\/product\/yoast-seo-wordpress\/ -->\n<title>RS1 FiberCore Si\u00e8ge Baquet GTR - OPLITE<\/title>\n<meta name=\"robots\" content=\"index, follow, max-snippet:-1, max-image-preview:large, max-video-preview:-1\" \/>\n<link rel=\"canonical\" href=\"https:\/\/oplitegames.com\/es\/producto\/rs1-fibercore-siege-baquet-gtr\/\" \/>\n<meta property=\"og:locale\" content=\"es_ES\" \/>\n<meta property=\"og:type\" content=\"article\" \/>\n<meta property=\"og:title\" content=\"RS1 FiberCore Si\u00e8ge Baquet GTR - OPLITE\" \/>\n<meta property=\"og:description\" content=\"Experto en el dise\u00f1o de productos ergon\u00f3micos para la oficina y el sector de los juegos, OPLITE presenta su ya famosa ba\u00f1era, la GTR.\" \/>\n<meta property=\"og:url\" content=\"https:\/\/oplitegames.com\/es\/producto\/rs1-fibercore-siege-baquet-gtr\/\" \/>\n<meta property=\"og:site_name\" content=\"OPLITE\" \/>\n<meta property=\"article:modified_time\" content=\"2025-11-27T02:01:50+00:00\" \/>\n<meta property=\"og:image\" content=\"https:\/\/oplitegames.com\/wp-content\/uploads\/Design-sans-titre3.png\" \/>\n\t<meta property=\"og:image:width\" content=\"1000\" \/>\n\t<meta property=\"og:image:height\" content=\"1000\" \/>\n\t<meta property=\"og:image:type\" content=\"image\/png\" \/>\n<meta name=\"twitter:card\" content=\"summary_large_image\" \/>\n<meta name=\"twitter:label1\" content=\"Price\" \/>\n\t<meta name=\"twitter:data1\" content=\"249,90&nbsp;&euro;\" \/>\n\t<meta name=\"twitter:label2\" content=\"Availability\" \/>\n\t<meta name=\"twitter:data2\" content=\"Out of stock\" \/>\n<script type=\"application\/ld+json\" class=\"yoast-schema-graph\">{\"@context\":\"https:\\\/\\\/schema.org\",\"@graph\":[{\"@type\":[\"WebPage\",\"ItemPage\"],\"@id\":\"https:\\\/\\\/oplitegames.com\\\/es\\\/producto\\\/rs1-fibercore-siege-baquet-gtr\\\/\",\"url\":\"https:\\\/\\\/oplitegames.com\\\/es\\\/producto\\\/rs1-fibercore-siege-baquet-gtr\\\/\",\"name\":\"RS1 FiberCore Si\u00e8ge Baquet GTR - OPLITE\",\"isPartOf\":{\"@id\":\"https:\\\/\\\/oplitegames.com\\\/#website\"},\"primaryImageOfPage\":{\"@id\":\"https:\\\/\\\/oplitegames.com\\\/es\\\/producto\\\/rs1-fibercore-siege-baquet-gtr\\\/#primaryimage\"},\"image\":{\"@id\":\"https:\\\/\\\/oplitegames.com\\\/es\\\/producto\\\/rs1-fibercore-siege-baquet-gtr\\\/#primaryimage\"},\"thumbnailUrl\":\"https:\\\/\\\/oplitegames-preprod.ezratis.fr\\\/wp-content\\\/uploads\\\/Design-sans-titre3.png\",\"datePublished\":\"2025-03-13T02:00:06+00:00\",\"dateModified\":\"2025-11-27T02:01:50+00:00\",\"breadcrumb\":{\"@id\":\"https:\\\/\\\/oplitegames.com\\\/es\\\/producto\\\/rs1-fibercore-siege-baquet-gtr\\\/#breadcrumb\"},\"inLanguage\":\"es\",\"potentialAction\":[{\"@type\":\"ReadAction\",\"target\":[\"https:\\\/\\\/oplitegames.com\\\/es\\\/producto\\\/rs1-fibercore-siege-baquet-gtr\\\/\"]}]},{\"@type\":\"ImageObject\",\"inLanguage\":\"es\",\"@id\":\"https:\\\/\\\/oplitegames.com\\\/es\\\/producto\\\/rs1-fibercore-siege-baquet-gtr\\\/#primaryimage\",\"url\":\"https:\\\/\\\/oplitegames-preprod.ezratis.fr\\\/wp-content\\\/uploads\\\/Design-sans-titre3.png\",\"contentUrl\":\"https:\\\/\\\/oplitegames-preprod.ezratis.fr\\\/wp-content\\\/uploads\\\/Design-sans-titre3.png\",\"width\":1000,\"height\":1000},{\"@type\":\"BreadcrumbList\",\"@id\":\"https:\\\/\\\/oplitegames.com\\\/es\\\/producto\\\/rs1-fibercore-siege-baquet-gtr\\\/#breadcrumb\",\"itemListElement\":[{\"@type\":\"ListItem\",\"position\":1,\"name\":\"Home\",\"item\":\"https:\\\/\\\/oplitegames.com\\\/es\\\/oplite-gaming\\\/\"},{\"@type\":\"ListItem\",\"position\":2,\"name\":\"Comercio\",\"item\":\"https:\\\/\\\/oplitegames.com\\\/es\\\/comercio\\\/\"},{\"@type\":\"ListItem\",\"position\":3,\"name\":\"RS1 FiberCore Si\u00e8ge Baquet GTR\"}]},{\"@type\":\"WebSite\",\"@id\":\"https:\\\/\\\/oplitegames.com\\\/#website\",\"url\":\"https:\\\/\\\/oplitegames.com\\\/\",\"name\":\"OPLITE\",\"description\":\"\",\"publisher\":{\"@id\":\"https:\\\/\\\/oplitegames.com\\\/#organization\"},\"potentialAction\":[{\"@type\":\"SearchAction\",\"target\":{\"@type\":\"EntryPoint\",\"urlTemplate\":\"https:\\\/\\\/oplitegames.com\\\/?s={search_term_string}\"},\"query-input\":{\"@type\":\"PropertyValueSpecification\",\"valueRequired\":true,\"valueName\":\"search_term_string\"}}],\"inLanguage\":\"es\"},{\"@type\":\"Organization\",\"@id\":\"https:\\\/\\\/oplitegames.com\\\/#organization\",\"name\":\"OPLITE\",\"url\":\"https:\\\/\\\/oplitegames.com\\\/\",\"logo\":{\"@type\":\"ImageObject\",\"inLanguage\":\"es\",\"@id\":\"https:\\\/\\\/oplitegames.com\\\/#\\\/schema\\\/logo\\\/image\\\/\",\"url\":\"https:\\\/\\\/oplitegames-preprod.ezratis.fr\\\/wp-content\\\/uploads\\\/cropped-cropped-Oplite-Blanc-casse-002-scaled-1.png\",\"contentUrl\":\"https:\\\/\\\/oplitegames-preprod.ezratis.fr\\\/wp-content\\\/uploads\\\/cropped-cropped-Oplite-Blanc-casse-002-scaled-1.png\",\"width\":2509,\"height\":597,\"caption\":\"OPLITE\"},\"image\":{\"@id\":\"https:\\\/\\\/oplitegames.com\\\/#\\\/schema\\\/logo\\\/image\\\/\"}}]}<\/script>\n<meta property=\"product:price:amount\" content=\"249.90\" \/>\n<meta property=\"product:price:currency\" content=\"EUR\" \/>\n<meta property=\"og:availability\" content=\"out of stock\" \/>\n<meta property=\"product:availability\" content=\"out of stock\" \/>\n<meta property=\"product:retailer_item_id\" content=\"102129\" \/>\n<meta property=\"product:condition\" content=\"new\" \/>\n<!-- \/ Yoast SEO plugin. -->","yoast_head_json":{"title":"RS1 FiberCore Si\u00e8ge Baquet GTR - OPLITE","robots":{"index":"index","follow":"follow","max-snippet":"max-snippet:-1","max-image-preview":"max-image-preview:large","max-video-preview":"max-video-preview:-1"},"canonical":"https:\/\/oplitegames.com\/es\/producto\/rs1-fibercore-siege-baquet-gtr\/","og_locale":"es_ES","og_type":"article","og_title":"RS1 FiberCore Si\u00e8ge Baquet GTR - OPLITE","og_description":"Experto en el dise\u00f1o de productos ergon\u00f3micos para la oficina y el sector de los juegos, OPLITE presenta su ya famosa ba\u00f1era, la GTR.","og_url":"https:\/\/oplitegames.com\/es\/producto\/rs1-fibercore-siege-baquet-gtr\/","og_site_name":"OPLITE","article_modified_time":"2025-11-27T02:01:50+00:00","og_image":[{"width":1000,"height":1000,"url":"https:\/\/oplitegames.com\/wp-content\/uploads\/Design-sans-titre3.png","type":"image\/png"}],"twitter_card":"summary_large_image","twitter_misc":{"Price":"249,90&nbsp;&euro;","Availability":"Out of stock"},"schema":{"@context":"https:\/\/schema.org","@graph":[{"@type":["WebPage","ItemPage"],"@id":"https:\/\/oplitegames.com\/es\/producto\/rs1-fibercore-siege-baquet-gtr\/","url":"https:\/\/oplitegames.com\/es\/producto\/rs1-fibercore-siege-baquet-gtr\/","name":"RS1 FiberCore Si\u00e8ge Baquet GTR - OPLITE","isPartOf":{"@id":"https:\/\/oplitegames.com\/#website"},"primaryImageOfPage":{"@id":"https:\/\/oplitegames.com\/es\/producto\/rs1-fibercore-siege-baquet-gtr\/#primaryimage"},"image":{"@id":"https:\/\/oplitegames.com\/es\/producto\/rs1-fibercore-siege-baquet-gtr\/#primaryimage"},"thumbnailUrl":"https:\/\/oplitegames-preprod.ezratis.fr\/wp-content\/uploads\/Design-sans-titre3.png","datePublished":"2025-03-13T02:00:06+00:00","dateModified":"2025-11-27T02:01:50+00:00","breadcrumb":{"@id":"https:\/\/oplitegames.com\/es\/producto\/rs1-fibercore-siege-baquet-gtr\/#breadcrumb"},"inLanguage":"es","potentialAction":[{"@type":"ReadAction","target":["https:\/\/oplitegames.com\/es\/producto\/rs1-fibercore-siege-baquet-gtr\/"]}]},{"@type":"ImageObject","inLanguage":"es","@id":"https:\/\/oplitegames.com\/es\/producto\/rs1-fibercore-siege-baquet-gtr\/#primaryimage","url":"https:\/\/oplitegames-preprod.ezratis.fr\/wp-content\/uploads\/Design-sans-titre3.png","contentUrl":"https:\/\/oplitegames-preprod.ezratis.fr\/wp-content\/uploads\/Design-sans-titre3.png","width":1000,"height":1000},{"@type":"BreadcrumbList","@id":"https:\/\/oplitegames.com\/es\/producto\/rs1-fibercore-siege-baquet-gtr\/#breadcrumb","itemListElement":[{"@type":"ListItem","position":1,"name":"Home","item":"https:\/\/oplitegames.com\/es\/oplite-gaming\/"},{"@type":"ListItem","position":2,"name":"Comercio","item":"https:\/\/oplitegames.com\/es\/comercio\/"},{"@type":"ListItem","position":3,"name":"RS1 FiberCore Si\u00e8ge Baquet GTR"}]},{"@type":"WebSite","@id":"https:\/\/oplitegames.com\/#website","url":"https:\/\/oplitegames.com\/","name":"OPLITE","description":"","publisher":{"@id":"https:\/\/oplitegames.com\/#organization"},"potentialAction":[{"@type":"SearchAction","target":{"@type":"EntryPoint","urlTemplate":"https:\/\/oplitegames.com\/?s={search_term_string}"},"query-input":{"@type":"PropertyValueSpecification","valueRequired":true,"valueName":"search_term_string"}}],"inLanguage":"es"},{"@type":"Organization","@id":"https:\/\/oplitegames.com\/#organization","name":"OPLITE","url":"https:\/\/oplitegames.com\/","logo":{"@type":"ImageObject","inLanguage":"es","@id":"https:\/\/oplitegames.com\/#\/schema\/logo\/image\/","url":"https:\/\/oplitegames-preprod.ezratis.fr\/wp-content\/uploads\/cropped-cropped-Oplite-Blanc-casse-002-scaled-1.png","contentUrl":"https:\/\/oplitegames-preprod.ezratis.fr\/wp-content\/uploads\/cropped-cropped-Oplite-Blanc-casse-002-scaled-1.png","width":2509,"height":597,"caption":"OPLITE"},"image":{"@id":"https:\/\/oplitegames.com\/#\/schema\/logo\/image\/"}}]},"product_price_amount":"249.90","product_price_currency":"EUR","og_availability":"out of stock","product_availability":"out of stock","product_retailer_item_id":"102129","product_condition":"new"},"_links":{"self":[{"href":"https:\/\/oplitegames-preprod.ezratis.fr\/es\/wp-json\/wp\/v2\/product\/50423","targetHints":{"allow":["GET"]}}],"collection":[{"href":"https:\/\/oplitegames-preprod.ezratis.fr\/es\/wp-json\/wp\/v2\/product"}],"about":[{"href":"https:\/\/oplitegames-preprod.ezratis.fr\/es\/wp-json\/wp\/v2\/types\/product"}],"version-history":[{"count":1,"href":"https:\/\/oplitegames-preprod.ezratis.fr\/es\/wp-json\/wp\/v2\/product\/50423\/revisions"}],"predecessor-version":[{"id":50431,"href":"https:\/\/oplitegames-preprod.ezratis.fr\/es\/wp-json\/wp\/v2\/product\/50423\/revisions\/50431"}],"wp:featuredmedia":[{"embeddable":true,"href":"https:\/\/oplitegames-preprod.ezratis.fr\/es\/wp-json\/wp\/v2\/media\/54852"}],"wp:attachment":[{"href":"https:\/\/oplitegames-preprod.ezratis.fr\/es\/wp-json\/wp\/v2\/media?parent=50423"}],"wp:term":[{"taxonomy":"product_brand","embeddable":true,"href":"https:\/\/oplitegames-preprod.ezratis.fr\/es\/wp-json\/wp\/v2\/product_brand?post=50423"},{"taxonomy":"product_cat","embeddable":true,"href":"https:\/\/oplitegames-preprod.ezratis.fr\/es\/wp-json\/wp\/v2\/product_cat?post=50423"},{"taxonomy":"product_tag","embeddable":true,"href":"https:\/\/oplitegames-preprod.ezratis.fr\/es\/wp-json\/wp\/v2\/product_tag?post=50423"}],"curies":[{"name":"wp","href":"https:\/\/api.w.org\/{rel}","templated":true}]}}