{"id":61719,"date":"2025-09-30T04:01:16","date_gmt":"2025-09-30T02:01:16","guid":{"rendered":"https:\/\/oplitegames.com\/?post_type=product&#038;p=61719"},"modified":"2025-12-16T15:37:18","modified_gmt":"2025-12-16T14:37:18","slug":"gtr-s8-monitor-stand-e-sport-white","status":"publish","type":"product","link":"https:\/\/oplitegames-preprod.ezratis.fr\/es\/producto\/gtr-s8-monitor-stand-e-sport-white\/","title":{"rendered":"GTR S8 Monitor Stand E-Sport White"},"content":{"rendered":"<p>Mejora tu inmersi\u00f3n con el <strong>GTR S8 Monitor Stand E-Sport<\/strong>. Dise\u00f1ado especialmente para los Simracers m\u00e1s exigentes equipados con un cockpit de la gama GTR (de cualquier generaci\u00f3n), este soporte para una sola pantalla optimiza tu campo de visi\u00f3n (FOV) para una experiencia de conducci\u00f3n a\u00fan m\u00e1s realista. Inspirado en el dise\u00f1o automovil\u00edstico, combina robustez y estilo gracias a una estructura de acero de alta resistencia E355. Sus precisos ajustes han sido estudiados para reproducir de la mejor manera posible las condiciones reales de conducci\u00f3n, ofreciendo al mismo tiempo confort y ergonom\u00eda. Ofrece m\u00faltiples posibilidades de regulaci\u00f3n y una fijaci\u00f3n ultraestable gracias a sus 4 puntos de anclaje. Una elecci\u00f3n ideal para los apasionados que buscan el m\u00e1ximo rendimiento.<\/p>\n<p><strong>Puntos fuertes<\/strong><\/p>\n<ul>\n<li>Campo de visi\u00f3n (FOV) \u00fanico para una inmersi\u00f3n m\u00e1xima<\/li>\n<li>Integraci\u00f3n perfecta con su cockpit de la gama GTR<\/li>\n<li>Instalaci\u00f3n r\u00e1pida y estructura ultra r\u00edgida<\/li>\n<li>M\u00faltiples opciones de ajuste: altura, profundidad, inclinaci\u00f3n<\/li>\n<li>Amplia compatibilidad con monitores y televisores<\/li>\n<li>Compatible con los productos OPLITE:\n<ul>\n<li>Cockpits de la gama GTR, todas las generaciones<\/li>\n<li>R8 \/ S8 Extensions Triple Screen Mount<\/li>\n<li>S8 On Top Monitor Mount<\/li>\n<\/ul>\n<\/li>\n<\/ul>\n<p><strong>Especificaciones t\u00e9cnicas<\/strong><br \/>\n<span style=\"text-decoration: underline;\">Tubos de uni\u00f3n:<\/span><br \/>\n\u2022 Estructura de acero tubular robusto, tipo E355, \u00d8 48 mm, espesor 2 mm<br \/>\n<span style=\"text-decoration: underline;\">Marco de soporte de la pantalla:<\/span><br \/>\n\u2022 Estructura de acero tipo E355, espesor 2 mm<br \/>\n<span style=\"text-decoration: underline;\">Ajustes de la pantalla:<\/span><br \/>\n\u2022 4 niveles de regulaci\u00f3n en altura<br \/>\n\u2022 Profundidad ajustable \u00b1100 mm<br \/>\n\u2022 Inclinaci\u00f3n arriba\/abajo \u00b120\u00b0<\/p>\n<p><strong>Compatibilidad con pantallas y televisores<\/strong><\/p>\n<table>\n<tbody>\n<tr>\n<td><strong>Informaci\u00f3n<\/strong><\/td>\n<td><strong>Datos t\u00e9cnicos<\/strong><\/td>\n<\/tr>\n<tr>\n<td>TAMA\u00d1O M\u00c1XIMO DE MONITOR DE PC<\/td>\n<td>57&#8221; 32:9 (Curved or flat)<\/td>\n<\/tr>\n<tr>\n<td>PESO M\u00c1XIMO<\/td>\n<td>30Kg<\/td>\n<\/tr>\n<tr>\n<td>VESA<\/td>\n<td>75&#215;75, 100&#215;100, 100&#215;200, 200&#215;100, 300&#215;100, 200&#215;200, 300&#215;200, 200&#215;400, 400&#215;200<\/td>\n<\/tr>\n<\/tbody>\n<\/table>\n<p>&nbsp;<\/p>\n<p>&nbsp;<\/p>\n","protected":false},"excerpt":{"rendered":"[embed]https:\/\/youtu.be\/yDJwHIkV1Tw[\/embed]\n<p>Especializada en el dise\u00f1o ergon\u00f3mico de productos para los sectores de oficina y gaming, OPLITE presenta el <strong>GTR S8 Monitor Stand E-Sport<\/strong> para su GTR-S8.<\/p>\n","protected":false},"featured_media":60945,"template":"","meta":{"_acf_changed":false,"footnotes":""},"product_brand":[],"product_cat":[797,731],"product_tag":[],"class_list":{"0":"post-61719","1":"product","2":"type-product","3":"status-publish","4":"has-post-thumbnail","6":"product_cat-cockpit-s8-ultra-es","7":"product_cat-simuladores","8":"pa_colisage-pcb-824","9":"pa_colisage-pcb-1-es","11":"first","12":"outofstock","13":"taxable","14":"shipping-taxable","15":"purchasable","16":"product-type-simple"},"bundled_by":[],"bundle_stock_status":"outofstock","bundle_stock_quantity":0,"bundle_virtual":false,"bundle_layout":"","bundle_add_to_cart_form_location":"","bundle_editable_in_cart":false,"bundle_sold_individually_context":"","bundle_item_grouping":"","bundle_min_size":"","bundle_max_size":"","bundle_price":[],"bundled_items":[],"bundle_sell_ids":[],"acf":[],"yoast_head":"<!-- This site is optimized with the Yoast SEO plugin v27.3 - https:\/\/yoast.com\/product\/yoast-seo-wordpress\/ -->\n<title>GTR S8 Monitor Stand E-Sport White - OPLITE<\/title>\n<meta name=\"robots\" content=\"index, follow, max-snippet:-1, max-image-preview:large, max-video-preview:-1\" \/>\n<link rel=\"canonical\" href=\"https:\/\/oplitegames.com\/es\/producto\/gtr-s8-monitor-stand-e-sport-white\/\" \/>\n<meta property=\"og:locale\" content=\"es_ES\" \/>\n<meta property=\"og:type\" content=\"article\" \/>\n<meta property=\"og:title\" content=\"GTR S8 Monitor Stand E-Sport White - OPLITE\" \/>\n<meta property=\"og:description\" content=\"Especializada en el dise\u00f1o ergon\u00f3mico de productos para los sectores de oficina y gaming, OPLITE presenta el GTR S8 Monitor Stand E-Sport para su GTR-S8.\" \/>\n<meta property=\"og:url\" content=\"https:\/\/oplitegames.com\/es\/producto\/gtr-s8-monitor-stand-e-sport-white\/\" \/>\n<meta property=\"og:site_name\" content=\"OPLITE\" \/>\n<meta property=\"article:modified_time\" content=\"2025-12-16T14:37:18+00:00\" \/>\n<meta property=\"og:image\" content=\"https:\/\/oplitegames.com\/wp-content\/uploads\/OPLITE20GAMING_3770031134643_1.jpg\" \/>\n\t<meta property=\"og:image:width\" content=\"1000\" \/>\n\t<meta property=\"og:image:height\" content=\"1000\" \/>\n\t<meta property=\"og:image:type\" content=\"image\/jpeg\" \/>\n<meta name=\"twitter:card\" content=\"summary_large_image\" \/>\n<meta name=\"twitter:label1\" content=\"Price\" \/>\n\t<meta name=\"twitter:data1\" content=\"99,90&nbsp;&euro;\" \/>\n\t<meta name=\"twitter:label2\" content=\"Availability\" \/>\n\t<meta name=\"twitter:data2\" content=\"Out of stock\" \/>\n<script type=\"application\/ld+json\" class=\"yoast-schema-graph\">{\"@context\":\"https:\\\/\\\/schema.org\",\"@graph\":[{\"@type\":[\"WebPage\",\"ItemPage\"],\"@id\":\"https:\\\/\\\/oplitegames.com\\\/es\\\/producto\\\/gtr-s8-monitor-stand-e-sport-white\\\/\",\"url\":\"https:\\\/\\\/oplitegames.com\\\/es\\\/producto\\\/gtr-s8-monitor-stand-e-sport-white\\\/\",\"name\":\"GTR S8 Monitor Stand E-Sport White - OPLITE\",\"isPartOf\":{\"@id\":\"https:\\\/\\\/oplitegames.com\\\/#website\"},\"primaryImageOfPage\":{\"@id\":\"https:\\\/\\\/oplitegames.com\\\/es\\\/producto\\\/gtr-s8-monitor-stand-e-sport-white\\\/#primaryimage\"},\"image\":{\"@id\":\"https:\\\/\\\/oplitegames.com\\\/es\\\/producto\\\/gtr-s8-monitor-stand-e-sport-white\\\/#primaryimage\"},\"thumbnailUrl\":\"https:\\\/\\\/oplitegames-preprod.ezratis.fr\\\/wp-content\\\/uploads\\\/OPLITE20GAMING_3770031134643_1.jpg\",\"datePublished\":\"2025-09-30T02:01:16+00:00\",\"dateModified\":\"2025-12-16T14:37:18+00:00\",\"breadcrumb\":{\"@id\":\"https:\\\/\\\/oplitegames.com\\\/es\\\/producto\\\/gtr-s8-monitor-stand-e-sport-white\\\/#breadcrumb\"},\"inLanguage\":\"es\",\"potentialAction\":[{\"@type\":\"ReadAction\",\"target\":[\"https:\\\/\\\/oplitegames.com\\\/es\\\/producto\\\/gtr-s8-monitor-stand-e-sport-white\\\/\"]}]},{\"@type\":\"ImageObject\",\"inLanguage\":\"es\",\"@id\":\"https:\\\/\\\/oplitegames.com\\\/es\\\/producto\\\/gtr-s8-monitor-stand-e-sport-white\\\/#primaryimage\",\"url\":\"https:\\\/\\\/oplitegames-preprod.ezratis.fr\\\/wp-content\\\/uploads\\\/OPLITE20GAMING_3770031134643_1.jpg\",\"contentUrl\":\"https:\\\/\\\/oplitegames-preprod.ezratis.fr\\\/wp-content\\\/uploads\\\/OPLITE20GAMING_3770031134643_1.jpg\",\"width\":1000,\"height\":1000},{\"@type\":\"BreadcrumbList\",\"@id\":\"https:\\\/\\\/oplitegames.com\\\/es\\\/producto\\\/gtr-s8-monitor-stand-e-sport-white\\\/#breadcrumb\",\"itemListElement\":[{\"@type\":\"ListItem\",\"position\":1,\"name\":\"Home\",\"item\":\"https:\\\/\\\/oplitegames.com\\\/es\\\/oplite-gaming\\\/\"},{\"@type\":\"ListItem\",\"position\":2,\"name\":\"Comercio\",\"item\":\"https:\\\/\\\/oplitegames.com\\\/es\\\/comercio\\\/\"},{\"@type\":\"ListItem\",\"position\":3,\"name\":\"GTR S8 Monitor Stand E-Sport White\"}]},{\"@type\":\"WebSite\",\"@id\":\"https:\\\/\\\/oplitegames.com\\\/#website\",\"url\":\"https:\\\/\\\/oplitegames.com\\\/\",\"name\":\"OPLITE\",\"description\":\"\",\"publisher\":{\"@id\":\"https:\\\/\\\/oplitegames.com\\\/#organization\"},\"potentialAction\":[{\"@type\":\"SearchAction\",\"target\":{\"@type\":\"EntryPoint\",\"urlTemplate\":\"https:\\\/\\\/oplitegames.com\\\/?s={search_term_string}\"},\"query-input\":{\"@type\":\"PropertyValueSpecification\",\"valueRequired\":true,\"valueName\":\"search_term_string\"}}],\"inLanguage\":\"es\"},{\"@type\":\"Organization\",\"@id\":\"https:\\\/\\\/oplitegames.com\\\/#organization\",\"name\":\"OPLITE\",\"url\":\"https:\\\/\\\/oplitegames.com\\\/\",\"logo\":{\"@type\":\"ImageObject\",\"inLanguage\":\"es\",\"@id\":\"https:\\\/\\\/oplitegames.com\\\/#\\\/schema\\\/logo\\\/image\\\/\",\"url\":\"https:\\\/\\\/oplitegames-preprod.ezratis.fr\\\/wp-content\\\/uploads\\\/cropped-cropped-Oplite-Blanc-casse-002-scaled-1.png\",\"contentUrl\":\"https:\\\/\\\/oplitegames-preprod.ezratis.fr\\\/wp-content\\\/uploads\\\/cropped-cropped-Oplite-Blanc-casse-002-scaled-1.png\",\"width\":2509,\"height\":597,\"caption\":\"OPLITE\"},\"image\":{\"@id\":\"https:\\\/\\\/oplitegames.com\\\/#\\\/schema\\\/logo\\\/image\\\/\"}}]}<\/script>\n<meta property=\"product:price:amount\" content=\"99.90\" \/>\n<meta property=\"product:price:currency\" content=\"EUR\" \/>\n<meta property=\"og:availability\" content=\"out of stock\" \/>\n<meta property=\"product:availability\" content=\"out of stock\" \/>\n<meta property=\"product:retailer_item_id\" content=\"103140\" \/>\n<meta property=\"product:condition\" content=\"new\" \/>\n<!-- \/ Yoast SEO plugin. -->","yoast_head_json":{"title":"GTR S8 Monitor Stand E-Sport White - OPLITE","robots":{"index":"index","follow":"follow","max-snippet":"max-snippet:-1","max-image-preview":"max-image-preview:large","max-video-preview":"max-video-preview:-1"},"canonical":"https:\/\/oplitegames.com\/es\/producto\/gtr-s8-monitor-stand-e-sport-white\/","og_locale":"es_ES","og_type":"article","og_title":"GTR S8 Monitor Stand E-Sport White - OPLITE","og_description":"Especializada en el dise\u00f1o ergon\u00f3mico de productos para los sectores de oficina y gaming, OPLITE presenta el GTR S8 Monitor Stand E-Sport para su GTR-S8.","og_url":"https:\/\/oplitegames.com\/es\/producto\/gtr-s8-monitor-stand-e-sport-white\/","og_site_name":"OPLITE","article_modified_time":"2025-12-16T14:37:18+00:00","og_image":[{"width":1000,"height":1000,"url":"https:\/\/oplitegames.com\/wp-content\/uploads\/OPLITE20GAMING_3770031134643_1.jpg","type":"image\/jpeg"}],"twitter_card":"summary_large_image","twitter_misc":{"Price":"99,90&nbsp;&euro;","Availability":"Out of stock"},"schema":{"@context":"https:\/\/schema.org","@graph":[{"@type":["WebPage","ItemPage"],"@id":"https:\/\/oplitegames.com\/es\/producto\/gtr-s8-monitor-stand-e-sport-white\/","url":"https:\/\/oplitegames.com\/es\/producto\/gtr-s8-monitor-stand-e-sport-white\/","name":"GTR S8 Monitor Stand E-Sport White - OPLITE","isPartOf":{"@id":"https:\/\/oplitegames.com\/#website"},"primaryImageOfPage":{"@id":"https:\/\/oplitegames.com\/es\/producto\/gtr-s8-monitor-stand-e-sport-white\/#primaryimage"},"image":{"@id":"https:\/\/oplitegames.com\/es\/producto\/gtr-s8-monitor-stand-e-sport-white\/#primaryimage"},"thumbnailUrl":"https:\/\/oplitegames-preprod.ezratis.fr\/wp-content\/uploads\/OPLITE20GAMING_3770031134643_1.jpg","datePublished":"2025-09-30T02:01:16+00:00","dateModified":"2025-12-16T14:37:18+00:00","breadcrumb":{"@id":"https:\/\/oplitegames.com\/es\/producto\/gtr-s8-monitor-stand-e-sport-white\/#breadcrumb"},"inLanguage":"es","potentialAction":[{"@type":"ReadAction","target":["https:\/\/oplitegames.com\/es\/producto\/gtr-s8-monitor-stand-e-sport-white\/"]}]},{"@type":"ImageObject","inLanguage":"es","@id":"https:\/\/oplitegames.com\/es\/producto\/gtr-s8-monitor-stand-e-sport-white\/#primaryimage","url":"https:\/\/oplitegames-preprod.ezratis.fr\/wp-content\/uploads\/OPLITE20GAMING_3770031134643_1.jpg","contentUrl":"https:\/\/oplitegames-preprod.ezratis.fr\/wp-content\/uploads\/OPLITE20GAMING_3770031134643_1.jpg","width":1000,"height":1000},{"@type":"BreadcrumbList","@id":"https:\/\/oplitegames.com\/es\/producto\/gtr-s8-monitor-stand-e-sport-white\/#breadcrumb","itemListElement":[{"@type":"ListItem","position":1,"name":"Home","item":"https:\/\/oplitegames.com\/es\/oplite-gaming\/"},{"@type":"ListItem","position":2,"name":"Comercio","item":"https:\/\/oplitegames.com\/es\/comercio\/"},{"@type":"ListItem","position":3,"name":"GTR S8 Monitor Stand E-Sport White"}]},{"@type":"WebSite","@id":"https:\/\/oplitegames.com\/#website","url":"https:\/\/oplitegames.com\/","name":"OPLITE","description":"","publisher":{"@id":"https:\/\/oplitegames.com\/#organization"},"potentialAction":[{"@type":"SearchAction","target":{"@type":"EntryPoint","urlTemplate":"https:\/\/oplitegames.com\/?s={search_term_string}"},"query-input":{"@type":"PropertyValueSpecification","valueRequired":true,"valueName":"search_term_string"}}],"inLanguage":"es"},{"@type":"Organization","@id":"https:\/\/oplitegames.com\/#organization","name":"OPLITE","url":"https:\/\/oplitegames.com\/","logo":{"@type":"ImageObject","inLanguage":"es","@id":"https:\/\/oplitegames.com\/#\/schema\/logo\/image\/","url":"https:\/\/oplitegames-preprod.ezratis.fr\/wp-content\/uploads\/cropped-cropped-Oplite-Blanc-casse-002-scaled-1.png","contentUrl":"https:\/\/oplitegames-preprod.ezratis.fr\/wp-content\/uploads\/cropped-cropped-Oplite-Blanc-casse-002-scaled-1.png","width":2509,"height":597,"caption":"OPLITE"},"image":{"@id":"https:\/\/oplitegames.com\/#\/schema\/logo\/image\/"}}]},"product_price_amount":"99.90","product_price_currency":"EUR","og_availability":"out of stock","product_availability":"out of stock","product_retailer_item_id":"103140","product_condition":"new"},"_links":{"self":[{"href":"https:\/\/oplitegames-preprod.ezratis.fr\/es\/wp-json\/wp\/v2\/product\/61719","targetHints":{"allow":["GET"]}}],"collection":[{"href":"https:\/\/oplitegames-preprod.ezratis.fr\/es\/wp-json\/wp\/v2\/product"}],"about":[{"href":"https:\/\/oplitegames-preprod.ezratis.fr\/es\/wp-json\/wp\/v2\/types\/product"}],"version-history":[{"count":3,"href":"https:\/\/oplitegames-preprod.ezratis.fr\/es\/wp-json\/wp\/v2\/product\/61719\/revisions"}],"predecessor-version":[{"id":63984,"href":"https:\/\/oplitegames-preprod.ezratis.fr\/es\/wp-json\/wp\/v2\/product\/61719\/revisions\/63984"}],"wp:featuredmedia":[{"embeddable":true,"href":"https:\/\/oplitegames-preprod.ezratis.fr\/es\/wp-json\/wp\/v2\/media\/60945"}],"wp:attachment":[{"href":"https:\/\/oplitegames-preprod.ezratis.fr\/es\/wp-json\/wp\/v2\/media?parent=61719"}],"wp:term":[{"taxonomy":"product_brand","embeddable":true,"href":"https:\/\/oplitegames-preprod.ezratis.fr\/es\/wp-json\/wp\/v2\/product_brand?post=61719"},{"taxonomy":"product_cat","embeddable":true,"href":"https:\/\/oplitegames-preprod.ezratis.fr\/es\/wp-json\/wp\/v2\/product_cat?post=61719"},{"taxonomy":"product_tag","embeddable":true,"href":"https:\/\/oplitegames-preprod.ezratis.fr\/es\/wp-json\/wp\/v2\/product_tag?post=61719"}],"curies":[{"name":"wp","href":"https:\/\/api.w.org\/{rel}","templated":true}]}}