{"id":61722,"date":"2025-09-30T04:01:20","date_gmt":"2025-09-30T02:01:20","guid":{"rendered":"https:\/\/oplitegames.com\/?post_type=product&#038;p=61722"},"modified":"2025-12-16T02:47:41","modified_gmt":"2025-12-16T01:47:41","slug":"s8-on-top-monitor-mount-white","status":"publish","type":"product","link":"https:\/\/oplitegames-preprod.ezratis.fr\/es\/producto\/s8-on-top-monitor-mount-white\/","title":{"rendered":"S8 On Top Monitor Mount White"},"content":{"rendered":"<p>Para una inmersi\u00f3n a\u00fan m\u00e1s completa, lo ideal es mostrar los datos t\u00e9cnicos de sus simulaciones en una pantalla adicional. El S8 On Top Monitor Mount permite instalar una segunda o incluso una cuarta pantalla por encima de la pantalla principal (o de sus tres pantallas). Fabricado en acero tipo E355 con \u00d8 48 mm y un espesor de 2 mm, nuestro soporte para monitor ofrece una estructura muy r\u00edgida, a la vez que un dise\u00f1o elegante y m\u00faltiples posibilidades de ajuste.<\/p>\n<p><strong>Puntos fuertes<\/strong><\/p>\n<ul>\n<li>Ideal para completar tu setup GTR S8<\/li>\n<li>Instalaci\u00f3n r\u00e1pida y estructura ultra r\u00edgida<\/li>\n<li>M\u00faltiples opciones de ajuste (altura, profundidad, inclinaci\u00f3n)<\/li>\n<li>Gran compatibilidad con monitores y televisores<\/li>\n<li>Compatible con:\n<ul>\n<li>Monitor Stand GTR S3\/S8 &#8211; GTR S3\/S8 White<\/li>\n<li>GTR S8 Monitor Stand E-Sport<\/li>\n<\/ul>\n<\/li>\n<\/ul>\n<p><strong>Especificaciones t\u00e9cnicas<\/strong><br \/>\nTubos de uni\u00f3n:<br \/>\n\u2022 Estructura de acero tubular robusto, tipo E355, \u00d848 mm, espesor 2 mm<br \/>\nMarco de soporte de la pantalla:<br \/>\n\u2022 Estructura de acero tipo E355, espesor 2 mm<br \/>\nAjustes de la pantalla:<br \/>\n\u2022 4 niveles de regulaci\u00f3n en altura<br \/>\n\u2022 Profundidad ajustable \u00b1105 mm<br \/>\n\u2022 Inclinaci\u00f3n arriba\/abajo \u00b120\u00b0<\/p>\n<p><strong>Compatibilidad con pantallas y televisores<\/strong><\/p>\n<table>\n<tbody>\n<tr>\n<td><strong>Informaci\u00f3n<\/strong><\/td>\n<td><strong>Datos t\u00e9cnicos<\/strong><\/td>\n<\/tr>\n<tr>\n<td>TAMA\u00d1O M\u00c1XIMO DE TV<\/td>\n<td>34&#8243; 21:9<\/td>\n<\/tr>\n<tr>\n<td>TAMA\u00d1O M\u00c1XIMO DE MONITOR DE PC<\/td>\n<td>34&#8243; 21:9<\/td>\n<\/tr>\n<tr>\n<td>PESO M\u00c1XIMO<\/td>\n<td>20Kg<\/td>\n<\/tr>\n<tr>\n<td>VESA<\/td>\n<td>75&#215;75,100&#215;100,100&#215;200,200&#215;100, 300&#215;100,200&#215;200,300&#215;200,400&#215;200<\/td>\n<\/tr>\n<\/tbody>\n<\/table>\n<p><strong>Recomendaciones de uso<\/strong><\/p>\n<ul>\n<li>La instalaci\u00f3n del S8 ON TOP MONITOR MOUNT requiere que su cockpit GTR est\u00e9 equipado con el kit Full Force.<\/li>\n<li>Para una experiencia de juego \u00f3ptima, recomendamos el uso de una base con force feedback calibrada hasta un m\u00e1ximo de 20 Nm.<\/li>\n<\/ul>\n","protected":false},"excerpt":{"rendered":"<p>Experto en dise\u00f1o de productos ergon\u00f3micos para los sectores de oficina y gaming, OPLITE te presenta el <strong>R8 On Top Monitor Mount<\/strong> para tu GTR-S8<\/p>\n[embed]https:\/\/youtu.be\/yDJwHIkV1Tw[\/embed]\n","protected":false},"featured_media":60967,"template":"","meta":{"_acf_changed":false,"footnotes":""},"product_brand":[],"product_cat":[797,731],"product_tag":[],"class_list":{"0":"post-61722","1":"product","2":"type-product","3":"status-publish","4":"has-post-thumbnail","6":"product_cat-cockpit-s8-ultra-es","7":"product_cat-simuladores","8":"pa_colisage-pcb-824","9":"pa_colisage-pcb-1-es","11":"first","12":"instock","13":"taxable","14":"shipping-taxable","15":"purchasable","16":"product-type-simple"},"bundled_by":[],"bundle_stock_status":"instock","bundle_stock_quantity":132,"bundle_virtual":false,"bundle_layout":"","bundle_add_to_cart_form_location":"","bundle_editable_in_cart":false,"bundle_sold_individually_context":"","bundle_item_grouping":"","bundle_min_size":"","bundle_max_size":"","bundle_price":[],"bundled_items":[],"bundle_sell_ids":[],"acf":[],"yoast_head":"<!-- This site is optimized with the Yoast SEO plugin v27.3 - https:\/\/yoast.com\/product\/yoast-seo-wordpress\/ -->\n<title>S8 On Top Monitor Mount White - OPLITE<\/title>\n<meta name=\"robots\" content=\"index, follow, max-snippet:-1, max-image-preview:large, max-video-preview:-1\" \/>\n<link rel=\"canonical\" href=\"https:\/\/oplitegames.com\/es\/producto\/s8-on-top-monitor-mount-white\/\" \/>\n<meta property=\"og:locale\" content=\"es_ES\" \/>\n<meta property=\"og:type\" content=\"article\" \/>\n<meta property=\"og:title\" content=\"S8 On Top Monitor Mount White - OPLITE\" \/>\n<meta property=\"og:description\" content=\"Experto en dise\u00f1o de productos ergon\u00f3micos para los sectores de oficina y gaming, OPLITE te presenta el R8 On Top Monitor Mount para tu GTR-S8\" \/>\n<meta property=\"og:url\" content=\"https:\/\/oplitegames.com\/es\/producto\/s8-on-top-monitor-mount-white\/\" \/>\n<meta property=\"og:site_name\" content=\"OPLITE\" \/>\n<meta property=\"article:modified_time\" content=\"2025-12-16T01:47:41+00:00\" \/>\n<meta property=\"og:image\" content=\"https:\/\/oplitegames.com\/wp-content\/uploads\/OPLITE20GAMING_3770031134674_1.jpg\" \/>\n\t<meta property=\"og:image:width\" content=\"1000\" \/>\n\t<meta property=\"og:image:height\" content=\"1000\" \/>\n\t<meta property=\"og:image:type\" content=\"image\/jpeg\" \/>\n<meta name=\"twitter:card\" content=\"summary_large_image\" \/>\n<meta name=\"twitter:label1\" content=\"Price\" \/>\n\t<meta name=\"twitter:data1\" content=\"79,90&nbsp;&euro;\" \/>\n\t<meta name=\"twitter:label2\" content=\"Availability\" \/>\n\t<meta name=\"twitter:data2\" content=\"In stock\" \/>\n<script type=\"application\/ld+json\" class=\"yoast-schema-graph\">{\"@context\":\"https:\\\/\\\/schema.org\",\"@graph\":[{\"@type\":[\"WebPage\",\"ItemPage\"],\"@id\":\"https:\\\/\\\/oplitegames.com\\\/es\\\/producto\\\/s8-on-top-monitor-mount-white\\\/\",\"url\":\"https:\\\/\\\/oplitegames.com\\\/es\\\/producto\\\/s8-on-top-monitor-mount-white\\\/\",\"name\":\"S8 On Top Monitor Mount White - OPLITE\",\"isPartOf\":{\"@id\":\"https:\\\/\\\/oplitegames.com\\\/#website\"},\"primaryImageOfPage\":{\"@id\":\"https:\\\/\\\/oplitegames.com\\\/es\\\/producto\\\/s8-on-top-monitor-mount-white\\\/#primaryimage\"},\"image\":{\"@id\":\"https:\\\/\\\/oplitegames.com\\\/es\\\/producto\\\/s8-on-top-monitor-mount-white\\\/#primaryimage\"},\"thumbnailUrl\":\"https:\\\/\\\/oplitegames-preprod.ezratis.fr\\\/wp-content\\\/uploads\\\/OPLITE20GAMING_3770031134674_1.jpg\",\"datePublished\":\"2025-09-30T02:01:20+00:00\",\"dateModified\":\"2025-12-16T01:47:41+00:00\",\"breadcrumb\":{\"@id\":\"https:\\\/\\\/oplitegames.com\\\/es\\\/producto\\\/s8-on-top-monitor-mount-white\\\/#breadcrumb\"},\"inLanguage\":\"es\",\"potentialAction\":[{\"@type\":\"ReadAction\",\"target\":[\"https:\\\/\\\/oplitegames.com\\\/es\\\/producto\\\/s8-on-top-monitor-mount-white\\\/\"]}]},{\"@type\":\"ImageObject\",\"inLanguage\":\"es\",\"@id\":\"https:\\\/\\\/oplitegames.com\\\/es\\\/producto\\\/s8-on-top-monitor-mount-white\\\/#primaryimage\",\"url\":\"https:\\\/\\\/oplitegames-preprod.ezratis.fr\\\/wp-content\\\/uploads\\\/OPLITE20GAMING_3770031134674_1.jpg\",\"contentUrl\":\"https:\\\/\\\/oplitegames-preprod.ezratis.fr\\\/wp-content\\\/uploads\\\/OPLITE20GAMING_3770031134674_1.jpg\",\"width\":1000,\"height\":1000},{\"@type\":\"BreadcrumbList\",\"@id\":\"https:\\\/\\\/oplitegames.com\\\/es\\\/producto\\\/s8-on-top-monitor-mount-white\\\/#breadcrumb\",\"itemListElement\":[{\"@type\":\"ListItem\",\"position\":1,\"name\":\"Home\",\"item\":\"https:\\\/\\\/oplitegames.com\\\/es\\\/oplite-gaming\\\/\"},{\"@type\":\"ListItem\",\"position\":2,\"name\":\"Comercio\",\"item\":\"https:\\\/\\\/oplitegames.com\\\/es\\\/comercio\\\/\"},{\"@type\":\"ListItem\",\"position\":3,\"name\":\"S8 On Top Monitor Mount White\"}]},{\"@type\":\"WebSite\",\"@id\":\"https:\\\/\\\/oplitegames.com\\\/#website\",\"url\":\"https:\\\/\\\/oplitegames.com\\\/\",\"name\":\"OPLITE\",\"description\":\"\",\"publisher\":{\"@id\":\"https:\\\/\\\/oplitegames.com\\\/#organization\"},\"potentialAction\":[{\"@type\":\"SearchAction\",\"target\":{\"@type\":\"EntryPoint\",\"urlTemplate\":\"https:\\\/\\\/oplitegames.com\\\/?s={search_term_string}\"},\"query-input\":{\"@type\":\"PropertyValueSpecification\",\"valueRequired\":true,\"valueName\":\"search_term_string\"}}],\"inLanguage\":\"es\"},{\"@type\":\"Organization\",\"@id\":\"https:\\\/\\\/oplitegames.com\\\/#organization\",\"name\":\"OPLITE\",\"url\":\"https:\\\/\\\/oplitegames.com\\\/\",\"logo\":{\"@type\":\"ImageObject\",\"inLanguage\":\"es\",\"@id\":\"https:\\\/\\\/oplitegames.com\\\/#\\\/schema\\\/logo\\\/image\\\/\",\"url\":\"https:\\\/\\\/oplitegames-preprod.ezratis.fr\\\/wp-content\\\/uploads\\\/cropped-cropped-Oplite-Blanc-casse-002-scaled-1.png\",\"contentUrl\":\"https:\\\/\\\/oplitegames-preprod.ezratis.fr\\\/wp-content\\\/uploads\\\/cropped-cropped-Oplite-Blanc-casse-002-scaled-1.png\",\"width\":2509,\"height\":597,\"caption\":\"OPLITE\"},\"image\":{\"@id\":\"https:\\\/\\\/oplitegames.com\\\/#\\\/schema\\\/logo\\\/image\\\/\"}}]}<\/script>\n<meta property=\"product:price:amount\" content=\"79.90\" \/>\n<meta property=\"product:price:currency\" content=\"EUR\" \/>\n<meta property=\"og:availability\" content=\"instock\" \/>\n<meta property=\"product:availability\" content=\"instock\" \/>\n<meta property=\"product:retailer_item_id\" content=\"103141\" \/>\n<meta property=\"product:condition\" content=\"new\" \/>\n<!-- \/ Yoast SEO plugin. -->","yoast_head_json":{"title":"S8 On Top Monitor Mount White - OPLITE","robots":{"index":"index","follow":"follow","max-snippet":"max-snippet:-1","max-image-preview":"max-image-preview:large","max-video-preview":"max-video-preview:-1"},"canonical":"https:\/\/oplitegames.com\/es\/producto\/s8-on-top-monitor-mount-white\/","og_locale":"es_ES","og_type":"article","og_title":"S8 On Top Monitor Mount White - OPLITE","og_description":"Experto en dise\u00f1o de productos ergon\u00f3micos para los sectores de oficina y gaming, OPLITE te presenta el R8 On Top Monitor Mount para tu GTR-S8","og_url":"https:\/\/oplitegames.com\/es\/producto\/s8-on-top-monitor-mount-white\/","og_site_name":"OPLITE","article_modified_time":"2025-12-16T01:47:41+00:00","og_image":[{"width":1000,"height":1000,"url":"https:\/\/oplitegames.com\/wp-content\/uploads\/OPLITE20GAMING_3770031134674_1.jpg","type":"image\/jpeg"}],"twitter_card":"summary_large_image","twitter_misc":{"Price":"79,90&nbsp;&euro;","Availability":"In stock"},"schema":{"@context":"https:\/\/schema.org","@graph":[{"@type":["WebPage","ItemPage"],"@id":"https:\/\/oplitegames.com\/es\/producto\/s8-on-top-monitor-mount-white\/","url":"https:\/\/oplitegames.com\/es\/producto\/s8-on-top-monitor-mount-white\/","name":"S8 On Top Monitor Mount White - OPLITE","isPartOf":{"@id":"https:\/\/oplitegames.com\/#website"},"primaryImageOfPage":{"@id":"https:\/\/oplitegames.com\/es\/producto\/s8-on-top-monitor-mount-white\/#primaryimage"},"image":{"@id":"https:\/\/oplitegames.com\/es\/producto\/s8-on-top-monitor-mount-white\/#primaryimage"},"thumbnailUrl":"https:\/\/oplitegames-preprod.ezratis.fr\/wp-content\/uploads\/OPLITE20GAMING_3770031134674_1.jpg","datePublished":"2025-09-30T02:01:20+00:00","dateModified":"2025-12-16T01:47:41+00:00","breadcrumb":{"@id":"https:\/\/oplitegames.com\/es\/producto\/s8-on-top-monitor-mount-white\/#breadcrumb"},"inLanguage":"es","potentialAction":[{"@type":"ReadAction","target":["https:\/\/oplitegames.com\/es\/producto\/s8-on-top-monitor-mount-white\/"]}]},{"@type":"ImageObject","inLanguage":"es","@id":"https:\/\/oplitegames.com\/es\/producto\/s8-on-top-monitor-mount-white\/#primaryimage","url":"https:\/\/oplitegames-preprod.ezratis.fr\/wp-content\/uploads\/OPLITE20GAMING_3770031134674_1.jpg","contentUrl":"https:\/\/oplitegames-preprod.ezratis.fr\/wp-content\/uploads\/OPLITE20GAMING_3770031134674_1.jpg","width":1000,"height":1000},{"@type":"BreadcrumbList","@id":"https:\/\/oplitegames.com\/es\/producto\/s8-on-top-monitor-mount-white\/#breadcrumb","itemListElement":[{"@type":"ListItem","position":1,"name":"Home","item":"https:\/\/oplitegames.com\/es\/oplite-gaming\/"},{"@type":"ListItem","position":2,"name":"Comercio","item":"https:\/\/oplitegames.com\/es\/comercio\/"},{"@type":"ListItem","position":3,"name":"S8 On Top Monitor Mount White"}]},{"@type":"WebSite","@id":"https:\/\/oplitegames.com\/#website","url":"https:\/\/oplitegames.com\/","name":"OPLITE","description":"","publisher":{"@id":"https:\/\/oplitegames.com\/#organization"},"potentialAction":[{"@type":"SearchAction","target":{"@type":"EntryPoint","urlTemplate":"https:\/\/oplitegames.com\/?s={search_term_string}"},"query-input":{"@type":"PropertyValueSpecification","valueRequired":true,"valueName":"search_term_string"}}],"inLanguage":"es"},{"@type":"Organization","@id":"https:\/\/oplitegames.com\/#organization","name":"OPLITE","url":"https:\/\/oplitegames.com\/","logo":{"@type":"ImageObject","inLanguage":"es","@id":"https:\/\/oplitegames.com\/#\/schema\/logo\/image\/","url":"https:\/\/oplitegames-preprod.ezratis.fr\/wp-content\/uploads\/cropped-cropped-Oplite-Blanc-casse-002-scaled-1.png","contentUrl":"https:\/\/oplitegames-preprod.ezratis.fr\/wp-content\/uploads\/cropped-cropped-Oplite-Blanc-casse-002-scaled-1.png","width":2509,"height":597,"caption":"OPLITE"},"image":{"@id":"https:\/\/oplitegames.com\/#\/schema\/logo\/image\/"}}]},"product_price_amount":"79.90","product_price_currency":"EUR","og_availability":"instock","product_availability":"instock","product_retailer_item_id":"103141","product_condition":"new"},"_links":{"self":[{"href":"https:\/\/oplitegames-preprod.ezratis.fr\/es\/wp-json\/wp\/v2\/product\/61722","targetHints":{"allow":["GET"]}}],"collection":[{"href":"https:\/\/oplitegames-preprod.ezratis.fr\/es\/wp-json\/wp\/v2\/product"}],"about":[{"href":"https:\/\/oplitegames-preprod.ezratis.fr\/es\/wp-json\/wp\/v2\/types\/product"}],"version-history":[{"count":2,"href":"https:\/\/oplitegames-preprod.ezratis.fr\/es\/wp-json\/wp\/v2\/product\/61722\/revisions"}],"predecessor-version":[{"id":62390,"href":"https:\/\/oplitegames-preprod.ezratis.fr\/es\/wp-json\/wp\/v2\/product\/61722\/revisions\/62390"}],"wp:featuredmedia":[{"embeddable":true,"href":"https:\/\/oplitegames-preprod.ezratis.fr\/es\/wp-json\/wp\/v2\/media\/60967"}],"wp:attachment":[{"href":"https:\/\/oplitegames-preprod.ezratis.fr\/es\/wp-json\/wp\/v2\/media?parent=61722"}],"wp:term":[{"taxonomy":"product_brand","embeddable":true,"href":"https:\/\/oplitegames-preprod.ezratis.fr\/es\/wp-json\/wp\/v2\/product_brand?post=61722"},{"taxonomy":"product_cat","embeddable":true,"href":"https:\/\/oplitegames-preprod.ezratis.fr\/es\/wp-json\/wp\/v2\/product_cat?post=61722"},{"taxonomy":"product_tag","embeddable":true,"href":"https:\/\/oplitegames-preprod.ezratis.fr\/es\/wp-json\/wp\/v2\/product_tag?post=61722"}],"curies":[{"name":"wp","href":"https:\/\/api.w.org\/{rel}","templated":true}]}}