{"id":61734,"date":"2025-09-30T04:01:38","date_gmt":"2025-09-30T02:01:38","guid":{"rendered":"https:\/\/oplitegames.com\/?post_type=product&#038;p=61734"},"modified":"2025-12-16T15:17:22","modified_gmt":"2025-12-16T14:17:22","slug":"r8-s8-stream-deck-arm-black","status":"publish","type":"product","link":"https:\/\/oplitegames-preprod.ezratis.fr\/es\/producto\/r8-s8-stream-deck-arm-black\/","title":{"rendered":"R8 \/ S8 Stream Deck Arm Black"},"content":{"rendered":"<p>El <strong>R8 \/ S8 STREAM DECK ARM<\/strong> es un soporte universal dise\u00f1ado para optimizar tu puesto de pilotaje. Ideal para colocar un stream deck, una button box o incluso un smartphone, se adapta perfectamente a los cockpits OPLITE (GT3 Superfast, GTR S3\/S8 y R8 Fury), as\u00ed como a la mayor\u00eda de cockpits con perfil de aluminio y a los modelos tubulares de 35 a 50 mm de di\u00e1metro. Este soporte te permite acceder instant\u00e1neamente a una gran cantidad de ajustes e informaci\u00f3n, siempre al alcance de la mano. Robusto, elegante y f\u00e1cil de instalar (no requiere perforaci\u00f3n), mejora tanto la comodidad como la inmersi\u00f3n durante tus sesiones de SimRacing. Adem\u00e1s, su sistema de triple r\u00f3tula permite un ajuste completo en 3 ejes para una ergonom\u00eda \u00f3ptima.<\/p>\n<p><strong>Puntos Fuertes<\/strong><\/p>\n<ul>\n<li>Amplia compatibilidad con cockpits (OPLITE y otras marcas)<\/li>\n<li>Versatilidad de uso: stream deck, button box, smartphone y otros accesorios<\/li>\n<li>Fijaci\u00f3n flexible: atornillado cl\u00e1sico o tiras magn\u00e9ticas incluidas<\/li>\n<li>Robustez y estabilidad: estructura de acero y pl\u00e1stico de alta resistencia con acabado en polvo negro mate<\/li>\n<li>Dise\u00f1o ergon\u00f3mico: integraci\u00f3n discreta y elegante en tu setup de SimRacing<\/li>\n<\/ul>\n<p><strong>Especificaciones T\u00e9cnicas<\/strong><br \/>\nTubos de conexi\u00f3n:<br \/>\n\u2022 Estructura de acero tubular robusto, tipo E355, \u00d8 35 mm, 2 mm de grosor<br \/>\nMarco de soporte:<br \/>\n\u2022 Estructura de acero tipo E355, 2 mm de grosor<br \/>\nAjustes del soporte:<br \/>\n\u2022 Posicionamiento perfecto gracias a sus 3 r\u00f3tulas de ajuste<br \/>\n\u2022 Rotaci\u00f3n: \u00b160\u00b0<br \/>\n\u2022 Inclinaci\u00f3n arriba\/abajo: \u00b1130\u00b0<br \/>\n\u2022 Giro: \u00b1360\u00b0<\/p>\n<p><strong>Compatibilidad con Cockpits<\/strong><\/p>\n<table>\n<tbody>\n<tr>\n<td><strong>Fabricantes<\/strong><\/td>\n<td><strong>Modelos<\/strong><\/td>\n<\/tr>\n<tr>\n<td>OPLITE<\/td>\n<td>COCKPIT GT3 SUPERFAST<br \/>\nCOCKPIT GTR S3\/S8<br \/>\nCOCKPIT R8 FURY<\/td>\n<\/tr>\n<tr>\n<td>OTROS<\/td>\n<td>COCKPIT DE PERFIL DE ALUMINIO<br \/>\nCOCKPIT DE ACERO TUBULAR (\u00d8 35\u201350 mm)<\/td>\n<\/tr>\n<\/tbody>\n<\/table>\n","protected":false},"excerpt":{"rendered":"<p>Experto en el dise\u00f1o de productos ergon\u00f3micos para los sectores de oficina y gaming, OPLITE presenta el <strong>R8 \/ S8 Stream Deck Arm<\/strong>, compatible con la mayor\u00eda de los cockpits de SimRacing del mercado.<\/p>\n","protected":false},"featured_media":61055,"template":"","meta":{"_acf_changed":false,"footnotes":""},"product_brand":[],"product_cat":[764,806,731],"product_tag":[811],"class_list":{"0":"post-61734","1":"product","2":"type-product","3":"status-publish","4":"has-post-thumbnail","6":"product_cat-cabina-gtr-s8-infinity-es","7":"product_cat-cockpit-r8-fury-black-es","8":"product_cat-simuladores","9":"product_tag-r8-fury-es","10":"pa_colisage-pcb-826","11":"pa_colisage-pcb-8-es","13":"first","14":"outofstock","15":"taxable","16":"shipping-taxable","17":"purchasable","18":"product-type-simple"},"bundled_by":[],"bundle_stock_status":"outofstock","bundle_stock_quantity":0,"bundle_virtual":false,"bundle_layout":"","bundle_add_to_cart_form_location":"","bundle_editable_in_cart":false,"bundle_sold_individually_context":"","bundle_item_grouping":"","bundle_min_size":"","bundle_max_size":"","bundle_price":[],"bundled_items":[],"bundle_sell_ids":[],"acf":[],"yoast_head":"<!-- This site is optimized with the Yoast SEO plugin v27.3 - https:\/\/yoast.com\/product\/yoast-seo-wordpress\/ -->\n<title>R8 \/ S8 Stream Deck Arm Black - OPLITE<\/title>\n<meta name=\"robots\" content=\"index, follow, max-snippet:-1, max-image-preview:large, max-video-preview:-1\" \/>\n<link rel=\"canonical\" href=\"https:\/\/oplitegames.com\/es\/producto\/r8-s8-stream-deck-arm-black\/\" \/>\n<meta property=\"og:locale\" content=\"es_ES\" \/>\n<meta property=\"og:type\" content=\"article\" \/>\n<meta property=\"og:title\" content=\"R8 \/ S8 Stream Deck Arm Black - OPLITE\" \/>\n<meta property=\"og:description\" content=\"Experto en el dise\u00f1o de productos ergon\u00f3micos para los sectores de oficina y gaming, OPLITE presenta el R8 \/ S8 Stream Deck Arm, compatible con la mayor\u00eda de los cockpits de SimRacing del mercado.\" \/>\n<meta property=\"og:url\" content=\"https:\/\/oplitegames.com\/es\/producto\/r8-s8-stream-deck-arm-black\/\" \/>\n<meta property=\"og:site_name\" content=\"OPLITE\" \/>\n<meta property=\"article:modified_time\" content=\"2025-12-16T14:17:22+00:00\" \/>\n<meta property=\"og:image\" content=\"https:\/\/oplitegames.com\/wp-content\/uploads\/OPLITE20GAMING_3770031134636_1.jpg\" \/>\n\t<meta property=\"og:image:width\" content=\"1000\" \/>\n\t<meta property=\"og:image:height\" content=\"1000\" \/>\n\t<meta property=\"og:image:type\" content=\"image\/jpeg\" \/>\n<meta name=\"twitter:card\" content=\"summary_large_image\" \/>\n<meta name=\"twitter:label1\" content=\"Price\" \/>\n\t<meta name=\"twitter:data1\" content=\"49,90&nbsp;&euro;\" \/>\n\t<meta name=\"twitter:label2\" content=\"Availability\" \/>\n\t<meta name=\"twitter:data2\" content=\"Out of stock\" \/>\n<script type=\"application\/ld+json\" class=\"yoast-schema-graph\">{\"@context\":\"https:\\\/\\\/schema.org\",\"@graph\":[{\"@type\":[\"WebPage\",\"ItemPage\"],\"@id\":\"https:\\\/\\\/oplitegames.com\\\/es\\\/producto\\\/r8-s8-stream-deck-arm-black\\\/\",\"url\":\"https:\\\/\\\/oplitegames.com\\\/es\\\/producto\\\/r8-s8-stream-deck-arm-black\\\/\",\"name\":\"R8 \\\/ S8 Stream Deck Arm Black - OPLITE\",\"isPartOf\":{\"@id\":\"https:\\\/\\\/oplitegames.com\\\/#website\"},\"primaryImageOfPage\":{\"@id\":\"https:\\\/\\\/oplitegames.com\\\/es\\\/producto\\\/r8-s8-stream-deck-arm-black\\\/#primaryimage\"},\"image\":{\"@id\":\"https:\\\/\\\/oplitegames.com\\\/es\\\/producto\\\/r8-s8-stream-deck-arm-black\\\/#primaryimage\"},\"thumbnailUrl\":\"https:\\\/\\\/oplitegames-preprod.ezratis.fr\\\/wp-content\\\/uploads\\\/OPLITE20GAMING_3770031134636_1.jpg\",\"datePublished\":\"2025-09-30T02:01:38+00:00\",\"dateModified\":\"2025-12-16T14:17:22+00:00\",\"breadcrumb\":{\"@id\":\"https:\\\/\\\/oplitegames.com\\\/es\\\/producto\\\/r8-s8-stream-deck-arm-black\\\/#breadcrumb\"},\"inLanguage\":\"es\",\"potentialAction\":[{\"@type\":\"ReadAction\",\"target\":[\"https:\\\/\\\/oplitegames.com\\\/es\\\/producto\\\/r8-s8-stream-deck-arm-black\\\/\"]}]},{\"@type\":\"ImageObject\",\"inLanguage\":\"es\",\"@id\":\"https:\\\/\\\/oplitegames.com\\\/es\\\/producto\\\/r8-s8-stream-deck-arm-black\\\/#primaryimage\",\"url\":\"https:\\\/\\\/oplitegames-preprod.ezratis.fr\\\/wp-content\\\/uploads\\\/OPLITE20GAMING_3770031134636_1.jpg\",\"contentUrl\":\"https:\\\/\\\/oplitegames-preprod.ezratis.fr\\\/wp-content\\\/uploads\\\/OPLITE20GAMING_3770031134636_1.jpg\",\"width\":1000,\"height\":1000},{\"@type\":\"BreadcrumbList\",\"@id\":\"https:\\\/\\\/oplitegames.com\\\/es\\\/producto\\\/r8-s8-stream-deck-arm-black\\\/#breadcrumb\",\"itemListElement\":[{\"@type\":\"ListItem\",\"position\":1,\"name\":\"Home\",\"item\":\"https:\\\/\\\/oplitegames.com\\\/es\\\/oplite-gaming\\\/\"},{\"@type\":\"ListItem\",\"position\":2,\"name\":\"Comercio\",\"item\":\"https:\\\/\\\/oplitegames.com\\\/es\\\/comercio\\\/\"},{\"@type\":\"ListItem\",\"position\":3,\"name\":\"R8 \\\/ S8 Stream Deck Arm Black\"}]},{\"@type\":\"WebSite\",\"@id\":\"https:\\\/\\\/oplitegames.com\\\/#website\",\"url\":\"https:\\\/\\\/oplitegames.com\\\/\",\"name\":\"OPLITE\",\"description\":\"\",\"publisher\":{\"@id\":\"https:\\\/\\\/oplitegames.com\\\/#organization\"},\"potentialAction\":[{\"@type\":\"SearchAction\",\"target\":{\"@type\":\"EntryPoint\",\"urlTemplate\":\"https:\\\/\\\/oplitegames.com\\\/?s={search_term_string}\"},\"query-input\":{\"@type\":\"PropertyValueSpecification\",\"valueRequired\":true,\"valueName\":\"search_term_string\"}}],\"inLanguage\":\"es\"},{\"@type\":\"Organization\",\"@id\":\"https:\\\/\\\/oplitegames.com\\\/#organization\",\"name\":\"OPLITE\",\"url\":\"https:\\\/\\\/oplitegames.com\\\/\",\"logo\":{\"@type\":\"ImageObject\",\"inLanguage\":\"es\",\"@id\":\"https:\\\/\\\/oplitegames.com\\\/#\\\/schema\\\/logo\\\/image\\\/\",\"url\":\"https:\\\/\\\/oplitegames-preprod.ezratis.fr\\\/wp-content\\\/uploads\\\/cropped-cropped-Oplite-Blanc-casse-002-scaled-1.png\",\"contentUrl\":\"https:\\\/\\\/oplitegames-preprod.ezratis.fr\\\/wp-content\\\/uploads\\\/cropped-cropped-Oplite-Blanc-casse-002-scaled-1.png\",\"width\":2509,\"height\":597,\"caption\":\"OPLITE\"},\"image\":{\"@id\":\"https:\\\/\\\/oplitegames.com\\\/#\\\/schema\\\/logo\\\/image\\\/\"}}]}<\/script>\n<meta property=\"product:price:amount\" content=\"49.90\" \/>\n<meta property=\"product:price:currency\" content=\"EUR\" \/>\n<meta property=\"og:availability\" content=\"out of stock\" \/>\n<meta property=\"product:availability\" content=\"out of stock\" \/>\n<meta property=\"product:retailer_item_id\" content=\"103145\" \/>\n<meta property=\"product:condition\" content=\"new\" \/>\n<!-- \/ Yoast SEO plugin. -->","yoast_head_json":{"title":"R8 \/ S8 Stream Deck Arm Black - OPLITE","robots":{"index":"index","follow":"follow","max-snippet":"max-snippet:-1","max-image-preview":"max-image-preview:large","max-video-preview":"max-video-preview:-1"},"canonical":"https:\/\/oplitegames.com\/es\/producto\/r8-s8-stream-deck-arm-black\/","og_locale":"es_ES","og_type":"article","og_title":"R8 \/ S8 Stream Deck Arm Black - OPLITE","og_description":"Experto en el dise\u00f1o de productos ergon\u00f3micos para los sectores de oficina y gaming, OPLITE presenta el R8 \/ S8 Stream Deck Arm, compatible con la mayor\u00eda de los cockpits de SimRacing del mercado.","og_url":"https:\/\/oplitegames.com\/es\/producto\/r8-s8-stream-deck-arm-black\/","og_site_name":"OPLITE","article_modified_time":"2025-12-16T14:17:22+00:00","og_image":[{"width":1000,"height":1000,"url":"https:\/\/oplitegames.com\/wp-content\/uploads\/OPLITE20GAMING_3770031134636_1.jpg","type":"image\/jpeg"}],"twitter_card":"summary_large_image","twitter_misc":{"Price":"49,90&nbsp;&euro;","Availability":"Out of stock"},"schema":{"@context":"https:\/\/schema.org","@graph":[{"@type":["WebPage","ItemPage"],"@id":"https:\/\/oplitegames.com\/es\/producto\/r8-s8-stream-deck-arm-black\/","url":"https:\/\/oplitegames.com\/es\/producto\/r8-s8-stream-deck-arm-black\/","name":"R8 \/ S8 Stream Deck Arm Black - OPLITE","isPartOf":{"@id":"https:\/\/oplitegames.com\/#website"},"primaryImageOfPage":{"@id":"https:\/\/oplitegames.com\/es\/producto\/r8-s8-stream-deck-arm-black\/#primaryimage"},"image":{"@id":"https:\/\/oplitegames.com\/es\/producto\/r8-s8-stream-deck-arm-black\/#primaryimage"},"thumbnailUrl":"https:\/\/oplitegames-preprod.ezratis.fr\/wp-content\/uploads\/OPLITE20GAMING_3770031134636_1.jpg","datePublished":"2025-09-30T02:01:38+00:00","dateModified":"2025-12-16T14:17:22+00:00","breadcrumb":{"@id":"https:\/\/oplitegames.com\/es\/producto\/r8-s8-stream-deck-arm-black\/#breadcrumb"},"inLanguage":"es","potentialAction":[{"@type":"ReadAction","target":["https:\/\/oplitegames.com\/es\/producto\/r8-s8-stream-deck-arm-black\/"]}]},{"@type":"ImageObject","inLanguage":"es","@id":"https:\/\/oplitegames.com\/es\/producto\/r8-s8-stream-deck-arm-black\/#primaryimage","url":"https:\/\/oplitegames-preprod.ezratis.fr\/wp-content\/uploads\/OPLITE20GAMING_3770031134636_1.jpg","contentUrl":"https:\/\/oplitegames-preprod.ezratis.fr\/wp-content\/uploads\/OPLITE20GAMING_3770031134636_1.jpg","width":1000,"height":1000},{"@type":"BreadcrumbList","@id":"https:\/\/oplitegames.com\/es\/producto\/r8-s8-stream-deck-arm-black\/#breadcrumb","itemListElement":[{"@type":"ListItem","position":1,"name":"Home","item":"https:\/\/oplitegames.com\/es\/oplite-gaming\/"},{"@type":"ListItem","position":2,"name":"Comercio","item":"https:\/\/oplitegames.com\/es\/comercio\/"},{"@type":"ListItem","position":3,"name":"R8 \/ S8 Stream Deck Arm Black"}]},{"@type":"WebSite","@id":"https:\/\/oplitegames.com\/#website","url":"https:\/\/oplitegames.com\/","name":"OPLITE","description":"","publisher":{"@id":"https:\/\/oplitegames.com\/#organization"},"potentialAction":[{"@type":"SearchAction","target":{"@type":"EntryPoint","urlTemplate":"https:\/\/oplitegames.com\/?s={search_term_string}"},"query-input":{"@type":"PropertyValueSpecification","valueRequired":true,"valueName":"search_term_string"}}],"inLanguage":"es"},{"@type":"Organization","@id":"https:\/\/oplitegames.com\/#organization","name":"OPLITE","url":"https:\/\/oplitegames.com\/","logo":{"@type":"ImageObject","inLanguage":"es","@id":"https:\/\/oplitegames.com\/#\/schema\/logo\/image\/","url":"https:\/\/oplitegames-preprod.ezratis.fr\/wp-content\/uploads\/cropped-cropped-Oplite-Blanc-casse-002-scaled-1.png","contentUrl":"https:\/\/oplitegames-preprod.ezratis.fr\/wp-content\/uploads\/cropped-cropped-Oplite-Blanc-casse-002-scaled-1.png","width":2509,"height":597,"caption":"OPLITE"},"image":{"@id":"https:\/\/oplitegames.com\/#\/schema\/logo\/image\/"}}]},"product_price_amount":"49.90","product_price_currency":"EUR","og_availability":"out of stock","product_availability":"out of stock","product_retailer_item_id":"103145","product_condition":"new"},"_links":{"self":[{"href":"https:\/\/oplitegames-preprod.ezratis.fr\/es\/wp-json\/wp\/v2\/product\/61734","targetHints":{"allow":["GET"]}}],"collection":[{"href":"https:\/\/oplitegames-preprod.ezratis.fr\/es\/wp-json\/wp\/v2\/product"}],"about":[{"href":"https:\/\/oplitegames-preprod.ezratis.fr\/es\/wp-json\/wp\/v2\/types\/product"}],"version-history":[{"count":1,"href":"https:\/\/oplitegames-preprod.ezratis.fr\/es\/wp-json\/wp\/v2\/product\/61734\/revisions"}],"predecessor-version":[{"id":61753,"href":"https:\/\/oplitegames-preprod.ezratis.fr\/es\/wp-json\/wp\/v2\/product\/61734\/revisions\/61753"}],"wp:featuredmedia":[{"embeddable":true,"href":"https:\/\/oplitegames-preprod.ezratis.fr\/es\/wp-json\/wp\/v2\/media\/61055"}],"wp:attachment":[{"href":"https:\/\/oplitegames-preprod.ezratis.fr\/es\/wp-json\/wp\/v2\/media?parent=61734"}],"wp:term":[{"taxonomy":"product_brand","embeddable":true,"href":"https:\/\/oplitegames-preprod.ezratis.fr\/es\/wp-json\/wp\/v2\/product_brand?post=61734"},{"taxonomy":"product_cat","embeddable":true,"href":"https:\/\/oplitegames-preprod.ezratis.fr\/es\/wp-json\/wp\/v2\/product_cat?post=61734"},{"taxonomy":"product_tag","embeddable":true,"href":"https:\/\/oplitegames-preprod.ezratis.fr\/es\/wp-json\/wp\/v2\/product_tag?post=61734"}],"curies":[{"name":"wp","href":"https:\/\/api.w.org\/{rel}","templated":true}]}}