{"id":29350,"date":"2023-01-07T06:01:02","date_gmt":"2023-01-07T05:01:02","guid":{"rendered":"https:\/\/oplitegames.com\/product\/oplite-triple-monitor-stand-gtr\/"},"modified":"2025-11-20T05:05:08","modified_gmt":"2025-11-20T04:05:08","slug":"oplite-triple-monitor-stand-gtr","status":"publish","type":"product","link":"https:\/\/oplitegames-preprod.ezratis.fr\/it\/prodotto\/oplite-triple-monitor-stand-gtr\/","title":{"rendered":"Triple Monitor Mount GTR S3\/S8"},"content":{"rendered":"<p>Il suo design ispirato alle corse offre una posizione di guida ergonomica e confortevole, in perfetta armonia con il design del telaio.<br \/>\nApprezzerete l&#8217;aspetto e la rigidit\u00e0 complessiva dell&#8217;intero equipaggiamento di guida con una visuale a 3 schermi di oltre 120\u00b0.<\/p>\n<hr \/>\n<p>&nbsp;<\/p>\n<p style=\"text-align: center;\">Descrizione tecnica<\/p>\n<p>Struttura in acciaio al carbonio con 2 bracci girevoli su 2 assi<br \/>\nCompatibile con tutti i tipi di schermi con standard di montaggio VESA fino a 3\u00d732 pollici<br \/>\nVESA:75\u00d775,100\u00d7100,200\u00d7100,200\u00d7200,300\u00d7200,400\u00d7200<\/p>\n<p>Angoli regolabili: 0\u00b0~+60\u00b0.<br \/>\nAltezza regolabile in 2 posizioni: 955\/1005mm (37,6\u2033\/39,6\u2033)<br \/>\nLa struttura tubolare con diametro \u220548 mm garantisce la massima stabilit\u00e0 e rigidit\u00e0.<br \/>\nSistema di bloccaggio antifurto per proteggere gli schermi<br \/>\n100% compatibile con i telai GTR, GTR-S3 e GTR S3 Elite<\/p>\n<p>Accessori inclusi:<br \/>\n1 Kit di 3 guide per cavi e 8 morsetti flessibili<\/p>\n","protected":false},"excerpt":{"rendered":"<p>Il vostro cockpit e i vostri schermi diventano un tutt&#8217;uno! Il Triple Monitor Stand GTR \u00e8 il supporto per 3 schermi progettato per il vostro cockpit GTR, l&#8217;ultima piattaforma di simulazione di OPLITE.<\/p>\n","protected":false},"featured_media":45921,"template":"","meta":{"_acf_changed":false,"footnotes":""},"product_brand":[],"product_cat":[741,763,730],"product_tag":[758],"class_list":{"0":"post-29350","1":"product","2":"type-product","3":"status-publish","4":"has-post-thumbnail","6":"product_cat-abitacolo-gtr-s3","7":"product_cat-abitacolo-gtr-s8-infinity-it","8":"product_cat-simulatori","9":"product_tag-oplite-gaming-it","10":"pa_colisage-pcb-1-it","12":"first","13":"outofstock","14":"taxable","15":"shipping-taxable","16":"purchasable","17":"product-type-simple"},"bundled_by":[],"bundle_stock_status":"outofstock","bundle_stock_quantity":0,"bundle_virtual":false,"bundle_layout":"","bundle_add_to_cart_form_location":"","bundle_editable_in_cart":false,"bundle_sold_individually_context":"","bundle_item_grouping":"","bundle_min_size":"","bundle_max_size":"","bundle_price":[],"bundled_items":[],"bundle_sell_ids":[],"acf":[],"yoast_head":"<!-- This site is optimized with the Yoast SEO plugin v27.3 - https:\/\/yoast.com\/product\/yoast-seo-wordpress\/ -->\n<title>Triple Monitor Mount GTR S3\/S8 - OPLITE<\/title>\n<meta name=\"robots\" content=\"index, follow, max-snippet:-1, max-image-preview:large, max-video-preview:-1\" \/>\n<link rel=\"canonical\" href=\"https:\/\/oplitegames.com\/it\/prodotto\/oplite-triple-monitor-stand-gtr\/\" \/>\n<meta property=\"og:locale\" content=\"it_IT\" \/>\n<meta property=\"og:type\" content=\"article\" \/>\n<meta property=\"og:title\" content=\"Triple Monitor Mount GTR S3\/S8 - OPLITE\" \/>\n<meta property=\"og:description\" content=\"Il vostro cockpit e i vostri schermi diventano un tutt&#039;uno! Il Triple Monitor Stand GTR \u00e8 il supporto per 3 schermi progettato per il vostro cockpit GTR, l&#039;ultima piattaforma di simulazione di OPLITE.\" \/>\n<meta property=\"og:url\" content=\"https:\/\/oplitegames.com\/it\/prodotto\/oplite-triple-monitor-stand-gtr\/\" \/>\n<meta property=\"og:site_name\" content=\"OPLITE\" \/>\n<meta property=\"article:modified_time\" content=\"2025-11-20T04:05:08+00:00\" \/>\n<meta property=\"og:image\" content=\"https:\/\/oplitegames.com\/wp-content\/uploads\/OPLITE-Triple-Monitor-Stand-GTR-S3_S8-OP-RMS-GTR_01.png\" \/>\n\t<meta property=\"og:image:width\" content=\"2750\" \/>\n\t<meta property=\"og:image:height\" content=\"2750\" \/>\n\t<meta property=\"og:image:type\" content=\"image\/png\" \/>\n<meta name=\"twitter:card\" content=\"summary_large_image\" \/>\n<meta name=\"twitter:label1\" content=\"Price\" \/>\n\t<meta name=\"twitter:data1\" content=\"199,90&nbsp;&euro;\" \/>\n\t<meta name=\"twitter:label2\" content=\"Availability\" \/>\n\t<meta name=\"twitter:data2\" content=\"Out of stock\" \/>\n<script type=\"application\/ld+json\" class=\"yoast-schema-graph\">{\"@context\":\"https:\\\/\\\/schema.org\",\"@graph\":[{\"@type\":[\"WebPage\",\"ItemPage\"],\"@id\":\"https:\\\/\\\/oplitegames.com\\\/it\\\/prodotto\\\/oplite-triple-monitor-stand-gtr\\\/\",\"url\":\"https:\\\/\\\/oplitegames.com\\\/it\\\/prodotto\\\/oplite-triple-monitor-stand-gtr\\\/\",\"name\":\"Triple Monitor Mount GTR S3\\\/S8 - OPLITE\",\"isPartOf\":{\"@id\":\"https:\\\/\\\/oplitegames.com\\\/#website\"},\"primaryImageOfPage\":{\"@id\":\"https:\\\/\\\/oplitegames.com\\\/it\\\/prodotto\\\/oplite-triple-monitor-stand-gtr\\\/#primaryimage\"},\"image\":{\"@id\":\"https:\\\/\\\/oplitegames.com\\\/it\\\/prodotto\\\/oplite-triple-monitor-stand-gtr\\\/#primaryimage\"},\"thumbnailUrl\":\"https:\\\/\\\/oplitegames-preprod.ezratis.fr\\\/wp-content\\\/uploads\\\/OPLITE-Triple-Monitor-Stand-GTR-S3_S8-OP-RMS-GTR_01.png\",\"datePublished\":\"2023-01-07T05:01:02+00:00\",\"dateModified\":\"2025-11-20T04:05:08+00:00\",\"breadcrumb\":{\"@id\":\"https:\\\/\\\/oplitegames.com\\\/it\\\/prodotto\\\/oplite-triple-monitor-stand-gtr\\\/#breadcrumb\"},\"inLanguage\":\"it-IT\",\"potentialAction\":[{\"@type\":\"ReadAction\",\"target\":[\"https:\\\/\\\/oplitegames.com\\\/it\\\/prodotto\\\/oplite-triple-monitor-stand-gtr\\\/\"]}]},{\"@type\":\"ImageObject\",\"inLanguage\":\"it-IT\",\"@id\":\"https:\\\/\\\/oplitegames.com\\\/it\\\/prodotto\\\/oplite-triple-monitor-stand-gtr\\\/#primaryimage\",\"url\":\"https:\\\/\\\/oplitegames-preprod.ezratis.fr\\\/wp-content\\\/uploads\\\/OPLITE-Triple-Monitor-Stand-GTR-S3_S8-OP-RMS-GTR_01.png\",\"contentUrl\":\"https:\\\/\\\/oplitegames-preprod.ezratis.fr\\\/wp-content\\\/uploads\\\/OPLITE-Triple-Monitor-Stand-GTR-S3_S8-OP-RMS-GTR_01.png\",\"width\":2750,\"height\":2750},{\"@type\":\"BreadcrumbList\",\"@id\":\"https:\\\/\\\/oplitegames.com\\\/it\\\/prodotto\\\/oplite-triple-monitor-stand-gtr\\\/#breadcrumb\",\"itemListElement\":[{\"@type\":\"ListItem\",\"position\":1,\"name\":\"Home\",\"item\":\"https:\\\/\\\/oplitegames.com\\\/it\\\/oplite-gaming\\\/\"},{\"@type\":\"ListItem\",\"position\":2,\"name\":\"Negozio\",\"item\":\"https:\\\/\\\/oplitegames.com\\\/it\\\/negozio\\\/\"},{\"@type\":\"ListItem\",\"position\":3,\"name\":\"Triple Monitor Mount GTR S3\\\/S8\"}]},{\"@type\":\"WebSite\",\"@id\":\"https:\\\/\\\/oplitegames.com\\\/#website\",\"url\":\"https:\\\/\\\/oplitegames.com\\\/\",\"name\":\"OPLITE\",\"description\":\"\",\"publisher\":{\"@id\":\"https:\\\/\\\/oplitegames.com\\\/#organization\"},\"potentialAction\":[{\"@type\":\"SearchAction\",\"target\":{\"@type\":\"EntryPoint\",\"urlTemplate\":\"https:\\\/\\\/oplitegames.com\\\/?s={search_term_string}\"},\"query-input\":{\"@type\":\"PropertyValueSpecification\",\"valueRequired\":true,\"valueName\":\"search_term_string\"}}],\"inLanguage\":\"it-IT\"},{\"@type\":\"Organization\",\"@id\":\"https:\\\/\\\/oplitegames.com\\\/#organization\",\"name\":\"OPLITE\",\"url\":\"https:\\\/\\\/oplitegames.com\\\/\",\"logo\":{\"@type\":\"ImageObject\",\"inLanguage\":\"it-IT\",\"@id\":\"https:\\\/\\\/oplitegames.com\\\/#\\\/schema\\\/logo\\\/image\\\/\",\"url\":\"https:\\\/\\\/oplitegames-preprod.ezratis.fr\\\/wp-content\\\/uploads\\\/cropped-cropped-Oplite-Blanc-casse-002-scaled-1.png\",\"contentUrl\":\"https:\\\/\\\/oplitegames-preprod.ezratis.fr\\\/wp-content\\\/uploads\\\/cropped-cropped-Oplite-Blanc-casse-002-scaled-1.png\",\"width\":2509,\"height\":597,\"caption\":\"OPLITE\"},\"image\":{\"@id\":\"https:\\\/\\\/oplitegames.com\\\/#\\\/schema\\\/logo\\\/image\\\/\"}}]}<\/script>\n<meta property=\"product:price:amount\" content=\"199.90\" \/>\n<meta property=\"product:price:currency\" content=\"EUR\" \/>\n<meta property=\"og:availability\" content=\"out of stock\" \/>\n<meta property=\"product:availability\" content=\"out of stock\" \/>\n<meta property=\"product:retailer_item_id\" content=\"86770\" \/>\n<meta property=\"product:condition\" content=\"new\" \/>\n<!-- \/ Yoast SEO plugin. -->","yoast_head_json":{"title":"Triple Monitor Mount GTR S3\/S8 - OPLITE","robots":{"index":"index","follow":"follow","max-snippet":"max-snippet:-1","max-image-preview":"max-image-preview:large","max-video-preview":"max-video-preview:-1"},"canonical":"https:\/\/oplitegames.com\/it\/prodotto\/oplite-triple-monitor-stand-gtr\/","og_locale":"it_IT","og_type":"article","og_title":"Triple Monitor Mount GTR S3\/S8 - OPLITE","og_description":"Il vostro cockpit e i vostri schermi diventano un tutt'uno! Il Triple Monitor Stand GTR \u00e8 il supporto per 3 schermi progettato per il vostro cockpit GTR, l'ultima piattaforma di simulazione di OPLITE.","og_url":"https:\/\/oplitegames.com\/it\/prodotto\/oplite-triple-monitor-stand-gtr\/","og_site_name":"OPLITE","article_modified_time":"2025-11-20T04:05:08+00:00","og_image":[{"width":2750,"height":2750,"url":"https:\/\/oplitegames.com\/wp-content\/uploads\/OPLITE-Triple-Monitor-Stand-GTR-S3_S8-OP-RMS-GTR_01.png","type":"image\/png"}],"twitter_card":"summary_large_image","twitter_misc":{"Price":"199,90&nbsp;&euro;","Availability":"Out of stock"},"schema":{"@context":"https:\/\/schema.org","@graph":[{"@type":["WebPage","ItemPage"],"@id":"https:\/\/oplitegames.com\/it\/prodotto\/oplite-triple-monitor-stand-gtr\/","url":"https:\/\/oplitegames.com\/it\/prodotto\/oplite-triple-monitor-stand-gtr\/","name":"Triple Monitor Mount GTR S3\/S8 - OPLITE","isPartOf":{"@id":"https:\/\/oplitegames.com\/#website"},"primaryImageOfPage":{"@id":"https:\/\/oplitegames.com\/it\/prodotto\/oplite-triple-monitor-stand-gtr\/#primaryimage"},"image":{"@id":"https:\/\/oplitegames.com\/it\/prodotto\/oplite-triple-monitor-stand-gtr\/#primaryimage"},"thumbnailUrl":"https:\/\/oplitegames-preprod.ezratis.fr\/wp-content\/uploads\/OPLITE-Triple-Monitor-Stand-GTR-S3_S8-OP-RMS-GTR_01.png","datePublished":"2023-01-07T05:01:02+00:00","dateModified":"2025-11-20T04:05:08+00:00","breadcrumb":{"@id":"https:\/\/oplitegames.com\/it\/prodotto\/oplite-triple-monitor-stand-gtr\/#breadcrumb"},"inLanguage":"it-IT","potentialAction":[{"@type":"ReadAction","target":["https:\/\/oplitegames.com\/it\/prodotto\/oplite-triple-monitor-stand-gtr\/"]}]},{"@type":"ImageObject","inLanguage":"it-IT","@id":"https:\/\/oplitegames.com\/it\/prodotto\/oplite-triple-monitor-stand-gtr\/#primaryimage","url":"https:\/\/oplitegames-preprod.ezratis.fr\/wp-content\/uploads\/OPLITE-Triple-Monitor-Stand-GTR-S3_S8-OP-RMS-GTR_01.png","contentUrl":"https:\/\/oplitegames-preprod.ezratis.fr\/wp-content\/uploads\/OPLITE-Triple-Monitor-Stand-GTR-S3_S8-OP-RMS-GTR_01.png","width":2750,"height":2750},{"@type":"BreadcrumbList","@id":"https:\/\/oplitegames.com\/it\/prodotto\/oplite-triple-monitor-stand-gtr\/#breadcrumb","itemListElement":[{"@type":"ListItem","position":1,"name":"Home","item":"https:\/\/oplitegames.com\/it\/oplite-gaming\/"},{"@type":"ListItem","position":2,"name":"Negozio","item":"https:\/\/oplitegames.com\/it\/negozio\/"},{"@type":"ListItem","position":3,"name":"Triple Monitor Mount GTR S3\/S8"}]},{"@type":"WebSite","@id":"https:\/\/oplitegames.com\/#website","url":"https:\/\/oplitegames.com\/","name":"OPLITE","description":"","publisher":{"@id":"https:\/\/oplitegames.com\/#organization"},"potentialAction":[{"@type":"SearchAction","target":{"@type":"EntryPoint","urlTemplate":"https:\/\/oplitegames.com\/?s={search_term_string}"},"query-input":{"@type":"PropertyValueSpecification","valueRequired":true,"valueName":"search_term_string"}}],"inLanguage":"it-IT"},{"@type":"Organization","@id":"https:\/\/oplitegames.com\/#organization","name":"OPLITE","url":"https:\/\/oplitegames.com\/","logo":{"@type":"ImageObject","inLanguage":"it-IT","@id":"https:\/\/oplitegames.com\/#\/schema\/logo\/image\/","url":"https:\/\/oplitegames-preprod.ezratis.fr\/wp-content\/uploads\/cropped-cropped-Oplite-Blanc-casse-002-scaled-1.png","contentUrl":"https:\/\/oplitegames-preprod.ezratis.fr\/wp-content\/uploads\/cropped-cropped-Oplite-Blanc-casse-002-scaled-1.png","width":2509,"height":597,"caption":"OPLITE"},"image":{"@id":"https:\/\/oplitegames.com\/#\/schema\/logo\/image\/"}}]},"product_price_amount":"199.90","product_price_currency":"EUR","og_availability":"out of stock","product_availability":"out of stock","product_retailer_item_id":"86770","product_condition":"new"},"_links":{"self":[{"href":"https:\/\/oplitegames-preprod.ezratis.fr\/it\/wp-json\/wp\/v2\/product\/29350","targetHints":{"allow":["GET"]}}],"collection":[{"href":"https:\/\/oplitegames-preprod.ezratis.fr\/it\/wp-json\/wp\/v2\/product"}],"about":[{"href":"https:\/\/oplitegames-preprod.ezratis.fr\/it\/wp-json\/wp\/v2\/types\/product"}],"version-history":[{"count":3,"href":"https:\/\/oplitegames-preprod.ezratis.fr\/it\/wp-json\/wp\/v2\/product\/29350\/revisions"}],"predecessor-version":[{"id":48261,"href":"https:\/\/oplitegames-preprod.ezratis.fr\/it\/wp-json\/wp\/v2\/product\/29350\/revisions\/48261"}],"wp:featuredmedia":[{"embeddable":true,"href":"https:\/\/oplitegames-preprod.ezratis.fr\/it\/wp-json\/wp\/v2\/media\/45921"}],"wp:attachment":[{"href":"https:\/\/oplitegames-preprod.ezratis.fr\/it\/wp-json\/wp\/v2\/media?parent=29350"}],"wp:term":[{"taxonomy":"product_brand","embeddable":true,"href":"https:\/\/oplitegames-preprod.ezratis.fr\/it\/wp-json\/wp\/v2\/product_brand?post=29350"},{"taxonomy":"product_cat","embeddable":true,"href":"https:\/\/oplitegames-preprod.ezratis.fr\/it\/wp-json\/wp\/v2\/product_cat?post=29350"},{"taxonomy":"product_tag","embeddable":true,"href":"https:\/\/oplitegames-preprod.ezratis.fr\/it\/wp-json\/wp\/v2\/product_tag?post=29350"}],"curies":[{"name":"wp","href":"https:\/\/api.w.org\/{rel}","templated":true}]}}