{"id":29389,"date":"2022-10-27T15:03:17","date_gmt":"2022-10-27T13:03:17","guid":{"rendered":"https:\/\/oplitegames.com\/product\/oplite-cockpit-gtr-s3-elite-red\/"},"modified":"2025-10-16T11:21:05","modified_gmt":"2025-10-16T09:21:05","slug":"oplite-cockpit-gtr-s3-elite-red","status":"publish","type":"product","link":"https:\/\/oplitegames-preprod.ezratis.fr\/it\/prodotto\/oplite-cockpit-gtr-s3-elite-red\/","title":{"rendered":"Cockpit GTR S8 Elite Red"},"content":{"rendered":"<p>Il COCKPIT di simulazione <strong>GTR S8 RED<\/strong> combina le ultime innovazioni tecnologiche di Simracing con un design senza tempo ispirato al mondo delle competizioni. La sua struttura tubolare in acciaio al carbonio ad alta densit\u00e0 con un diametro di 48 mm garantisce un&#8217;ottima rigidit\u00e0, e le piastre di montaggio assicurano la piena compatibilit\u00e0 con le soluzioni dei pi\u00f9 grandi marchi come Fanatec, Moza, Thrust\u0113master, La Logitech I, la Turtle Beach I. o la Asetek I. Dotato di numerose opzioni di regolazione, questo cockpit offre una postazione di guida ergonomica adatta a varie modalit\u00e0 di guida, GT, Drift, F1 e Rally.<br \/>\n<span style=\"text-decoration: underline;\"><strong>Punti di forza:<\/strong> <\/span><br \/>\n\u2705 Vera seduta vasca in fibra di vetro rivestita in suede, montata su guide, adatta a tutte le<br \/>\nsagome da 1m50 a + 2m10 per una capacit\u00e0 di carico fino a 150KG.<br \/>\n\u2705 Logo del marchio tagliato al laser sulle squame della vasca.<br \/>\n\u2705 Supporto a pedale rinforzato che consente l&#8217;installazione dei pedali LoadCell anche in piano.<br \/>\n\u2705 Molteplici impostazioni disponibili, regolazione rapida grazie all&#8217;utilizzo di ghiere di serraggio<br \/>\n\u2705 Supporto volante regolabile in altezza e inclinazione compatibile con le tecnologie Force Feedback Direct Drive e Cinghia.<br \/>\n\u2705 Viti in acciaio al nichel e inserti filettati di alta qualit\u00e0, provenienti dall&#8217;industria automobilistica.<br \/>\n\u2705 Angoli di rigidificazione nella parte anteriore e posteriore del telaio con scanalature oblunghe di 6 mm di diametro, che consentono l&#8217;installazione di accessori realizzati in stampa 3D o altri metodi, nello spirito &#8221;Do It Yourself&#8217; (DIY).<br \/>\n\u2705 Telaio con otto dadi saldati che possono essere utilizzati per fissare sia i piedini Rotul\u00e9s Oplite inclusi, sia il kit ruote ad alte prestazioni CASTOR WHEEL GTR S8 opzionale.<br \/>\n\u2705 Gli ultimi progressi tecnologici aprono nuove opportunit\u00e0 per la simulazione di volo grazie all&#8217;aggiunta opzionale del <strong>FULL FORCE KIT GTR S3\/S8<\/strong> e del <strong>SIMRACING &amp; FLIGHTSIM HOLDER.<\/strong><\/p>\n<p><span style=\"text-decoration: underline;\"><strong>Caratteristiche tecniche:<\/strong><\/span><br \/>\n<strong>Telaio:<\/strong><br \/>\n\u2022 Struttura tubolare di 48mm x 2 mm di spessore<br \/>\n\u2022 Vernice satinata rossa e nera, ad alta resistenza per una finitura premium<br \/>\n<strong>Supporto del volante :<\/strong><br \/>\n\u2022 Impostazione su\/gi\u00f9 \u00b130\u00b0<br \/>\n\u2022 Inclinazione su\/gi\u00f9 \u00b130\u00b0<br \/>\n<strong>Supporto dei pedali :<\/strong><br \/>\n\u2022 Regolazione profondit\u00e0 Permette di regolare la posizione anteriore\/posteriore 200mm e l&#8217;inclinazione da 0 a +30, per adattarsi alla morfologia<br \/>\n<strong>Sedile inferiore :<\/strong><br \/>\n\u2022 Profondit\u00e0 regolabile<br \/>\n\u2022 Altezza e inclinazione anteriore\/posteriore regolabile da -6&#8243; a +6&#8243; e +5\/-5cm<br \/>\n\u2022 Guscio in poliestere rinforzato con fibra di vetro rinforzata (GRP), finitura nera satinata.<br \/>\n\u2022 Rivestimento scamosciato nero, Schiuma ad alta densit\u00e0 32kg\/m3<br \/>\n\u2022 5 passaggi dell&#8217;imbracatura\/ Compatibile con le imbracature a 3 o 4 punti<br \/>\n\u2022 Attacchi su guide per una regolazione di 220mm<br \/>\n<span style=\"text-decoration: underline;\"><strong>Compatibilit\u00e0 del prodotto:<\/strong><\/span><br \/>\n100% Compatibile* con i volanti e i pedali dei marchi Thrustmaster \u00ae**, Turtle beach\u00ae, Logitech \u00ae, Moza\u00ae, Nacon\u00ae, Revosim\u00ae e Fanatec\u00ae<\/p>\n<p><small>*Per garantire la massima compatibilit\u00e0 con alcuni dispositivi, potrebbero essere necessari piccoli adattamenti. Nessuna preoccupazione: la qualit\u00e0 e la garanzia del prodotto non ne risentono.<br \/>\n**Tutti i prodotti Thrusmaster tranne T150 e TMX<\/small><\/p>\n<p>&nbsp;<\/p>\n","protected":false},"excerpt":{"rendered":"<p class=\"x_MsoNormal\" data-olk-copy-source=\"MessageBody\">Il cockpit<strong> GTR S8 ELITE Red<\/strong> \u00e8 la versione premium del famoso GTR S8 Infinity.<br \/>\nMantiene quindi le stesse caratteristiche tecniche e si distingue per finiture estetiche pi\u00f9 eleganti.<\/p>\n<p>Questi sviluppi includono:<\/p>\n<ul>\n<li>Una vernice bicolore laccato di grande raffinatezza,<\/li>\n<li>Un taglio laser del logo \u00abGTR S8\u00bb sotto il sedile della vasca,<\/li>\n<li>Rivestimento in pelle scamosciata (equivalente ad Alcantara) per la vasca.<\/li>\n<\/ul>\n[embed]https:\/\/www.youtube.com\/watch?v=kygailipLPY&#038;t=33s[\/embed]\n","protected":false},"featured_media":32289,"template":"","meta":{"_acf_changed":false,"footnotes":""},"product_brand":[],"product_cat":[743,730],"product_tag":[758],"class_list":{"0":"post-29389","1":"product","2":"type-product","3":"status-publish","4":"has-post-thumbnail","6":"product_cat-abitacolo-gtr-s8-elite","7":"product_cat-simulatori","8":"product_tag-oplite-gaming-it","9":"pa_colisage-pcb-824","11":"first","12":"outofstock","13":"taxable","14":"shipping-taxable","15":"purchasable","16":"product-type-simple"},"bundled_by":[],"bundle_stock_status":"outofstock","bundle_stock_quantity":0,"bundle_virtual":false,"bundle_layout":"","bundle_add_to_cart_form_location":"","bundle_editable_in_cart":false,"bundle_sold_individually_context":"","bundle_item_grouping":"","bundle_min_size":"","bundle_max_size":"","bundle_price":[],"bundled_items":[],"bundle_sell_ids":[],"acf":[],"yoast_head":"<!-- This site is optimized with the Yoast SEO plugin v27.3 - https:\/\/yoast.com\/product\/yoast-seo-wordpress\/ -->\n<title>Cockpit GTR S8 Elite Red - OPLITE<\/title>\n<meta name=\"robots\" content=\"index, follow, max-snippet:-1, max-image-preview:large, max-video-preview:-1\" \/>\n<link rel=\"canonical\" href=\"https:\/\/oplitegames.com\/it\/prodotto\/oplite-cockpit-gtr-s3-elite-red\/\" \/>\n<meta property=\"og:locale\" content=\"it_IT\" \/>\n<meta property=\"og:type\" content=\"article\" \/>\n<meta property=\"og:title\" content=\"Cockpit GTR S8 Elite Red - OPLITE\" \/>\n<meta property=\"og:description\" content=\"Il cockpit GTR S8 ELITE Red \u00e8 la versione premium del famoso GTR S8 Infinity. Mantiene quindi le stesse caratteristiche tecniche e si distingue per finiture estetiche pi\u00f9 eleganti. Questi sviluppi includono:   Una vernice bicolore laccato di grande raffinatezza,  Un taglio laser del logo \u00abGTR S8\u00bb sotto il sedile della vasca,  Rivestimento in pelle scamosciata (equivalente ad Alcantara) per la vasca.\" \/>\n<meta property=\"og:url\" content=\"https:\/\/oplitegames.com\/it\/prodotto\/oplite-cockpit-gtr-s3-elite-red\/\" \/>\n<meta property=\"og:site_name\" content=\"OPLITE\" \/>\n<meta property=\"article:modified_time\" content=\"2025-10-16T09:21:05+00:00\" \/>\n<meta property=\"og:image\" content=\"https:\/\/oplitegames.com\/wp-content\/uploads\/Cockpit-GTR-S8-Elite-RED-OP-GTR-ER-image_1.png\" \/>\n\t<meta property=\"og:image:width\" content=\"1000\" \/>\n\t<meta property=\"og:image:height\" content=\"1000\" \/>\n\t<meta property=\"og:image:type\" content=\"image\/png\" \/>\n<meta name=\"twitter:card\" content=\"summary_large_image\" \/>\n<meta name=\"twitter:label1\" content=\"Price\" \/>\n\t<meta name=\"twitter:data1\" content=\"569,90&nbsp;&euro;\" \/>\n\t<meta name=\"twitter:label2\" content=\"Availability\" \/>\n\t<meta name=\"twitter:data2\" content=\"Out of stock\" \/>\n<script type=\"application\/ld+json\" class=\"yoast-schema-graph\">{\"@context\":\"https:\\\/\\\/schema.org\",\"@graph\":[{\"@type\":[\"WebPage\",\"ItemPage\"],\"@id\":\"https:\\\/\\\/oplitegames.com\\\/it\\\/prodotto\\\/oplite-cockpit-gtr-s3-elite-red\\\/\",\"url\":\"https:\\\/\\\/oplitegames.com\\\/it\\\/prodotto\\\/oplite-cockpit-gtr-s3-elite-red\\\/\",\"name\":\"Cockpit GTR S8 Elite Red - OPLITE\",\"isPartOf\":{\"@id\":\"https:\\\/\\\/oplitegames.com\\\/#website\"},\"primaryImageOfPage\":{\"@id\":\"https:\\\/\\\/oplitegames.com\\\/it\\\/prodotto\\\/oplite-cockpit-gtr-s3-elite-red\\\/#primaryimage\"},\"image\":{\"@id\":\"https:\\\/\\\/oplitegames.com\\\/it\\\/prodotto\\\/oplite-cockpit-gtr-s3-elite-red\\\/#primaryimage\"},\"thumbnailUrl\":\"https:\\\/\\\/oplitegames-preprod.ezratis.fr\\\/wp-content\\\/uploads\\\/Cockpit-GTR-S8-Elite-RED-OP-GTR-ER-image_1.png\",\"datePublished\":\"2022-10-27T13:03:17+00:00\",\"dateModified\":\"2025-10-16T09:21:05+00:00\",\"breadcrumb\":{\"@id\":\"https:\\\/\\\/oplitegames.com\\\/it\\\/prodotto\\\/oplite-cockpit-gtr-s3-elite-red\\\/#breadcrumb\"},\"inLanguage\":\"it-IT\",\"potentialAction\":[{\"@type\":\"ReadAction\",\"target\":[\"https:\\\/\\\/oplitegames.com\\\/it\\\/prodotto\\\/oplite-cockpit-gtr-s3-elite-red\\\/\"]}]},{\"@type\":\"ImageObject\",\"inLanguage\":\"it-IT\",\"@id\":\"https:\\\/\\\/oplitegames.com\\\/it\\\/prodotto\\\/oplite-cockpit-gtr-s3-elite-red\\\/#primaryimage\",\"url\":\"https:\\\/\\\/oplitegames-preprod.ezratis.fr\\\/wp-content\\\/uploads\\\/Cockpit-GTR-S8-Elite-RED-OP-GTR-ER-image_1.png\",\"contentUrl\":\"https:\\\/\\\/oplitegames-preprod.ezratis.fr\\\/wp-content\\\/uploads\\\/Cockpit-GTR-S8-Elite-RED-OP-GTR-ER-image_1.png\",\"width\":1000,\"height\":1000},{\"@type\":\"BreadcrumbList\",\"@id\":\"https:\\\/\\\/oplitegames.com\\\/it\\\/prodotto\\\/oplite-cockpit-gtr-s3-elite-red\\\/#breadcrumb\",\"itemListElement\":[{\"@type\":\"ListItem\",\"position\":1,\"name\":\"Home\",\"item\":\"https:\\\/\\\/oplitegames.com\\\/it\\\/oplite-gaming\\\/\"},{\"@type\":\"ListItem\",\"position\":2,\"name\":\"Negozio\",\"item\":\"https:\\\/\\\/oplitegames.com\\\/it\\\/negozio\\\/\"},{\"@type\":\"ListItem\",\"position\":3,\"name\":\"Cockpit GTR S8 Elite Red\"}]},{\"@type\":\"WebSite\",\"@id\":\"https:\\\/\\\/oplitegames.com\\\/#website\",\"url\":\"https:\\\/\\\/oplitegames.com\\\/\",\"name\":\"OPLITE\",\"description\":\"\",\"publisher\":{\"@id\":\"https:\\\/\\\/oplitegames.com\\\/#organization\"},\"potentialAction\":[{\"@type\":\"SearchAction\",\"target\":{\"@type\":\"EntryPoint\",\"urlTemplate\":\"https:\\\/\\\/oplitegames.com\\\/?s={search_term_string}\"},\"query-input\":{\"@type\":\"PropertyValueSpecification\",\"valueRequired\":true,\"valueName\":\"search_term_string\"}}],\"inLanguage\":\"it-IT\"},{\"@type\":\"Organization\",\"@id\":\"https:\\\/\\\/oplitegames.com\\\/#organization\",\"name\":\"OPLITE\",\"url\":\"https:\\\/\\\/oplitegames.com\\\/\",\"logo\":{\"@type\":\"ImageObject\",\"inLanguage\":\"it-IT\",\"@id\":\"https:\\\/\\\/oplitegames.com\\\/#\\\/schema\\\/logo\\\/image\\\/\",\"url\":\"https:\\\/\\\/oplitegames-preprod.ezratis.fr\\\/wp-content\\\/uploads\\\/cropped-cropped-Oplite-Blanc-casse-002-scaled-1.png\",\"contentUrl\":\"https:\\\/\\\/oplitegames-preprod.ezratis.fr\\\/wp-content\\\/uploads\\\/cropped-cropped-Oplite-Blanc-casse-002-scaled-1.png\",\"width\":2509,\"height\":597,\"caption\":\"OPLITE\"},\"image\":{\"@id\":\"https:\\\/\\\/oplitegames.com\\\/#\\\/schema\\\/logo\\\/image\\\/\"}}]}<\/script>\n<meta property=\"product:price:amount\" content=\"569.90\" \/>\n<meta property=\"product:price:currency\" content=\"EUR\" \/>\n<meta property=\"og:availability\" content=\"out of stock\" \/>\n<meta property=\"product:availability\" content=\"out of stock\" \/>\n<meta property=\"product:retailer_item_id\" content=\"89131\" \/>\n<meta property=\"product:condition\" content=\"new\" \/>\n<!-- \/ Yoast SEO plugin. -->","yoast_head_json":{"title":"Cockpit GTR S8 Elite Red - OPLITE","robots":{"index":"index","follow":"follow","max-snippet":"max-snippet:-1","max-image-preview":"max-image-preview:large","max-video-preview":"max-video-preview:-1"},"canonical":"https:\/\/oplitegames.com\/it\/prodotto\/oplite-cockpit-gtr-s3-elite-red\/","og_locale":"it_IT","og_type":"article","og_title":"Cockpit GTR S8 Elite Red - OPLITE","og_description":"Il cockpit GTR S8 ELITE Red \u00e8 la versione premium del famoso GTR S8 Infinity. Mantiene quindi le stesse caratteristiche tecniche e si distingue per finiture estetiche pi\u00f9 eleganti. Questi sviluppi includono:   Una vernice bicolore laccato di grande raffinatezza,  Un taglio laser del logo \u00abGTR S8\u00bb sotto il sedile della vasca,  Rivestimento in pelle scamosciata (equivalente ad Alcantara) per la vasca.","og_url":"https:\/\/oplitegames.com\/it\/prodotto\/oplite-cockpit-gtr-s3-elite-red\/","og_site_name":"OPLITE","article_modified_time":"2025-10-16T09:21:05+00:00","og_image":[{"width":1000,"height":1000,"url":"https:\/\/oplitegames.com\/wp-content\/uploads\/Cockpit-GTR-S8-Elite-RED-OP-GTR-ER-image_1.png","type":"image\/png"}],"twitter_card":"summary_large_image","twitter_misc":{"Price":"569,90&nbsp;&euro;","Availability":"Out of stock"},"schema":{"@context":"https:\/\/schema.org","@graph":[{"@type":["WebPage","ItemPage"],"@id":"https:\/\/oplitegames.com\/it\/prodotto\/oplite-cockpit-gtr-s3-elite-red\/","url":"https:\/\/oplitegames.com\/it\/prodotto\/oplite-cockpit-gtr-s3-elite-red\/","name":"Cockpit GTR S8 Elite Red - OPLITE","isPartOf":{"@id":"https:\/\/oplitegames.com\/#website"},"primaryImageOfPage":{"@id":"https:\/\/oplitegames.com\/it\/prodotto\/oplite-cockpit-gtr-s3-elite-red\/#primaryimage"},"image":{"@id":"https:\/\/oplitegames.com\/it\/prodotto\/oplite-cockpit-gtr-s3-elite-red\/#primaryimage"},"thumbnailUrl":"https:\/\/oplitegames-preprod.ezratis.fr\/wp-content\/uploads\/Cockpit-GTR-S8-Elite-RED-OP-GTR-ER-image_1.png","datePublished":"2022-10-27T13:03:17+00:00","dateModified":"2025-10-16T09:21:05+00:00","breadcrumb":{"@id":"https:\/\/oplitegames.com\/it\/prodotto\/oplite-cockpit-gtr-s3-elite-red\/#breadcrumb"},"inLanguage":"it-IT","potentialAction":[{"@type":"ReadAction","target":["https:\/\/oplitegames.com\/it\/prodotto\/oplite-cockpit-gtr-s3-elite-red\/"]}]},{"@type":"ImageObject","inLanguage":"it-IT","@id":"https:\/\/oplitegames.com\/it\/prodotto\/oplite-cockpit-gtr-s3-elite-red\/#primaryimage","url":"https:\/\/oplitegames-preprod.ezratis.fr\/wp-content\/uploads\/Cockpit-GTR-S8-Elite-RED-OP-GTR-ER-image_1.png","contentUrl":"https:\/\/oplitegames-preprod.ezratis.fr\/wp-content\/uploads\/Cockpit-GTR-S8-Elite-RED-OP-GTR-ER-image_1.png","width":1000,"height":1000},{"@type":"BreadcrumbList","@id":"https:\/\/oplitegames.com\/it\/prodotto\/oplite-cockpit-gtr-s3-elite-red\/#breadcrumb","itemListElement":[{"@type":"ListItem","position":1,"name":"Home","item":"https:\/\/oplitegames.com\/it\/oplite-gaming\/"},{"@type":"ListItem","position":2,"name":"Negozio","item":"https:\/\/oplitegames.com\/it\/negozio\/"},{"@type":"ListItem","position":3,"name":"Cockpit GTR S8 Elite Red"}]},{"@type":"WebSite","@id":"https:\/\/oplitegames.com\/#website","url":"https:\/\/oplitegames.com\/","name":"OPLITE","description":"","publisher":{"@id":"https:\/\/oplitegames.com\/#organization"},"potentialAction":[{"@type":"SearchAction","target":{"@type":"EntryPoint","urlTemplate":"https:\/\/oplitegames.com\/?s={search_term_string}"},"query-input":{"@type":"PropertyValueSpecification","valueRequired":true,"valueName":"search_term_string"}}],"inLanguage":"it-IT"},{"@type":"Organization","@id":"https:\/\/oplitegames.com\/#organization","name":"OPLITE","url":"https:\/\/oplitegames.com\/","logo":{"@type":"ImageObject","inLanguage":"it-IT","@id":"https:\/\/oplitegames.com\/#\/schema\/logo\/image\/","url":"https:\/\/oplitegames-preprod.ezratis.fr\/wp-content\/uploads\/cropped-cropped-Oplite-Blanc-casse-002-scaled-1.png","contentUrl":"https:\/\/oplitegames-preprod.ezratis.fr\/wp-content\/uploads\/cropped-cropped-Oplite-Blanc-casse-002-scaled-1.png","width":2509,"height":597,"caption":"OPLITE"},"image":{"@id":"https:\/\/oplitegames.com\/#\/schema\/logo\/image\/"}}]},"product_price_amount":"569.90","product_price_currency":"EUR","og_availability":"out of stock","product_availability":"out of stock","product_retailer_item_id":"89131","product_condition":"new"},"_links":{"self":[{"href":"https:\/\/oplitegames-preprod.ezratis.fr\/it\/wp-json\/wp\/v2\/product\/29389","targetHints":{"allow":["GET"]}}],"collection":[{"href":"https:\/\/oplitegames-preprod.ezratis.fr\/it\/wp-json\/wp\/v2\/product"}],"about":[{"href":"https:\/\/oplitegames-preprod.ezratis.fr\/it\/wp-json\/wp\/v2\/types\/product"}],"version-history":[{"count":9,"href":"https:\/\/oplitegames-preprod.ezratis.fr\/it\/wp-json\/wp\/v2\/product\/29389\/revisions"}],"predecessor-version":[{"id":61552,"href":"https:\/\/oplitegames-preprod.ezratis.fr\/it\/wp-json\/wp\/v2\/product\/29389\/revisions\/61552"}],"wp:featuredmedia":[{"embeddable":true,"href":"https:\/\/oplitegames-preprod.ezratis.fr\/it\/wp-json\/wp\/v2\/media\/32289"}],"wp:attachment":[{"href":"https:\/\/oplitegames-preprod.ezratis.fr\/it\/wp-json\/wp\/v2\/media?parent=29389"}],"wp:term":[{"taxonomy":"product_brand","embeddable":true,"href":"https:\/\/oplitegames-preprod.ezratis.fr\/it\/wp-json\/wp\/v2\/product_brand?post=29389"},{"taxonomy":"product_cat","embeddable":true,"href":"https:\/\/oplitegames-preprod.ezratis.fr\/it\/wp-json\/wp\/v2\/product_cat?post=29389"},{"taxonomy":"product_tag","embeddable":true,"href":"https:\/\/oplitegames-preprod.ezratis.fr\/it\/wp-json\/wp\/v2\/product_tag?post=29389"}],"curies":[{"name":"wp","href":"https:\/\/api.w.org\/{rel}","templated":true}]}}