{"id":29417,"date":"2022-11-29T15:17:58","date_gmt":"2022-11-29T14:17:58","guid":{"rendered":"https:\/\/oplitegames.com\/product\/oplite-wheel-stand-gt-pro\/"},"modified":"2025-11-25T03:02:29","modified_gmt":"2025-11-25T02:02:29","slug":"oplite-wheel-stand-gt-pro","status":"publish","type":"product","link":"https:\/\/oplitegames-preprod.ezratis.fr\/it\/prodotto\/oplite-wheel-stand-gt-pro\/","title":{"rendered":"Supporto ruota GT PRO V2"},"content":{"rendered":"<p>Il Wheel Stand GT Pro V2 rappresenta una significativa evoluzione di una soluzione gi\u00e0 apprezzata dagli appassionati di simulazione di corse. Nato dal costante impegno del marchio per l&#8217;innovazione e la qualit\u00e0, questo modello incorpora miglioramenti sostanziali basati sul feedback dei clienti. Progettato per offrire un&#8217;esperienza di simulazione di gara ancora pi\u00f9 coinvolgente, questo supporto combina funzionalit\u00e0 avanzate, robustezza e praticit\u00e0. Offre ai piloti una piattaforma stabile e adattabile per accessori come volanti, pedali, leve del cambio e freni a mano. Pieghevole, \u00e8 facile da riporre e occupa uno spazio minimo.<\/p>\n<h5><strong>Caratteristiche principali<\/strong><\/h5>\n<p>\u2705 Design robusto realizzato con materiali di alta qualit\u00e0 per garantire resistenza e durata nel tempo<br \/>\n\u2705 Molteplici regolazioni facili e veloci per il supporto del volante e dei pedali<br \/>\n\u2705 Il supporto del cambio pu\u00f2 essere montato sul lato sinistro o destro<br \/>\n\u2705 Bloccaggio universale della ruota della sedia, regolabile in profondit\u00e0<br \/>\n\u2705 Doppio sistema di sicurezza (perno e catena) per un utilizzo senza rischi<br \/>\n\u2705 Pieghevole, per un facile stoccaggio e un ingombro minimo<br \/>\n\u2705 Compatibilit\u00e0 senza compromessi con un&#8217;ampia gamma di accessori per la simulazione in auto<\/p>\n<h5><strong>Caracter\u00edsticas t\u00e9cnicas <\/strong><\/h5>\n<p><strong>Chasis :<\/strong><br \/>\n&#8211; Bastidor de acero JIS STKM 13A en acabado negro mate<br \/>\n&#8211; 4 patines antideslizantes y regulables en altura<br \/>\n&#8211; Sistema de bloqueo universal de la rueda de la silla ajustable en profundidad<br \/>\n<strong>Soporte del volante :<\/strong><br \/>\n&#8211; Estructura de acero tipo JIS STKM 13A<br \/>\n&#8211; Inclinaci\u00f3n 15\u00b0\/0\u00b0\/+15\u00b0 arriba\/abajo<br \/>\n<strong>Soporte del pedal :<\/strong><br \/>\n&#8211; Estructura de acero tipo JIS STKM 13A<br \/>\n&#8211; Inclinaci\u00f3n arriba\/abajo 7\u00b0\/12\u00b0\/18\u00b0.<br \/>\n<strong>Soporte de la caja de cambios :<\/strong><br \/>\n&#8211; Estructura de acero tipo JIS STKM 13A ambidiestro<br \/>\n&#8211; Palanca de cambios Logitech\u00ae Driving Force, compatible con Thrustmaster\u00ae TH8A<br \/>\n<strong>Compatibilidad*:<\/strong><br \/>\n&#8211; El Wheel Stand GT PRO V2 es compatible con una amplia gama deperif\u00e9ricos, incluidos Thrustmaster\u00ae, Logitech\u00ae, Turtle Beach Beach\u00ae y muchos otros<\/p>\n<table>\n<tbody>\n<tr>\n<td style=\"text-align: center;\"><strong>Marca<\/strong><\/td>\n<td style=\"text-align: center;\"><strong>Tipo di prodotto<\/strong><\/td>\n<td style=\"text-align: center;\"><strong>Prodotti compatibili<\/strong><\/td>\n<\/tr>\n<tr>\n<td>THRUSTMASTER<\/td>\n<td>Piedi \/ Pedali<\/td>\n<td>T300, T300RS, TS-XW, TS-PC, TGTII, T3PM, TLCM<\/td>\n<\/tr>\n<tr>\n<td>LOGITECH<\/td>\n<td>Interassi \/ Pedali<\/td>\n<td>G29, G920, G923, ProWheel<\/td>\n<\/tr>\n<tr>\n<td>TURTLE BEACH<\/td>\n<td>Interassi \/ Pedali<\/td>\n<td>VelocityOne Race<\/td>\n<\/tr>\n<tr>\n<td>MOZA<\/td>\n<td>Interassi \/ Pedali<\/td>\n<td>R5, R9<\/td>\n<\/tr>\n<tr>\n<td>FANATEC<\/td>\n<td>Interassi \/ Pedali<\/td>\n<td>CSL DD 5&amp;8 Nm, Gran Turismo DD Pro 5&amp;8 Nm, Pedali CSL, Pedali CSL LC<\/td>\n<\/tr>\n<\/tbody>\n<\/table>\n<p><small>*<span data-olk-copy-source=\"MessageBody\">Per garantire la massima compatibilit\u00e0 con alcuni dispositivi, potrebbero essere necessari piccoli adattamenti. Nessuna preoccupazione: la qualit\u00e0 e la garanzia del prodotto non ne risentono.<\/span><\/small><\/p>\n","protected":false},"excerpt":{"rendered":"<p>Esperta nella progettazione di prodotti ergonomici per l&#8217;ufficio e il gioco, OPLITE presenta l&#8217;ultima evoluzione del suo supporto per ruote GT Pro V2.<\/p>\n","protected":false},"featured_media":39301,"template":"","meta":{"_acf_changed":false,"footnotes":""},"product_brand":[],"product_cat":[730,734],"product_tag":[758],"class_list":{"0":"post-29417","1":"product","2":"type-product","3":"status-publish","4":"has-post-thumbnail","6":"product_cat-simulatori","7":"product_cat-supporti-ruota","8":"product_tag-oplite-gaming-it","9":"pa_colisage-pcb-2-it","11":"first","12":"outofstock","13":"taxable","14":"shipping-taxable","15":"purchasable","16":"product-type-simple"},"bundled_by":[],"bundle_stock_status":"outofstock","bundle_stock_quantity":0,"bundle_virtual":false,"bundle_layout":"","bundle_add_to_cart_form_location":"","bundle_editable_in_cart":false,"bundle_sold_individually_context":"","bundle_item_grouping":"","bundle_min_size":"","bundle_max_size":"","bundle_price":[],"bundled_items":[],"bundle_sell_ids":[],"acf":[],"yoast_head":"<!-- This site is optimized with the Yoast SEO plugin v27.3 - https:\/\/yoast.com\/product\/yoast-seo-wordpress\/ -->\n<title>Supporto ruota GT PRO V2 - OPLITE<\/title>\n<meta name=\"robots\" content=\"index, follow, max-snippet:-1, max-image-preview:large, max-video-preview:-1\" \/>\n<link rel=\"canonical\" href=\"https:\/\/oplitegames.com\/it\/prodotto\/oplite-wheel-stand-gt-pro\/\" \/>\n<meta property=\"og:locale\" content=\"it_IT\" \/>\n<meta property=\"og:type\" content=\"article\" \/>\n<meta property=\"og:title\" content=\"Supporto ruota GT PRO V2 - OPLITE\" \/>\n<meta property=\"og:description\" content=\"Esperta nella progettazione di prodotti ergonomici per l&#039;ufficio e il gioco, OPLITE presenta l&#039;ultima evoluzione del suo supporto per ruote GT Pro V2.\" \/>\n<meta property=\"og:url\" content=\"https:\/\/oplitegames.com\/it\/prodotto\/oplite-wheel-stand-gt-pro\/\" \/>\n<meta property=\"og:site_name\" content=\"OPLITE\" \/>\n<meta property=\"article:modified_time\" content=\"2025-11-25T02:02:29+00:00\" \/>\n<meta property=\"og:image\" content=\"https:\/\/oplitegames.com\/wp-content\/uploads\/OPLITE-Wheel-Stand-GTPro-V2-OP-WS-GTPRO_1.png\" \/>\n\t<meta property=\"og:image:width\" content=\"1000\" \/>\n\t<meta property=\"og:image:height\" content=\"1000\" \/>\n\t<meta property=\"og:image:type\" content=\"image\/png\" \/>\n<meta name=\"twitter:card\" content=\"summary_large_image\" \/>\n<meta name=\"twitter:label1\" content=\"Price\" \/>\n\t<meta name=\"twitter:data1\" content=\"159,90&nbsp;&euro;\" \/>\n\t<meta name=\"twitter:label2\" content=\"Availability\" \/>\n\t<meta name=\"twitter:data2\" content=\"Out of stock\" \/>\n<script type=\"application\/ld+json\" class=\"yoast-schema-graph\">{\"@context\":\"https:\\\/\\\/schema.org\",\"@graph\":[{\"@type\":[\"WebPage\",\"ItemPage\"],\"@id\":\"https:\\\/\\\/oplitegames.com\\\/it\\\/prodotto\\\/oplite-wheel-stand-gt-pro\\\/\",\"url\":\"https:\\\/\\\/oplitegames.com\\\/it\\\/prodotto\\\/oplite-wheel-stand-gt-pro\\\/\",\"name\":\"Supporto ruota GT PRO V2 - OPLITE\",\"isPartOf\":{\"@id\":\"https:\\\/\\\/oplitegames.com\\\/#website\"},\"primaryImageOfPage\":{\"@id\":\"https:\\\/\\\/oplitegames.com\\\/it\\\/prodotto\\\/oplite-wheel-stand-gt-pro\\\/#primaryimage\"},\"image\":{\"@id\":\"https:\\\/\\\/oplitegames.com\\\/it\\\/prodotto\\\/oplite-wheel-stand-gt-pro\\\/#primaryimage\"},\"thumbnailUrl\":\"https:\\\/\\\/oplitegames-preprod.ezratis.fr\\\/wp-content\\\/uploads\\\/OPLITE-Wheel-Stand-GTPro-V2-OP-WS-GTPRO_1.png\",\"datePublished\":\"2022-11-29T14:17:58+00:00\",\"dateModified\":\"2025-11-25T02:02:29+00:00\",\"breadcrumb\":{\"@id\":\"https:\\\/\\\/oplitegames.com\\\/it\\\/prodotto\\\/oplite-wheel-stand-gt-pro\\\/#breadcrumb\"},\"inLanguage\":\"it-IT\",\"potentialAction\":[{\"@type\":\"ReadAction\",\"target\":[\"https:\\\/\\\/oplitegames.com\\\/it\\\/prodotto\\\/oplite-wheel-stand-gt-pro\\\/\"]}]},{\"@type\":\"ImageObject\",\"inLanguage\":\"it-IT\",\"@id\":\"https:\\\/\\\/oplitegames.com\\\/it\\\/prodotto\\\/oplite-wheel-stand-gt-pro\\\/#primaryimage\",\"url\":\"https:\\\/\\\/oplitegames-preprod.ezratis.fr\\\/wp-content\\\/uploads\\\/OPLITE-Wheel-Stand-GTPro-V2-OP-WS-GTPRO_1.png\",\"contentUrl\":\"https:\\\/\\\/oplitegames-preprod.ezratis.fr\\\/wp-content\\\/uploads\\\/OPLITE-Wheel-Stand-GTPro-V2-OP-WS-GTPRO_1.png\",\"width\":1000,\"height\":1000},{\"@type\":\"BreadcrumbList\",\"@id\":\"https:\\\/\\\/oplitegames.com\\\/it\\\/prodotto\\\/oplite-wheel-stand-gt-pro\\\/#breadcrumb\",\"itemListElement\":[{\"@type\":\"ListItem\",\"position\":1,\"name\":\"Home\",\"item\":\"https:\\\/\\\/oplitegames.com\\\/it\\\/oplite-gaming\\\/\"},{\"@type\":\"ListItem\",\"position\":2,\"name\":\"Negozio\",\"item\":\"https:\\\/\\\/oplitegames.com\\\/it\\\/negozio\\\/\"},{\"@type\":\"ListItem\",\"position\":3,\"name\":\"Supporto ruota GT PRO V2\"}]},{\"@type\":\"WebSite\",\"@id\":\"https:\\\/\\\/oplitegames.com\\\/#website\",\"url\":\"https:\\\/\\\/oplitegames.com\\\/\",\"name\":\"OPLITE\",\"description\":\"\",\"publisher\":{\"@id\":\"https:\\\/\\\/oplitegames.com\\\/#organization\"},\"potentialAction\":[{\"@type\":\"SearchAction\",\"target\":{\"@type\":\"EntryPoint\",\"urlTemplate\":\"https:\\\/\\\/oplitegames.com\\\/?s={search_term_string}\"},\"query-input\":{\"@type\":\"PropertyValueSpecification\",\"valueRequired\":true,\"valueName\":\"search_term_string\"}}],\"inLanguage\":\"it-IT\"},{\"@type\":\"Organization\",\"@id\":\"https:\\\/\\\/oplitegames.com\\\/#organization\",\"name\":\"OPLITE\",\"url\":\"https:\\\/\\\/oplitegames.com\\\/\",\"logo\":{\"@type\":\"ImageObject\",\"inLanguage\":\"it-IT\",\"@id\":\"https:\\\/\\\/oplitegames.com\\\/#\\\/schema\\\/logo\\\/image\\\/\",\"url\":\"https:\\\/\\\/oplitegames-preprod.ezratis.fr\\\/wp-content\\\/uploads\\\/cropped-cropped-Oplite-Blanc-casse-002-scaled-1.png\",\"contentUrl\":\"https:\\\/\\\/oplitegames-preprod.ezratis.fr\\\/wp-content\\\/uploads\\\/cropped-cropped-Oplite-Blanc-casse-002-scaled-1.png\",\"width\":2509,\"height\":597,\"caption\":\"OPLITE\"},\"image\":{\"@id\":\"https:\\\/\\\/oplitegames.com\\\/#\\\/schema\\\/logo\\\/image\\\/\"}}]}<\/script>\n<meta property=\"product:price:amount\" content=\"159.90\" \/>\n<meta property=\"product:price:currency\" content=\"EUR\" \/>\n<meta property=\"og:availability\" content=\"out of stock\" \/>\n<meta property=\"product:availability\" content=\"out of stock\" \/>\n<meta property=\"product:retailer_item_id\" content=\"89699\" \/>\n<meta property=\"product:condition\" content=\"new\" \/>\n<!-- \/ Yoast SEO plugin. -->","yoast_head_json":{"title":"Supporto ruota GT PRO V2 - OPLITE","robots":{"index":"index","follow":"follow","max-snippet":"max-snippet:-1","max-image-preview":"max-image-preview:large","max-video-preview":"max-video-preview:-1"},"canonical":"https:\/\/oplitegames.com\/it\/prodotto\/oplite-wheel-stand-gt-pro\/","og_locale":"it_IT","og_type":"article","og_title":"Supporto ruota GT PRO V2 - OPLITE","og_description":"Esperta nella progettazione di prodotti ergonomici per l'ufficio e il gioco, OPLITE presenta l'ultima evoluzione del suo supporto per ruote GT Pro V2.","og_url":"https:\/\/oplitegames.com\/it\/prodotto\/oplite-wheel-stand-gt-pro\/","og_site_name":"OPLITE","article_modified_time":"2025-11-25T02:02:29+00:00","og_image":[{"width":1000,"height":1000,"url":"https:\/\/oplitegames.com\/wp-content\/uploads\/OPLITE-Wheel-Stand-GTPro-V2-OP-WS-GTPRO_1.png","type":"image\/png"}],"twitter_card":"summary_large_image","twitter_misc":{"Price":"159,90&nbsp;&euro;","Availability":"Out of stock"},"schema":{"@context":"https:\/\/schema.org","@graph":[{"@type":["WebPage","ItemPage"],"@id":"https:\/\/oplitegames.com\/it\/prodotto\/oplite-wheel-stand-gt-pro\/","url":"https:\/\/oplitegames.com\/it\/prodotto\/oplite-wheel-stand-gt-pro\/","name":"Supporto ruota GT PRO V2 - OPLITE","isPartOf":{"@id":"https:\/\/oplitegames.com\/#website"},"primaryImageOfPage":{"@id":"https:\/\/oplitegames.com\/it\/prodotto\/oplite-wheel-stand-gt-pro\/#primaryimage"},"image":{"@id":"https:\/\/oplitegames.com\/it\/prodotto\/oplite-wheel-stand-gt-pro\/#primaryimage"},"thumbnailUrl":"https:\/\/oplitegames-preprod.ezratis.fr\/wp-content\/uploads\/OPLITE-Wheel-Stand-GTPro-V2-OP-WS-GTPRO_1.png","datePublished":"2022-11-29T14:17:58+00:00","dateModified":"2025-11-25T02:02:29+00:00","breadcrumb":{"@id":"https:\/\/oplitegames.com\/it\/prodotto\/oplite-wheel-stand-gt-pro\/#breadcrumb"},"inLanguage":"it-IT","potentialAction":[{"@type":"ReadAction","target":["https:\/\/oplitegames.com\/it\/prodotto\/oplite-wheel-stand-gt-pro\/"]}]},{"@type":"ImageObject","inLanguage":"it-IT","@id":"https:\/\/oplitegames.com\/it\/prodotto\/oplite-wheel-stand-gt-pro\/#primaryimage","url":"https:\/\/oplitegames-preprod.ezratis.fr\/wp-content\/uploads\/OPLITE-Wheel-Stand-GTPro-V2-OP-WS-GTPRO_1.png","contentUrl":"https:\/\/oplitegames-preprod.ezratis.fr\/wp-content\/uploads\/OPLITE-Wheel-Stand-GTPro-V2-OP-WS-GTPRO_1.png","width":1000,"height":1000},{"@type":"BreadcrumbList","@id":"https:\/\/oplitegames.com\/it\/prodotto\/oplite-wheel-stand-gt-pro\/#breadcrumb","itemListElement":[{"@type":"ListItem","position":1,"name":"Home","item":"https:\/\/oplitegames.com\/it\/oplite-gaming\/"},{"@type":"ListItem","position":2,"name":"Negozio","item":"https:\/\/oplitegames.com\/it\/negozio\/"},{"@type":"ListItem","position":3,"name":"Supporto ruota GT PRO V2"}]},{"@type":"WebSite","@id":"https:\/\/oplitegames.com\/#website","url":"https:\/\/oplitegames.com\/","name":"OPLITE","description":"","publisher":{"@id":"https:\/\/oplitegames.com\/#organization"},"potentialAction":[{"@type":"SearchAction","target":{"@type":"EntryPoint","urlTemplate":"https:\/\/oplitegames.com\/?s={search_term_string}"},"query-input":{"@type":"PropertyValueSpecification","valueRequired":true,"valueName":"search_term_string"}}],"inLanguage":"it-IT"},{"@type":"Organization","@id":"https:\/\/oplitegames.com\/#organization","name":"OPLITE","url":"https:\/\/oplitegames.com\/","logo":{"@type":"ImageObject","inLanguage":"it-IT","@id":"https:\/\/oplitegames.com\/#\/schema\/logo\/image\/","url":"https:\/\/oplitegames-preprod.ezratis.fr\/wp-content\/uploads\/cropped-cropped-Oplite-Blanc-casse-002-scaled-1.png","contentUrl":"https:\/\/oplitegames-preprod.ezratis.fr\/wp-content\/uploads\/cropped-cropped-Oplite-Blanc-casse-002-scaled-1.png","width":2509,"height":597,"caption":"OPLITE"},"image":{"@id":"https:\/\/oplitegames.com\/#\/schema\/logo\/image\/"}}]},"product_price_amount":"159.90","product_price_currency":"EUR","og_availability":"out of stock","product_availability":"out of stock","product_retailer_item_id":"89699","product_condition":"new"},"_links":{"self":[{"href":"https:\/\/oplitegames-preprod.ezratis.fr\/it\/wp-json\/wp\/v2\/product\/29417","targetHints":{"allow":["GET"]}}],"collection":[{"href":"https:\/\/oplitegames-preprod.ezratis.fr\/it\/wp-json\/wp\/v2\/product"}],"about":[{"href":"https:\/\/oplitegames-preprod.ezratis.fr\/it\/wp-json\/wp\/v2\/types\/product"}],"version-history":[{"count":5,"href":"https:\/\/oplitegames-preprod.ezratis.fr\/it\/wp-json\/wp\/v2\/product\/29417\/revisions"}],"predecessor-version":[{"id":53337,"href":"https:\/\/oplitegames-preprod.ezratis.fr\/it\/wp-json\/wp\/v2\/product\/29417\/revisions\/53337"}],"wp:featuredmedia":[{"embeddable":true,"href":"https:\/\/oplitegames-preprod.ezratis.fr\/it\/wp-json\/wp\/v2\/media\/39301"}],"wp:attachment":[{"href":"https:\/\/oplitegames-preprod.ezratis.fr\/it\/wp-json\/wp\/v2\/media?parent=29417"}],"wp:term":[{"taxonomy":"product_brand","embeddable":true,"href":"https:\/\/oplitegames-preprod.ezratis.fr\/it\/wp-json\/wp\/v2\/product_brand?post=29417"},{"taxonomy":"product_cat","embeddable":true,"href":"https:\/\/oplitegames-preprod.ezratis.fr\/it\/wp-json\/wp\/v2\/product_cat?post=29417"},{"taxonomy":"product_tag","embeddable":true,"href":"https:\/\/oplitegames-preprod.ezratis.fr\/it\/wp-json\/wp\/v2\/product_tag?post=29417"}],"curies":[{"name":"wp","href":"https:\/\/api.w.org\/{rel}","templated":true}]}}