{"id":29478,"date":"2022-10-27T15:03:31","date_gmt":"2022-10-27T13:03:31","guid":{"rendered":"https:\/\/oplitegames.com\/product\/nitrokart-family-pack\/"},"modified":"2025-12-03T12:01:43","modified_gmt":"2025-12-03T11:01:43","slug":"nitrokart-family-pack","status":"publish","type":"product","link":"https:\/\/oplitegames-preprod.ezratis.fr\/it\/prodotto\/nitrokart-family-pack\/","title":{"rendered":"NitroKart &#8211; Pacchetto famiglia"},"content":{"rendered":"<p>Dotato di un sedile professionale a fondo piatto in fibra di vetro, il NitroKart \u00e8 progettato per un uso intensivo grazie a materiali di qualit\u00e0 provenienti da vere competizioni di karting. Offre una rigidit\u00e0 esemplare che consente l&#8217;uso di un volante Direct Drive e di una combinazione di pedali LoadCell. Compatibile al 100%* con i volanti e i pedali Thrustmaster\u00ae, Logitech\u00ae, Fanatec\u00ae, MOZA\u00ae e Hori\u00ae, il NitroKart\u00ae accompagner\u00e0 tutta la famiglia nell&#8217;apprendimento della guida sportiva, consentendo di utilizzare volanti e pedali per piloti principianti, avanzati e professionisti.<\/p>\n<p><small>*<span data-olk-copy-source=\"MessageBody\">Per garantire la massima compatibilit\u00e0 con alcuni dispositivi, potrebbero essere necessari piccoli adattamenti. Nessuna preoccupazione: la qualit\u00e0 e la garanzia del prodotto non ne risentono.<\/span><\/small><\/p>\n<hr \/>\n<p style=\"text-align: center;\"><strong>Descrizione tecnica \/ Angolo di inclinazione<\/strong><\/p>\n<p>Tubo esterno \u00d840mm in acciaio al carbonio spessore 1,5mm, nero opaco<br \/>\nTubo interno \u00d835mm in acciaio al cromo di 2mm di spessore<br \/>\nMeccanismo di estensione telescopica da 1m a 1,580m senza attrezzi<br \/>\nSistema di bloccaggio rapido<br \/>\nMovimento centrale di 2,5 mm di spessore &#8211; 4 angoli di inclinazione 0\u00b0\/+10\u00b0\/+14\u00b0\/+18\u00b0 utilizzabile in posizione inversa per guarniture Heusinkveld, venym, Simtag, ecc.<br \/>\nSupporto benna di 3 mm di spessore con 3 posizioni di inclinazione 0\u00b0\/+7\u00b0\/+14\u00b0.<br \/>\nSupporto del volante di 2 mm di spessore con 5 posizioni di inclinazione -30\u00b0\/ -15\u00b0\/0\u00b0\/+15\u00b0\/+30\u00b0 e un intervallo di regolazione in altezza di 21 cm.<br \/>\nL&#8217;asse tubolare consente anche un perno assiale (anteriore e posteriore) per una regolazione precisa della posizione del volante (profondit\u00e0).<\/p>\n<p><strong>Accessori forniti nella confezione:<\/strong><\/p>\n<ul>\n<li style=\"list-style-type: none;\">\n<ul>\n<li>8 piedini in gomma antiscivolo per una perfetta stabilit\u00e0<\/li>\n<li>1 pattino di gomma dedicato allo schienale del sedile baquet<\/li>\n<li>1 Kit di 4 guide per cavi<\/li>\n<li>1 set di viti per volante e pedaliera M6x20<\/li>\n<li>1 set di viti per guarnitura Hori \u017d<\/li>\n<li>8 viti M6x20 per il fissaggio di volanti e pedali<\/li>\n<\/ul>\n<\/li>\n<\/ul>\n<p><img fetchpriority=\"high\" decoding=\"async\" class=\"aligncenter wp-image-29497 size-full\" src=\"https:\/\/oplitegames-preprod.ezratis.fr\/wp-content\/uploads\/2-11-1.png\" alt=\"\" width=\"1080\" height=\"720\" srcset=\"https:\/\/oplitegames-preprod.ezratis.fr\/wp-content\/uploads\/2-11-1.png 1080w, https:\/\/oplitegames-preprod.ezratis.fr\/wp-content\/uploads\/2-11-1-300x200.png 300w, https:\/\/oplitegames-preprod.ezratis.fr\/wp-content\/uploads\/2-11-1-1024x683.png 1024w, https:\/\/oplitegames-preprod.ezratis.fr\/wp-content\/uploads\/2-11-1-768x512.png 768w, https:\/\/oplitegames-preprod.ezratis.fr\/wp-content\/uploads\/2-11-1-120x80.png 120w, https:\/\/oplitegames-preprod.ezratis.fr\/wp-content\/uploads\/2-11-1-800x533.png 800w, https:\/\/oplitegames-preprod.ezratis.fr\/wp-content\/uploads\/2-11-1-64x43.png 64w\" sizes=\"(max-width: 1080px) 100vw, 1080px\" \/><\/p>\n","protected":false},"excerpt":{"rendered":"<p>Il NitroKart \u00e8 il primo SimRacing Cockpit al mondo per bambini e adulti. Pu\u00f2 essere regolato in pochi secondi grazie alla sua estensione e al meccanismo di sgancio rapido. \u00c8 la soluzione ideale per la simulazione automobilistica familiare e sportiva (SimRacing) su console e PC. Nella versione &#8220;Family Pack&#8221;, il NitroKart viene fornito con un riduttore di sedile, noto anche come &#8220;Surbaquet&#8221;. Realizzato in elastomero ad alta densit\u00e0 (gomma), il riduttore consente una regolazione adatta alle piccole dimensioni del corpo. Grazie al riduttore, il bambino ha un angolo di visuale adatto alle sue dimensioni e pu\u00f2 godere di un&#8217;esperienza di gioco ottimale.<\/p>\n[embed]https:\/\/www.youtube.com\/watch?v=NawNq8mHG0M[\/embed]\n","protected":false},"featured_media":36556,"template":"","meta":{"_acf_changed":false,"footnotes":""},"product_brand":[],"product_cat":[736,730],"product_tag":[758],"class_list":{"0":"post-29478","1":"product","2":"type-product","3":"status-publish","4":"has-post-thumbnail","6":"product_cat-cockpit-nitrokart-it","7":"product_cat-simulatori","8":"product_tag-oplite-gaming-it","9":"pa_colisage-pcb-1-it","11":"first","12":"outofstock","13":"taxable","14":"shipping-taxable","15":"purchasable","16":"product-type-simple"},"bundled_by":[],"bundle_stock_status":"outofstock","bundle_stock_quantity":0,"bundle_virtual":false,"bundle_layout":"","bundle_add_to_cart_form_location":"","bundle_editable_in_cart":false,"bundle_sold_individually_context":"","bundle_item_grouping":"","bundle_min_size":"","bundle_max_size":"","bundle_price":[],"bundled_items":[],"bundle_sell_ids":[],"acf":[],"yoast_head":"<!-- This site is optimized with the Yoast SEO plugin v27.3 - https:\/\/yoast.com\/product\/yoast-seo-wordpress\/ -->\n<title>NitroKart - Pacchetto famiglia - OPLITE<\/title>\n<meta name=\"robots\" content=\"index, follow, max-snippet:-1, max-image-preview:large, max-video-preview:-1\" \/>\n<link rel=\"canonical\" href=\"https:\/\/oplitegames.com\/it\/prodotto\/nitrokart-family-pack\/\" \/>\n<meta property=\"og:locale\" content=\"it_IT\" \/>\n<meta property=\"og:type\" content=\"article\" \/>\n<meta property=\"og:title\" content=\"NitroKart - Pacchetto famiglia - OPLITE\" \/>\n<meta property=\"og:description\" content=\"Il NitroKart \u00e8 il primo SimRacing Cockpit al mondo per bambini e adulti. Pu\u00f2 essere regolato in pochi secondi grazie alla sua estensione e al meccanismo di sgancio rapido. \u00c8 la soluzione ideale per la simulazione automobilistica familiare e sportiva (SimRacing) su console e PC. Nella versione &quot;Family Pack&quot;, il NitroKart viene fornito con un riduttore di sedile, noto anche come &quot;Surbaquet&quot;. Realizzato in elastomero ad alta densit\u00e0 (gomma), il riduttore consente una regolazione adatta alle piccole dimensioni del corpo. Grazie al riduttore, il bambino ha un angolo di visuale adatto alle sue dimensioni e pu\u00f2 godere di un&#039;esperienza di gioco ottimale.\" \/>\n<meta property=\"og:url\" content=\"https:\/\/oplitegames.com\/it\/prodotto\/nitrokart-family-pack\/\" \/>\n<meta property=\"og:site_name\" content=\"OPLITE\" \/>\n<meta property=\"article:modified_time\" content=\"2025-12-03T11:01:43+00:00\" \/>\n<meta property=\"og:image\" content=\"https:\/\/oplitegames.com\/wp-content\/uploads\/Nitrokart_Family-Pack_OP-NK77-FP_Picture_1-1-e1671725142658-copie.png\" \/>\n\t<meta property=\"og:image:width\" content=\"1000\" \/>\n\t<meta property=\"og:image:height\" content=\"1000\" \/>\n\t<meta property=\"og:image:type\" content=\"image\/png\" \/>\n<meta name=\"twitter:card\" content=\"summary_large_image\" \/>\n<meta name=\"twitter:label1\" content=\"Price\" \/>\n\t<meta name=\"twitter:data1\" content=\"199,90&nbsp;&euro;\" \/>\n\t<meta name=\"twitter:label2\" content=\"Availability\" \/>\n\t<meta name=\"twitter:data2\" content=\"Out of stock\" \/>\n<script type=\"application\/ld+json\" class=\"yoast-schema-graph\">{\"@context\":\"https:\\\/\\\/schema.org\",\"@graph\":[{\"@type\":[\"WebPage\",\"ItemPage\"],\"@id\":\"https:\\\/\\\/oplitegames.com\\\/it\\\/prodotto\\\/nitrokart-family-pack\\\/\",\"url\":\"https:\\\/\\\/oplitegames.com\\\/it\\\/prodotto\\\/nitrokart-family-pack\\\/\",\"name\":\"NitroKart - Pacchetto famiglia - OPLITE\",\"isPartOf\":{\"@id\":\"https:\\\/\\\/oplitegames.com\\\/#website\"},\"primaryImageOfPage\":{\"@id\":\"https:\\\/\\\/oplitegames.com\\\/it\\\/prodotto\\\/nitrokart-family-pack\\\/#primaryimage\"},\"image\":{\"@id\":\"https:\\\/\\\/oplitegames.com\\\/it\\\/prodotto\\\/nitrokart-family-pack\\\/#primaryimage\"},\"thumbnailUrl\":\"https:\\\/\\\/oplitegames-preprod.ezratis.fr\\\/wp-content\\\/uploads\\\/Nitrokart_Family-Pack_OP-NK77-FP_Picture_1-1-e1671725142658-copie.png\",\"datePublished\":\"2022-10-27T13:03:31+00:00\",\"dateModified\":\"2025-12-03T11:01:43+00:00\",\"breadcrumb\":{\"@id\":\"https:\\\/\\\/oplitegames.com\\\/it\\\/prodotto\\\/nitrokart-family-pack\\\/#breadcrumb\"},\"inLanguage\":\"it-IT\",\"potentialAction\":[{\"@type\":\"ReadAction\",\"target\":[\"https:\\\/\\\/oplitegames.com\\\/it\\\/prodotto\\\/nitrokart-family-pack\\\/\"]}]},{\"@type\":\"ImageObject\",\"inLanguage\":\"it-IT\",\"@id\":\"https:\\\/\\\/oplitegames.com\\\/it\\\/prodotto\\\/nitrokart-family-pack\\\/#primaryimage\",\"url\":\"https:\\\/\\\/oplitegames-preprod.ezratis.fr\\\/wp-content\\\/uploads\\\/Nitrokart_Family-Pack_OP-NK77-FP_Picture_1-1-e1671725142658-copie.png\",\"contentUrl\":\"https:\\\/\\\/oplitegames-preprod.ezratis.fr\\\/wp-content\\\/uploads\\\/Nitrokart_Family-Pack_OP-NK77-FP_Picture_1-1-e1671725142658-copie.png\",\"width\":1000,\"height\":1000},{\"@type\":\"BreadcrumbList\",\"@id\":\"https:\\\/\\\/oplitegames.com\\\/it\\\/prodotto\\\/nitrokart-family-pack\\\/#breadcrumb\",\"itemListElement\":[{\"@type\":\"ListItem\",\"position\":1,\"name\":\"Home\",\"item\":\"https:\\\/\\\/oplitegames.com\\\/it\\\/oplite-gaming\\\/\"},{\"@type\":\"ListItem\",\"position\":2,\"name\":\"Negozio\",\"item\":\"https:\\\/\\\/oplitegames.com\\\/it\\\/negozio\\\/\"},{\"@type\":\"ListItem\",\"position\":3,\"name\":\"NitroKart &#8211; Pacchetto famiglia\"}]},{\"@type\":\"WebSite\",\"@id\":\"https:\\\/\\\/oplitegames.com\\\/#website\",\"url\":\"https:\\\/\\\/oplitegames.com\\\/\",\"name\":\"OPLITE\",\"description\":\"\",\"publisher\":{\"@id\":\"https:\\\/\\\/oplitegames.com\\\/#organization\"},\"potentialAction\":[{\"@type\":\"SearchAction\",\"target\":{\"@type\":\"EntryPoint\",\"urlTemplate\":\"https:\\\/\\\/oplitegames.com\\\/?s={search_term_string}\"},\"query-input\":{\"@type\":\"PropertyValueSpecification\",\"valueRequired\":true,\"valueName\":\"search_term_string\"}}],\"inLanguage\":\"it-IT\"},{\"@type\":\"Organization\",\"@id\":\"https:\\\/\\\/oplitegames.com\\\/#organization\",\"name\":\"OPLITE\",\"url\":\"https:\\\/\\\/oplitegames.com\\\/\",\"logo\":{\"@type\":\"ImageObject\",\"inLanguage\":\"it-IT\",\"@id\":\"https:\\\/\\\/oplitegames.com\\\/#\\\/schema\\\/logo\\\/image\\\/\",\"url\":\"https:\\\/\\\/oplitegames-preprod.ezratis.fr\\\/wp-content\\\/uploads\\\/cropped-cropped-Oplite-Blanc-casse-002-scaled-1.png\",\"contentUrl\":\"https:\\\/\\\/oplitegames-preprod.ezratis.fr\\\/wp-content\\\/uploads\\\/cropped-cropped-Oplite-Blanc-casse-002-scaled-1.png\",\"width\":2509,\"height\":597,\"caption\":\"OPLITE\"},\"image\":{\"@id\":\"https:\\\/\\\/oplitegames.com\\\/#\\\/schema\\\/logo\\\/image\\\/\"}}]}<\/script>\n<meta property=\"product:price:amount\" content=\"199.90\" \/>\n<meta property=\"product:price:currency\" content=\"EUR\" \/>\n<meta property=\"og:availability\" content=\"out of stock\" \/>\n<meta property=\"product:availability\" content=\"out of stock\" \/>\n<meta property=\"product:retailer_item_id\" content=\"93543\" \/>\n<meta property=\"product:condition\" content=\"new\" \/>\n<!-- \/ Yoast SEO plugin. -->","yoast_head_json":{"title":"NitroKart - Pacchetto famiglia - OPLITE","robots":{"index":"index","follow":"follow","max-snippet":"max-snippet:-1","max-image-preview":"max-image-preview:large","max-video-preview":"max-video-preview:-1"},"canonical":"https:\/\/oplitegames.com\/it\/prodotto\/nitrokart-family-pack\/","og_locale":"it_IT","og_type":"article","og_title":"NitroKart - Pacchetto famiglia - OPLITE","og_description":"Il NitroKart \u00e8 il primo SimRacing Cockpit al mondo per bambini e adulti. Pu\u00f2 essere regolato in pochi secondi grazie alla sua estensione e al meccanismo di sgancio rapido. \u00c8 la soluzione ideale per la simulazione automobilistica familiare e sportiva (SimRacing) su console e PC. Nella versione \"Family Pack\", il NitroKart viene fornito con un riduttore di sedile, noto anche come \"Surbaquet\". Realizzato in elastomero ad alta densit\u00e0 (gomma), il riduttore consente una regolazione adatta alle piccole dimensioni del corpo. Grazie al riduttore, il bambino ha un angolo di visuale adatto alle sue dimensioni e pu\u00f2 godere di un'esperienza di gioco ottimale.","og_url":"https:\/\/oplitegames.com\/it\/prodotto\/nitrokart-family-pack\/","og_site_name":"OPLITE","article_modified_time":"2025-12-03T11:01:43+00:00","og_image":[{"width":1000,"height":1000,"url":"https:\/\/oplitegames.com\/wp-content\/uploads\/Nitrokart_Family-Pack_OP-NK77-FP_Picture_1-1-e1671725142658-copie.png","type":"image\/png"}],"twitter_card":"summary_large_image","twitter_misc":{"Price":"199,90&nbsp;&euro;","Availability":"Out of stock"},"schema":{"@context":"https:\/\/schema.org","@graph":[{"@type":["WebPage","ItemPage"],"@id":"https:\/\/oplitegames.com\/it\/prodotto\/nitrokart-family-pack\/","url":"https:\/\/oplitegames.com\/it\/prodotto\/nitrokart-family-pack\/","name":"NitroKart - Pacchetto famiglia - OPLITE","isPartOf":{"@id":"https:\/\/oplitegames.com\/#website"},"primaryImageOfPage":{"@id":"https:\/\/oplitegames.com\/it\/prodotto\/nitrokart-family-pack\/#primaryimage"},"image":{"@id":"https:\/\/oplitegames.com\/it\/prodotto\/nitrokart-family-pack\/#primaryimage"},"thumbnailUrl":"https:\/\/oplitegames-preprod.ezratis.fr\/wp-content\/uploads\/Nitrokart_Family-Pack_OP-NK77-FP_Picture_1-1-e1671725142658-copie.png","datePublished":"2022-10-27T13:03:31+00:00","dateModified":"2025-12-03T11:01:43+00:00","breadcrumb":{"@id":"https:\/\/oplitegames.com\/it\/prodotto\/nitrokart-family-pack\/#breadcrumb"},"inLanguage":"it-IT","potentialAction":[{"@type":"ReadAction","target":["https:\/\/oplitegames.com\/it\/prodotto\/nitrokart-family-pack\/"]}]},{"@type":"ImageObject","inLanguage":"it-IT","@id":"https:\/\/oplitegames.com\/it\/prodotto\/nitrokart-family-pack\/#primaryimage","url":"https:\/\/oplitegames-preprod.ezratis.fr\/wp-content\/uploads\/Nitrokart_Family-Pack_OP-NK77-FP_Picture_1-1-e1671725142658-copie.png","contentUrl":"https:\/\/oplitegames-preprod.ezratis.fr\/wp-content\/uploads\/Nitrokart_Family-Pack_OP-NK77-FP_Picture_1-1-e1671725142658-copie.png","width":1000,"height":1000},{"@type":"BreadcrumbList","@id":"https:\/\/oplitegames.com\/it\/prodotto\/nitrokart-family-pack\/#breadcrumb","itemListElement":[{"@type":"ListItem","position":1,"name":"Home","item":"https:\/\/oplitegames.com\/it\/oplite-gaming\/"},{"@type":"ListItem","position":2,"name":"Negozio","item":"https:\/\/oplitegames.com\/it\/negozio\/"},{"@type":"ListItem","position":3,"name":"NitroKart &#8211; Pacchetto famiglia"}]},{"@type":"WebSite","@id":"https:\/\/oplitegames.com\/#website","url":"https:\/\/oplitegames.com\/","name":"OPLITE","description":"","publisher":{"@id":"https:\/\/oplitegames.com\/#organization"},"potentialAction":[{"@type":"SearchAction","target":{"@type":"EntryPoint","urlTemplate":"https:\/\/oplitegames.com\/?s={search_term_string}"},"query-input":{"@type":"PropertyValueSpecification","valueRequired":true,"valueName":"search_term_string"}}],"inLanguage":"it-IT"},{"@type":"Organization","@id":"https:\/\/oplitegames.com\/#organization","name":"OPLITE","url":"https:\/\/oplitegames.com\/","logo":{"@type":"ImageObject","inLanguage":"it-IT","@id":"https:\/\/oplitegames.com\/#\/schema\/logo\/image\/","url":"https:\/\/oplitegames-preprod.ezratis.fr\/wp-content\/uploads\/cropped-cropped-Oplite-Blanc-casse-002-scaled-1.png","contentUrl":"https:\/\/oplitegames-preprod.ezratis.fr\/wp-content\/uploads\/cropped-cropped-Oplite-Blanc-casse-002-scaled-1.png","width":2509,"height":597,"caption":"OPLITE"},"image":{"@id":"https:\/\/oplitegames.com\/#\/schema\/logo\/image\/"}}]},"product_price_amount":"199.90","product_price_currency":"EUR","og_availability":"out of stock","product_availability":"out of stock","product_retailer_item_id":"93543","product_condition":"new"},"_links":{"self":[{"href":"https:\/\/oplitegames-preprod.ezratis.fr\/it\/wp-json\/wp\/v2\/product\/29478","targetHints":{"allow":["GET"]}}],"collection":[{"href":"https:\/\/oplitegames-preprod.ezratis.fr\/it\/wp-json\/wp\/v2\/product"}],"about":[{"href":"https:\/\/oplitegames-preprod.ezratis.fr\/it\/wp-json\/wp\/v2\/types\/product"}],"version-history":[{"count":6,"href":"https:\/\/oplitegames-preprod.ezratis.fr\/it\/wp-json\/wp\/v2\/product\/29478\/revisions"}],"predecessor-version":[{"id":31665,"href":"https:\/\/oplitegames-preprod.ezratis.fr\/it\/wp-json\/wp\/v2\/product\/29478\/revisions\/31665"}],"wp:featuredmedia":[{"embeddable":true,"href":"https:\/\/oplitegames-preprod.ezratis.fr\/it\/wp-json\/wp\/v2\/media\/36556"}],"wp:attachment":[{"href":"https:\/\/oplitegames-preprod.ezratis.fr\/it\/wp-json\/wp\/v2\/media?parent=29478"}],"wp:term":[{"taxonomy":"product_brand","embeddable":true,"href":"https:\/\/oplitegames-preprod.ezratis.fr\/it\/wp-json\/wp\/v2\/product_brand?post=29478"},{"taxonomy":"product_cat","embeddable":true,"href":"https:\/\/oplitegames-preprod.ezratis.fr\/it\/wp-json\/wp\/v2\/product_cat?post=29478"},{"taxonomy":"product_tag","embeddable":true,"href":"https:\/\/oplitegames-preprod.ezratis.fr\/it\/wp-json\/wp\/v2\/product_tag?post=29478"}],"curies":[{"name":"wp","href":"https:\/\/api.w.org\/{rel}","templated":true}]}}