{"id":29481,"date":"2022-10-27T15:03:32","date_gmt":"2022-10-27T13:03:32","guid":{"rendered":"https:\/\/oplitegames.com\/product\/nitrokart-chassis\/"},"modified":"2025-12-14T14:56:04","modified_gmt":"2025-12-14T13:56:04","slug":"nitrokart-chassis","status":"publish","type":"product","link":"https:\/\/oplitegames-preprod.ezratis.fr\/it\/prodotto\/nitrokart-chassis\/","title":{"rendered":"NitroKart &#8211; Telaio"},"content":{"rendered":"<p>Il telaio NitroKart \u00e8 progettato per un uso intensivo grazie a materiali di qualit\u00e0 provenienti da vere competizioni di karting. Offre una rigidit\u00e0 esemplare che consente l&#8217;uso di un volante Direct Drive e di una combinazione di pedali LoadCell.<\/p>\n<p>Compatibile al 100% con i volanti e i pedali Thrustmaster\u00ae, Logitech\u00ae, Fanatec\u00ae e Hori\u00ae, il NitroKart\u00ae accompagner\u00e0 tutta la famiglia nell&#8217;apprendimento della guida sportiva, consentendo l&#8217;uso di volanti e pedali per piloti principianti, avanzati e professionisti.<\/p>\n<hr \/>\n<p>&nbsp;<\/p>\n<p style=\"text-align: center;\"><strong>Descrizione Tecnica\/ Angoli di inclinazione<\/strong><\/p>\n<p>Tubo esterno 1,5 mm di spessore in acciaio al carbonio, nero opaco<br \/>\nTubo interno dell&#8217;acciaio cromato di 35mm di spessore di 2mm<br \/>\nMeccanismo di estensione telescopica da 1m a 1,580m senza attrezzi<br \/>\nFascette e ghiere &#8221;Quick Clamp-Release System&#8217;<br \/>\nSupporto guarnitura di 2,5mm di spessore &#8211; 4 angoli di inclinazione 0&#8243;\/+10 \u00bf\/+14 \u00bf\/+18 \u00bf. utilizzabile in posizione invertita per le guarniture Heusinkveld, Venym, Simtag.<br \/>\nSupporto a vasca di 3mm di spessore che offre 3 posizioni di inclinazione 0 I\/+7 I\/+14 I;<br \/>\nSupporto volante da 2mm di spessore offre 5 posizioni di inclinazione -30 B.I.\/ -15 B.C.\/0 B.I.\/+15.B. e una regolazione dell&#8217;altezza su un range di 21 cm<br \/>\nL&#8217;asse tubolare consente anche un perno assiale (anteriore e posteriore) per una regolazione precisa della posizione del volante. (Profondit\u00e0)<\/p>\n<p><strong>Accessori forniti nella confezione:<\/strong><\/p>\n<ul>\n<li style=\"list-style-type: none;\">\n<ul>\n<li>8 piedini in gomma antiscivolo per una perfetta stabilit\u00e0<\/li>\n<li>1 pattino di gomma dedicato allo schienale del sedile baquet<\/li>\n<li>1 Kit di 4 guide per cavi<\/li>\n<li>1 set di viti per volante e pedaliera M6x20<\/li>\n<li>1 set di viti per guarnitura Hori \u017d<\/li>\n<li>8 viti M6x20 per il fissaggio di volanti e pedali<\/li>\n<\/ul>\n<\/li>\n<\/ul>\n<p>&nbsp;<\/p>\n<p><img fetchpriority=\"high\" decoding=\"async\" class=\"aligncenter wp-image-29605 size-full\" src=\"https:\/\/oplitegames-preprod.ezratis.fr\/wp-content\/uploads\/3-6-1-1.png\" alt=\"\" width=\"1080\" height=\"720\" srcset=\"https:\/\/oplitegames-preprod.ezratis.fr\/wp-content\/uploads\/3-6-1-1.png 1080w, https:\/\/oplitegames-preprod.ezratis.fr\/wp-content\/uploads\/3-6-1-1-300x200.png 300w, https:\/\/oplitegames-preprod.ezratis.fr\/wp-content\/uploads\/3-6-1-1-1024x683.png 1024w, https:\/\/oplitegames-preprod.ezratis.fr\/wp-content\/uploads\/3-6-1-1-768x512.png 768w, https:\/\/oplitegames-preprod.ezratis.fr\/wp-content\/uploads\/3-6-1-1-120x80.png 120w, https:\/\/oplitegames-preprod.ezratis.fr\/wp-content\/uploads\/3-6-1-1-800x533.png 800w, https:\/\/oplitegames-preprod.ezratis.fr\/wp-content\/uploads\/3-6-1-1-64x43.png 64w\" sizes=\"(max-width: 1080px) 100vw, 1080px\" \/><\/p>\n","protected":false},"excerpt":{"rendered":"<p>NitroKart &#8211; un telaio Simracing rivoluzionario, il NitroKart consente di utilizzare i sedili a fondo piatto dei kart da competizione. Il NitroKart \u00e8 il primo SimRacing Cockpit al mondo per bambini e adulti. Pu\u00f2 essere regolato in pochi secondi grazie alla sua estensione e al meccanismo di sgancio rapido. \u00c8 la soluzione ideale per la simulazione automobilistica familiare e sportiva (SimRacing) su console di gioco e PC.<\/p>\n[embed]https:\/\/www.youtube.com\/watch?v=NawNq8mHG0M[\/embed]\n","protected":false},"featured_media":36566,"template":"","meta":{"_acf_changed":false,"footnotes":""},"product_brand":[],"product_cat":[736,730],"product_tag":[758],"class_list":{"0":"post-29481","1":"product","2":"type-product","3":"status-publish","4":"has-post-thumbnail","6":"product_cat-cockpit-nitrokart-it","7":"product_cat-simulatori","8":"product_tag-oplite-gaming-it","9":"pa_colisage-pcb-1-it","11":"first","12":"outofstock","13":"taxable","14":"shipping-taxable","15":"purchasable","16":"product-type-simple"},"bundled_by":[],"bundle_stock_status":"outofstock","bundle_stock_quantity":0,"bundle_virtual":false,"bundle_layout":"","bundle_add_to_cart_form_location":"","bundle_editable_in_cart":false,"bundle_sold_individually_context":"","bundle_item_grouping":"","bundle_min_size":"","bundle_max_size":"","bundle_price":[],"bundled_items":[],"bundle_sell_ids":[],"acf":[],"yoast_head":"<!-- This site is optimized with the Yoast SEO plugin v27.3 - https:\/\/yoast.com\/product\/yoast-seo-wordpress\/ -->\n<title>NitroKart - Telaio - OPLITE<\/title>\n<meta name=\"robots\" content=\"index, follow, max-snippet:-1, max-image-preview:large, max-video-preview:-1\" \/>\n<link rel=\"canonical\" href=\"https:\/\/oplitegames.com\/it\/prodotto\/nitrokart-chassis\/\" \/>\n<meta property=\"og:locale\" content=\"it_IT\" \/>\n<meta property=\"og:type\" content=\"article\" \/>\n<meta property=\"og:title\" content=\"NitroKart - Telaio - OPLITE\" \/>\n<meta property=\"og:description\" content=\"NitroKart - un telaio Simracing rivoluzionario, il NitroKart consente di utilizzare i sedili a fondo piatto dei kart da competizione. Il NitroKart \u00e8 il primo SimRacing Cockpit al mondo per bambini e adulti. Pu\u00f2 essere regolato in pochi secondi grazie alla sua estensione e al meccanismo di sgancio rapido. \u00c8 la soluzione ideale per la simulazione automobilistica familiare e sportiva (SimRacing) su console di gioco e PC.\" \/>\n<meta property=\"og:url\" content=\"https:\/\/oplitegames.com\/it\/prodotto\/nitrokart-chassis\/\" \/>\n<meta property=\"og:site_name\" content=\"OPLITE\" \/>\n<meta property=\"article:modified_time\" content=\"2025-12-14T13:56:04+00:00\" \/>\n<meta property=\"og:image\" content=\"https:\/\/oplitegames.com\/wp-content\/uploads\/NitroKart-Chassis-OP-NK77-CH-CHASSIS-SEUL_Picture_1-2-1-copie.png\" \/>\n\t<meta property=\"og:image:width\" content=\"1000\" \/>\n\t<meta property=\"og:image:height\" content=\"1000\" \/>\n\t<meta property=\"og:image:type\" content=\"image\/png\" \/>\n<meta name=\"twitter:card\" content=\"summary_large_image\" \/>\n<meta name=\"twitter:label1\" content=\"Price\" \/>\n\t<meta name=\"twitter:data1\" content=\"99,90&nbsp;&euro;\" \/>\n\t<meta name=\"twitter:label2\" content=\"Availability\" \/>\n\t<meta name=\"twitter:data2\" content=\"Out of stock\" \/>\n<script type=\"application\/ld+json\" class=\"yoast-schema-graph\">{\"@context\":\"https:\\\/\\\/schema.org\",\"@graph\":[{\"@type\":[\"WebPage\",\"ItemPage\"],\"@id\":\"https:\\\/\\\/oplitegames.com\\\/it\\\/prodotto\\\/nitrokart-chassis\\\/\",\"url\":\"https:\\\/\\\/oplitegames.com\\\/it\\\/prodotto\\\/nitrokart-chassis\\\/\",\"name\":\"NitroKart - Telaio - OPLITE\",\"isPartOf\":{\"@id\":\"https:\\\/\\\/oplitegames.com\\\/#website\"},\"primaryImageOfPage\":{\"@id\":\"https:\\\/\\\/oplitegames.com\\\/it\\\/prodotto\\\/nitrokart-chassis\\\/#primaryimage\"},\"image\":{\"@id\":\"https:\\\/\\\/oplitegames.com\\\/it\\\/prodotto\\\/nitrokart-chassis\\\/#primaryimage\"},\"thumbnailUrl\":\"https:\\\/\\\/oplitegames-preprod.ezratis.fr\\\/wp-content\\\/uploads\\\/NitroKart-Chassis-OP-NK77-CH-CHASSIS-SEUL_Picture_1-2-1-copie.png\",\"datePublished\":\"2022-10-27T13:03:32+00:00\",\"dateModified\":\"2025-12-14T13:56:04+00:00\",\"breadcrumb\":{\"@id\":\"https:\\\/\\\/oplitegames.com\\\/it\\\/prodotto\\\/nitrokart-chassis\\\/#breadcrumb\"},\"inLanguage\":\"it-IT\",\"potentialAction\":[{\"@type\":\"ReadAction\",\"target\":[\"https:\\\/\\\/oplitegames.com\\\/it\\\/prodotto\\\/nitrokart-chassis\\\/\"]}]},{\"@type\":\"ImageObject\",\"inLanguage\":\"it-IT\",\"@id\":\"https:\\\/\\\/oplitegames.com\\\/it\\\/prodotto\\\/nitrokart-chassis\\\/#primaryimage\",\"url\":\"https:\\\/\\\/oplitegames-preprod.ezratis.fr\\\/wp-content\\\/uploads\\\/NitroKart-Chassis-OP-NK77-CH-CHASSIS-SEUL_Picture_1-2-1-copie.png\",\"contentUrl\":\"https:\\\/\\\/oplitegames-preprod.ezratis.fr\\\/wp-content\\\/uploads\\\/NitroKart-Chassis-OP-NK77-CH-CHASSIS-SEUL_Picture_1-2-1-copie.png\",\"width\":1000,\"height\":1000},{\"@type\":\"BreadcrumbList\",\"@id\":\"https:\\\/\\\/oplitegames.com\\\/it\\\/prodotto\\\/nitrokart-chassis\\\/#breadcrumb\",\"itemListElement\":[{\"@type\":\"ListItem\",\"position\":1,\"name\":\"Home\",\"item\":\"https:\\\/\\\/oplitegames.com\\\/it\\\/oplite-gaming\\\/\"},{\"@type\":\"ListItem\",\"position\":2,\"name\":\"Negozio\",\"item\":\"https:\\\/\\\/oplitegames.com\\\/it\\\/negozio\\\/\"},{\"@type\":\"ListItem\",\"position\":3,\"name\":\"NitroKart &#8211; Telaio\"}]},{\"@type\":\"WebSite\",\"@id\":\"https:\\\/\\\/oplitegames.com\\\/#website\",\"url\":\"https:\\\/\\\/oplitegames.com\\\/\",\"name\":\"OPLITE\",\"description\":\"\",\"publisher\":{\"@id\":\"https:\\\/\\\/oplitegames.com\\\/#organization\"},\"potentialAction\":[{\"@type\":\"SearchAction\",\"target\":{\"@type\":\"EntryPoint\",\"urlTemplate\":\"https:\\\/\\\/oplitegames.com\\\/?s={search_term_string}\"},\"query-input\":{\"@type\":\"PropertyValueSpecification\",\"valueRequired\":true,\"valueName\":\"search_term_string\"}}],\"inLanguage\":\"it-IT\"},{\"@type\":\"Organization\",\"@id\":\"https:\\\/\\\/oplitegames.com\\\/#organization\",\"name\":\"OPLITE\",\"url\":\"https:\\\/\\\/oplitegames.com\\\/\",\"logo\":{\"@type\":\"ImageObject\",\"inLanguage\":\"it-IT\",\"@id\":\"https:\\\/\\\/oplitegames.com\\\/#\\\/schema\\\/logo\\\/image\\\/\",\"url\":\"https:\\\/\\\/oplitegames-preprod.ezratis.fr\\\/wp-content\\\/uploads\\\/cropped-cropped-Oplite-Blanc-casse-002-scaled-1.png\",\"contentUrl\":\"https:\\\/\\\/oplitegames-preprod.ezratis.fr\\\/wp-content\\\/uploads\\\/cropped-cropped-Oplite-Blanc-casse-002-scaled-1.png\",\"width\":2509,\"height\":597,\"caption\":\"OPLITE\"},\"image\":{\"@id\":\"https:\\\/\\\/oplitegames.com\\\/#\\\/schema\\\/logo\\\/image\\\/\"}}]}<\/script>\n<meta property=\"product:price:amount\" content=\"99.90\" \/>\n<meta property=\"product:price:currency\" content=\"EUR\" \/>\n<meta property=\"og:availability\" content=\"out of stock\" \/>\n<meta property=\"product:availability\" content=\"out of stock\" \/>\n<meta property=\"product:retailer_item_id\" content=\"93544\" \/>\n<meta property=\"product:condition\" content=\"new\" \/>\n<!-- \/ Yoast SEO plugin. -->","yoast_head_json":{"title":"NitroKart - Telaio - OPLITE","robots":{"index":"index","follow":"follow","max-snippet":"max-snippet:-1","max-image-preview":"max-image-preview:large","max-video-preview":"max-video-preview:-1"},"canonical":"https:\/\/oplitegames.com\/it\/prodotto\/nitrokart-chassis\/","og_locale":"it_IT","og_type":"article","og_title":"NitroKart - Telaio - OPLITE","og_description":"NitroKart - un telaio Simracing rivoluzionario, il NitroKart consente di utilizzare i sedili a fondo piatto dei kart da competizione. Il NitroKart \u00e8 il primo SimRacing Cockpit al mondo per bambini e adulti. Pu\u00f2 essere regolato in pochi secondi grazie alla sua estensione e al meccanismo di sgancio rapido. \u00c8 la soluzione ideale per la simulazione automobilistica familiare e sportiva (SimRacing) su console di gioco e PC.","og_url":"https:\/\/oplitegames.com\/it\/prodotto\/nitrokart-chassis\/","og_site_name":"OPLITE","article_modified_time":"2025-12-14T13:56:04+00:00","og_image":[{"width":1000,"height":1000,"url":"https:\/\/oplitegames.com\/wp-content\/uploads\/NitroKart-Chassis-OP-NK77-CH-CHASSIS-SEUL_Picture_1-2-1-copie.png","type":"image\/png"}],"twitter_card":"summary_large_image","twitter_misc":{"Price":"99,90&nbsp;&euro;","Availability":"Out of stock"},"schema":{"@context":"https:\/\/schema.org","@graph":[{"@type":["WebPage","ItemPage"],"@id":"https:\/\/oplitegames.com\/it\/prodotto\/nitrokart-chassis\/","url":"https:\/\/oplitegames.com\/it\/prodotto\/nitrokart-chassis\/","name":"NitroKart - Telaio - OPLITE","isPartOf":{"@id":"https:\/\/oplitegames.com\/#website"},"primaryImageOfPage":{"@id":"https:\/\/oplitegames.com\/it\/prodotto\/nitrokart-chassis\/#primaryimage"},"image":{"@id":"https:\/\/oplitegames.com\/it\/prodotto\/nitrokart-chassis\/#primaryimage"},"thumbnailUrl":"https:\/\/oplitegames-preprod.ezratis.fr\/wp-content\/uploads\/NitroKart-Chassis-OP-NK77-CH-CHASSIS-SEUL_Picture_1-2-1-copie.png","datePublished":"2022-10-27T13:03:32+00:00","dateModified":"2025-12-14T13:56:04+00:00","breadcrumb":{"@id":"https:\/\/oplitegames.com\/it\/prodotto\/nitrokart-chassis\/#breadcrumb"},"inLanguage":"it-IT","potentialAction":[{"@type":"ReadAction","target":["https:\/\/oplitegames.com\/it\/prodotto\/nitrokart-chassis\/"]}]},{"@type":"ImageObject","inLanguage":"it-IT","@id":"https:\/\/oplitegames.com\/it\/prodotto\/nitrokart-chassis\/#primaryimage","url":"https:\/\/oplitegames-preprod.ezratis.fr\/wp-content\/uploads\/NitroKart-Chassis-OP-NK77-CH-CHASSIS-SEUL_Picture_1-2-1-copie.png","contentUrl":"https:\/\/oplitegames-preprod.ezratis.fr\/wp-content\/uploads\/NitroKart-Chassis-OP-NK77-CH-CHASSIS-SEUL_Picture_1-2-1-copie.png","width":1000,"height":1000},{"@type":"BreadcrumbList","@id":"https:\/\/oplitegames.com\/it\/prodotto\/nitrokart-chassis\/#breadcrumb","itemListElement":[{"@type":"ListItem","position":1,"name":"Home","item":"https:\/\/oplitegames.com\/it\/oplite-gaming\/"},{"@type":"ListItem","position":2,"name":"Negozio","item":"https:\/\/oplitegames.com\/it\/negozio\/"},{"@type":"ListItem","position":3,"name":"NitroKart &#8211; Telaio"}]},{"@type":"WebSite","@id":"https:\/\/oplitegames.com\/#website","url":"https:\/\/oplitegames.com\/","name":"OPLITE","description":"","publisher":{"@id":"https:\/\/oplitegames.com\/#organization"},"potentialAction":[{"@type":"SearchAction","target":{"@type":"EntryPoint","urlTemplate":"https:\/\/oplitegames.com\/?s={search_term_string}"},"query-input":{"@type":"PropertyValueSpecification","valueRequired":true,"valueName":"search_term_string"}}],"inLanguage":"it-IT"},{"@type":"Organization","@id":"https:\/\/oplitegames.com\/#organization","name":"OPLITE","url":"https:\/\/oplitegames.com\/","logo":{"@type":"ImageObject","inLanguage":"it-IT","@id":"https:\/\/oplitegames.com\/#\/schema\/logo\/image\/","url":"https:\/\/oplitegames-preprod.ezratis.fr\/wp-content\/uploads\/cropped-cropped-Oplite-Blanc-casse-002-scaled-1.png","contentUrl":"https:\/\/oplitegames-preprod.ezratis.fr\/wp-content\/uploads\/cropped-cropped-Oplite-Blanc-casse-002-scaled-1.png","width":2509,"height":597,"caption":"OPLITE"},"image":{"@id":"https:\/\/oplitegames.com\/#\/schema\/logo\/image\/"}}]},"product_price_amount":"99.90","product_price_currency":"EUR","og_availability":"out of stock","product_availability":"out of stock","product_retailer_item_id":"93544","product_condition":"new"},"_links":{"self":[{"href":"https:\/\/oplitegames-preprod.ezratis.fr\/it\/wp-json\/wp\/v2\/product\/29481","targetHints":{"allow":["GET"]}}],"collection":[{"href":"https:\/\/oplitegames-preprod.ezratis.fr\/it\/wp-json\/wp\/v2\/product"}],"about":[{"href":"https:\/\/oplitegames-preprod.ezratis.fr\/it\/wp-json\/wp\/v2\/types\/product"}],"version-history":[{"count":5,"href":"https:\/\/oplitegames-preprod.ezratis.fr\/it\/wp-json\/wp\/v2\/product\/29481\/revisions"}],"predecessor-version":[{"id":36576,"href":"https:\/\/oplitegames-preprod.ezratis.fr\/it\/wp-json\/wp\/v2\/product\/29481\/revisions\/36576"}],"wp:featuredmedia":[{"embeddable":true,"href":"https:\/\/oplitegames-preprod.ezratis.fr\/it\/wp-json\/wp\/v2\/media\/36566"}],"wp:attachment":[{"href":"https:\/\/oplitegames-preprod.ezratis.fr\/it\/wp-json\/wp\/v2\/media?parent=29481"}],"wp:term":[{"taxonomy":"product_brand","embeddable":true,"href":"https:\/\/oplitegames-preprod.ezratis.fr\/it\/wp-json\/wp\/v2\/product_brand?post=29481"},{"taxonomy":"product_cat","embeddable":true,"href":"https:\/\/oplitegames-preprod.ezratis.fr\/it\/wp-json\/wp\/v2\/product_cat?post=29481"},{"taxonomy":"product_tag","embeddable":true,"href":"https:\/\/oplitegames-preprod.ezratis.fr\/it\/wp-json\/wp\/v2\/product_tag?post=29481"}],"curies":[{"name":"wp","href":"https:\/\/api.w.org\/{rel}","templated":true}]}}