{"id":29500,"date":"2022-11-29T15:18:01","date_gmt":"2022-11-29T14:18:01","guid":{"rendered":"https:\/\/oplitegames.com\/product\/oplite-gtr-s3-simrace-flightsim-holder\/"},"modified":"2026-01-20T10:44:04","modified_gmt":"2026-01-20T09:44:04","slug":"oplite-gtr-s3-simrace-flightsim-holder","status":"publish","type":"product","link":"https:\/\/oplitegames-preprod.ezratis.fr\/it\/prodotto\/oplite-gtr-s3-simrace-flightsim-holder\/","title":{"rendered":"Simracing &amp; Flightsim Holder"},"content":{"rendered":"<p>Il supporto per Simrace e FlightSim \u00e8 progettato per gli appassionati di simulazione pi\u00f9 esigenti.<br \/>\nIl supporto per Simrace e FlightSim \u00e8 stato progettato per gli appassionati di simulazione pi\u00f9 esigenti. Questo supporto \u00e8 stato progettato per contenere le periferiche di simulazione di auto e di volo: cambio, freno a mano, acceleratore e joystick.<br \/>\nProgettato per essere posizionato sul kit OPLITE Full Force (OP-GTR-BBT), offre una regolazione precisa su 3 assi, tra cui l&#8217;altezza e la profondit\u00e0, ottimizzando cos\u00ec l&#8217;ergonomia complessiva dell&#8217;installazione in base alla propria morfologia.<br \/>\nRealizzato al 100% in acciaio al carbonio, la sua rigidit\u00e0 gli permette di resistere a movimenti improvvisi e ripetitivi, mantenendo una grande stabilit\u00e0.<br \/>\nLa combinazione di un gran numero di punti di fissaggio (fori tondi e oblunghi) garantisce la totale compatibilit\u00e0 con la maggior parte delle periferiche disponibili sul mercato.<\/p>\n<hr \/>\n<p><strong><u>Compatibilit\u00e0 accessori Simracing*:<\/u><\/strong><\/p>\n<p>Supporto 100% Compatibile con i cambi e i freni a mano dei marchi Thrustmaster, Logitech I, Fanatec I, Simagic I. e MOZA\u00ae<\/p>\n<p><strong><u>Compatibilit\u00e0 accessori Flightsim*:<\/u><\/strong><\/p>\n<p>Supporto 100% Compatibile con i dispositivi Thrustmaster mentre. HOTAS Warthog, T.16000M FCS Hotas, TCA Airbus Edition, TWCS<br \/>\nSupporto 100% Compatibile con dispositivi Logitech\/ Saitek X52, X52 Pro, X55, X56, G Saitek Pro Flight Yoke<\/p>\n<p><strong><u>Dati tecnici:<\/u><\/strong><\/p>\n<p>Piastra in acciaio al carbonio in 3mm di spessore<br \/>\nPittura: Nero Opaco, alta resistenza<br \/>\nAltezza: 95 mm, Larghezza 214 mm, Profondit\u00e0 400mm<\/p>\n<p><strong><u>Contenuto della scatola: <\/u><\/strong><\/p>\n<ul>\n<li style=\"list-style-type: none\">\n<ul>\n<li>SimRace &amp; FlightSim Holder<\/li>\n<li>Kit Viti per fissaggio su OP-GTR-BBT<\/li>\n<\/ul>\n<\/li>\n<\/ul>\n<p><strong><u>Compatibilit\u00e0 del prodotto OPLITE:<\/u><\/strong><\/p>\n<ul>\n<li style=\"list-style-type: none\">\n<ul>\n<li>OPLITE Full Force KIT (OP-GTR-BBT)<\/li>\n<li>Qualsiasi generazione di cockpit OPLITE GTR-S3 e GTR-S8<\/li>\n<\/ul>\n<\/li>\n<\/ul>\n<p><small>*Per garantire la massima compatibilit\u00e0 con alcuni dispositivi, potrebbero essere necessari piccoli adattamenti. Nessuna preoccupazione: la qualit\u00e0 e la garanzia del prodotto non ne risentono.<\/small><\/p>\n<p><img fetchpriority=\"high\" decoding=\"async\" class=\"aligncenter wp-image-29629 size-full\" src=\"https:\/\/oplitegames-preprod.ezratis.fr\/wp-content\/uploads\/OP-GTR-FSH_ST_06-2.png\" alt=\"\" width=\"1000\" height=\"1000\" srcset=\"https:\/\/oplitegames-preprod.ezratis.fr\/wp-content\/uploads\/OP-GTR-FSH_ST_06-2.png 1000w, https:\/\/oplitegames-preprod.ezratis.fr\/wp-content\/uploads\/OP-GTR-FSH_ST_06-2-300x300.png 300w, https:\/\/oplitegames-preprod.ezratis.fr\/wp-content\/uploads\/OP-GTR-FSH_ST_06-2-150x150.png 150w, https:\/\/oplitegames-preprod.ezratis.fr\/wp-content\/uploads\/OP-GTR-FSH_ST_06-2-768x768.png 768w, https:\/\/oplitegames-preprod.ezratis.fr\/wp-content\/uploads\/OP-GTR-FSH_ST_06-2-450x450.png 450w, https:\/\/oplitegames-preprod.ezratis.fr\/wp-content\/uploads\/OP-GTR-FSH_ST_06-2-120x120.png 120w, https:\/\/oplitegames-preprod.ezratis.fr\/wp-content\/uploads\/OP-GTR-FSH_ST_06-2-800x800.png 800w, https:\/\/oplitegames-preprod.ezratis.fr\/wp-content\/uploads\/OP-GTR-FSH_ST_06-2-64x64.png 64w\" sizes=\"(max-width: 1000px) 100vw, 1000px\" \/><\/p>\n","protected":false},"excerpt":{"rendered":"<p>Il supporto per Simrace e FlightSim \u00e8 progettato per gli appassionati di simulazione pi\u00f9 esigenti.<br \/>\nQuesto supporto consente di contenere le periferiche dedicate alle simulazioni di auto e di volo: cambio, freno a mano, acceleratore e joystick.<\/p>\n","protected":false},"featured_media":28430,"template":"","meta":{"_acf_changed":false,"footnotes":""},"product_brand":[],"product_cat":[741,763,730],"product_tag":[758],"class_list":{"0":"post-29500","1":"product","2":"type-product","3":"status-publish","4":"has-post-thumbnail","6":"product_cat-abitacolo-gtr-s3","7":"product_cat-abitacolo-gtr-s8-infinity-it","8":"product_cat-simulatori","9":"product_tag-oplite-gaming-it","10":"pa_colisage-pcb-827","11":"pa_colisage-pcb-4-it","13":"first","14":"outofstock","15":"taxable","16":"shipping-taxable","17":"purchasable","18":"product-type-simple"},"bundled_by":[],"bundle_stock_status":"outofstock","bundle_stock_quantity":0,"bundle_virtual":false,"bundle_layout":"","bundle_add_to_cart_form_location":"","bundle_editable_in_cart":false,"bundle_sold_individually_context":"","bundle_item_grouping":"","bundle_min_size":"","bundle_max_size":"","bundle_price":[],"bundled_items":[],"bundle_sell_ids":[],"acf":[],"yoast_head":"<!-- This site is optimized with the Yoast SEO plugin v27.3 - https:\/\/yoast.com\/product\/yoast-seo-wordpress\/ -->\n<title>Simracing &amp; Flightsim Holder - OPLITE<\/title>\n<meta name=\"robots\" content=\"index, follow, max-snippet:-1, max-image-preview:large, max-video-preview:-1\" \/>\n<link rel=\"canonical\" href=\"https:\/\/oplitegames.com\/it\/prodotto\/oplite-gtr-s3-simrace-flightsim-holder\/\" \/>\n<meta property=\"og:locale\" content=\"it_IT\" \/>\n<meta property=\"og:type\" content=\"article\" \/>\n<meta property=\"og:title\" content=\"Simracing &amp; Flightsim Holder - OPLITE\" \/>\n<meta property=\"og:description\" content=\"Il supporto per Simrace e FlightSim \u00e8 progettato per gli appassionati di simulazione pi\u00f9 esigenti. Questo supporto consente di contenere le periferiche dedicate alle simulazioni di auto e di volo: cambio, freno a mano, acceleratore e joystick.\" \/>\n<meta property=\"og:url\" content=\"https:\/\/oplitegames.com\/it\/prodotto\/oplite-gtr-s3-simrace-flightsim-holder\/\" \/>\n<meta property=\"og:site_name\" content=\"OPLITE\" \/>\n<meta property=\"article:modified_time\" content=\"2026-01-20T09:44:04+00:00\" \/>\n<meta property=\"og:image\" content=\"https:\/\/oplitegames.com\/wp-content\/uploads\/OP-GTR-FSH_ST_03-1.png\" \/>\n\t<meta property=\"og:image:width\" content=\"1000\" \/>\n\t<meta property=\"og:image:height\" content=\"1000\" \/>\n\t<meta property=\"og:image:type\" content=\"image\/png\" \/>\n<meta name=\"twitter:card\" content=\"summary_large_image\" \/>\n<meta name=\"twitter:label1\" content=\"Price\" \/>\n\t<meta name=\"twitter:data1\" content=\"99,90&nbsp;&euro;\" \/>\n\t<meta name=\"twitter:label2\" content=\"Availability\" \/>\n\t<meta name=\"twitter:data2\" content=\"Out of stock\" \/>\n<script type=\"application\/ld+json\" class=\"yoast-schema-graph\">{\"@context\":\"https:\\\/\\\/schema.org\",\"@graph\":[{\"@type\":[\"WebPage\",\"ItemPage\"],\"@id\":\"https:\\\/\\\/oplitegames.com\\\/it\\\/prodotto\\\/oplite-gtr-s3-simrace-flightsim-holder\\\/\",\"url\":\"https:\\\/\\\/oplitegames.com\\\/it\\\/prodotto\\\/oplite-gtr-s3-simrace-flightsim-holder\\\/\",\"name\":\"Simracing &amp; Flightsim Holder - OPLITE\",\"isPartOf\":{\"@id\":\"https:\\\/\\\/oplitegames.com\\\/#website\"},\"primaryImageOfPage\":{\"@id\":\"https:\\\/\\\/oplitegames.com\\\/it\\\/prodotto\\\/oplite-gtr-s3-simrace-flightsim-holder\\\/#primaryimage\"},\"image\":{\"@id\":\"https:\\\/\\\/oplitegames.com\\\/it\\\/prodotto\\\/oplite-gtr-s3-simrace-flightsim-holder\\\/#primaryimage\"},\"thumbnailUrl\":\"https:\\\/\\\/oplitegames-preprod.ezratis.fr\\\/wp-content\\\/uploads\\\/OP-GTR-FSH_ST_03-1.png\",\"datePublished\":\"2022-11-29T14:18:01+00:00\",\"dateModified\":\"2026-01-20T09:44:04+00:00\",\"breadcrumb\":{\"@id\":\"https:\\\/\\\/oplitegames.com\\\/it\\\/prodotto\\\/oplite-gtr-s3-simrace-flightsim-holder\\\/#breadcrumb\"},\"inLanguage\":\"it-IT\",\"potentialAction\":[{\"@type\":\"ReadAction\",\"target\":[\"https:\\\/\\\/oplitegames.com\\\/it\\\/prodotto\\\/oplite-gtr-s3-simrace-flightsim-holder\\\/\"]}]},{\"@type\":\"ImageObject\",\"inLanguage\":\"it-IT\",\"@id\":\"https:\\\/\\\/oplitegames.com\\\/it\\\/prodotto\\\/oplite-gtr-s3-simrace-flightsim-holder\\\/#primaryimage\",\"url\":\"https:\\\/\\\/oplitegames-preprod.ezratis.fr\\\/wp-content\\\/uploads\\\/OP-GTR-FSH_ST_03-1.png\",\"contentUrl\":\"https:\\\/\\\/oplitegames-preprod.ezratis.fr\\\/wp-content\\\/uploads\\\/OP-GTR-FSH_ST_03-1.png\",\"width\":1000,\"height\":1000},{\"@type\":\"BreadcrumbList\",\"@id\":\"https:\\\/\\\/oplitegames.com\\\/it\\\/prodotto\\\/oplite-gtr-s3-simrace-flightsim-holder\\\/#breadcrumb\",\"itemListElement\":[{\"@type\":\"ListItem\",\"position\":1,\"name\":\"Home\",\"item\":\"https:\\\/\\\/oplitegames.com\\\/it\\\/oplite-gaming\\\/\"},{\"@type\":\"ListItem\",\"position\":2,\"name\":\"Negozio\",\"item\":\"https:\\\/\\\/oplitegames.com\\\/it\\\/negozio\\\/\"},{\"@type\":\"ListItem\",\"position\":3,\"name\":\"Simracing &amp; Flightsim Holder\"}]},{\"@type\":\"WebSite\",\"@id\":\"https:\\\/\\\/oplitegames.com\\\/#website\",\"url\":\"https:\\\/\\\/oplitegames.com\\\/\",\"name\":\"OPLITE\",\"description\":\"\",\"publisher\":{\"@id\":\"https:\\\/\\\/oplitegames.com\\\/#organization\"},\"potentialAction\":[{\"@type\":\"SearchAction\",\"target\":{\"@type\":\"EntryPoint\",\"urlTemplate\":\"https:\\\/\\\/oplitegames.com\\\/?s={search_term_string}\"},\"query-input\":{\"@type\":\"PropertyValueSpecification\",\"valueRequired\":true,\"valueName\":\"search_term_string\"}}],\"inLanguage\":\"it-IT\"},{\"@type\":\"Organization\",\"@id\":\"https:\\\/\\\/oplitegames.com\\\/#organization\",\"name\":\"OPLITE\",\"url\":\"https:\\\/\\\/oplitegames.com\\\/\",\"logo\":{\"@type\":\"ImageObject\",\"inLanguage\":\"it-IT\",\"@id\":\"https:\\\/\\\/oplitegames.com\\\/#\\\/schema\\\/logo\\\/image\\\/\",\"url\":\"https:\\\/\\\/oplitegames-preprod.ezratis.fr\\\/wp-content\\\/uploads\\\/cropped-cropped-Oplite-Blanc-casse-002-scaled-1.png\",\"contentUrl\":\"https:\\\/\\\/oplitegames-preprod.ezratis.fr\\\/wp-content\\\/uploads\\\/cropped-cropped-Oplite-Blanc-casse-002-scaled-1.png\",\"width\":2509,\"height\":597,\"caption\":\"OPLITE\"},\"image\":{\"@id\":\"https:\\\/\\\/oplitegames.com\\\/#\\\/schema\\\/logo\\\/image\\\/\"}}]}<\/script>\n<meta property=\"product:price:amount\" content=\"99.90\" \/>\n<meta property=\"product:price:currency\" content=\"EUR\" \/>\n<meta property=\"og:availability\" content=\"out of stock\" \/>\n<meta property=\"product:availability\" content=\"out of stock\" \/>\n<meta property=\"product:retailer_item_id\" content=\"95625\" \/>\n<meta property=\"product:condition\" content=\"new\" \/>\n<!-- \/ Yoast SEO plugin. -->","yoast_head_json":{"title":"Simracing &amp; Flightsim Holder - OPLITE","robots":{"index":"index","follow":"follow","max-snippet":"max-snippet:-1","max-image-preview":"max-image-preview:large","max-video-preview":"max-video-preview:-1"},"canonical":"https:\/\/oplitegames.com\/it\/prodotto\/oplite-gtr-s3-simrace-flightsim-holder\/","og_locale":"it_IT","og_type":"article","og_title":"Simracing &amp; Flightsim Holder - OPLITE","og_description":"Il supporto per Simrace e FlightSim \u00e8 progettato per gli appassionati di simulazione pi\u00f9 esigenti. Questo supporto consente di contenere le periferiche dedicate alle simulazioni di auto e di volo: cambio, freno a mano, acceleratore e joystick.","og_url":"https:\/\/oplitegames.com\/it\/prodotto\/oplite-gtr-s3-simrace-flightsim-holder\/","og_site_name":"OPLITE","article_modified_time":"2026-01-20T09:44:04+00:00","og_image":[{"width":1000,"height":1000,"url":"https:\/\/oplitegames.com\/wp-content\/uploads\/OP-GTR-FSH_ST_03-1.png","type":"image\/png"}],"twitter_card":"summary_large_image","twitter_misc":{"Price":"99,90&nbsp;&euro;","Availability":"Out of stock"},"schema":{"@context":"https:\/\/schema.org","@graph":[{"@type":["WebPage","ItemPage"],"@id":"https:\/\/oplitegames.com\/it\/prodotto\/oplite-gtr-s3-simrace-flightsim-holder\/","url":"https:\/\/oplitegames.com\/it\/prodotto\/oplite-gtr-s3-simrace-flightsim-holder\/","name":"Simracing &amp; Flightsim Holder - OPLITE","isPartOf":{"@id":"https:\/\/oplitegames.com\/#website"},"primaryImageOfPage":{"@id":"https:\/\/oplitegames.com\/it\/prodotto\/oplite-gtr-s3-simrace-flightsim-holder\/#primaryimage"},"image":{"@id":"https:\/\/oplitegames.com\/it\/prodotto\/oplite-gtr-s3-simrace-flightsim-holder\/#primaryimage"},"thumbnailUrl":"https:\/\/oplitegames-preprod.ezratis.fr\/wp-content\/uploads\/OP-GTR-FSH_ST_03-1.png","datePublished":"2022-11-29T14:18:01+00:00","dateModified":"2026-01-20T09:44:04+00:00","breadcrumb":{"@id":"https:\/\/oplitegames.com\/it\/prodotto\/oplite-gtr-s3-simrace-flightsim-holder\/#breadcrumb"},"inLanguage":"it-IT","potentialAction":[{"@type":"ReadAction","target":["https:\/\/oplitegames.com\/it\/prodotto\/oplite-gtr-s3-simrace-flightsim-holder\/"]}]},{"@type":"ImageObject","inLanguage":"it-IT","@id":"https:\/\/oplitegames.com\/it\/prodotto\/oplite-gtr-s3-simrace-flightsim-holder\/#primaryimage","url":"https:\/\/oplitegames-preprod.ezratis.fr\/wp-content\/uploads\/OP-GTR-FSH_ST_03-1.png","contentUrl":"https:\/\/oplitegames-preprod.ezratis.fr\/wp-content\/uploads\/OP-GTR-FSH_ST_03-1.png","width":1000,"height":1000},{"@type":"BreadcrumbList","@id":"https:\/\/oplitegames.com\/it\/prodotto\/oplite-gtr-s3-simrace-flightsim-holder\/#breadcrumb","itemListElement":[{"@type":"ListItem","position":1,"name":"Home","item":"https:\/\/oplitegames.com\/it\/oplite-gaming\/"},{"@type":"ListItem","position":2,"name":"Negozio","item":"https:\/\/oplitegames.com\/it\/negozio\/"},{"@type":"ListItem","position":3,"name":"Simracing &amp; Flightsim Holder"}]},{"@type":"WebSite","@id":"https:\/\/oplitegames.com\/#website","url":"https:\/\/oplitegames.com\/","name":"OPLITE","description":"","publisher":{"@id":"https:\/\/oplitegames.com\/#organization"},"potentialAction":[{"@type":"SearchAction","target":{"@type":"EntryPoint","urlTemplate":"https:\/\/oplitegames.com\/?s={search_term_string}"},"query-input":{"@type":"PropertyValueSpecification","valueRequired":true,"valueName":"search_term_string"}}],"inLanguage":"it-IT"},{"@type":"Organization","@id":"https:\/\/oplitegames.com\/#organization","name":"OPLITE","url":"https:\/\/oplitegames.com\/","logo":{"@type":"ImageObject","inLanguage":"it-IT","@id":"https:\/\/oplitegames.com\/#\/schema\/logo\/image\/","url":"https:\/\/oplitegames-preprod.ezratis.fr\/wp-content\/uploads\/cropped-cropped-Oplite-Blanc-casse-002-scaled-1.png","contentUrl":"https:\/\/oplitegames-preprod.ezratis.fr\/wp-content\/uploads\/cropped-cropped-Oplite-Blanc-casse-002-scaled-1.png","width":2509,"height":597,"caption":"OPLITE"},"image":{"@id":"https:\/\/oplitegames.com\/#\/schema\/logo\/image\/"}}]},"product_price_amount":"99.90","product_price_currency":"EUR","og_availability":"out of stock","product_availability":"out of stock","product_retailer_item_id":"95625","product_condition":"new"},"_links":{"self":[{"href":"https:\/\/oplitegames-preprod.ezratis.fr\/it\/wp-json\/wp\/v2\/product\/29500","targetHints":{"allow":["GET"]}}],"collection":[{"href":"https:\/\/oplitegames-preprod.ezratis.fr\/it\/wp-json\/wp\/v2\/product"}],"about":[{"href":"https:\/\/oplitegames-preprod.ezratis.fr\/it\/wp-json\/wp\/v2\/types\/product"}],"version-history":[{"count":6,"href":"https:\/\/oplitegames-preprod.ezratis.fr\/it\/wp-json\/wp\/v2\/product\/29500\/revisions"}],"predecessor-version":[{"id":63919,"href":"https:\/\/oplitegames-preprod.ezratis.fr\/it\/wp-json\/wp\/v2\/product\/29500\/revisions\/63919"}],"wp:featuredmedia":[{"embeddable":true,"href":"https:\/\/oplitegames-preprod.ezratis.fr\/it\/wp-json\/wp\/v2\/media\/28430"}],"wp:attachment":[{"href":"https:\/\/oplitegames-preprod.ezratis.fr\/it\/wp-json\/wp\/v2\/media?parent=29500"}],"wp:term":[{"taxonomy":"product_brand","embeddable":true,"href":"https:\/\/oplitegames-preprod.ezratis.fr\/it\/wp-json\/wp\/v2\/product_brand?post=29500"},{"taxonomy":"product_cat","embeddable":true,"href":"https:\/\/oplitegames-preprod.ezratis.fr\/it\/wp-json\/wp\/v2\/product_cat?post=29500"},{"taxonomy":"product_tag","embeddable":true,"href":"https:\/\/oplitegames-preprod.ezratis.fr\/it\/wp-json\/wp\/v2\/product_tag?post=29500"}],"curies":[{"name":"wp","href":"https:\/\/api.w.org\/{rel}","templated":true}]}}