{"id":29503,"date":"2022-11-29T15:18:02","date_gmt":"2022-11-29T14:18:02","guid":{"rendered":"https:\/\/oplitegames.com\/product\/gtr-s3-back-frame\/"},"modified":"2025-12-06T10:52:51","modified_gmt":"2025-12-06T09:52:51","slug":"gtr-s3-back-frame","status":"publish","type":"product","link":"https:\/\/oplitegames-preprod.ezratis.fr\/it\/prodotto\/gtr-s3-back-frame\/","title":{"rendered":"GTR S3 Back Frame"},"content":{"rendered":"<p>Le GTR S3 Back Frame ou base arri\u00e8re du GTR-S3 est la pi\u00e8ce maitresse pour transformer votre Wheel Stand GTR en un v\u00e9ritable cockpit de simulation. Cet ensemble vous offre une excellente rigidit\u00e9 et rendra votre exp\u00e9rience de jeu encore plus immersive. La combinaison des glissi\u00e8res de r\u00e9glage sur roulement \u00e0 billes avec les 6 points de fixation du baquet permet d&#8217;ajuster le poste de pilotage \u00e0 votre morphologie en fonction de la position de conduite que vous souhaitez. Pour compl\u00e9ter votre setup, vous pouvez opter pour le Si\u00e8ge Baquet OPLITE (OP-RBS-GTR) ou un autre baquet gr\u00e2ce \u00e0 une compatibilit\u00e9 universelle.<\/p>\n<p>&nbsp;<\/p>\n<hr \/>\n<p>&nbsp;<\/p>\n<p style=\"text-align: center\">Descrizione tecnica<\/p>\n<p>2 archi tubolari di 48mm di diametro<br \/>\n2 guide di 220 mm di ampiezza<br \/>\n2 staffe di fissaggio laterale universale<\/p>\n<p><strong>Staffa per seggiolino: <\/strong>staffe laterali universali per seggiolino con scartamento di<strong> 290 mm<\/strong>. Compatibile con <strong>Oplite GTR, Sparco, Recaro, OMP, GT2i &#8230;<\/strong><br \/>\n<strong>Guide su cuscinetti a sfera<\/strong>, fissate sotto il sedile a sfera per renderlo regolabile in profondit\u00e0. Consentono una regolazione di 220mm in pochi secondi.<\/p>\n<p><strong><u>Dati tecnici generali:<\/u><\/strong><\/p>\n<ul>\n<li style=\"list-style-type: none\">\n<ul>\n<li>Acciaio al carbonio<\/li>\n<li>Tubi da 48 mm x 2 mm di spessore<\/li>\n<li>Vernice Nera Mate ad alta resistenza<\/li>\n<\/ul>\n<\/li>\n<\/ul>\n<p><strong><u>Accessori in dotazione: <\/u><\/strong><\/p>\n<ul>\n<li style=\"list-style-type: none\">\n<ul>\n<li>Kit Viti per fissaggio su OP-WS-GTR<\/li>\n<\/ul>\n<\/li>\n<\/ul>\n<p><strong><u>Compatibilit\u00e0 del prodotto:<\/u><\/strong><\/p>\n<ul>\n<li style=\"list-style-type: none\">\n<ul>\n<li>OPLITE Wheel Stand GTR (OP-WS-GTR)<\/li>\n<li>OPLITE Racing Bucket Seat (OP-RBS-GTR) e altre coperture del mercato<\/li>\n<\/ul>\n<\/li>\n<\/ul>\n<hr \/>\n<p><img fetchpriority=\"high\" decoding=\"async\" class=\"aligncenter wp-image-29508 size-full\" src=\"https:\/\/oplitegames-preprod.ezratis.fr\/wp-content\/uploads\/Oplite-GTR-Back-Frame-_-OP-GTR-BF_6-1-1.png\" alt=\"\" width=\"1000\" height=\"1000\" srcset=\"https:\/\/oplitegames-preprod.ezratis.fr\/wp-content\/uploads\/Oplite-GTR-Back-Frame-_-OP-GTR-BF_6-1-1.png 1000w, https:\/\/oplitegames-preprod.ezratis.fr\/wp-content\/uploads\/Oplite-GTR-Back-Frame-_-OP-GTR-BF_6-1-1-300x300.png 300w, https:\/\/oplitegames-preprod.ezratis.fr\/wp-content\/uploads\/Oplite-GTR-Back-Frame-_-OP-GTR-BF_6-1-1-150x150.png 150w, https:\/\/oplitegames-preprod.ezratis.fr\/wp-content\/uploads\/Oplite-GTR-Back-Frame-_-OP-GTR-BF_6-1-1-768x768.png 768w, https:\/\/oplitegames-preprod.ezratis.fr\/wp-content\/uploads\/Oplite-GTR-Back-Frame-_-OP-GTR-BF_6-1-1-450x450.png 450w, https:\/\/oplitegames-preprod.ezratis.fr\/wp-content\/uploads\/Oplite-GTR-Back-Frame-_-OP-GTR-BF_6-1-1-120x120.png 120w, https:\/\/oplitegames-preprod.ezratis.fr\/wp-content\/uploads\/Oplite-GTR-Back-Frame-_-OP-GTR-BF_6-1-1-800x800.png 800w, https:\/\/oplitegames-preprod.ezratis.fr\/wp-content\/uploads\/Oplite-GTR-Back-Frame-_-OP-GTR-BF_6-1-1-64x64.png 64w\" sizes=\"(max-width: 1000px) 100vw, 1000px\" \/><\/p>\n","protected":false},"excerpt":{"rendered":"<p>Il telaio posteriore GTR S3 \u00e8 il pezzo chiave per trasformare il supporto per ruote GTR in un vero abitacolo di simulazione!<\/p>\n[embed]https:\/\/www.youtube.com\/watch?v=fkTv_JZSYBE[\/embed]\n","protected":false},"featured_media":28412,"template":"","meta":{"_acf_changed":false,"footnotes":""},"product_brand":[],"product_cat":[741,730,734],"product_tag":[758],"class_list":{"0":"post-29503","1":"product","2":"type-product","3":"status-publish","4":"has-post-thumbnail","6":"product_cat-abitacolo-gtr-s3","7":"product_cat-simulatori","8":"product_cat-supporti-ruota","9":"product_tag-oplite-gaming-it","10":"pa_colisage-pcb-1-it","12":"first","13":"instock","14":"taxable","15":"shipping-taxable","16":"purchasable","17":"product-type-simple"},"bundled_by":[],"bundle_stock_status":"instock","bundle_stock_quantity":5,"bundle_virtual":false,"bundle_layout":"","bundle_add_to_cart_form_location":"","bundle_editable_in_cart":false,"bundle_sold_individually_context":"","bundle_item_grouping":"","bundle_min_size":"","bundle_max_size":"","bundle_price":[],"bundled_items":[],"bundle_sell_ids":[],"acf":[],"yoast_head":"<!-- This site is optimized with the Yoast SEO plugin v27.3 - https:\/\/yoast.com\/product\/yoast-seo-wordpress\/ -->\n<title>GTR S3 Back Frame - OPLITE<\/title>\n<meta name=\"robots\" content=\"index, follow, max-snippet:-1, max-image-preview:large, max-video-preview:-1\" \/>\n<link rel=\"canonical\" href=\"https:\/\/oplitegames.com\/it\/prodotto\/gtr-s3-back-frame\/\" \/>\n<meta property=\"og:locale\" content=\"it_IT\" \/>\n<meta property=\"og:type\" content=\"article\" \/>\n<meta property=\"og:title\" content=\"GTR S3 Back Frame - OPLITE\" \/>\n<meta property=\"og:description\" content=\"Il telaio posteriore GTR S3 \u00e8 il pezzo chiave per trasformare il supporto per ruote GTR in un vero abitacolo di simulazione!\" \/>\n<meta property=\"og:url\" content=\"https:\/\/oplitegames.com\/it\/prodotto\/gtr-s3-back-frame\/\" \/>\n<meta property=\"og:site_name\" content=\"OPLITE\" \/>\n<meta property=\"article:modified_time\" content=\"2025-12-06T09:52:51+00:00\" \/>\n<meta property=\"og:image\" content=\"https:\/\/oplitegames.com\/wp-content\/uploads\/OP-GTR-BF-ST-02-1000x1000-1-1.jpg\" \/>\n\t<meta property=\"og:image:width\" content=\"1000\" \/>\n\t<meta property=\"og:image:height\" content=\"1000\" \/>\n\t<meta property=\"og:image:type\" content=\"image\/jpeg\" \/>\n<meta name=\"twitter:card\" content=\"summary_large_image\" \/>\n<meta name=\"twitter:label1\" content=\"Price\" \/>\n\t<meta name=\"twitter:data1\" content=\"169,90&nbsp;&euro;\" \/>\n\t<meta name=\"twitter:label2\" content=\"Availability\" \/>\n\t<meta name=\"twitter:data2\" content=\"In stock\" \/>\n<script type=\"application\/ld+json\" class=\"yoast-schema-graph\">{\"@context\":\"https:\\\/\\\/schema.org\",\"@graph\":[{\"@type\":[\"WebPage\",\"ItemPage\"],\"@id\":\"https:\\\/\\\/oplitegames.com\\\/it\\\/prodotto\\\/gtr-s3-back-frame\\\/\",\"url\":\"https:\\\/\\\/oplitegames.com\\\/it\\\/prodotto\\\/gtr-s3-back-frame\\\/\",\"name\":\"GTR S3 Back Frame - OPLITE\",\"isPartOf\":{\"@id\":\"https:\\\/\\\/oplitegames.com\\\/#website\"},\"primaryImageOfPage\":{\"@id\":\"https:\\\/\\\/oplitegames.com\\\/it\\\/prodotto\\\/gtr-s3-back-frame\\\/#primaryimage\"},\"image\":{\"@id\":\"https:\\\/\\\/oplitegames.com\\\/it\\\/prodotto\\\/gtr-s3-back-frame\\\/#primaryimage\"},\"thumbnailUrl\":\"https:\\\/\\\/oplitegames-preprod.ezratis.fr\\\/wp-content\\\/uploads\\\/OP-GTR-BF-ST-02-1000x1000-1-1.jpg\",\"datePublished\":\"2022-11-29T14:18:02+00:00\",\"dateModified\":\"2025-12-06T09:52:51+00:00\",\"breadcrumb\":{\"@id\":\"https:\\\/\\\/oplitegames.com\\\/it\\\/prodotto\\\/gtr-s3-back-frame\\\/#breadcrumb\"},\"inLanguage\":\"it-IT\",\"potentialAction\":[{\"@type\":\"ReadAction\",\"target\":[\"https:\\\/\\\/oplitegames.com\\\/it\\\/prodotto\\\/gtr-s3-back-frame\\\/\"]}]},{\"@type\":\"ImageObject\",\"inLanguage\":\"it-IT\",\"@id\":\"https:\\\/\\\/oplitegames.com\\\/it\\\/prodotto\\\/gtr-s3-back-frame\\\/#primaryimage\",\"url\":\"https:\\\/\\\/oplitegames-preprod.ezratis.fr\\\/wp-content\\\/uploads\\\/OP-GTR-BF-ST-02-1000x1000-1-1.jpg\",\"contentUrl\":\"https:\\\/\\\/oplitegames-preprod.ezratis.fr\\\/wp-content\\\/uploads\\\/OP-GTR-BF-ST-02-1000x1000-1-1.jpg\",\"width\":1000,\"height\":1000},{\"@type\":\"BreadcrumbList\",\"@id\":\"https:\\\/\\\/oplitegames.com\\\/it\\\/prodotto\\\/gtr-s3-back-frame\\\/#breadcrumb\",\"itemListElement\":[{\"@type\":\"ListItem\",\"position\":1,\"name\":\"Home\",\"item\":\"https:\\\/\\\/oplitegames.com\\\/it\\\/oplite-gaming\\\/\"},{\"@type\":\"ListItem\",\"position\":2,\"name\":\"Negozio\",\"item\":\"https:\\\/\\\/oplitegames.com\\\/it\\\/negozio\\\/\"},{\"@type\":\"ListItem\",\"position\":3,\"name\":\"GTR S3 Back Frame\"}]},{\"@type\":\"WebSite\",\"@id\":\"https:\\\/\\\/oplitegames.com\\\/#website\",\"url\":\"https:\\\/\\\/oplitegames.com\\\/\",\"name\":\"OPLITE\",\"description\":\"\",\"publisher\":{\"@id\":\"https:\\\/\\\/oplitegames.com\\\/#organization\"},\"potentialAction\":[{\"@type\":\"SearchAction\",\"target\":{\"@type\":\"EntryPoint\",\"urlTemplate\":\"https:\\\/\\\/oplitegames.com\\\/?s={search_term_string}\"},\"query-input\":{\"@type\":\"PropertyValueSpecification\",\"valueRequired\":true,\"valueName\":\"search_term_string\"}}],\"inLanguage\":\"it-IT\"},{\"@type\":\"Organization\",\"@id\":\"https:\\\/\\\/oplitegames.com\\\/#organization\",\"name\":\"OPLITE\",\"url\":\"https:\\\/\\\/oplitegames.com\\\/\",\"logo\":{\"@type\":\"ImageObject\",\"inLanguage\":\"it-IT\",\"@id\":\"https:\\\/\\\/oplitegames.com\\\/#\\\/schema\\\/logo\\\/image\\\/\",\"url\":\"https:\\\/\\\/oplitegames-preprod.ezratis.fr\\\/wp-content\\\/uploads\\\/cropped-cropped-Oplite-Blanc-casse-002-scaled-1.png\",\"contentUrl\":\"https:\\\/\\\/oplitegames-preprod.ezratis.fr\\\/wp-content\\\/uploads\\\/cropped-cropped-Oplite-Blanc-casse-002-scaled-1.png\",\"width\":2509,\"height\":597,\"caption\":\"OPLITE\"},\"image\":{\"@id\":\"https:\\\/\\\/oplitegames.com\\\/#\\\/schema\\\/logo\\\/image\\\/\"}}]}<\/script>\n<meta property=\"product:price:amount\" content=\"169.90\" \/>\n<meta property=\"product:price:currency\" content=\"EUR\" \/>\n<meta property=\"og:availability\" content=\"instock\" \/>\n<meta property=\"product:availability\" content=\"instock\" \/>\n<meta property=\"product:retailer_item_id\" content=\"95626\" \/>\n<meta property=\"product:condition\" content=\"new\" \/>\n<!-- \/ Yoast SEO plugin. -->","yoast_head_json":{"title":"GTR S3 Back Frame - OPLITE","robots":{"index":"index","follow":"follow","max-snippet":"max-snippet:-1","max-image-preview":"max-image-preview:large","max-video-preview":"max-video-preview:-1"},"canonical":"https:\/\/oplitegames.com\/it\/prodotto\/gtr-s3-back-frame\/","og_locale":"it_IT","og_type":"article","og_title":"GTR S3 Back Frame - OPLITE","og_description":"Il telaio posteriore GTR S3 \u00e8 il pezzo chiave per trasformare il supporto per ruote GTR in un vero abitacolo di simulazione!","og_url":"https:\/\/oplitegames.com\/it\/prodotto\/gtr-s3-back-frame\/","og_site_name":"OPLITE","article_modified_time":"2025-12-06T09:52:51+00:00","og_image":[{"width":1000,"height":1000,"url":"https:\/\/oplitegames.com\/wp-content\/uploads\/OP-GTR-BF-ST-02-1000x1000-1-1.jpg","type":"image\/jpeg"}],"twitter_card":"summary_large_image","twitter_misc":{"Price":"169,90&nbsp;&euro;","Availability":"In stock"},"schema":{"@context":"https:\/\/schema.org","@graph":[{"@type":["WebPage","ItemPage"],"@id":"https:\/\/oplitegames.com\/it\/prodotto\/gtr-s3-back-frame\/","url":"https:\/\/oplitegames.com\/it\/prodotto\/gtr-s3-back-frame\/","name":"GTR S3 Back Frame - OPLITE","isPartOf":{"@id":"https:\/\/oplitegames.com\/#website"},"primaryImageOfPage":{"@id":"https:\/\/oplitegames.com\/it\/prodotto\/gtr-s3-back-frame\/#primaryimage"},"image":{"@id":"https:\/\/oplitegames.com\/it\/prodotto\/gtr-s3-back-frame\/#primaryimage"},"thumbnailUrl":"https:\/\/oplitegames-preprod.ezratis.fr\/wp-content\/uploads\/OP-GTR-BF-ST-02-1000x1000-1-1.jpg","datePublished":"2022-11-29T14:18:02+00:00","dateModified":"2025-12-06T09:52:51+00:00","breadcrumb":{"@id":"https:\/\/oplitegames.com\/it\/prodotto\/gtr-s3-back-frame\/#breadcrumb"},"inLanguage":"it-IT","potentialAction":[{"@type":"ReadAction","target":["https:\/\/oplitegames.com\/it\/prodotto\/gtr-s3-back-frame\/"]}]},{"@type":"ImageObject","inLanguage":"it-IT","@id":"https:\/\/oplitegames.com\/it\/prodotto\/gtr-s3-back-frame\/#primaryimage","url":"https:\/\/oplitegames-preprod.ezratis.fr\/wp-content\/uploads\/OP-GTR-BF-ST-02-1000x1000-1-1.jpg","contentUrl":"https:\/\/oplitegames-preprod.ezratis.fr\/wp-content\/uploads\/OP-GTR-BF-ST-02-1000x1000-1-1.jpg","width":1000,"height":1000},{"@type":"BreadcrumbList","@id":"https:\/\/oplitegames.com\/it\/prodotto\/gtr-s3-back-frame\/#breadcrumb","itemListElement":[{"@type":"ListItem","position":1,"name":"Home","item":"https:\/\/oplitegames.com\/it\/oplite-gaming\/"},{"@type":"ListItem","position":2,"name":"Negozio","item":"https:\/\/oplitegames.com\/it\/negozio\/"},{"@type":"ListItem","position":3,"name":"GTR S3 Back Frame"}]},{"@type":"WebSite","@id":"https:\/\/oplitegames.com\/#website","url":"https:\/\/oplitegames.com\/","name":"OPLITE","description":"","publisher":{"@id":"https:\/\/oplitegames.com\/#organization"},"potentialAction":[{"@type":"SearchAction","target":{"@type":"EntryPoint","urlTemplate":"https:\/\/oplitegames.com\/?s={search_term_string}"},"query-input":{"@type":"PropertyValueSpecification","valueRequired":true,"valueName":"search_term_string"}}],"inLanguage":"it-IT"},{"@type":"Organization","@id":"https:\/\/oplitegames.com\/#organization","name":"OPLITE","url":"https:\/\/oplitegames.com\/","logo":{"@type":"ImageObject","inLanguage":"it-IT","@id":"https:\/\/oplitegames.com\/#\/schema\/logo\/image\/","url":"https:\/\/oplitegames-preprod.ezratis.fr\/wp-content\/uploads\/cropped-cropped-Oplite-Blanc-casse-002-scaled-1.png","contentUrl":"https:\/\/oplitegames-preprod.ezratis.fr\/wp-content\/uploads\/cropped-cropped-Oplite-Blanc-casse-002-scaled-1.png","width":2509,"height":597,"caption":"OPLITE"},"image":{"@id":"https:\/\/oplitegames.com\/#\/schema\/logo\/image\/"}}]},"product_price_amount":"169.90","product_price_currency":"EUR","og_availability":"instock","product_availability":"instock","product_retailer_item_id":"95626","product_condition":"new"},"_links":{"self":[{"href":"https:\/\/oplitegames-preprod.ezratis.fr\/it\/wp-json\/wp\/v2\/product\/29503","targetHints":{"allow":["GET"]}}],"collection":[{"href":"https:\/\/oplitegames-preprod.ezratis.fr\/it\/wp-json\/wp\/v2\/product"}],"about":[{"href":"https:\/\/oplitegames-preprod.ezratis.fr\/it\/wp-json\/wp\/v2\/types\/product"}],"version-history":[{"count":2,"href":"https:\/\/oplitegames-preprod.ezratis.fr\/it\/wp-json\/wp\/v2\/product\/29503\/revisions"}],"predecessor-version":[{"id":42086,"href":"https:\/\/oplitegames-preprod.ezratis.fr\/it\/wp-json\/wp\/v2\/product\/29503\/revisions\/42086"}],"wp:featuredmedia":[{"embeddable":true,"href":"https:\/\/oplitegames-preprod.ezratis.fr\/it\/wp-json\/wp\/v2\/media\/28412"}],"wp:attachment":[{"href":"https:\/\/oplitegames-preprod.ezratis.fr\/it\/wp-json\/wp\/v2\/media?parent=29503"}],"wp:term":[{"taxonomy":"product_brand","embeddable":true,"href":"https:\/\/oplitegames-preprod.ezratis.fr\/it\/wp-json\/wp\/v2\/product_brand?post=29503"},{"taxonomy":"product_cat","embeddable":true,"href":"https:\/\/oplitegames-preprod.ezratis.fr\/it\/wp-json\/wp\/v2\/product_cat?post=29503"},{"taxonomy":"product_tag","embeddable":true,"href":"https:\/\/oplitegames-preprod.ezratis.fr\/it\/wp-json\/wp\/v2\/product_tag?post=29503"}],"curies":[{"name":"wp","href":"https:\/\/api.w.org\/{rel}","templated":true}]}}