{"id":29528,"date":"2023-04-06T17:24:01","date_gmt":"2023-04-06T15:24:01","guid":{"rendered":"https:\/\/oplitegames.com\/product\/oplite-mt10-monitor-arm\/"},"modified":"2025-12-16T17:49:54","modified_gmt":"2025-12-16T16:49:54","slug":"oplite-mt10-monitor-arm","status":"publish","type":"product","link":"https:\/\/oplitegames-preprod.ezratis.fr\/it\/prodotto\/oplite-mt10-monitor-arm\/","title":{"rendered":"MT10 Monitor Arm"},"content":{"rendered":"<p>MT10 \u00e8 stato progettato per massimizzare l&#8217;efficienza dello spazio e migliorare l&#8217;ergonomia dell&#8217;area di lavoro o di gioco. I suoi vantaggi principali derivano dal design semplice e collaudato, grazie a un sistema di controbilanciamento a molla, e dagli angoli di inclinazione che offrono una variet\u00e0 quasi infinita di possibilit\u00e0. \u00c8 in grado di sostenere due schermi, ciascuno di dimensioni fino a 32 pollici e di peso fino a 8 kg. Offre una grande flessibilit\u00e0 in termini di movimento e orientamento dei due schermi, siano essi piatti o curvi, purch\u00e9 compatibili con i supporti universali VESA 75&#215;75 o 100&#215;100.<\/p>\n<p><span style=\"text-decoration: underline;\"><strong>Caratteristiche principali:<\/strong><\/span><br \/>\n\u2705Design in alluminio di alta qualit\u00e0, acciaio al carbonio ad alta densit\u00e0 e carenatura in ABS.<br \/>\n\u2705Stile unico che combina acciaio tubolare e carenatura in alluminio.<br \/>\n\u2705Facile da regolare, le sue molle consentono di adattare perfettamente la disposizione degli schermi senza alcuno sforzo.senza sforzo. Il risultato \u00e8 una postazione di lavoro o di gioco ergonomica, pratica e performante.<br \/>\n\u2705 Libera spazio, consentendo di sollevare gli schermi e liberare spazio sulla scrivania.<br \/>\n\u2705 Pu\u00f2 essere inclinato di +90\/-45\u00b0 per lavorare o giocare comodamente in posizione seduta o in piedi. da seduti o in piedi.<br \/>\n\u2705 Compatibile con schermi curvi e piatti con un sistema di montaggio conforme alle norme VESA 75&#215;75 o 100&#215;75. VESA 75&#215;75 o 100&#215;100 fino a 32&#8243;. Montaggio dello schermo semplificato grazie alle piastre VESA staccabili in dotazione.<br \/>\n\u2705Fissare il braccio alla scrivania con un morsetto a &#8220;C&#8221; (morsa di ancoraggio) o con 1 vite attraverso la scrivania.<br \/>\n\u2705Sistema di guida per cavi integrato nei bracci.<\/p>\n<p><strong><span style=\"text-decoration: underline;\">Caratteristiche tecniche:<\/span><\/strong><br \/>\n\u2705 Schermo compatibile: 17&#8243;-32&#8243;.<br \/>\n\u2705 Numero di schermi: 2<br \/>\n\u2705 Capacit\u00e0 di peso (per schermo) :2~8kg<br \/>\n\u2705 Gamma di inclinazione: +90\u00b0~-45\u00b0<br \/>\n\u2705 Gamma di rotazione: +90\u00b0~-90<\/p>\n<p><strong><span style=\"text-decoration: underline;\">Compatibilit\u00e0 del prodotto:<\/span><\/strong><br \/>\n\u2705 Tutti gli schermi VESA: 75&#215;75,100&#215;100<br \/>\n\u2705 Tutte le scrivanie OPLITE<br \/>\n\u2705 Tutte le scrivanie di altri produttori<\/p>\n<p>&nbsp;<\/p>\n","protected":false},"excerpt":{"rendered":"<p>\u00c8 arrivato il momento di vivere esperienze pi\u00f9 coinvolgenti liberando spazio sulla scrivania!<br \/>\nEsperta nella progettazione di prodotti ergonomici per l&#8217;ufficio e il gioco, OPLITE presenta il suo nuovo braccio doppio, l&#8217;<strong>MT10<\/strong>.<\/p>\n[embed]https:\/\/www.youtube.com\/watch?v=CMZGjtxpDdI[\/embed]\n","protected":false},"featured_media":30494,"template":"","meta":{"_acf_changed":false,"footnotes":""},"product_brand":[],"product_cat":[728,717],"product_tag":[758],"class_list":{"0":"post-29528","1":"product","2":"type-product","3":"status-publish","4":"has-post-thumbnail","6":"product_cat-bracci-articolati","7":"product_cat-uffici-streaming","8":"product_tag-oplite-gaming-it","9":"pa_colisage-pcb-4-it","11":"first","12":"instock","13":"taxable","14":"shipping-taxable","15":"purchasable","16":"product-type-simple"},"bundled_by":[],"bundle_stock_status":"instock","bundle_stock_quantity":286,"bundle_virtual":false,"bundle_layout":"","bundle_add_to_cart_form_location":"","bundle_editable_in_cart":false,"bundle_sold_individually_context":"","bundle_item_grouping":"","bundle_min_size":"","bundle_max_size":"","bundle_price":[],"bundled_items":[],"bundle_sell_ids":[],"acf":[],"yoast_head":"<!-- This site is optimized with the Yoast SEO plugin v27.3 - https:\/\/yoast.com\/product\/yoast-seo-wordpress\/ -->\n<title>MT10 Monitor Arm - OPLITE<\/title>\n<meta name=\"robots\" content=\"index, follow, max-snippet:-1, max-image-preview:large, max-video-preview:-1\" \/>\n<link rel=\"canonical\" href=\"https:\/\/oplitegames.com\/it\/prodotto\/oplite-mt10-monitor-arm\/\" \/>\n<meta property=\"og:locale\" content=\"it_IT\" \/>\n<meta property=\"og:type\" content=\"article\" \/>\n<meta property=\"og:title\" content=\"MT10 Monitor Arm - OPLITE\" \/>\n<meta property=\"og:description\" content=\"\u00c8 arrivato il momento di vivere esperienze pi\u00f9 coinvolgenti liberando spazio sulla scrivania! Esperta nella progettazione di prodotti ergonomici per l&#039;ufficio e il gioco, OPLITE presenta il suo nuovo braccio doppio, l&#039;MT10.\" \/>\n<meta property=\"og:url\" content=\"https:\/\/oplitegames.com\/it\/prodotto\/oplite-mt10-monitor-arm\/\" \/>\n<meta property=\"og:site_name\" content=\"OPLITE\" \/>\n<meta property=\"article:modified_time\" content=\"2025-12-16T16:49:54+00:00\" \/>\n<meta property=\"og:image\" content=\"https:\/\/oplitegames.com\/wp-content\/uploads\/OPLITE-MT10-Monitor-Arm_06-1.png\" \/>\n\t<meta property=\"og:image:width\" content=\"1000\" \/>\n\t<meta property=\"og:image:height\" content=\"1000\" \/>\n\t<meta property=\"og:image:type\" content=\"image\/png\" \/>\n<meta name=\"twitter:card\" content=\"summary_large_image\" \/>\n<meta name=\"twitter:label1\" content=\"Price\" \/>\n\t<meta name=\"twitter:data1\" content=\"69,90&nbsp;&euro;\" \/>\n\t<meta name=\"twitter:label2\" content=\"Availability\" \/>\n\t<meta name=\"twitter:data2\" content=\"In stock\" \/>\n<script type=\"application\/ld+json\" class=\"yoast-schema-graph\">{\"@context\":\"https:\\\/\\\/schema.org\",\"@graph\":[{\"@type\":[\"WebPage\",\"ItemPage\"],\"@id\":\"https:\\\/\\\/oplitegames.com\\\/it\\\/prodotto\\\/oplite-mt10-monitor-arm\\\/\",\"url\":\"https:\\\/\\\/oplitegames.com\\\/it\\\/prodotto\\\/oplite-mt10-monitor-arm\\\/\",\"name\":\"MT10 Monitor Arm - OPLITE\",\"isPartOf\":{\"@id\":\"https:\\\/\\\/oplitegames.com\\\/#website\"},\"primaryImageOfPage\":{\"@id\":\"https:\\\/\\\/oplitegames.com\\\/it\\\/prodotto\\\/oplite-mt10-monitor-arm\\\/#primaryimage\"},\"image\":{\"@id\":\"https:\\\/\\\/oplitegames.com\\\/it\\\/prodotto\\\/oplite-mt10-monitor-arm\\\/#primaryimage\"},\"thumbnailUrl\":\"https:\\\/\\\/oplitegames-preprod.ezratis.fr\\\/wp-content\\\/uploads\\\/OPLITE-MT10-Monitor-Arm_06-1.png\",\"datePublished\":\"2023-04-06T15:24:01+00:00\",\"dateModified\":\"2025-12-16T16:49:54+00:00\",\"breadcrumb\":{\"@id\":\"https:\\\/\\\/oplitegames.com\\\/it\\\/prodotto\\\/oplite-mt10-monitor-arm\\\/#breadcrumb\"},\"inLanguage\":\"it-IT\",\"potentialAction\":[{\"@type\":\"ReadAction\",\"target\":[\"https:\\\/\\\/oplitegames.com\\\/it\\\/prodotto\\\/oplite-mt10-monitor-arm\\\/\"]}]},{\"@type\":\"ImageObject\",\"inLanguage\":\"it-IT\",\"@id\":\"https:\\\/\\\/oplitegames.com\\\/it\\\/prodotto\\\/oplite-mt10-monitor-arm\\\/#primaryimage\",\"url\":\"https:\\\/\\\/oplitegames-preprod.ezratis.fr\\\/wp-content\\\/uploads\\\/OPLITE-MT10-Monitor-Arm_06-1.png\",\"contentUrl\":\"https:\\\/\\\/oplitegames-preprod.ezratis.fr\\\/wp-content\\\/uploads\\\/OPLITE-MT10-Monitor-Arm_06-1.png\",\"width\":1000,\"height\":1000},{\"@type\":\"BreadcrumbList\",\"@id\":\"https:\\\/\\\/oplitegames.com\\\/it\\\/prodotto\\\/oplite-mt10-monitor-arm\\\/#breadcrumb\",\"itemListElement\":[{\"@type\":\"ListItem\",\"position\":1,\"name\":\"Home\",\"item\":\"https:\\\/\\\/oplitegames.com\\\/it\\\/oplite-gaming\\\/\"},{\"@type\":\"ListItem\",\"position\":2,\"name\":\"Negozio\",\"item\":\"https:\\\/\\\/oplitegames.com\\\/it\\\/negozio\\\/\"},{\"@type\":\"ListItem\",\"position\":3,\"name\":\"MT10 Monitor Arm\"}]},{\"@type\":\"WebSite\",\"@id\":\"https:\\\/\\\/oplitegames.com\\\/#website\",\"url\":\"https:\\\/\\\/oplitegames.com\\\/\",\"name\":\"OPLITE\",\"description\":\"\",\"publisher\":{\"@id\":\"https:\\\/\\\/oplitegames.com\\\/#organization\"},\"potentialAction\":[{\"@type\":\"SearchAction\",\"target\":{\"@type\":\"EntryPoint\",\"urlTemplate\":\"https:\\\/\\\/oplitegames.com\\\/?s={search_term_string}\"},\"query-input\":{\"@type\":\"PropertyValueSpecification\",\"valueRequired\":true,\"valueName\":\"search_term_string\"}}],\"inLanguage\":\"it-IT\"},{\"@type\":\"Organization\",\"@id\":\"https:\\\/\\\/oplitegames.com\\\/#organization\",\"name\":\"OPLITE\",\"url\":\"https:\\\/\\\/oplitegames.com\\\/\",\"logo\":{\"@type\":\"ImageObject\",\"inLanguage\":\"it-IT\",\"@id\":\"https:\\\/\\\/oplitegames.com\\\/#\\\/schema\\\/logo\\\/image\\\/\",\"url\":\"https:\\\/\\\/oplitegames-preprod.ezratis.fr\\\/wp-content\\\/uploads\\\/cropped-cropped-Oplite-Blanc-casse-002-scaled-1.png\",\"contentUrl\":\"https:\\\/\\\/oplitegames-preprod.ezratis.fr\\\/wp-content\\\/uploads\\\/cropped-cropped-Oplite-Blanc-casse-002-scaled-1.png\",\"width\":2509,\"height\":597,\"caption\":\"OPLITE\"},\"image\":{\"@id\":\"https:\\\/\\\/oplitegames.com\\\/#\\\/schema\\\/logo\\\/image\\\/\"}}]}<\/script>\n<meta property=\"product:price:amount\" content=\"69.90\" \/>\n<meta property=\"product:price:currency\" content=\"EUR\" \/>\n<meta property=\"og:availability\" content=\"instock\" \/>\n<meta property=\"product:availability\" content=\"instock\" \/>\n<meta property=\"product:retailer_item_id\" content=\"96449\" \/>\n<meta property=\"product:condition\" content=\"new\" \/>\n<!-- \/ Yoast SEO plugin. -->","yoast_head_json":{"title":"MT10 Monitor Arm - OPLITE","robots":{"index":"index","follow":"follow","max-snippet":"max-snippet:-1","max-image-preview":"max-image-preview:large","max-video-preview":"max-video-preview:-1"},"canonical":"https:\/\/oplitegames.com\/it\/prodotto\/oplite-mt10-monitor-arm\/","og_locale":"it_IT","og_type":"article","og_title":"MT10 Monitor Arm - OPLITE","og_description":"\u00c8 arrivato il momento di vivere esperienze pi\u00f9 coinvolgenti liberando spazio sulla scrivania! Esperta nella progettazione di prodotti ergonomici per l'ufficio e il gioco, OPLITE presenta il suo nuovo braccio doppio, l'MT10.","og_url":"https:\/\/oplitegames.com\/it\/prodotto\/oplite-mt10-monitor-arm\/","og_site_name":"OPLITE","article_modified_time":"2025-12-16T16:49:54+00:00","og_image":[{"width":1000,"height":1000,"url":"https:\/\/oplitegames.com\/wp-content\/uploads\/OPLITE-MT10-Monitor-Arm_06-1.png","type":"image\/png"}],"twitter_card":"summary_large_image","twitter_misc":{"Price":"69,90&nbsp;&euro;","Availability":"In stock"},"schema":{"@context":"https:\/\/schema.org","@graph":[{"@type":["WebPage","ItemPage"],"@id":"https:\/\/oplitegames.com\/it\/prodotto\/oplite-mt10-monitor-arm\/","url":"https:\/\/oplitegames.com\/it\/prodotto\/oplite-mt10-monitor-arm\/","name":"MT10 Monitor Arm - OPLITE","isPartOf":{"@id":"https:\/\/oplitegames.com\/#website"},"primaryImageOfPage":{"@id":"https:\/\/oplitegames.com\/it\/prodotto\/oplite-mt10-monitor-arm\/#primaryimage"},"image":{"@id":"https:\/\/oplitegames.com\/it\/prodotto\/oplite-mt10-monitor-arm\/#primaryimage"},"thumbnailUrl":"https:\/\/oplitegames-preprod.ezratis.fr\/wp-content\/uploads\/OPLITE-MT10-Monitor-Arm_06-1.png","datePublished":"2023-04-06T15:24:01+00:00","dateModified":"2025-12-16T16:49:54+00:00","breadcrumb":{"@id":"https:\/\/oplitegames.com\/it\/prodotto\/oplite-mt10-monitor-arm\/#breadcrumb"},"inLanguage":"it-IT","potentialAction":[{"@type":"ReadAction","target":["https:\/\/oplitegames.com\/it\/prodotto\/oplite-mt10-monitor-arm\/"]}]},{"@type":"ImageObject","inLanguage":"it-IT","@id":"https:\/\/oplitegames.com\/it\/prodotto\/oplite-mt10-monitor-arm\/#primaryimage","url":"https:\/\/oplitegames-preprod.ezratis.fr\/wp-content\/uploads\/OPLITE-MT10-Monitor-Arm_06-1.png","contentUrl":"https:\/\/oplitegames-preprod.ezratis.fr\/wp-content\/uploads\/OPLITE-MT10-Monitor-Arm_06-1.png","width":1000,"height":1000},{"@type":"BreadcrumbList","@id":"https:\/\/oplitegames.com\/it\/prodotto\/oplite-mt10-monitor-arm\/#breadcrumb","itemListElement":[{"@type":"ListItem","position":1,"name":"Home","item":"https:\/\/oplitegames.com\/it\/oplite-gaming\/"},{"@type":"ListItem","position":2,"name":"Negozio","item":"https:\/\/oplitegames.com\/it\/negozio\/"},{"@type":"ListItem","position":3,"name":"MT10 Monitor Arm"}]},{"@type":"WebSite","@id":"https:\/\/oplitegames.com\/#website","url":"https:\/\/oplitegames.com\/","name":"OPLITE","description":"","publisher":{"@id":"https:\/\/oplitegames.com\/#organization"},"potentialAction":[{"@type":"SearchAction","target":{"@type":"EntryPoint","urlTemplate":"https:\/\/oplitegames.com\/?s={search_term_string}"},"query-input":{"@type":"PropertyValueSpecification","valueRequired":true,"valueName":"search_term_string"}}],"inLanguage":"it-IT"},{"@type":"Organization","@id":"https:\/\/oplitegames.com\/#organization","name":"OPLITE","url":"https:\/\/oplitegames.com\/","logo":{"@type":"ImageObject","inLanguage":"it-IT","@id":"https:\/\/oplitegames.com\/#\/schema\/logo\/image\/","url":"https:\/\/oplitegames-preprod.ezratis.fr\/wp-content\/uploads\/cropped-cropped-Oplite-Blanc-casse-002-scaled-1.png","contentUrl":"https:\/\/oplitegames-preprod.ezratis.fr\/wp-content\/uploads\/cropped-cropped-Oplite-Blanc-casse-002-scaled-1.png","width":2509,"height":597,"caption":"OPLITE"},"image":{"@id":"https:\/\/oplitegames.com\/#\/schema\/logo\/image\/"}}]},"product_price_amount":"69.90","product_price_currency":"EUR","og_availability":"instock","product_availability":"instock","product_retailer_item_id":"96449","product_condition":"new"},"_links":{"self":[{"href":"https:\/\/oplitegames-preprod.ezratis.fr\/it\/wp-json\/wp\/v2\/product\/29528","targetHints":{"allow":["GET"]}}],"collection":[{"href":"https:\/\/oplitegames-preprod.ezratis.fr\/it\/wp-json\/wp\/v2\/product"}],"about":[{"href":"https:\/\/oplitegames-preprod.ezratis.fr\/it\/wp-json\/wp\/v2\/types\/product"}],"version-history":[{"count":3,"href":"https:\/\/oplitegames-preprod.ezratis.fr\/it\/wp-json\/wp\/v2\/product\/29528\/revisions"}],"predecessor-version":[{"id":48262,"href":"https:\/\/oplitegames-preprod.ezratis.fr\/it\/wp-json\/wp\/v2\/product\/29528\/revisions\/48262"}],"wp:featuredmedia":[{"embeddable":true,"href":"https:\/\/oplitegames-preprod.ezratis.fr\/it\/wp-json\/wp\/v2\/media\/30494"}],"wp:attachment":[{"href":"https:\/\/oplitegames-preprod.ezratis.fr\/it\/wp-json\/wp\/v2\/media?parent=29528"}],"wp:term":[{"taxonomy":"product_brand","embeddable":true,"href":"https:\/\/oplitegames-preprod.ezratis.fr\/it\/wp-json\/wp\/v2\/product_brand?post=29528"},{"taxonomy":"product_cat","embeddable":true,"href":"https:\/\/oplitegames-preprod.ezratis.fr\/it\/wp-json\/wp\/v2\/product_cat?post=29528"},{"taxonomy":"product_tag","embeddable":true,"href":"https:\/\/oplitegames-preprod.ezratis.fr\/it\/wp-json\/wp\/v2\/product_tag?post=29528"}],"curies":[{"name":"wp","href":"https:\/\/api.w.org\/{rel}","templated":true}]}}