{"id":29532,"date":"2023-05-25T17:11:30","date_gmt":"2023-05-25T15:11:30","guid":{"rendered":"https:\/\/oplitegames.com\/?post_type=product&#038;p=29532"},"modified":"2026-01-20T10:43:14","modified_gmt":"2026-01-20T09:43:14","slug":"premium-microphone-arm","status":"publish","type":"product","link":"https:\/\/oplitegames-preprod.ezratis.fr\/it\/prodotto\/premium-microphone-arm\/","title":{"rendered":"Premium Microphone Arm"},"content":{"rendered":"<p><span style=\"text-decoration: underline;\"><strong>Panoramica:<\/strong> <\/span><br \/>\nL&#8217;<strong>OP-PMA<\/strong> \u00e8 stato sviluppato per migliorare la qualit\u00e0 della voce durante i podcast, le sessioni di gioco o le trasmissioni dal vivo, quindi \u00e8 adatto anche all&#8217;uso domestico su una scrivania o in uno studio di podcasting.<br \/>\nI suoi principali vantaggi derivano dal design innovativo e dalla modularit\u00e0. Infatti, offre tre diverse opzioni di montaggio per adattarsi al vostro ambiente, ampliando notevolmente la gamma di impostazioni e regolazioni disponibili.<br \/>\nLa staffa di gestione dei cavi a clip consente di liberare spazio e ridurre al minimo l&#8217;ingombro sulla scrivania, creando un aspetto pulito e professionale.<\/p>\n<p><span style=\"text-decoration: underline;\"><strong>Caratteristiche principali:<\/strong> <\/span><br \/>\n\u2705Design in alluminio di alta qualit\u00e0, acciaio al carbonio ad alta densit\u00e0 e carenatura in ABS.<br \/>\n\u2705Modulare grazie a 3 possibili assemblaggi e regolabile per una distanza ottimale.<br \/>\n\u2705 Posizionamento preciso e silenzioso del microfono grazie ai componenti in alluminio.<br \/>\n\u2705Rotazione completa di 360 gradi e rotazione di 180 gradi grazie a uno snodo sferico.<br \/>\n\u2705Compatibile con tutti i supporti microfonici standard (adattatori da 3\/8&#8221; e 5\/8&#8221; inclusi).<br \/>\n\u2705La testa rotante semplifica il processo di installazione del microfono.<br \/>\n\u2705 Fissaggio del braccio alla scrivania tramite un morsetto a &#8220;C&#8221; o 1 vite passante.<br \/>\n\u2705Sistema di guida del cavo da agganciare al braccio.<\/p>\n<p><span style=\"text-decoration: underline;\"><strong>Specifiche tecniche :<\/strong> <\/span><br \/>\n\u2705 3 possibili assemblaggi<br \/>\n\u2705 Capacit\u00e0 di peso (per 1 microfono): 2 kg<br \/>\n\u2705 Movimento rotatorio a 360\u00b0<\/p>\n<table style=\"height: 397px;\" width=\"999\">\n<thead>\n<tr>\n<th>Assemblage 1<\/th>\n<th>Assemblage 2<\/th>\n<th>Assemblage 3<\/th>\n<\/tr>\n<\/thead>\n<tbody>\n<tr>\n<td><img decoding=\"async\" src=\"https:\/\/vm-wpexertis-oplite-staging.westeurope.cloudapp.azure.com\/wp-content\/uploads\/MICRO1.png\" alt=\"Assemblage micro 1 width=100% height=80%\" \/><\/td>\n<td><img decoding=\"async\" src=\"https:\/\/vm-wpexertis-oplite-staging.westeurope.cloudapp.azure.com\/wp-content\/uploads\/MICRO2.png\" alt=\"Assemblage micro 2 width=100% height=80%\" \/><\/td>\n<td><img decoding=\"async\" src=\"https:\/\/vm-wpexertis-oplite-staging.westeurope.cloudapp.azure.com\/wp-content\/uploads\/MICRO3.png\" alt=\"Assemblage micro 3 width=100% height=80%\" \/><\/td>\n<\/tr>\n<\/tbody>\n<\/table>\n<p><span style=\"text-decoration: underline;\"><strong>Compatibilit\u00e0 del prodotto :<\/strong> <\/span><br \/>\n\u2705 Tutte le scrivanie OPLITE<br \/>\n\u2705 Tutte le scrivanie di altri produttori<br \/>\n\u2705 Tutte le superfici forabili di spessore compreso tra 10 mm e 60 mm<\/p>\n","protected":false},"excerpt":{"rendered":"<p>\u00c8 arrivato il momento di vivere esperienze pi\u00f9 coinvolgenti liberando spazio sulla scrivania!<br \/>\nEsperta nella progettazione di prodotti ergonomici per l&#8217;ufficio e il gioco, OPLITE presenta il suo nuovo braccio microfonico, l&#8217;<strong>OP-PMA<\/strong>.<\/p>\n","protected":false},"featured_media":29073,"template":"","meta":{"_acf_changed":false,"footnotes":""},"product_brand":[],"product_cat":[719,717],"product_tag":[758],"class_list":{"0":"post-29532","1":"product","2":"type-product","3":"status-publish","4":"has-post-thumbnail","6":"product_cat-accessori-streaming","7":"product_cat-uffici-streaming","8":"product_tag-oplite-gaming-it","9":"pa_colisage-pcb-9-it","11":"first","12":"instock","13":"taxable","14":"shipping-taxable","15":"purchasable","16":"product-type-simple"},"bundled_by":[],"bundle_stock_status":"instock","bundle_stock_quantity":65,"bundle_virtual":false,"bundle_layout":"","bundle_add_to_cart_form_location":"","bundle_editable_in_cart":false,"bundle_sold_individually_context":"","bundle_item_grouping":"","bundle_min_size":"","bundle_max_size":"","bundle_price":[],"bundled_items":[],"bundle_sell_ids":[],"acf":[],"yoast_head":"<!-- This site is optimized with the Yoast SEO plugin v27.3 - https:\/\/yoast.com\/product\/yoast-seo-wordpress\/ -->\n<title>Premium Microphone Arm - OPLITE<\/title>\n<meta name=\"robots\" content=\"index, follow, max-snippet:-1, max-image-preview:large, max-video-preview:-1\" \/>\n<link rel=\"canonical\" href=\"https:\/\/oplitegames.com\/it\/prodotto\/premium-microphone-arm\/\" \/>\n<meta property=\"og:locale\" content=\"it_IT\" \/>\n<meta property=\"og:type\" content=\"article\" \/>\n<meta property=\"og:title\" content=\"Premium Microphone Arm - OPLITE\" \/>\n<meta property=\"og:description\" content=\"\u00c8 arrivato il momento di vivere esperienze pi\u00f9 coinvolgenti liberando spazio sulla scrivania! Esperta nella progettazione di prodotti ergonomici per l&#039;ufficio e il gioco, OPLITE presenta il suo nuovo braccio microfonico, l&#039;OP-PMA.\" \/>\n<meta property=\"og:url\" content=\"https:\/\/oplitegames.com\/it\/prodotto\/premium-microphone-arm\/\" \/>\n<meta property=\"og:site_name\" content=\"OPLITE\" \/>\n<meta property=\"article:modified_time\" content=\"2026-01-20T09:43:14+00:00\" \/>\n<meta property=\"og:image\" content=\"https:\/\/oplitegames.com\/wp-content\/uploads\/OP-PMA_1.png\" \/>\n\t<meta property=\"og:image:width\" content=\"1000\" \/>\n\t<meta property=\"og:image:height\" content=\"1000\" \/>\n\t<meta property=\"og:image:type\" content=\"image\/png\" \/>\n<meta name=\"twitter:card\" content=\"summary_large_image\" \/>\n<meta name=\"twitter:label1\" content=\"Price\" \/>\n\t<meta name=\"twitter:data1\" content=\"79,90&nbsp;&euro;\" \/>\n\t<meta name=\"twitter:label2\" content=\"Availability\" \/>\n\t<meta name=\"twitter:data2\" content=\"In stock\" \/>\n<script type=\"application\/ld+json\" class=\"yoast-schema-graph\">{\"@context\":\"https:\\\/\\\/schema.org\",\"@graph\":[{\"@type\":[\"WebPage\",\"ItemPage\"],\"@id\":\"https:\\\/\\\/oplitegames.com\\\/it\\\/prodotto\\\/premium-microphone-arm\\\/\",\"url\":\"https:\\\/\\\/oplitegames.com\\\/it\\\/prodotto\\\/premium-microphone-arm\\\/\",\"name\":\"Premium Microphone Arm - OPLITE\",\"isPartOf\":{\"@id\":\"https:\\\/\\\/oplitegames.com\\\/#website\"},\"primaryImageOfPage\":{\"@id\":\"https:\\\/\\\/oplitegames.com\\\/it\\\/prodotto\\\/premium-microphone-arm\\\/#primaryimage\"},\"image\":{\"@id\":\"https:\\\/\\\/oplitegames.com\\\/it\\\/prodotto\\\/premium-microphone-arm\\\/#primaryimage\"},\"thumbnailUrl\":\"https:\\\/\\\/oplitegames-preprod.ezratis.fr\\\/wp-content\\\/uploads\\\/OP-PMA_1.png\",\"datePublished\":\"2023-05-25T15:11:30+00:00\",\"dateModified\":\"2026-01-20T09:43:14+00:00\",\"breadcrumb\":{\"@id\":\"https:\\\/\\\/oplitegames.com\\\/it\\\/prodotto\\\/premium-microphone-arm\\\/#breadcrumb\"},\"inLanguage\":\"it-IT\",\"potentialAction\":[{\"@type\":\"ReadAction\",\"target\":[\"https:\\\/\\\/oplitegames.com\\\/it\\\/prodotto\\\/premium-microphone-arm\\\/\"]}]},{\"@type\":\"ImageObject\",\"inLanguage\":\"it-IT\",\"@id\":\"https:\\\/\\\/oplitegames.com\\\/it\\\/prodotto\\\/premium-microphone-arm\\\/#primaryimage\",\"url\":\"https:\\\/\\\/oplitegames-preprod.ezratis.fr\\\/wp-content\\\/uploads\\\/OP-PMA_1.png\",\"contentUrl\":\"https:\\\/\\\/oplitegames-preprod.ezratis.fr\\\/wp-content\\\/uploads\\\/OP-PMA_1.png\",\"width\":1000,\"height\":1000},{\"@type\":\"BreadcrumbList\",\"@id\":\"https:\\\/\\\/oplitegames.com\\\/it\\\/prodotto\\\/premium-microphone-arm\\\/#breadcrumb\",\"itemListElement\":[{\"@type\":\"ListItem\",\"position\":1,\"name\":\"Home\",\"item\":\"https:\\\/\\\/oplitegames.com\\\/it\\\/oplite-gaming\\\/\"},{\"@type\":\"ListItem\",\"position\":2,\"name\":\"Negozio\",\"item\":\"https:\\\/\\\/oplitegames.com\\\/it\\\/negozio\\\/\"},{\"@type\":\"ListItem\",\"position\":3,\"name\":\"Premium Microphone Arm\"}]},{\"@type\":\"WebSite\",\"@id\":\"https:\\\/\\\/oplitegames.com\\\/#website\",\"url\":\"https:\\\/\\\/oplitegames.com\\\/\",\"name\":\"OPLITE\",\"description\":\"\",\"publisher\":{\"@id\":\"https:\\\/\\\/oplitegames.com\\\/#organization\"},\"potentialAction\":[{\"@type\":\"SearchAction\",\"target\":{\"@type\":\"EntryPoint\",\"urlTemplate\":\"https:\\\/\\\/oplitegames.com\\\/?s={search_term_string}\"},\"query-input\":{\"@type\":\"PropertyValueSpecification\",\"valueRequired\":true,\"valueName\":\"search_term_string\"}}],\"inLanguage\":\"it-IT\"},{\"@type\":\"Organization\",\"@id\":\"https:\\\/\\\/oplitegames.com\\\/#organization\",\"name\":\"OPLITE\",\"url\":\"https:\\\/\\\/oplitegames.com\\\/\",\"logo\":{\"@type\":\"ImageObject\",\"inLanguage\":\"it-IT\",\"@id\":\"https:\\\/\\\/oplitegames.com\\\/#\\\/schema\\\/logo\\\/image\\\/\",\"url\":\"https:\\\/\\\/oplitegames-preprod.ezratis.fr\\\/wp-content\\\/uploads\\\/cropped-cropped-Oplite-Blanc-casse-002-scaled-1.png\",\"contentUrl\":\"https:\\\/\\\/oplitegames-preprod.ezratis.fr\\\/wp-content\\\/uploads\\\/cropped-cropped-Oplite-Blanc-casse-002-scaled-1.png\",\"width\":2509,\"height\":597,\"caption\":\"OPLITE\"},\"image\":{\"@id\":\"https:\\\/\\\/oplitegames.com\\\/#\\\/schema\\\/logo\\\/image\\\/\"}}]}<\/script>\n<meta property=\"product:price:amount\" content=\"79.90\" \/>\n<meta property=\"product:price:currency\" content=\"EUR\" \/>\n<meta property=\"og:availability\" content=\"instock\" \/>\n<meta property=\"product:availability\" content=\"instock\" \/>\n<meta property=\"product:retailer_item_id\" content=\"96450\" \/>\n<meta property=\"product:condition\" content=\"new\" \/>\n<!-- \/ Yoast SEO plugin. -->","yoast_head_json":{"title":"Premium Microphone Arm - OPLITE","robots":{"index":"index","follow":"follow","max-snippet":"max-snippet:-1","max-image-preview":"max-image-preview:large","max-video-preview":"max-video-preview:-1"},"canonical":"https:\/\/oplitegames.com\/it\/prodotto\/premium-microphone-arm\/","og_locale":"it_IT","og_type":"article","og_title":"Premium Microphone Arm - OPLITE","og_description":"\u00c8 arrivato il momento di vivere esperienze pi\u00f9 coinvolgenti liberando spazio sulla scrivania! Esperta nella progettazione di prodotti ergonomici per l'ufficio e il gioco, OPLITE presenta il suo nuovo braccio microfonico, l'OP-PMA.","og_url":"https:\/\/oplitegames.com\/it\/prodotto\/premium-microphone-arm\/","og_site_name":"OPLITE","article_modified_time":"2026-01-20T09:43:14+00:00","og_image":[{"width":1000,"height":1000,"url":"https:\/\/oplitegames.com\/wp-content\/uploads\/OP-PMA_1.png","type":"image\/png"}],"twitter_card":"summary_large_image","twitter_misc":{"Price":"79,90&nbsp;&euro;","Availability":"In stock"},"schema":{"@context":"https:\/\/schema.org","@graph":[{"@type":["WebPage","ItemPage"],"@id":"https:\/\/oplitegames.com\/it\/prodotto\/premium-microphone-arm\/","url":"https:\/\/oplitegames.com\/it\/prodotto\/premium-microphone-arm\/","name":"Premium Microphone Arm - OPLITE","isPartOf":{"@id":"https:\/\/oplitegames.com\/#website"},"primaryImageOfPage":{"@id":"https:\/\/oplitegames.com\/it\/prodotto\/premium-microphone-arm\/#primaryimage"},"image":{"@id":"https:\/\/oplitegames.com\/it\/prodotto\/premium-microphone-arm\/#primaryimage"},"thumbnailUrl":"https:\/\/oplitegames-preprod.ezratis.fr\/wp-content\/uploads\/OP-PMA_1.png","datePublished":"2023-05-25T15:11:30+00:00","dateModified":"2026-01-20T09:43:14+00:00","breadcrumb":{"@id":"https:\/\/oplitegames.com\/it\/prodotto\/premium-microphone-arm\/#breadcrumb"},"inLanguage":"it-IT","potentialAction":[{"@type":"ReadAction","target":["https:\/\/oplitegames.com\/it\/prodotto\/premium-microphone-arm\/"]}]},{"@type":"ImageObject","inLanguage":"it-IT","@id":"https:\/\/oplitegames.com\/it\/prodotto\/premium-microphone-arm\/#primaryimage","url":"https:\/\/oplitegames-preprod.ezratis.fr\/wp-content\/uploads\/OP-PMA_1.png","contentUrl":"https:\/\/oplitegames-preprod.ezratis.fr\/wp-content\/uploads\/OP-PMA_1.png","width":1000,"height":1000},{"@type":"BreadcrumbList","@id":"https:\/\/oplitegames.com\/it\/prodotto\/premium-microphone-arm\/#breadcrumb","itemListElement":[{"@type":"ListItem","position":1,"name":"Home","item":"https:\/\/oplitegames.com\/it\/oplite-gaming\/"},{"@type":"ListItem","position":2,"name":"Negozio","item":"https:\/\/oplitegames.com\/it\/negozio\/"},{"@type":"ListItem","position":3,"name":"Premium Microphone Arm"}]},{"@type":"WebSite","@id":"https:\/\/oplitegames.com\/#website","url":"https:\/\/oplitegames.com\/","name":"OPLITE","description":"","publisher":{"@id":"https:\/\/oplitegames.com\/#organization"},"potentialAction":[{"@type":"SearchAction","target":{"@type":"EntryPoint","urlTemplate":"https:\/\/oplitegames.com\/?s={search_term_string}"},"query-input":{"@type":"PropertyValueSpecification","valueRequired":true,"valueName":"search_term_string"}}],"inLanguage":"it-IT"},{"@type":"Organization","@id":"https:\/\/oplitegames.com\/#organization","name":"OPLITE","url":"https:\/\/oplitegames.com\/","logo":{"@type":"ImageObject","inLanguage":"it-IT","@id":"https:\/\/oplitegames.com\/#\/schema\/logo\/image\/","url":"https:\/\/oplitegames-preprod.ezratis.fr\/wp-content\/uploads\/cropped-cropped-Oplite-Blanc-casse-002-scaled-1.png","contentUrl":"https:\/\/oplitegames-preprod.ezratis.fr\/wp-content\/uploads\/cropped-cropped-Oplite-Blanc-casse-002-scaled-1.png","width":2509,"height":597,"caption":"OPLITE"},"image":{"@id":"https:\/\/oplitegames.com\/#\/schema\/logo\/image\/"}}]},"product_price_amount":"79.90","product_price_currency":"EUR","og_availability":"instock","product_availability":"instock","product_retailer_item_id":"96450","product_condition":"new"},"_links":{"self":[{"href":"https:\/\/oplitegames-preprod.ezratis.fr\/it\/wp-json\/wp\/v2\/product\/29532","targetHints":{"allow":["GET"]}}],"collection":[{"href":"https:\/\/oplitegames-preprod.ezratis.fr\/it\/wp-json\/wp\/v2\/product"}],"about":[{"href":"https:\/\/oplitegames-preprod.ezratis.fr\/it\/wp-json\/wp\/v2\/types\/product"}],"version-history":[{"count":3,"href":"https:\/\/oplitegames-preprod.ezratis.fr\/it\/wp-json\/wp\/v2\/product\/29532\/revisions"}],"predecessor-version":[{"id":31691,"href":"https:\/\/oplitegames-preprod.ezratis.fr\/it\/wp-json\/wp\/v2\/product\/29532\/revisions\/31691"}],"wp:featuredmedia":[{"embeddable":true,"href":"https:\/\/oplitegames-preprod.ezratis.fr\/it\/wp-json\/wp\/v2\/media\/29073"}],"wp:attachment":[{"href":"https:\/\/oplitegames-preprod.ezratis.fr\/it\/wp-json\/wp\/v2\/media?parent=29532"}],"wp:term":[{"taxonomy":"product_brand","embeddable":true,"href":"https:\/\/oplitegames-preprod.ezratis.fr\/it\/wp-json\/wp\/v2\/product_brand?post=29532"},{"taxonomy":"product_cat","embeddable":true,"href":"https:\/\/oplitegames-preprod.ezratis.fr\/it\/wp-json\/wp\/v2\/product_cat?post=29532"},{"taxonomy":"product_tag","embeddable":true,"href":"https:\/\/oplitegames-preprod.ezratis.fr\/it\/wp-json\/wp\/v2\/product_tag?post=29532"}],"curies":[{"name":"wp","href":"https:\/\/api.w.org\/{rel}","templated":true}]}}