{"id":29992,"date":"2023-05-25T17:11:37","date_gmt":"2023-05-25T15:11:37","guid":{"rendered":"https:\/\/oplitegames.com\/product\/gtr-s3-dd-and-yoke-holder\/"},"modified":"2025-10-08T14:26:54","modified_gmt":"2025-10-08T12:26:54","slug":"gtr-s3-dd-and-yoke-holder","status":"publish","type":"product","link":"https:\/\/oplitegames-preprod.ezratis.fr\/it\/prodotto\/gtr-s3-dd-and-yoke-holder\/","title":{"rendered":"GTR S3\/S8 DD e supporto per forcella"},"content":{"rendered":"<p><span style=\"text-decoration: underline;\"><strong>Compatibilit\u00e0 degli accessori Simracing* :<\/strong><\/span><br \/>\nAzionamento diretto Logitech, Cammus, MOZA, SIMCUBE<br \/>\nVolante &#8211; Logitech G920, G29, G27, G25, Thrustmaster T-GT, TS-PC Racer, TS-XW Racer, T500RS, T300RS, TX Racing Wheel Ferrari 458 Italia Edition, Fanatec CSL Elite, ClubSport Wheel V1, V2, V2.5, Porsche GT2\/GT3, CSR e CSR Elite<\/p>\n<p><span style=\"text-decoration: underline;\"><strong>Compatibilit\u00e0 accessori Flightsim* :<\/strong><\/span><br \/>\nSupporto 100% compatibile con le periferiche yoke di Logitech e Turtle Beach.<\/p>\n<p><span style=\"text-decoration: underline;\"><strong>Specifiche tecniche :<\/strong><\/span><br \/>\nPiastra in acciaio al carbonio di 3 mm di spessore<br \/>\nVernice: nero opaco, alta resistenza<\/p>\n<p><span style=\"text-decoration: underline;\"><strong>Contenuto della scatola :<\/strong><\/span><br \/>\nAzionamento diretto e supporto Yoke<br \/>\nKit di viti per il montaggio su OP-GTR-RC \/ OP-GTR-EY \/ OP-GTR-ER<\/p>\n<p><span style=\"text-decoration: underline;\"><strong>Compatibilit\u00e0 con i prodotti OPLITE :<\/strong><\/span><br \/>\nOPLITE GTR\/ GTR S3 \/ S3 Elite (OP-GTR-RC \/ OP-GTR-EY \/ OP-GTR-ER)<\/p>\n<p><small>*Per garantire la massima compatibilit\u00e0 con alcuni dispositivi, potrebbero essere necessari piccoli adattamenti. Nessuna preoccupazione: la qualit\u00e0 e la garanzia del prodotto non ne risentono.<\/small><\/p>\n","protected":false},"excerpt":{"rendered":"<p>Il supporto per Direct Drive e Yoke \u00e8 stato progettato per gli appassionati di SIMRACING e FLIGHTSIM pi\u00f9 esigenti. Questo supporto pu\u00f2 contenere i volanti Direct Drive dei principali produttori (Logitech, Cammus, MOZA, SIMCUBE) e gli Yoke di Logitech e Turtle Beach. Per garantire una perfetta ergonomia della cabina di pilotaggio, questo supporto \u00e8 rialzato di 2 cm per accogliere le periferiche (volante e yoke). Su entrambi i lati del supporto sono presenti una serie di fori da 8 mm che consentono di fissare le future attrezzature OPLITE o DYI. Realizzato al 100% in acciaio al carbonio, la sua rigidit\u00e0 gli consente di resistere a movimenti improvvisi e ripetitivi mantenendo un elevato livello di stabilit\u00e0.<\/p>\n","protected":false},"featured_media":30424,"template":"","meta":{"_acf_changed":false,"footnotes":""},"product_brand":[],"product_cat":[780],"product_tag":[758],"class_list":{"0":"post-29992","1":"product","2":"type-product","3":"status-publish","4":"has-post-thumbnail","6":"product_cat-uncategorized-it","7":"product_tag-oplite-gaming-it","8":"pa_colisage-pcb-6-it","10":"first","11":"outofstock","12":"taxable","13":"shipping-taxable","14":"purchasable","15":"product-type-simple"},"bundled_by":[],"bundle_stock_status":"outofstock","bundle_stock_quantity":0,"bundle_virtual":false,"bundle_layout":"","bundle_add_to_cart_form_location":"","bundle_editable_in_cart":false,"bundle_sold_individually_context":"","bundle_item_grouping":"","bundle_min_size":"","bundle_max_size":"","bundle_price":[],"bundled_items":[],"bundle_sell_ids":[],"acf":[],"yoast_head":"<!-- This site is optimized with the Yoast SEO plugin v27.3 - https:\/\/yoast.com\/product\/yoast-seo-wordpress\/ -->\n<title>GTR S3\/S8 DD e supporto per forcella - OPLITE<\/title>\n<meta name=\"robots\" content=\"index, follow, max-snippet:-1, max-image-preview:large, max-video-preview:-1\" \/>\n<link rel=\"canonical\" href=\"https:\/\/oplitegames.com\/it\/prodotto\/gtr-s3-dd-and-yoke-holder\/\" \/>\n<meta property=\"og:locale\" content=\"it_IT\" \/>\n<meta property=\"og:type\" content=\"article\" \/>\n<meta property=\"og:title\" content=\"GTR S3\/S8 DD e supporto per forcella - OPLITE\" \/>\n<meta property=\"og:description\" content=\"Il supporto per Direct Drive e Yoke \u00e8 stato progettato per gli appassionati di SIMRACING e FLIGHTSIM pi\u00f9 esigenti. Questo supporto pu\u00f2 contenere i volanti Direct Drive dei principali produttori (Logitech, Cammus, MOZA, SIMCUBE) e gli Yoke di Logitech e Turtle Beach. Per garantire una perfetta ergonomia della cabina di pilotaggio, questo supporto \u00e8 rialzato di 2 cm per accogliere le periferiche (volante e yoke). Su entrambi i lati del supporto sono presenti una serie di fori da 8 mm che consentono di fissare le future attrezzature OPLITE o DYI. Realizzato al 100% in acciaio al carbonio, la sua rigidit\u00e0 gli consente di resistere a movimenti improvvisi e ripetitivi mantenendo un elevato livello di stabilit\u00e0.\" \/>\n<meta property=\"og:url\" content=\"https:\/\/oplitegames.com\/it\/prodotto\/gtr-s3-dd-and-yoke-holder\/\" \/>\n<meta property=\"og:site_name\" content=\"OPLITE\" \/>\n<meta property=\"article:modified_time\" content=\"2025-10-08T12:26:54+00:00\" \/>\n<meta property=\"og:image\" content=\"https:\/\/oplitegames.com\/wp-content\/uploads\/OP-GTR-FSD_1-1.png\" \/>\n\t<meta property=\"og:image:width\" content=\"1000\" \/>\n\t<meta property=\"og:image:height\" content=\"1000\" \/>\n\t<meta property=\"og:image:type\" content=\"image\/png\" \/>\n<meta name=\"twitter:card\" content=\"summary_large_image\" \/>\n<meta name=\"twitter:label1\" content=\"Price\" \/>\n\t<meta name=\"twitter:data1\" content=\"49,90&nbsp;&euro;\" \/>\n\t<meta name=\"twitter:label2\" content=\"Availability\" \/>\n\t<meta name=\"twitter:data2\" content=\"Out of stock\" \/>\n<script type=\"application\/ld+json\" class=\"yoast-schema-graph\">{\"@context\":\"https:\\\/\\\/schema.org\",\"@graph\":[{\"@type\":[\"WebPage\",\"ItemPage\"],\"@id\":\"https:\\\/\\\/oplitegames.com\\\/it\\\/prodotto\\\/gtr-s3-dd-and-yoke-holder\\\/\",\"url\":\"https:\\\/\\\/oplitegames.com\\\/it\\\/prodotto\\\/gtr-s3-dd-and-yoke-holder\\\/\",\"name\":\"GTR S3\\\/S8 DD e supporto per forcella - OPLITE\",\"isPartOf\":{\"@id\":\"https:\\\/\\\/oplitegames.com\\\/#website\"},\"primaryImageOfPage\":{\"@id\":\"https:\\\/\\\/oplitegames.com\\\/it\\\/prodotto\\\/gtr-s3-dd-and-yoke-holder\\\/#primaryimage\"},\"image\":{\"@id\":\"https:\\\/\\\/oplitegames.com\\\/it\\\/prodotto\\\/gtr-s3-dd-and-yoke-holder\\\/#primaryimage\"},\"thumbnailUrl\":\"https:\\\/\\\/oplitegames-preprod.ezratis.fr\\\/wp-content\\\/uploads\\\/OP-GTR-FSD_1-1.png\",\"datePublished\":\"2023-05-25T15:11:37+00:00\",\"dateModified\":\"2025-10-08T12:26:54+00:00\",\"breadcrumb\":{\"@id\":\"https:\\\/\\\/oplitegames.com\\\/it\\\/prodotto\\\/gtr-s3-dd-and-yoke-holder\\\/#breadcrumb\"},\"inLanguage\":\"it-IT\",\"potentialAction\":[{\"@type\":\"ReadAction\",\"target\":[\"https:\\\/\\\/oplitegames.com\\\/it\\\/prodotto\\\/gtr-s3-dd-and-yoke-holder\\\/\"]}]},{\"@type\":\"ImageObject\",\"inLanguage\":\"it-IT\",\"@id\":\"https:\\\/\\\/oplitegames.com\\\/it\\\/prodotto\\\/gtr-s3-dd-and-yoke-holder\\\/#primaryimage\",\"url\":\"https:\\\/\\\/oplitegames-preprod.ezratis.fr\\\/wp-content\\\/uploads\\\/OP-GTR-FSD_1-1.png\",\"contentUrl\":\"https:\\\/\\\/oplitegames-preprod.ezratis.fr\\\/wp-content\\\/uploads\\\/OP-GTR-FSD_1-1.png\",\"width\":1000,\"height\":1000},{\"@type\":\"BreadcrumbList\",\"@id\":\"https:\\\/\\\/oplitegames.com\\\/it\\\/prodotto\\\/gtr-s3-dd-and-yoke-holder\\\/#breadcrumb\",\"itemListElement\":[{\"@type\":\"ListItem\",\"position\":1,\"name\":\"Home\",\"item\":\"https:\\\/\\\/oplitegames.com\\\/it\\\/oplite-gaming\\\/\"},{\"@type\":\"ListItem\",\"position\":2,\"name\":\"Negozio\",\"item\":\"https:\\\/\\\/oplitegames.com\\\/it\\\/negozio\\\/\"},{\"@type\":\"ListItem\",\"position\":3,\"name\":\"GTR S3\\\/S8 DD e supporto per forcella\"}]},{\"@type\":\"WebSite\",\"@id\":\"https:\\\/\\\/oplitegames.com\\\/#website\",\"url\":\"https:\\\/\\\/oplitegames.com\\\/\",\"name\":\"OPLITE\",\"description\":\"\",\"publisher\":{\"@id\":\"https:\\\/\\\/oplitegames.com\\\/#organization\"},\"potentialAction\":[{\"@type\":\"SearchAction\",\"target\":{\"@type\":\"EntryPoint\",\"urlTemplate\":\"https:\\\/\\\/oplitegames.com\\\/?s={search_term_string}\"},\"query-input\":{\"@type\":\"PropertyValueSpecification\",\"valueRequired\":true,\"valueName\":\"search_term_string\"}}],\"inLanguage\":\"it-IT\"},{\"@type\":\"Organization\",\"@id\":\"https:\\\/\\\/oplitegames.com\\\/#organization\",\"name\":\"OPLITE\",\"url\":\"https:\\\/\\\/oplitegames.com\\\/\",\"logo\":{\"@type\":\"ImageObject\",\"inLanguage\":\"it-IT\",\"@id\":\"https:\\\/\\\/oplitegames.com\\\/#\\\/schema\\\/logo\\\/image\\\/\",\"url\":\"https:\\\/\\\/oplitegames-preprod.ezratis.fr\\\/wp-content\\\/uploads\\\/cropped-cropped-Oplite-Blanc-casse-002-scaled-1.png\",\"contentUrl\":\"https:\\\/\\\/oplitegames-preprod.ezratis.fr\\\/wp-content\\\/uploads\\\/cropped-cropped-Oplite-Blanc-casse-002-scaled-1.png\",\"width\":2509,\"height\":597,\"caption\":\"OPLITE\"},\"image\":{\"@id\":\"https:\\\/\\\/oplitegames.com\\\/#\\\/schema\\\/logo\\\/image\\\/\"}}]}<\/script>\n<meta property=\"product:price:amount\" content=\"49.90\" \/>\n<meta property=\"product:price:currency\" content=\"EUR\" \/>\n<meta property=\"og:availability\" content=\"out of stock\" \/>\n<meta property=\"product:availability\" content=\"out of stock\" \/>\n<meta property=\"product:retailer_item_id\" content=\"96458\" \/>\n<meta property=\"product:condition\" content=\"new\" \/>\n<!-- \/ Yoast SEO plugin. -->","yoast_head_json":{"title":"GTR S3\/S8 DD e supporto per forcella - OPLITE","robots":{"index":"index","follow":"follow","max-snippet":"max-snippet:-1","max-image-preview":"max-image-preview:large","max-video-preview":"max-video-preview:-1"},"canonical":"https:\/\/oplitegames.com\/it\/prodotto\/gtr-s3-dd-and-yoke-holder\/","og_locale":"it_IT","og_type":"article","og_title":"GTR S3\/S8 DD e supporto per forcella - OPLITE","og_description":"Il supporto per Direct Drive e Yoke \u00e8 stato progettato per gli appassionati di SIMRACING e FLIGHTSIM pi\u00f9 esigenti. Questo supporto pu\u00f2 contenere i volanti Direct Drive dei principali produttori (Logitech, Cammus, MOZA, SIMCUBE) e gli Yoke di Logitech e Turtle Beach. Per garantire una perfetta ergonomia della cabina di pilotaggio, questo supporto \u00e8 rialzato di 2 cm per accogliere le periferiche (volante e yoke). Su entrambi i lati del supporto sono presenti una serie di fori da 8 mm che consentono di fissare le future attrezzature OPLITE o DYI. Realizzato al 100% in acciaio al carbonio, la sua rigidit\u00e0 gli consente di resistere a movimenti improvvisi e ripetitivi mantenendo un elevato livello di stabilit\u00e0.","og_url":"https:\/\/oplitegames.com\/it\/prodotto\/gtr-s3-dd-and-yoke-holder\/","og_site_name":"OPLITE","article_modified_time":"2025-10-08T12:26:54+00:00","og_image":[{"width":1000,"height":1000,"url":"https:\/\/oplitegames.com\/wp-content\/uploads\/OP-GTR-FSD_1-1.png","type":"image\/png"}],"twitter_card":"summary_large_image","twitter_misc":{"Price":"49,90&nbsp;&euro;","Availability":"Out of stock"},"schema":{"@context":"https:\/\/schema.org","@graph":[{"@type":["WebPage","ItemPage"],"@id":"https:\/\/oplitegames.com\/it\/prodotto\/gtr-s3-dd-and-yoke-holder\/","url":"https:\/\/oplitegames.com\/it\/prodotto\/gtr-s3-dd-and-yoke-holder\/","name":"GTR S3\/S8 DD e supporto per forcella - OPLITE","isPartOf":{"@id":"https:\/\/oplitegames.com\/#website"},"primaryImageOfPage":{"@id":"https:\/\/oplitegames.com\/it\/prodotto\/gtr-s3-dd-and-yoke-holder\/#primaryimage"},"image":{"@id":"https:\/\/oplitegames.com\/it\/prodotto\/gtr-s3-dd-and-yoke-holder\/#primaryimage"},"thumbnailUrl":"https:\/\/oplitegames-preprod.ezratis.fr\/wp-content\/uploads\/OP-GTR-FSD_1-1.png","datePublished":"2023-05-25T15:11:37+00:00","dateModified":"2025-10-08T12:26:54+00:00","breadcrumb":{"@id":"https:\/\/oplitegames.com\/it\/prodotto\/gtr-s3-dd-and-yoke-holder\/#breadcrumb"},"inLanguage":"it-IT","potentialAction":[{"@type":"ReadAction","target":["https:\/\/oplitegames.com\/it\/prodotto\/gtr-s3-dd-and-yoke-holder\/"]}]},{"@type":"ImageObject","inLanguage":"it-IT","@id":"https:\/\/oplitegames.com\/it\/prodotto\/gtr-s3-dd-and-yoke-holder\/#primaryimage","url":"https:\/\/oplitegames-preprod.ezratis.fr\/wp-content\/uploads\/OP-GTR-FSD_1-1.png","contentUrl":"https:\/\/oplitegames-preprod.ezratis.fr\/wp-content\/uploads\/OP-GTR-FSD_1-1.png","width":1000,"height":1000},{"@type":"BreadcrumbList","@id":"https:\/\/oplitegames.com\/it\/prodotto\/gtr-s3-dd-and-yoke-holder\/#breadcrumb","itemListElement":[{"@type":"ListItem","position":1,"name":"Home","item":"https:\/\/oplitegames.com\/it\/oplite-gaming\/"},{"@type":"ListItem","position":2,"name":"Negozio","item":"https:\/\/oplitegames.com\/it\/negozio\/"},{"@type":"ListItem","position":3,"name":"GTR S3\/S8 DD e supporto per forcella"}]},{"@type":"WebSite","@id":"https:\/\/oplitegames.com\/#website","url":"https:\/\/oplitegames.com\/","name":"OPLITE","description":"","publisher":{"@id":"https:\/\/oplitegames.com\/#organization"},"potentialAction":[{"@type":"SearchAction","target":{"@type":"EntryPoint","urlTemplate":"https:\/\/oplitegames.com\/?s={search_term_string}"},"query-input":{"@type":"PropertyValueSpecification","valueRequired":true,"valueName":"search_term_string"}}],"inLanguage":"it-IT"},{"@type":"Organization","@id":"https:\/\/oplitegames.com\/#organization","name":"OPLITE","url":"https:\/\/oplitegames.com\/","logo":{"@type":"ImageObject","inLanguage":"it-IT","@id":"https:\/\/oplitegames.com\/#\/schema\/logo\/image\/","url":"https:\/\/oplitegames-preprod.ezratis.fr\/wp-content\/uploads\/cropped-cropped-Oplite-Blanc-casse-002-scaled-1.png","contentUrl":"https:\/\/oplitegames-preprod.ezratis.fr\/wp-content\/uploads\/cropped-cropped-Oplite-Blanc-casse-002-scaled-1.png","width":2509,"height":597,"caption":"OPLITE"},"image":{"@id":"https:\/\/oplitegames.com\/#\/schema\/logo\/image\/"}}]},"product_price_amount":"49.90","product_price_currency":"EUR","og_availability":"out of stock","product_availability":"out of stock","product_retailer_item_id":"96458","product_condition":"new"},"_links":{"self":[{"href":"https:\/\/oplitegames-preprod.ezratis.fr\/it\/wp-json\/wp\/v2\/product\/29992","targetHints":{"allow":["GET"]}}],"collection":[{"href":"https:\/\/oplitegames-preprod.ezratis.fr\/it\/wp-json\/wp\/v2\/product"}],"about":[{"href":"https:\/\/oplitegames-preprod.ezratis.fr\/it\/wp-json\/wp\/v2\/types\/product"}],"version-history":[{"count":3,"href":"https:\/\/oplitegames-preprod.ezratis.fr\/it\/wp-json\/wp\/v2\/product\/29992\/revisions"}],"predecessor-version":[{"id":53431,"href":"https:\/\/oplitegames-preprod.ezratis.fr\/it\/wp-json\/wp\/v2\/product\/29992\/revisions\/53431"}],"wp:featuredmedia":[{"embeddable":true,"href":"https:\/\/oplitegames-preprod.ezratis.fr\/it\/wp-json\/wp\/v2\/media\/30424"}],"wp:attachment":[{"href":"https:\/\/oplitegames-preprod.ezratis.fr\/it\/wp-json\/wp\/v2\/media?parent=29992"}],"wp:term":[{"taxonomy":"product_brand","embeddable":true,"href":"https:\/\/oplitegames-preprod.ezratis.fr\/it\/wp-json\/wp\/v2\/product_brand?post=29992"},{"taxonomy":"product_cat","embeddable":true,"href":"https:\/\/oplitegames-preprod.ezratis.fr\/it\/wp-json\/wp\/v2\/product_cat?post=29992"},{"taxonomy":"product_tag","embeddable":true,"href":"https:\/\/oplitegames-preprod.ezratis.fr\/it\/wp-json\/wp\/v2\/product_tag?post=29992"}],"curies":[{"name":"wp","href":"https:\/\/api.w.org\/{rel}","templated":true}]}}