{"id":29997,"date":"2023-05-25T17:11:36","date_gmt":"2023-05-25T15:11:36","guid":{"rendered":"https:\/\/oplitegames.com\/product\/premium-storage-kit-ps5-pc\/"},"modified":"2026-01-20T10:43:47","modified_gmt":"2026-01-20T09:43:47","slug":"premium-storage-kit-ps5-pc","status":"publish","type":"product","link":"https:\/\/oplitegames-preprod.ezratis.fr\/it\/prodotto\/premium-storage-kit-ps5-pc\/","title":{"rendered":"Premium storage kit PS5\/PC"},"content":{"rendered":"<p>Compatibilit\u00e0 del prodotto :<\/p>\n<p>Tutte le scrivanie OPLITE;<\/p>\n<p>Tutte le scrivanie di altri produttori.<\/p>\n","protected":false},"excerpt":{"rendered":"<p>Premium Storage Kits \u00e8 la prima soluzione di stoccaggio di OPLITE per accessori e periferiche per videogiochi.<br \/>\nDesign e funzionalit\u00e0, i Premium Storage Kits sono costituiti da una piastra d&#8217;acciaio perforata con finitura in vernice satinata. Gli altri componenti sono realizzati in plastica in tinta e possono essere posizionati ovunque.<br \/>\nPerfettamente adatto alla maggior parte delle scrivanie e degli scaffali, questo elemento progettato per i videogiocatori trover\u00e0 posto (e utilizzo) anche in un garage, in una lavanderia&#8230;<br \/>\nCon una dimensione ottimale di 420 mm x 477 mm per liberare spazio sulla scrivania o sugli scaffali, questo pannello forato \u00e8 la soluzione ideale per organizzare gli accessori e le periferiche.<br \/>\nL&#8217;unit\u00e0 di scaffalatura si monta facilmente su una scrivania o su uno scaffale utilizzando 2 viti zigrinate (non \u00e8 quindi necessario forare). L&#8217;assemblaggio \u00e8 modulare, per cui \u00e8 possibile spostare i supporti per gli accessori ovunque si desideri.<br \/>\nCapacit\u00e0 di peso: fino a 5 kg, componenti in dotazione: 1 supporto per cuffie, 1 supporto per tazza, 2 supporti per joystick, 2 ganci.<\/p>\n","protected":false},"featured_media":30397,"template":"","meta":{"_acf_changed":false,"footnotes":""},"product_brand":[],"product_cat":[722,717],"product_tag":[758],"class_list":{"0":"post-29997","1":"product","2":"type-product","3":"status-publish","4":"has-post-thumbnail","6":"product_cat-accessori-per-ufficio","7":"product_cat-uffici-streaming","8":"product_tag-oplite-gaming-it","9":"pa_colisage-pcb-4-it","11":"first","12":"instock","13":"taxable","14":"shipping-taxable","15":"purchasable","16":"product-type-simple"},"bundled_by":[],"bundle_stock_status":"instock","bundle_stock_quantity":133,"bundle_virtual":false,"bundle_layout":"","bundle_add_to_cart_form_location":"","bundle_editable_in_cart":false,"bundle_sold_individually_context":"","bundle_item_grouping":"","bundle_min_size":"","bundle_max_size":"","bundle_price":[],"bundled_items":[],"bundle_sell_ids":[],"acf":[],"yoast_head":"<!-- This site is optimized with the Yoast SEO plugin v27.3 - https:\/\/yoast.com\/product\/yoast-seo-wordpress\/ -->\n<title>Premium storage kit PS5\/PC - OPLITE<\/title>\n<meta name=\"robots\" content=\"index, follow, max-snippet:-1, max-image-preview:large, max-video-preview:-1\" \/>\n<link rel=\"canonical\" href=\"https:\/\/oplitegames.com\/it\/prodotto\/premium-storage-kit-ps5-pc\/\" \/>\n<meta property=\"og:locale\" content=\"it_IT\" \/>\n<meta property=\"og:type\" content=\"article\" \/>\n<meta property=\"og:title\" content=\"Premium storage kit PS5\/PC - OPLITE\" \/>\n<meta property=\"og:description\" content=\"Premium Storage Kits \u00e8 la prima soluzione di stoccaggio di OPLITE per accessori e periferiche per videogiochi. Design e funzionalit\u00e0, i Premium Storage Kits sono costituiti da una piastra d&#039;acciaio perforata con finitura in vernice satinata. Gli altri componenti sono realizzati in plastica in tinta e possono essere posizionati ovunque. Perfettamente adatto alla maggior parte delle scrivanie e degli scaffali, questo elemento progettato per i videogiocatori trover\u00e0 posto (e utilizzo) anche in un garage, in una lavanderia... Con una dimensione ottimale di 420 mm x 477 mm per liberare spazio sulla scrivania o sugli scaffali, questo pannello forato \u00e8 la soluzione ideale per organizzare gli accessori e le periferiche. L&#039;unit\u00e0 di scaffalatura si monta facilmente su una scrivania o su uno scaffale utilizzando 2 viti zigrinate (non \u00e8 quindi necessario forare). L&#039;assemblaggio \u00e8 modulare, per cui \u00e8 possibile spostare i supporti per gli accessori ovunque si desideri. Capacit\u00e0 di peso: fino a 5 kg, componenti in dotazione: 1 supporto per cuffie, 1 supporto per tazza, 2 supporti per joystick, 2 ganci.\" \/>\n<meta property=\"og:url\" content=\"https:\/\/oplitegames.com\/it\/prodotto\/premium-storage-kit-ps5-pc\/\" \/>\n<meta property=\"og:site_name\" content=\"OPLITE\" \/>\n<meta property=\"article:modified_time\" content=\"2026-01-20T09:43:47+00:00\" \/>\n<meta property=\"og:image\" content=\"https:\/\/oplitegames.com\/wp-content\/uploads\/OP-BM04-W_1-2.png\" \/>\n\t<meta property=\"og:image:width\" content=\"1000\" \/>\n\t<meta property=\"og:image:height\" content=\"1000\" \/>\n\t<meta property=\"og:image:type\" content=\"image\/png\" \/>\n<meta name=\"twitter:card\" content=\"summary_large_image\" \/>\n<meta name=\"twitter:label1\" content=\"Price\" \/>\n\t<meta name=\"twitter:data1\" content=\"29,90&nbsp;&euro;\" \/>\n\t<meta name=\"twitter:label2\" content=\"Availability\" \/>\n\t<meta name=\"twitter:data2\" content=\"In stock\" \/>\n<script type=\"application\/ld+json\" class=\"yoast-schema-graph\">{\"@context\":\"https:\\\/\\\/schema.org\",\"@graph\":[{\"@type\":[\"WebPage\",\"ItemPage\"],\"@id\":\"https:\\\/\\\/oplitegames.com\\\/it\\\/prodotto\\\/premium-storage-kit-ps5-pc\\\/\",\"url\":\"https:\\\/\\\/oplitegames.com\\\/it\\\/prodotto\\\/premium-storage-kit-ps5-pc\\\/\",\"name\":\"Premium storage kit PS5\\\/PC - OPLITE\",\"isPartOf\":{\"@id\":\"https:\\\/\\\/oplitegames.com\\\/#website\"},\"primaryImageOfPage\":{\"@id\":\"https:\\\/\\\/oplitegames.com\\\/it\\\/prodotto\\\/premium-storage-kit-ps5-pc\\\/#primaryimage\"},\"image\":{\"@id\":\"https:\\\/\\\/oplitegames.com\\\/it\\\/prodotto\\\/premium-storage-kit-ps5-pc\\\/#primaryimage\"},\"thumbnailUrl\":\"https:\\\/\\\/oplitegames-preprod.ezratis.fr\\\/wp-content\\\/uploads\\\/OP-BM04-W_1-2.png\",\"datePublished\":\"2023-05-25T15:11:36+00:00\",\"dateModified\":\"2026-01-20T09:43:47+00:00\",\"breadcrumb\":{\"@id\":\"https:\\\/\\\/oplitegames.com\\\/it\\\/prodotto\\\/premium-storage-kit-ps5-pc\\\/#breadcrumb\"},\"inLanguage\":\"it-IT\",\"potentialAction\":[{\"@type\":\"ReadAction\",\"target\":[\"https:\\\/\\\/oplitegames.com\\\/it\\\/prodotto\\\/premium-storage-kit-ps5-pc\\\/\"]}]},{\"@type\":\"ImageObject\",\"inLanguage\":\"it-IT\",\"@id\":\"https:\\\/\\\/oplitegames.com\\\/it\\\/prodotto\\\/premium-storage-kit-ps5-pc\\\/#primaryimage\",\"url\":\"https:\\\/\\\/oplitegames-preprod.ezratis.fr\\\/wp-content\\\/uploads\\\/OP-BM04-W_1-2.png\",\"contentUrl\":\"https:\\\/\\\/oplitegames-preprod.ezratis.fr\\\/wp-content\\\/uploads\\\/OP-BM04-W_1-2.png\",\"width\":1000,\"height\":1000},{\"@type\":\"BreadcrumbList\",\"@id\":\"https:\\\/\\\/oplitegames.com\\\/it\\\/prodotto\\\/premium-storage-kit-ps5-pc\\\/#breadcrumb\",\"itemListElement\":[{\"@type\":\"ListItem\",\"position\":1,\"name\":\"Home\",\"item\":\"https:\\\/\\\/oplitegames.com\\\/it\\\/oplite-gaming\\\/\"},{\"@type\":\"ListItem\",\"position\":2,\"name\":\"Negozio\",\"item\":\"https:\\\/\\\/oplitegames.com\\\/it\\\/negozio\\\/\"},{\"@type\":\"ListItem\",\"position\":3,\"name\":\"Premium storage kit PS5\\\/PC\"}]},{\"@type\":\"WebSite\",\"@id\":\"https:\\\/\\\/oplitegames.com\\\/#website\",\"url\":\"https:\\\/\\\/oplitegames.com\\\/\",\"name\":\"OPLITE\",\"description\":\"\",\"publisher\":{\"@id\":\"https:\\\/\\\/oplitegames.com\\\/#organization\"},\"potentialAction\":[{\"@type\":\"SearchAction\",\"target\":{\"@type\":\"EntryPoint\",\"urlTemplate\":\"https:\\\/\\\/oplitegames.com\\\/?s={search_term_string}\"},\"query-input\":{\"@type\":\"PropertyValueSpecification\",\"valueRequired\":true,\"valueName\":\"search_term_string\"}}],\"inLanguage\":\"it-IT\"},{\"@type\":\"Organization\",\"@id\":\"https:\\\/\\\/oplitegames.com\\\/#organization\",\"name\":\"OPLITE\",\"url\":\"https:\\\/\\\/oplitegames.com\\\/\",\"logo\":{\"@type\":\"ImageObject\",\"inLanguage\":\"it-IT\",\"@id\":\"https:\\\/\\\/oplitegames.com\\\/#\\\/schema\\\/logo\\\/image\\\/\",\"url\":\"https:\\\/\\\/oplitegames-preprod.ezratis.fr\\\/wp-content\\\/uploads\\\/cropped-cropped-Oplite-Blanc-casse-002-scaled-1.png\",\"contentUrl\":\"https:\\\/\\\/oplitegames-preprod.ezratis.fr\\\/wp-content\\\/uploads\\\/cropped-cropped-Oplite-Blanc-casse-002-scaled-1.png\",\"width\":2509,\"height\":597,\"caption\":\"OPLITE\"},\"image\":{\"@id\":\"https:\\\/\\\/oplitegames.com\\\/#\\\/schema\\\/logo\\\/image\\\/\"}}]}<\/script>\n<meta property=\"product:price:amount\" content=\"29.90\" \/>\n<meta property=\"product:price:currency\" content=\"EUR\" \/>\n<meta property=\"og:availability\" content=\"instock\" \/>\n<meta property=\"product:availability\" content=\"instock\" \/>\n<meta property=\"product:retailer_item_id\" content=\"96457\" \/>\n<meta property=\"product:condition\" content=\"new\" \/>\n<!-- \/ Yoast SEO plugin. -->","yoast_head_json":{"title":"Premium storage kit PS5\/PC - OPLITE","robots":{"index":"index","follow":"follow","max-snippet":"max-snippet:-1","max-image-preview":"max-image-preview:large","max-video-preview":"max-video-preview:-1"},"canonical":"https:\/\/oplitegames.com\/it\/prodotto\/premium-storage-kit-ps5-pc\/","og_locale":"it_IT","og_type":"article","og_title":"Premium storage kit PS5\/PC - OPLITE","og_description":"Premium Storage Kits \u00e8 la prima soluzione di stoccaggio di OPLITE per accessori e periferiche per videogiochi. Design e funzionalit\u00e0, i Premium Storage Kits sono costituiti da una piastra d'acciaio perforata con finitura in vernice satinata. Gli altri componenti sono realizzati in plastica in tinta e possono essere posizionati ovunque. Perfettamente adatto alla maggior parte delle scrivanie e degli scaffali, questo elemento progettato per i videogiocatori trover\u00e0 posto (e utilizzo) anche in un garage, in una lavanderia... Con una dimensione ottimale di 420 mm x 477 mm per liberare spazio sulla scrivania o sugli scaffali, questo pannello forato \u00e8 la soluzione ideale per organizzare gli accessori e le periferiche. L'unit\u00e0 di scaffalatura si monta facilmente su una scrivania o su uno scaffale utilizzando 2 viti zigrinate (non \u00e8 quindi necessario forare). L'assemblaggio \u00e8 modulare, per cui \u00e8 possibile spostare i supporti per gli accessori ovunque si desideri. Capacit\u00e0 di peso: fino a 5 kg, componenti in dotazione: 1 supporto per cuffie, 1 supporto per tazza, 2 supporti per joystick, 2 ganci.","og_url":"https:\/\/oplitegames.com\/it\/prodotto\/premium-storage-kit-ps5-pc\/","og_site_name":"OPLITE","article_modified_time":"2026-01-20T09:43:47+00:00","og_image":[{"width":1000,"height":1000,"url":"https:\/\/oplitegames.com\/wp-content\/uploads\/OP-BM04-W_1-2.png","type":"image\/png"}],"twitter_card":"summary_large_image","twitter_misc":{"Price":"29,90&nbsp;&euro;","Availability":"In stock"},"schema":{"@context":"https:\/\/schema.org","@graph":[{"@type":["WebPage","ItemPage"],"@id":"https:\/\/oplitegames.com\/it\/prodotto\/premium-storage-kit-ps5-pc\/","url":"https:\/\/oplitegames.com\/it\/prodotto\/premium-storage-kit-ps5-pc\/","name":"Premium storage kit PS5\/PC - OPLITE","isPartOf":{"@id":"https:\/\/oplitegames.com\/#website"},"primaryImageOfPage":{"@id":"https:\/\/oplitegames.com\/it\/prodotto\/premium-storage-kit-ps5-pc\/#primaryimage"},"image":{"@id":"https:\/\/oplitegames.com\/it\/prodotto\/premium-storage-kit-ps5-pc\/#primaryimage"},"thumbnailUrl":"https:\/\/oplitegames-preprod.ezratis.fr\/wp-content\/uploads\/OP-BM04-W_1-2.png","datePublished":"2023-05-25T15:11:36+00:00","dateModified":"2026-01-20T09:43:47+00:00","breadcrumb":{"@id":"https:\/\/oplitegames.com\/it\/prodotto\/premium-storage-kit-ps5-pc\/#breadcrumb"},"inLanguage":"it-IT","potentialAction":[{"@type":"ReadAction","target":["https:\/\/oplitegames.com\/it\/prodotto\/premium-storage-kit-ps5-pc\/"]}]},{"@type":"ImageObject","inLanguage":"it-IT","@id":"https:\/\/oplitegames.com\/it\/prodotto\/premium-storage-kit-ps5-pc\/#primaryimage","url":"https:\/\/oplitegames-preprod.ezratis.fr\/wp-content\/uploads\/OP-BM04-W_1-2.png","contentUrl":"https:\/\/oplitegames-preprod.ezratis.fr\/wp-content\/uploads\/OP-BM04-W_1-2.png","width":1000,"height":1000},{"@type":"BreadcrumbList","@id":"https:\/\/oplitegames.com\/it\/prodotto\/premium-storage-kit-ps5-pc\/#breadcrumb","itemListElement":[{"@type":"ListItem","position":1,"name":"Home","item":"https:\/\/oplitegames.com\/it\/oplite-gaming\/"},{"@type":"ListItem","position":2,"name":"Negozio","item":"https:\/\/oplitegames.com\/it\/negozio\/"},{"@type":"ListItem","position":3,"name":"Premium storage kit PS5\/PC"}]},{"@type":"WebSite","@id":"https:\/\/oplitegames.com\/#website","url":"https:\/\/oplitegames.com\/","name":"OPLITE","description":"","publisher":{"@id":"https:\/\/oplitegames.com\/#organization"},"potentialAction":[{"@type":"SearchAction","target":{"@type":"EntryPoint","urlTemplate":"https:\/\/oplitegames.com\/?s={search_term_string}"},"query-input":{"@type":"PropertyValueSpecification","valueRequired":true,"valueName":"search_term_string"}}],"inLanguage":"it-IT"},{"@type":"Organization","@id":"https:\/\/oplitegames.com\/#organization","name":"OPLITE","url":"https:\/\/oplitegames.com\/","logo":{"@type":"ImageObject","inLanguage":"it-IT","@id":"https:\/\/oplitegames.com\/#\/schema\/logo\/image\/","url":"https:\/\/oplitegames-preprod.ezratis.fr\/wp-content\/uploads\/cropped-cropped-Oplite-Blanc-casse-002-scaled-1.png","contentUrl":"https:\/\/oplitegames-preprod.ezratis.fr\/wp-content\/uploads\/cropped-cropped-Oplite-Blanc-casse-002-scaled-1.png","width":2509,"height":597,"caption":"OPLITE"},"image":{"@id":"https:\/\/oplitegames.com\/#\/schema\/logo\/image\/"}}]},"product_price_amount":"29.90","product_price_currency":"EUR","og_availability":"instock","product_availability":"instock","product_retailer_item_id":"96457","product_condition":"new"},"_links":{"self":[{"href":"https:\/\/oplitegames-preprod.ezratis.fr\/it\/wp-json\/wp\/v2\/product\/29997","targetHints":{"allow":["GET"]}}],"collection":[{"href":"https:\/\/oplitegames-preprod.ezratis.fr\/it\/wp-json\/wp\/v2\/product"}],"about":[{"href":"https:\/\/oplitegames-preprod.ezratis.fr\/it\/wp-json\/wp\/v2\/types\/product"}],"version-history":[{"count":1,"href":"https:\/\/oplitegames-preprod.ezratis.fr\/it\/wp-json\/wp\/v2\/product\/29997\/revisions"}],"predecessor-version":[{"id":39279,"href":"https:\/\/oplitegames-preprod.ezratis.fr\/it\/wp-json\/wp\/v2\/product\/29997\/revisions\/39279"}],"wp:featuredmedia":[{"embeddable":true,"href":"https:\/\/oplitegames-preprod.ezratis.fr\/it\/wp-json\/wp\/v2\/media\/30397"}],"wp:attachment":[{"href":"https:\/\/oplitegames-preprod.ezratis.fr\/it\/wp-json\/wp\/v2\/media?parent=29997"}],"wp:term":[{"taxonomy":"product_brand","embeddable":true,"href":"https:\/\/oplitegames-preprod.ezratis.fr\/it\/wp-json\/wp\/v2\/product_brand?post=29997"},{"taxonomy":"product_cat","embeddable":true,"href":"https:\/\/oplitegames-preprod.ezratis.fr\/it\/wp-json\/wp\/v2\/product_cat?post=29997"},{"taxonomy":"product_tag","embeddable":true,"href":"https:\/\/oplitegames-preprod.ezratis.fr\/it\/wp-json\/wp\/v2\/product_tag?post=29997"}],"curies":[{"name":"wp","href":"https:\/\/api.w.org\/{rel}","templated":true}]}}