{"id":31812,"date":"2023-10-18T15:32:11","date_gmt":"2023-10-18T13:32:11","guid":{"rendered":"https:\/\/oplitegames.com\/product\/cockpit-gtr-s8-infinity\/"},"modified":"2025-12-10T22:31:32","modified_gmt":"2025-12-10T21:31:32","slug":"cockpit-gtr-s8-infinity","status":"publish","type":"product","link":"https:\/\/oplitegames-preprod.ezratis.fr\/it\/prodotto\/cockpit-gtr-s8-infinity\/","title":{"rendered":"Cockpit GTR S8 Infinity"},"content":{"rendered":"<p>Il cockpit di simulazione <strong>OPLITE GTR S8 Infinity<\/strong> combina gli ultimi progressi del marchio nella tecnologia di simulazione con un design senza tempo ispirato al mondo delle corse. La sua struttura tubolare in acciaio al carbonio ad alta densit\u00e0 con un diametro di 48 mm garantisce una rigidit\u00e0 ottimale, mentre le piastre di montaggio assicurano la totale compatibilit\u00e0 con le soluzioni di marchi leader come Fanatec\u00ae, Moza\u00ae, Thrustmaster\u00ae, Logitech\u00ae, Turtle Beach\u00ae,Asetek\u00ae o Nacon\u00ae<br \/>\nDotato di un&#8217;ampia gamma di opzioni di regolazione, questo cockpit offre un abitacolo ergonomico adatto a diverse modalit\u00e0 di guida, tra cui GT, Drift, F1 e Rally.<\/p>\n<p><span style=\"text-decoration: underline;\"><strong>Caratteristiche principali:<\/strong><\/span><br \/>\n\u2705 Sedile a secchiello in vera fibra di vetro, montato su slitte, adatto a tutte le taglie da 1m50 a + 2m10 per una capacit\u00e0 di carico fino a 150KG<br \/>\n\u2705 Staffa pedale rinforzata per l&#8217;installazione dei pedali LoadCell, anche in piano.<br \/>\n\u2705 Molteplici regolazioni facili e veloci, grazie all&#8217;uso di manopole a sgancio rapido.<br \/>\n\u2705 Supporto della base dello sterzo regolabile in altezza e inclinazione, compatibile con le tecnologie Force Feedback Direct Drive e Courroie.<br \/>\nViti e inserti filettati in acciaio al nichel di alta qualit\u00e0 provenienti dall&#8217;industria automobilistica.<br \/>\n\u2705 Angoli di irrigidimento nella parte anteriore e posteriore del telaio con scanalature oblunghe di 6 mm di diametro, che consentono l&#8217;installazione di accessori realizzati con la stampa 3D o con altri metodi, in uno spirito &#8221;Do It Yourself&#8221; (DIY).<br \/>\n\u2705 Telaio dotato di otto dadi saldati che possono essere utilizzati per fissare i piedini girevoli Oplite inclusi o il kit di ruote ad alte prestazioni CASTOR WHEEL GTR S8 opzionale.<br \/>\n\u2705 Gli ultimi progressi tecnologici aprono nuove opportunit\u00e0 per la simulazione di volo con l&#8217;aggiunta del FULL FORCE KIT GTR S3\/S8 opzionale e del SIMRACING &amp; FLIGHTSIM HOLDER.<\/p>\n<p><span style=\"text-decoration: underline;\"><strong>Specifiche tecniche :<\/strong><\/span><br \/>\n<strong>Telaio :<\/strong><\/p>\n<ul>\n<li>Struttura tubolare \u00d8 48 mm x 2 mm di spessore<\/li>\n<li>Vernice nera opaca ad alta resistenza per una finitura di alta qualit\u00e0<\/li>\n<\/ul>\n<p><strong>Supporto del volante :<\/strong><\/p>\n<ul>\n<li>Regolazione su\/gi\u00f9 \u00b130<\/li>\n<li>Inclinazione su\/gi\u00f9 \u00b130<\/li>\n<\/ul>\n<p><strong>Supporto pedaliera :<\/strong><\/p>\n<ul>\n<li>Regolazione in profondit\u00e0 Consente la regolazione in avanti\/indietro \u00b1200 mm e l&#8217;inclinazione da 0\u00b0 a +30\u00b0, per adattarsi alla morfologia del corpo.<\/li>\n<\/ul>\n<p><strong>Sedile a secchiello :<\/strong><\/p>\n<ul>\n<li>Profondit\u00e0 regolabile<\/li>\n<li>Altezza e inclinazione avanti\/indietro regolabili da -6\u00b0 a +6\u00b0 e +5\/-5cm<\/li>\n<li>Scocca in poliestere rinforzato con fibra di vetro (GRP), finitura nera satinata.<\/li>\n<li>Rivestimento in microfibra nera Schiuma ad alta densit\u00e0 32Kg\/m3<\/li>\n<li>5 porte per l&#8217;imbracatura \/ Compatibile con imbracature a 3 o 4 punti di ancoraggio<\/li>\n<li>Chiusure a scorrimento per una regolazione di \u00b1220 mm<\/li>\n<\/ul>\n<p><span style=\"text-decoration: underline;\"><strong>Compatibilit\u00e0 del prodotto :<\/strong><\/span><br \/>\n100% Compatibile* con volanti e pedali Thrustmaster\u00ae**, Turtle beach\u00ae, Logitech\u00ae, Moza\u00ae, Fanatec\u00ae e Revosim\u00ae<\/p>\n<p><small>*Per garantire la massima compatibilit\u00e0 con alcuni dispositivi, potrebbero essere necessari piccoli adattamenti. Nessuna preoccupazione: la qualit\u00e0 e la garanzia del prodotto non ne risentono.<br \/>\n**Tutti i prodotti Thrusmaster tranne T150 e TMX<\/small><\/p>\n","protected":false},"excerpt":{"rendered":"<p>Esperta in design ergonomico per l&#8217;ufficio e il gioco, OPLITE presenta il suo ultimo cockpit per la simulazione di corse, il <strong>GTR S8 INFINITY.<\/strong><br \/>\n\u00c8 ora di passare da giocatore a pilota! Correre o volare, scegliete voi! Grazie al simulatore GTR S8 e al suo Eco-System, leader della categoria, tutto diventa possibile !<\/p>\n[embed]https:\/\/www.youtube.com\/watch?v=kygailipLPY&#038;t=33s[\/embed]\n","protected":false},"featured_media":31767,"template":"","meta":{"_acf_changed":false,"footnotes":""},"product_brand":[],"product_cat":[763,730],"product_tag":[758],"class_list":{"0":"post-31812","1":"product","2":"type-product","3":"status-publish","4":"has-post-thumbnail","6":"product_cat-abitacolo-gtr-s8-infinity-it","7":"product_cat-simulatori","8":"product_tag-oplite-gaming-it","9":"pa_colisage-pcb-1-it","11":"first","12":"outofstock","13":"taxable","14":"shipping-taxable","15":"purchasable","16":"product-type-simple"},"bundled_by":[],"bundle_stock_status":"outofstock","bundle_stock_quantity":0,"bundle_virtual":false,"bundle_layout":"","bundle_add_to_cart_form_location":"","bundle_editable_in_cart":false,"bundle_sold_individually_context":"","bundle_item_grouping":"","bundle_min_size":"","bundle_max_size":"","bundle_price":[],"bundled_items":[],"bundle_sell_ids":[],"acf":[],"yoast_head":"<!-- This site is optimized with the Yoast SEO plugin v27.3 - https:\/\/yoast.com\/product\/yoast-seo-wordpress\/ -->\n<title>Cockpit GTR S8 Infinity - OPLITE<\/title>\n<meta name=\"robots\" content=\"index, follow, max-snippet:-1, max-image-preview:large, max-video-preview:-1\" \/>\n<link rel=\"canonical\" href=\"https:\/\/oplitegames.com\/it\/prodotto\/cockpit-gtr-s8-infinity\/\" \/>\n<meta property=\"og:locale\" content=\"it_IT\" \/>\n<meta property=\"og:type\" content=\"article\" \/>\n<meta property=\"og:title\" content=\"Cockpit GTR S8 Infinity - OPLITE\" \/>\n<meta property=\"og:description\" content=\"Esperta in design ergonomico per l&#039;ufficio e il gioco, OPLITE presenta il suo ultimo cockpit per la simulazione di corse, il GTR S8 INFINITY. \u00c8 ora di passare da giocatore a pilota! Correre o volare, scegliete voi! Grazie al simulatore GTR S8 e al suo Eco-System, leader della categoria, tutto diventa possibile !\" \/>\n<meta property=\"og:url\" content=\"https:\/\/oplitegames.com\/it\/prodotto\/cockpit-gtr-s8-infinity\/\" \/>\n<meta property=\"og:site_name\" content=\"OPLITE\" \/>\n<meta property=\"article:modified_time\" content=\"2025-12-10T21:31:32+00:00\" \/>\n<meta property=\"og:image\" content=\"https:\/\/oplitegames.com\/wp-content\/uploads\/Oplite-Cockpit-GTR-S8-INFINITY-OP-GTR-RC-S8-_1.jpg\" \/>\n\t<meta property=\"og:image:width\" content=\"2000\" \/>\n\t<meta property=\"og:image:height\" content=\"2000\" \/>\n\t<meta property=\"og:image:type\" content=\"image\/jpeg\" \/>\n<meta name=\"twitter:card\" content=\"summary_large_image\" \/>\n<meta name=\"twitter:label1\" content=\"Price\" \/>\n\t<meta name=\"twitter:data1\" content=\"499,90&nbsp;&euro;\" \/>\n\t<meta name=\"twitter:label2\" content=\"Availability\" \/>\n\t<meta name=\"twitter:data2\" content=\"Out of stock\" \/>\n<script type=\"application\/ld+json\" class=\"yoast-schema-graph\">{\"@context\":\"https:\\\/\\\/schema.org\",\"@graph\":[{\"@type\":[\"WebPage\",\"ItemPage\"],\"@id\":\"https:\\\/\\\/oplitegames.com\\\/it\\\/prodotto\\\/cockpit-gtr-s8-infinity\\\/\",\"url\":\"https:\\\/\\\/oplitegames.com\\\/it\\\/prodotto\\\/cockpit-gtr-s8-infinity\\\/\",\"name\":\"Cockpit GTR S8 Infinity - OPLITE\",\"isPartOf\":{\"@id\":\"https:\\\/\\\/oplitegames.com\\\/#website\"},\"primaryImageOfPage\":{\"@id\":\"https:\\\/\\\/oplitegames.com\\\/it\\\/prodotto\\\/cockpit-gtr-s8-infinity\\\/#primaryimage\"},\"image\":{\"@id\":\"https:\\\/\\\/oplitegames.com\\\/it\\\/prodotto\\\/cockpit-gtr-s8-infinity\\\/#primaryimage\"},\"thumbnailUrl\":\"https:\\\/\\\/oplitegames-preprod.ezratis.fr\\\/wp-content\\\/uploads\\\/Oplite-Cockpit-GTR-S8-INFINITY-OP-GTR-RC-S8-_1.jpg\",\"datePublished\":\"2023-10-18T13:32:11+00:00\",\"dateModified\":\"2025-12-10T21:31:32+00:00\",\"breadcrumb\":{\"@id\":\"https:\\\/\\\/oplitegames.com\\\/it\\\/prodotto\\\/cockpit-gtr-s8-infinity\\\/#breadcrumb\"},\"inLanguage\":\"it-IT\",\"potentialAction\":[{\"@type\":\"ReadAction\",\"target\":[\"https:\\\/\\\/oplitegames.com\\\/it\\\/prodotto\\\/cockpit-gtr-s8-infinity\\\/\"]}]},{\"@type\":\"ImageObject\",\"inLanguage\":\"it-IT\",\"@id\":\"https:\\\/\\\/oplitegames.com\\\/it\\\/prodotto\\\/cockpit-gtr-s8-infinity\\\/#primaryimage\",\"url\":\"https:\\\/\\\/oplitegames-preprod.ezratis.fr\\\/wp-content\\\/uploads\\\/Oplite-Cockpit-GTR-S8-INFINITY-OP-GTR-RC-S8-_1.jpg\",\"contentUrl\":\"https:\\\/\\\/oplitegames-preprod.ezratis.fr\\\/wp-content\\\/uploads\\\/Oplite-Cockpit-GTR-S8-INFINITY-OP-GTR-RC-S8-_1.jpg\",\"width\":2000,\"height\":2000},{\"@type\":\"BreadcrumbList\",\"@id\":\"https:\\\/\\\/oplitegames.com\\\/it\\\/prodotto\\\/cockpit-gtr-s8-infinity\\\/#breadcrumb\",\"itemListElement\":[{\"@type\":\"ListItem\",\"position\":1,\"name\":\"Home\",\"item\":\"https:\\\/\\\/oplitegames.com\\\/it\\\/oplite-gaming\\\/\"},{\"@type\":\"ListItem\",\"position\":2,\"name\":\"Negozio\",\"item\":\"https:\\\/\\\/oplitegames.com\\\/it\\\/negozio\\\/\"},{\"@type\":\"ListItem\",\"position\":3,\"name\":\"Cockpit GTR S8 Infinity\"}]},{\"@type\":\"WebSite\",\"@id\":\"https:\\\/\\\/oplitegames.com\\\/#website\",\"url\":\"https:\\\/\\\/oplitegames.com\\\/\",\"name\":\"OPLITE\",\"description\":\"\",\"publisher\":{\"@id\":\"https:\\\/\\\/oplitegames.com\\\/#organization\"},\"potentialAction\":[{\"@type\":\"SearchAction\",\"target\":{\"@type\":\"EntryPoint\",\"urlTemplate\":\"https:\\\/\\\/oplitegames.com\\\/?s={search_term_string}\"},\"query-input\":{\"@type\":\"PropertyValueSpecification\",\"valueRequired\":true,\"valueName\":\"search_term_string\"}}],\"inLanguage\":\"it-IT\"},{\"@type\":\"Organization\",\"@id\":\"https:\\\/\\\/oplitegames.com\\\/#organization\",\"name\":\"OPLITE\",\"url\":\"https:\\\/\\\/oplitegames.com\\\/\",\"logo\":{\"@type\":\"ImageObject\",\"inLanguage\":\"it-IT\",\"@id\":\"https:\\\/\\\/oplitegames.com\\\/#\\\/schema\\\/logo\\\/image\\\/\",\"url\":\"https:\\\/\\\/oplitegames-preprod.ezratis.fr\\\/wp-content\\\/uploads\\\/cropped-cropped-Oplite-Blanc-casse-002-scaled-1.png\",\"contentUrl\":\"https:\\\/\\\/oplitegames-preprod.ezratis.fr\\\/wp-content\\\/uploads\\\/cropped-cropped-Oplite-Blanc-casse-002-scaled-1.png\",\"width\":2509,\"height\":597,\"caption\":\"OPLITE\"},\"image\":{\"@id\":\"https:\\\/\\\/oplitegames.com\\\/#\\\/schema\\\/logo\\\/image\\\/\"}}]}<\/script>\n<meta property=\"product:price:amount\" content=\"499.90\" \/>\n<meta property=\"product:price:currency\" content=\"EUR\" \/>\n<meta property=\"og:availability\" content=\"out of stock\" \/>\n<meta property=\"product:availability\" content=\"out of stock\" \/>\n<meta property=\"product:retailer_item_id\" content=\"97249\" \/>\n<meta property=\"product:condition\" content=\"new\" \/>\n<!-- \/ Yoast SEO plugin. -->","yoast_head_json":{"title":"Cockpit GTR S8 Infinity - OPLITE","robots":{"index":"index","follow":"follow","max-snippet":"max-snippet:-1","max-image-preview":"max-image-preview:large","max-video-preview":"max-video-preview:-1"},"canonical":"https:\/\/oplitegames.com\/it\/prodotto\/cockpit-gtr-s8-infinity\/","og_locale":"it_IT","og_type":"article","og_title":"Cockpit GTR S8 Infinity - OPLITE","og_description":"Esperta in design ergonomico per l'ufficio e il gioco, OPLITE presenta il suo ultimo cockpit per la simulazione di corse, il GTR S8 INFINITY. \u00c8 ora di passare da giocatore a pilota! Correre o volare, scegliete voi! Grazie al simulatore GTR S8 e al suo Eco-System, leader della categoria, tutto diventa possibile !","og_url":"https:\/\/oplitegames.com\/it\/prodotto\/cockpit-gtr-s8-infinity\/","og_site_name":"OPLITE","article_modified_time":"2025-12-10T21:31:32+00:00","og_image":[{"width":2000,"height":2000,"url":"https:\/\/oplitegames.com\/wp-content\/uploads\/Oplite-Cockpit-GTR-S8-INFINITY-OP-GTR-RC-S8-_1.jpg","type":"image\/jpeg"}],"twitter_card":"summary_large_image","twitter_misc":{"Price":"499,90&nbsp;&euro;","Availability":"Out of stock"},"schema":{"@context":"https:\/\/schema.org","@graph":[{"@type":["WebPage","ItemPage"],"@id":"https:\/\/oplitegames.com\/it\/prodotto\/cockpit-gtr-s8-infinity\/","url":"https:\/\/oplitegames.com\/it\/prodotto\/cockpit-gtr-s8-infinity\/","name":"Cockpit GTR S8 Infinity - OPLITE","isPartOf":{"@id":"https:\/\/oplitegames.com\/#website"},"primaryImageOfPage":{"@id":"https:\/\/oplitegames.com\/it\/prodotto\/cockpit-gtr-s8-infinity\/#primaryimage"},"image":{"@id":"https:\/\/oplitegames.com\/it\/prodotto\/cockpit-gtr-s8-infinity\/#primaryimage"},"thumbnailUrl":"https:\/\/oplitegames-preprod.ezratis.fr\/wp-content\/uploads\/Oplite-Cockpit-GTR-S8-INFINITY-OP-GTR-RC-S8-_1.jpg","datePublished":"2023-10-18T13:32:11+00:00","dateModified":"2025-12-10T21:31:32+00:00","breadcrumb":{"@id":"https:\/\/oplitegames.com\/it\/prodotto\/cockpit-gtr-s8-infinity\/#breadcrumb"},"inLanguage":"it-IT","potentialAction":[{"@type":"ReadAction","target":["https:\/\/oplitegames.com\/it\/prodotto\/cockpit-gtr-s8-infinity\/"]}]},{"@type":"ImageObject","inLanguage":"it-IT","@id":"https:\/\/oplitegames.com\/it\/prodotto\/cockpit-gtr-s8-infinity\/#primaryimage","url":"https:\/\/oplitegames-preprod.ezratis.fr\/wp-content\/uploads\/Oplite-Cockpit-GTR-S8-INFINITY-OP-GTR-RC-S8-_1.jpg","contentUrl":"https:\/\/oplitegames-preprod.ezratis.fr\/wp-content\/uploads\/Oplite-Cockpit-GTR-S8-INFINITY-OP-GTR-RC-S8-_1.jpg","width":2000,"height":2000},{"@type":"BreadcrumbList","@id":"https:\/\/oplitegames.com\/it\/prodotto\/cockpit-gtr-s8-infinity\/#breadcrumb","itemListElement":[{"@type":"ListItem","position":1,"name":"Home","item":"https:\/\/oplitegames.com\/it\/oplite-gaming\/"},{"@type":"ListItem","position":2,"name":"Negozio","item":"https:\/\/oplitegames.com\/it\/negozio\/"},{"@type":"ListItem","position":3,"name":"Cockpit GTR S8 Infinity"}]},{"@type":"WebSite","@id":"https:\/\/oplitegames.com\/#website","url":"https:\/\/oplitegames.com\/","name":"OPLITE","description":"","publisher":{"@id":"https:\/\/oplitegames.com\/#organization"},"potentialAction":[{"@type":"SearchAction","target":{"@type":"EntryPoint","urlTemplate":"https:\/\/oplitegames.com\/?s={search_term_string}"},"query-input":{"@type":"PropertyValueSpecification","valueRequired":true,"valueName":"search_term_string"}}],"inLanguage":"it-IT"},{"@type":"Organization","@id":"https:\/\/oplitegames.com\/#organization","name":"OPLITE","url":"https:\/\/oplitegames.com\/","logo":{"@type":"ImageObject","inLanguage":"it-IT","@id":"https:\/\/oplitegames.com\/#\/schema\/logo\/image\/","url":"https:\/\/oplitegames-preprod.ezratis.fr\/wp-content\/uploads\/cropped-cropped-Oplite-Blanc-casse-002-scaled-1.png","contentUrl":"https:\/\/oplitegames-preprod.ezratis.fr\/wp-content\/uploads\/cropped-cropped-Oplite-Blanc-casse-002-scaled-1.png","width":2509,"height":597,"caption":"OPLITE"},"image":{"@id":"https:\/\/oplitegames.com\/#\/schema\/logo\/image\/"}}]},"product_price_amount":"499.90","product_price_currency":"EUR","og_availability":"out of stock","product_availability":"out of stock","product_retailer_item_id":"97249","product_condition":"new"},"_links":{"self":[{"href":"https:\/\/oplitegames-preprod.ezratis.fr\/it\/wp-json\/wp\/v2\/product\/31812","targetHints":{"allow":["GET"]}}],"collection":[{"href":"https:\/\/oplitegames-preprod.ezratis.fr\/it\/wp-json\/wp\/v2\/product"}],"about":[{"href":"https:\/\/oplitegames-preprod.ezratis.fr\/it\/wp-json\/wp\/v2\/types\/product"}],"version-history":[{"count":6,"href":"https:\/\/oplitegames-preprod.ezratis.fr\/it\/wp-json\/wp\/v2\/product\/31812\/revisions"}],"predecessor-version":[{"id":60867,"href":"https:\/\/oplitegames-preprod.ezratis.fr\/it\/wp-json\/wp\/v2\/product\/31812\/revisions\/60867"}],"wp:featuredmedia":[{"embeddable":true,"href":"https:\/\/oplitegames-preprod.ezratis.fr\/it\/wp-json\/wp\/v2\/media\/31767"}],"wp:attachment":[{"href":"https:\/\/oplitegames-preprod.ezratis.fr\/it\/wp-json\/wp\/v2\/media?parent=31812"}],"wp:term":[{"taxonomy":"product_brand","embeddable":true,"href":"https:\/\/oplitegames-preprod.ezratis.fr\/it\/wp-json\/wp\/v2\/product_brand?post=31812"},{"taxonomy":"product_cat","embeddable":true,"href":"https:\/\/oplitegames-preprod.ezratis.fr\/it\/wp-json\/wp\/v2\/product_cat?post=31812"},{"taxonomy":"product_tag","embeddable":true,"href":"https:\/\/oplitegames-preprod.ezratis.fr\/it\/wp-json\/wp\/v2\/product_tag?post=31812"}],"curies":[{"name":"wp","href":"https:\/\/api.w.org\/{rel}","templated":true}]}}