{"id":32172,"date":"2023-11-06T14:59:16","date_gmt":"2023-11-06T13:59:16","guid":{"rendered":"https:\/\/oplitegames.com\/?post_type=product&#038;p=32172"},"modified":"2025-12-16T16:24:43","modified_gmt":"2025-12-16T15:24:43","slug":"cockpit-gtr-s8-infinity-force","status":"publish","type":"product","link":"https:\/\/oplitegames-preprod.ezratis.fr\/it\/prodotto\/cockpit-gtr-s8-infinity-force\/","title":{"rendered":"Cockpit GTR S8 Infinity Force"},"content":{"rendered":"<p>Il cockpit di simulazione <strong>OPLITE GTR S8 Infinity Force<\/strong> combina i pi\u00f9 recenti progressi della tecnologia di simulazione del marchio con un design senza tempo ispirato al mondo delle corse.<br \/>\nLa sua struttura tubolare in acciaio al carbonio ad alta densit\u00e0 con un diametro di 48 mm garantisce una rigidit\u00e0 ottimale, mentre le piastre di montaggio assicurano la totale compatibilit\u00e0 con le soluzioni di marchi leader come Fanatec\u00ae, Moza\u00ae, Thrustmaster\u00ae, Logitech\u00ae, Turtle Beach\u00ae, Asetek\u00ae o Nacon\u00ae. Dotato di un&#8217;ampia gamma di opzioni di regolazione, questo cockpit offre un abitacolo ergonomico adatto a diverse modalit\u00e0 di guida, tra cui GT, Drift, F1 e Rally.<\/p>\n<p><strong>Caratteristiche principali:<\/strong><br \/>\n\u2705 Sedile in vera fibra di vetro, montato su pattini, adatto a tutte le taglie da 1m50 a + 2m10 per una capacit\u00e0 di carico fino a 150KG.<br \/>\n\u2705 Supporto pedale rinforzato per l&#8217;installazione di pedali LoadCell, anche piatti.<br \/>\n\u2705 Kit Full Force incluso per una rigidit\u00e0 ottimale e un look aggressivo.<br \/>\n\u2705 Numerose regolazioni facili e veloci, grazie all&#8217;uso di sganci rapidi.<br \/>\n\u2705 Base del volante regolabile in altezza e inclinazione, compatibile con le tecnologie Force Feedback Direct Drive e Courroie.<br \/>\n\u2705 Viti e inserti filettati di alta qualit\u00e0 in acciaio al nichel proveniente dall&#8217;industria automobilistica.<br \/>\n\u2705 Staffe di irrigidimento sulla parte anteriore e posteriore del telaio con scanalature allungate di 6 mm di diametro che consentono l&#8217;installazione di accessori provenienti dalla stampa 3D o da altri metodi fai-da-te.<br \/>\n\u2705 Il telaio \u00e8 dotato di otto dadi saldati che possono essere utilizzati per fissare i piedini girevoli Oplite in dotazione o il set di ruote ad alte prestazioni <strong>CASTOR WHEEL GTR S8<\/strong> opzionale.<br \/>\n\u2705 Gli ultimi progressi tecnologici aprono nuove possibilit\u00e0 di simulazione di volo con il <strong>SIMRACING &amp; FLIGHTSIM HOLDER<\/strong> opzionale.<\/p>\n<p><span style=\"text-decoration: underline;\"><strong>Dati tecnici :<\/strong><\/span><br \/>\n<strong>Telaio :<\/strong><br \/>\no Telaio tubolare \u00d8 48 mm x 2 mm di spessore<br \/>\no Kit completo di forza incluso<br \/>\no Vernice nera opaca ad alta resistenza per una finitura di alta qualit\u00e0<br \/>\n<strong>Supporto del volante :<\/strong><br \/>\no Regolazione su\/gi\u00f9 \u00b130<br \/>\no Inclinazione su\/gi\u00f9 \u00b130<br \/>\n<strong>Supporto pedale :<\/strong><br \/>\no Regolazione della profondit\u00e0 Consente una regolazione in avanti\/indietro di \u00b1200 mm e un&#8217;inclinazione da 0\u00b0 a +30\u00b0 per adattarsi alla morfologia del corpo.<br \/>\n<strong>Sedile a secchiello :<\/strong><br \/>\no Profondit\u00e0 regolabile<br \/>\no Altezza e inclinazione in avanti\/indietro regolabili da -6\u00b0 a +6\u00b0 e +5\/-5cm<br \/>\no Scocca in poliestere rinforzato con fibra di vetro (GRP), finitura nera satinata.<br \/>\no Rivestimento in microfibra nera Schiuma ad alta densit\u00e0 32Kg\/m3<br \/>\no 5 attacchi per l&#8217;imbracatura \/ Compatibile con imbracature a 3 o 4 punti di attacco<br \/>\no Fibbie scorrevoli per una regolazione di \u00b1220 mm.<br \/>\n<span style=\"text-decoration: underline;\"><strong>Compatibilit\u00e0 del prodotto:<\/strong><\/span><br \/>\n100% Compatibile* con volanti e pedali Thrustmaster\u00ae**, Turtle beach\u00ae, Logitech\u00ae, Moza\u00ae, ASETEK\u00ae, Fanatec\u00ae e Revosim\u00ae.<\/p>\n<p><small>*Per garantire la massima compatibilit\u00e0 con alcuni dispositivi, potrebbero essere necessari piccoli adattamenti. Nessuna preoccupazione: la qualit\u00e0 e la garanzia del prodotto non ne risentono.<br \/>\n**Tutti i prodotti Thrusmaster tranne T150 e TMX<\/small><\/p>\n","protected":false},"excerpt":{"rendered":"<p>Esperta nella progettazione di prodotti ergonomici per l&#8217;ufficio e il gioco, OPLITE presenta il suoultimo cockpit per la simulazione di corse, il <strong>GTR S8 INFINITY FORCE<\/strong>.<br \/>\nCon il KIT FUll FORCE incluso, il cockpit GTR S8 \u00e8 pronto a ricevere il SIMRACING &amp;FLIGHTSIM HOLDER. \u00c8 l&#8217;accessorio indispensabile per gli appassionati di corse e di aviazione che vi porter\u00e0 da giocatori a piloti!<\/p>\n[embed]https:\/\/www.youtube.com\/watch?v=kygailipLPY&#038;t=33s[\/embed]\n","protected":false},"featured_media":32128,"template":"","meta":{"_acf_changed":false,"footnotes":""},"product_brand":[],"product_cat":[763,730],"product_tag":[758],"class_list":{"0":"post-32172","1":"product","2":"type-product","3":"status-publish","4":"has-post-thumbnail","6":"product_cat-abitacolo-gtr-s8-infinity-it","7":"product_cat-simulatori","8":"product_tag-oplite-gaming-it","9":"pa_colisage-pcb-1-it","11":"first","12":"outofstock","13":"taxable","14":"shipping-taxable","15":"purchasable","16":"product-type-simple"},"bundled_by":[],"bundle_stock_status":"outofstock","bundle_stock_quantity":0,"bundle_virtual":false,"bundle_layout":"","bundle_add_to_cart_form_location":"","bundle_editable_in_cart":false,"bundle_sold_individually_context":"","bundle_item_grouping":"","bundle_min_size":"","bundle_max_size":"","bundle_price":[],"bundled_items":[],"bundle_sell_ids":[30090],"acf":[],"yoast_head":"<!-- This site is optimized with the Yoast SEO plugin v27.3 - https:\/\/yoast.com\/product\/yoast-seo-wordpress\/ -->\n<title>Cockpit GTR S8 Infinity Force - OPLITE<\/title>\n<meta name=\"robots\" content=\"index, follow, max-snippet:-1, max-image-preview:large, max-video-preview:-1\" \/>\n<link rel=\"canonical\" href=\"https:\/\/oplitegames.com\/it\/prodotto\/cockpit-gtr-s8-infinity-force\/\" \/>\n<meta property=\"og:locale\" content=\"it_IT\" \/>\n<meta property=\"og:type\" content=\"article\" \/>\n<meta property=\"og:title\" content=\"Cockpit GTR S8 Infinity Force - OPLITE\" \/>\n<meta property=\"og:description\" content=\"Esperta nella progettazione di prodotti ergonomici per l&#039;ufficio e il gioco, OPLITE presenta il suoultimo cockpit per la simulazione di corse, il GTR S8 INFINITY FORCE. Con il KIT FUll FORCE incluso, il cockpit GTR S8 \u00e8 pronto a ricevere il SIMRACING &amp;FLIGHTSIM HOLDER. \u00c8 l&#039;accessorio indispensabile per gli appassionati di corse e di aviazione che vi porter\u00e0 da giocatori a piloti!\" \/>\n<meta property=\"og:url\" content=\"https:\/\/oplitegames.com\/it\/prodotto\/cockpit-gtr-s8-infinity-force\/\" \/>\n<meta property=\"og:site_name\" content=\"OPLITE\" \/>\n<meta property=\"article:modified_time\" content=\"2025-12-16T15:24:43+00:00\" \/>\n<meta property=\"og:image\" content=\"https:\/\/oplitegames.com\/wp-content\/uploads\/COCKPIT-GTR-S8-INFINITY-FORCE-OP-GTR-S8FF-_1.jpg\" \/>\n\t<meta property=\"og:image:width\" content=\"2000\" \/>\n\t<meta property=\"og:image:height\" content=\"2000\" \/>\n\t<meta property=\"og:image:type\" content=\"image\/jpeg\" \/>\n<meta name=\"twitter:card\" content=\"summary_large_image\" \/>\n<meta name=\"twitter:label1\" content=\"Price\" \/>\n\t<meta name=\"twitter:data1\" content=\"549,90&nbsp;&euro;\" \/>\n\t<meta name=\"twitter:label2\" content=\"Availability\" \/>\n\t<meta name=\"twitter:data2\" content=\"Out of stock\" \/>\n<script type=\"application\/ld+json\" class=\"yoast-schema-graph\">{\"@context\":\"https:\\\/\\\/schema.org\",\"@graph\":[{\"@type\":[\"WebPage\",\"ItemPage\"],\"@id\":\"https:\\\/\\\/oplitegames.com\\\/it\\\/prodotto\\\/cockpit-gtr-s8-infinity-force\\\/\",\"url\":\"https:\\\/\\\/oplitegames.com\\\/it\\\/prodotto\\\/cockpit-gtr-s8-infinity-force\\\/\",\"name\":\"Cockpit GTR S8 Infinity Force - OPLITE\",\"isPartOf\":{\"@id\":\"https:\\\/\\\/oplitegames.com\\\/#website\"},\"primaryImageOfPage\":{\"@id\":\"https:\\\/\\\/oplitegames.com\\\/it\\\/prodotto\\\/cockpit-gtr-s8-infinity-force\\\/#primaryimage\"},\"image\":{\"@id\":\"https:\\\/\\\/oplitegames.com\\\/it\\\/prodotto\\\/cockpit-gtr-s8-infinity-force\\\/#primaryimage\"},\"thumbnailUrl\":\"https:\\\/\\\/oplitegames-preprod.ezratis.fr\\\/wp-content\\\/uploads\\\/COCKPIT-GTR-S8-INFINITY-FORCE-OP-GTR-S8FF-_1.jpg\",\"datePublished\":\"2023-11-06T13:59:16+00:00\",\"dateModified\":\"2025-12-16T15:24:43+00:00\",\"breadcrumb\":{\"@id\":\"https:\\\/\\\/oplitegames.com\\\/it\\\/prodotto\\\/cockpit-gtr-s8-infinity-force\\\/#breadcrumb\"},\"inLanguage\":\"it-IT\",\"potentialAction\":[{\"@type\":\"ReadAction\",\"target\":[\"https:\\\/\\\/oplitegames.com\\\/it\\\/prodotto\\\/cockpit-gtr-s8-infinity-force\\\/\"]}]},{\"@type\":\"ImageObject\",\"inLanguage\":\"it-IT\",\"@id\":\"https:\\\/\\\/oplitegames.com\\\/it\\\/prodotto\\\/cockpit-gtr-s8-infinity-force\\\/#primaryimage\",\"url\":\"https:\\\/\\\/oplitegames-preprod.ezratis.fr\\\/wp-content\\\/uploads\\\/COCKPIT-GTR-S8-INFINITY-FORCE-OP-GTR-S8FF-_1.jpg\",\"contentUrl\":\"https:\\\/\\\/oplitegames-preprod.ezratis.fr\\\/wp-content\\\/uploads\\\/COCKPIT-GTR-S8-INFINITY-FORCE-OP-GTR-S8FF-_1.jpg\",\"width\":2000,\"height\":2000},{\"@type\":\"BreadcrumbList\",\"@id\":\"https:\\\/\\\/oplitegames.com\\\/it\\\/prodotto\\\/cockpit-gtr-s8-infinity-force\\\/#breadcrumb\",\"itemListElement\":[{\"@type\":\"ListItem\",\"position\":1,\"name\":\"Home\",\"item\":\"https:\\\/\\\/oplitegames.com\\\/it\\\/oplite-gaming\\\/\"},{\"@type\":\"ListItem\",\"position\":2,\"name\":\"Negozio\",\"item\":\"https:\\\/\\\/oplitegames.com\\\/it\\\/negozio\\\/\"},{\"@type\":\"ListItem\",\"position\":3,\"name\":\"Cockpit GTR S8 Infinity Force\"}]},{\"@type\":\"WebSite\",\"@id\":\"https:\\\/\\\/oplitegames.com\\\/#website\",\"url\":\"https:\\\/\\\/oplitegames.com\\\/\",\"name\":\"OPLITE\",\"description\":\"\",\"publisher\":{\"@id\":\"https:\\\/\\\/oplitegames.com\\\/#organization\"},\"potentialAction\":[{\"@type\":\"SearchAction\",\"target\":{\"@type\":\"EntryPoint\",\"urlTemplate\":\"https:\\\/\\\/oplitegames.com\\\/?s={search_term_string}\"},\"query-input\":{\"@type\":\"PropertyValueSpecification\",\"valueRequired\":true,\"valueName\":\"search_term_string\"}}],\"inLanguage\":\"it-IT\"},{\"@type\":\"Organization\",\"@id\":\"https:\\\/\\\/oplitegames.com\\\/#organization\",\"name\":\"OPLITE\",\"url\":\"https:\\\/\\\/oplitegames.com\\\/\",\"logo\":{\"@type\":\"ImageObject\",\"inLanguage\":\"it-IT\",\"@id\":\"https:\\\/\\\/oplitegames.com\\\/#\\\/schema\\\/logo\\\/image\\\/\",\"url\":\"https:\\\/\\\/oplitegames-preprod.ezratis.fr\\\/wp-content\\\/uploads\\\/cropped-cropped-Oplite-Blanc-casse-002-scaled-1.png\",\"contentUrl\":\"https:\\\/\\\/oplitegames-preprod.ezratis.fr\\\/wp-content\\\/uploads\\\/cropped-cropped-Oplite-Blanc-casse-002-scaled-1.png\",\"width\":2509,\"height\":597,\"caption\":\"OPLITE\"},\"image\":{\"@id\":\"https:\\\/\\\/oplitegames.com\\\/#\\\/schema\\\/logo\\\/image\\\/\"}}]}<\/script>\n<meta property=\"product:price:amount\" content=\"549.90\" \/>\n<meta property=\"product:price:currency\" content=\"EUR\" \/>\n<meta property=\"og:availability\" content=\"out of stock\" \/>\n<meta property=\"product:availability\" content=\"out of stock\" \/>\n<meta property=\"product:retailer_item_id\" content=\"97528\" \/>\n<meta property=\"product:condition\" content=\"new\" \/>\n<!-- \/ Yoast SEO plugin. -->","yoast_head_json":{"title":"Cockpit GTR S8 Infinity Force - OPLITE","robots":{"index":"index","follow":"follow","max-snippet":"max-snippet:-1","max-image-preview":"max-image-preview:large","max-video-preview":"max-video-preview:-1"},"canonical":"https:\/\/oplitegames.com\/it\/prodotto\/cockpit-gtr-s8-infinity-force\/","og_locale":"it_IT","og_type":"article","og_title":"Cockpit GTR S8 Infinity Force - OPLITE","og_description":"Esperta nella progettazione di prodotti ergonomici per l'ufficio e il gioco, OPLITE presenta il suoultimo cockpit per la simulazione di corse, il GTR S8 INFINITY FORCE. Con il KIT FUll FORCE incluso, il cockpit GTR S8 \u00e8 pronto a ricevere il SIMRACING &amp;FLIGHTSIM HOLDER. \u00c8 l'accessorio indispensabile per gli appassionati di corse e di aviazione che vi porter\u00e0 da giocatori a piloti!","og_url":"https:\/\/oplitegames.com\/it\/prodotto\/cockpit-gtr-s8-infinity-force\/","og_site_name":"OPLITE","article_modified_time":"2025-12-16T15:24:43+00:00","og_image":[{"width":2000,"height":2000,"url":"https:\/\/oplitegames.com\/wp-content\/uploads\/COCKPIT-GTR-S8-INFINITY-FORCE-OP-GTR-S8FF-_1.jpg","type":"image\/jpeg"}],"twitter_card":"summary_large_image","twitter_misc":{"Price":"549,90&nbsp;&euro;","Availability":"Out of stock"},"schema":{"@context":"https:\/\/schema.org","@graph":[{"@type":["WebPage","ItemPage"],"@id":"https:\/\/oplitegames.com\/it\/prodotto\/cockpit-gtr-s8-infinity-force\/","url":"https:\/\/oplitegames.com\/it\/prodotto\/cockpit-gtr-s8-infinity-force\/","name":"Cockpit GTR S8 Infinity Force - OPLITE","isPartOf":{"@id":"https:\/\/oplitegames.com\/#website"},"primaryImageOfPage":{"@id":"https:\/\/oplitegames.com\/it\/prodotto\/cockpit-gtr-s8-infinity-force\/#primaryimage"},"image":{"@id":"https:\/\/oplitegames.com\/it\/prodotto\/cockpit-gtr-s8-infinity-force\/#primaryimage"},"thumbnailUrl":"https:\/\/oplitegames-preprod.ezratis.fr\/wp-content\/uploads\/COCKPIT-GTR-S8-INFINITY-FORCE-OP-GTR-S8FF-_1.jpg","datePublished":"2023-11-06T13:59:16+00:00","dateModified":"2025-12-16T15:24:43+00:00","breadcrumb":{"@id":"https:\/\/oplitegames.com\/it\/prodotto\/cockpit-gtr-s8-infinity-force\/#breadcrumb"},"inLanguage":"it-IT","potentialAction":[{"@type":"ReadAction","target":["https:\/\/oplitegames.com\/it\/prodotto\/cockpit-gtr-s8-infinity-force\/"]}]},{"@type":"ImageObject","inLanguage":"it-IT","@id":"https:\/\/oplitegames.com\/it\/prodotto\/cockpit-gtr-s8-infinity-force\/#primaryimage","url":"https:\/\/oplitegames-preprod.ezratis.fr\/wp-content\/uploads\/COCKPIT-GTR-S8-INFINITY-FORCE-OP-GTR-S8FF-_1.jpg","contentUrl":"https:\/\/oplitegames-preprod.ezratis.fr\/wp-content\/uploads\/COCKPIT-GTR-S8-INFINITY-FORCE-OP-GTR-S8FF-_1.jpg","width":2000,"height":2000},{"@type":"BreadcrumbList","@id":"https:\/\/oplitegames.com\/it\/prodotto\/cockpit-gtr-s8-infinity-force\/#breadcrumb","itemListElement":[{"@type":"ListItem","position":1,"name":"Home","item":"https:\/\/oplitegames.com\/it\/oplite-gaming\/"},{"@type":"ListItem","position":2,"name":"Negozio","item":"https:\/\/oplitegames.com\/it\/negozio\/"},{"@type":"ListItem","position":3,"name":"Cockpit GTR S8 Infinity Force"}]},{"@type":"WebSite","@id":"https:\/\/oplitegames.com\/#website","url":"https:\/\/oplitegames.com\/","name":"OPLITE","description":"","publisher":{"@id":"https:\/\/oplitegames.com\/#organization"},"potentialAction":[{"@type":"SearchAction","target":{"@type":"EntryPoint","urlTemplate":"https:\/\/oplitegames.com\/?s={search_term_string}"},"query-input":{"@type":"PropertyValueSpecification","valueRequired":true,"valueName":"search_term_string"}}],"inLanguage":"it-IT"},{"@type":"Organization","@id":"https:\/\/oplitegames.com\/#organization","name":"OPLITE","url":"https:\/\/oplitegames.com\/","logo":{"@type":"ImageObject","inLanguage":"it-IT","@id":"https:\/\/oplitegames.com\/#\/schema\/logo\/image\/","url":"https:\/\/oplitegames-preprod.ezratis.fr\/wp-content\/uploads\/cropped-cropped-Oplite-Blanc-casse-002-scaled-1.png","contentUrl":"https:\/\/oplitegames-preprod.ezratis.fr\/wp-content\/uploads\/cropped-cropped-Oplite-Blanc-casse-002-scaled-1.png","width":2509,"height":597,"caption":"OPLITE"},"image":{"@id":"https:\/\/oplitegames.com\/#\/schema\/logo\/image\/"}}]},"product_price_amount":"549.90","product_price_currency":"EUR","og_availability":"out of stock","product_availability":"out of stock","product_retailer_item_id":"97528","product_condition":"new"},"_links":{"self":[{"href":"https:\/\/oplitegames-preprod.ezratis.fr\/it\/wp-json\/wp\/v2\/product\/32172","targetHints":{"allow":["GET"]}}],"collection":[{"href":"https:\/\/oplitegames-preprod.ezratis.fr\/it\/wp-json\/wp\/v2\/product"}],"about":[{"href":"https:\/\/oplitegames-preprod.ezratis.fr\/it\/wp-json\/wp\/v2\/types\/product"}],"version-history":[{"count":6,"href":"https:\/\/oplitegames-preprod.ezratis.fr\/it\/wp-json\/wp\/v2\/product\/32172\/revisions"}],"predecessor-version":[{"id":60862,"href":"https:\/\/oplitegames-preprod.ezratis.fr\/it\/wp-json\/wp\/v2\/product\/32172\/revisions\/60862"}],"wp:featuredmedia":[{"embeddable":true,"href":"https:\/\/oplitegames-preprod.ezratis.fr\/it\/wp-json\/wp\/v2\/media\/32128"}],"wp:attachment":[{"href":"https:\/\/oplitegames-preprod.ezratis.fr\/it\/wp-json\/wp\/v2\/media?parent=32172"}],"wp:term":[{"taxonomy":"product_brand","embeddable":true,"href":"https:\/\/oplitegames-preprod.ezratis.fr\/it\/wp-json\/wp\/v2\/product_brand?post=32172"},{"taxonomy":"product_cat","embeddable":true,"href":"https:\/\/oplitegames-preprod.ezratis.fr\/it\/wp-json\/wp\/v2\/product_cat?post=32172"},{"taxonomy":"product_tag","embeddable":true,"href":"https:\/\/oplitegames-preprod.ezratis.fr\/it\/wp-json\/wp\/v2\/product_tag?post=32172"}],"curies":[{"name":"wp","href":"https:\/\/api.w.org\/{rel}","templated":true}]}}