{"id":37801,"date":"2024-09-09T14:48:21","date_gmt":"2024-09-09T12:48:21","guid":{"rendered":"https:\/\/oplitegames.com\/?post_type=product&#038;p=37801"},"modified":"2025-11-17T09:32:42","modified_gmt":"2025-11-17T08:32:42","slug":"cockpit-gtr-s8-elite-force-red","status":"publish","type":"product","link":"https:\/\/oplitegames-preprod.ezratis.fr\/it\/prodotto\/cockpit-gtr-s8-elite-force-red\/","title":{"rendered":"Cockpit GTR S8 Elite Force Red"},"content":{"rendered":"<p>Il cockpit di simulazione del GTR S8 ELITE FORCE combina gli ultimi progressi del marchio nella tecnologia del simracing con un design senza tempo ispirato al mondo delle corse. La sua struttura tubolare in acciaio al carbonio ad alta densit\u00e0 con un diametro di 48 mm garantisce una rigidit\u00e0 ottimale, mentre le piastre di montaggio assicurano la totale compatibilit\u00e0 con le soluzioni di marchi leader come Fanatec\u00ae, Moza\u00ae, Thrustmaster\u00ae, Logitech\u00ae, Turtle Beach\u00ae e Asetek\u00ae. Dotato di un&#8217;ampia gamma di opzioni di regolazione, questo cockpit offre una posizione di guida ergonomica adatta a diverse modalit\u00e0 di guida, tra cui GT, Drift, F1 e Rally.<\/p>\n<p><u><b>Caratteristiche principali <\/b><\/u><\/p>\n<p>\u2705 Kit Full Force incluso per una rigidit\u00e0 ottimale e un look aggressivo.<br \/>\n\u2705 Sedile in vetroresina rivestito in vera pelle scamosciata, montato su slitte, adatto a tutte le dimensioni di carrozzeria da 1,50 m a oltre 2,10 m, con una capacit\u00e0 di carico fino a 150 kg.<br \/>\n\u2705 Logo del marchio inciso al laser sulle staffe della benna.<br \/>\n\u2705 Staffa pedale rinforzata che consente di montare i pedali LoadCell anche in piano.<br \/>\n\u2705 Molteplici impostazioni disponibili, regolazione rapida grazie all&#8217;uso di manopole di serraggio<br \/>\n\u2705 Supporto del volante regolabile in altezza e inclinazione, compatibile con le tecnologie Force Feedback Direct Drive e Courroie.<br \/>\n\u2705 Viti in acciaio al nichel e inserti filettati di alta qualit\u00e0 provenienti dall&#8217;industria automobilistica.<br \/>\n\u2705 Angoli di irrigidimento nella parte anteriore e posteriore del telaio con scanalature oblunghe di 6 mm di diametro, che consentono l&#8217;installazione di accessori realizzati con la stampa 3D o altri metodi, in pieno spirito Do It Yourself (DIY).<br \/>\n\u2705 Telaio dotato di otto dadi saldati che possono essere utilizzati per fissare i piedini girevoli Oplite in dotazione o il kit opzionale di ruote ad alte prestazioni CASTOR WHEEL GTR S8.<br \/>\n\u2705 I pi\u00f9 recenti progressi tecnologici aprono nuove opportunit\u00e0 di simulazione di volo con l&#8217;aggiunta del SIMRACING &amp; FLIGHTSIM HOLDER opzionale.<\/p>\n<p><u><b>Caratteristiche tecniche <\/b><\/u><\/p>\n<p><b>Telaio: <\/b><br \/>\n\u2022 Struttura tubolare di \u00d8 48mm x 2 mm di spessore<br \/>\n\u2022 Kit Full Force incluso<br \/>\n\u2022 Vernice lucida nera e rossa ad alta resistenza per una finitura di alta qualit\u00e0<br \/>\n<b>Supporto volante: <\/b><br \/>\n\u2022 Regolazione su\/gi\u00f9 30\u00b0<br \/>\n\u2022 Inclinazione su\/gi\u00f9 30\u00b0<br \/>\n<b>Supporto pedali: <\/b><br \/>\n\u2022 Regolazione in profondit\u00e0 Consente di regolare la posizione anteriore\/posteriore 200mm e l&#8217;inclinazione da 0\u00b0 a +30\u00b0, per adattarsi alla tua morfologia<br \/>\n<b>Sedile a vasca: <\/b><br \/>\n\u2022 Profondit\u00e0 regolabile<br \/>\n\u2022 Altezza e inclinazione anteriore\/posteriore regolabili da -6\u00b0 a +6\u00b0 e +5\/-5cm<br \/>\n\u2022 Scocca in poliestere rinforzato con fibra di vetro (GRP), finitura nera satinata.<br \/>\n\u2022 Rivestimento in pelle scamosciata e schiuma ad alta densit\u00e0 32Kg\/m3<br \/>\n\u2022 5 passaggi di imbracatura\/ compatibile con imbracature a 3 o 4 punti<br \/>\n\u2022 Fissaggio su guide per una regolazione di 220 mm<br \/>\n<b>Compatibilit\u00e0 prodotto: <\/b><br \/>\n100% compatibile* con volanti e pedali dei marchi Fanatec\u00ae, Moza\u00ae, Thrustmaster\u00ae**, Logitech\u00ae, Turtle Beach\u00ae, Nacon\u00ae, Revosim\u00ae o Asetek\u00ae<\/p>\n<p><small>*Per garantire la massima compatibilit\u00e0 con alcuni dispositivi, potrebbero essere necessari piccoli adattamenti. Nessuna preoccupazione: la qualit\u00e0 e la garanzia del prodotto non ne risentono.<br \/>\n**Tutti i prodotti Thrusmaster tranne T150 e TMX<\/small><\/p>\n","protected":false},"excerpt":{"rendered":"<p>Il cockpit <strong>GTR S8 ELITE FORCE Red<\/strong> \u00e8 la versione premium del famoso GTR S8 Infinity. Ne conserva quindi le stesse caratteristiche tecniche e si distingue per finiture estetiche pi\u00f9 eleganti.<\/p>\n<p>Questi sviluppi includono:<\/p>\n<ul>\n<li>Una vernice bicolore laccato di grande raffinatezza,<\/li>\n<li>Un taglio laser del logo \u00abGTR S8\u00bb sotto il sedile della vasca,<\/li>\n<li>Rivestimento in pelle scamosciata (equivalente ad Alcantara) per la vasca.<\/li>\n<\/ul>\n[embed]https:\/\/www.youtube.com\/watch?v=kygailipLPY&#038;t=33s[\/embed]\n","protected":false},"featured_media":38486,"template":"","meta":{"_acf_changed":false,"footnotes":""},"product_brand":[],"product_cat":[743],"product_tag":[],"class_list":{"0":"post-37801","1":"product","2":"type-product","3":"status-publish","4":"has-post-thumbnail","6":"product_cat-abitacolo-gtr-s8-elite","7":"pa_colisage-pcb-824","8":"pa_colisage-pcb-1-it","10":"first","11":"outofstock","12":"taxable","13":"shipping-taxable","14":"purchasable","15":"product-type-simple"},"bundled_by":[],"bundle_stock_status":"outofstock","bundle_stock_quantity":0,"bundle_virtual":false,"bundle_layout":"","bundle_add_to_cart_form_location":"","bundle_editable_in_cart":false,"bundle_sold_individually_context":"","bundle_item_grouping":"","bundle_min_size":"","bundle_max_size":"","bundle_price":[],"bundled_items":[],"bundle_sell_ids":[],"acf":[],"yoast_head":"<!-- This site is optimized with the Yoast SEO plugin v27.3 - https:\/\/yoast.com\/product\/yoast-seo-wordpress\/ -->\n<title>Cockpit GTR S8 Elite Force Red - OPLITE<\/title>\n<meta name=\"robots\" content=\"index, follow, max-snippet:-1, max-image-preview:large, max-video-preview:-1\" \/>\n<link rel=\"canonical\" href=\"https:\/\/oplitegames.com\/it\/prodotto\/cockpit-gtr-s8-elite-force-red\/\" \/>\n<meta property=\"og:locale\" content=\"it_IT\" \/>\n<meta property=\"og:type\" content=\"article\" \/>\n<meta property=\"og:title\" content=\"Cockpit GTR S8 Elite Force Red - OPLITE\" \/>\n<meta property=\"og:description\" content=\"Il cockpit GTR S8 ELITE FORCE Red \u00e8 la versione premium del famoso GTR S8 Infinity. Ne conserva quindi le stesse caratteristiche tecniche e si distingue per finiture estetiche pi\u00f9 eleganti.  Questi sviluppi includono:   Una vernice bicolore laccato di grande raffinatezza,  Un taglio laser del logo \u00abGTR S8\u00bb sotto il sedile della vasca,  Rivestimento in pelle scamosciata (equivalente ad Alcantara) per la vasca.\" \/>\n<meta property=\"og:url\" content=\"https:\/\/oplitegames.com\/it\/prodotto\/cockpit-gtr-s8-elite-force-red\/\" \/>\n<meta property=\"og:site_name\" content=\"OPLITE\" \/>\n<meta property=\"article:modified_time\" content=\"2025-11-17T08:32:42+00:00\" \/>\n<meta property=\"og:image\" content=\"https:\/\/oplitegames.com\/wp-content\/uploads\/OP-GTR-EFR_1-1.png\" \/>\n\t<meta property=\"og:image:width\" content=\"1000\" \/>\n\t<meta property=\"og:image:height\" content=\"1000\" \/>\n\t<meta property=\"og:image:type\" content=\"image\/png\" \/>\n<meta name=\"twitter:card\" content=\"summary_large_image\" \/>\n<meta name=\"twitter:label1\" content=\"Price\" \/>\n\t<meta name=\"twitter:data1\" content=\"599,90&nbsp;&euro;\" \/>\n\t<meta name=\"twitter:label2\" content=\"Availability\" \/>\n\t<meta name=\"twitter:data2\" content=\"Out of stock\" \/>\n<script type=\"application\/ld+json\" class=\"yoast-schema-graph\">{\"@context\":\"https:\\\/\\\/schema.org\",\"@graph\":[{\"@type\":[\"WebPage\",\"ItemPage\"],\"@id\":\"https:\\\/\\\/oplitegames.com\\\/it\\\/prodotto\\\/cockpit-gtr-s8-elite-force-red\\\/\",\"url\":\"https:\\\/\\\/oplitegames.com\\\/it\\\/prodotto\\\/cockpit-gtr-s8-elite-force-red\\\/\",\"name\":\"Cockpit GTR S8 Elite Force Red - OPLITE\",\"isPartOf\":{\"@id\":\"https:\\\/\\\/oplitegames.com\\\/#website\"},\"primaryImageOfPage\":{\"@id\":\"https:\\\/\\\/oplitegames.com\\\/it\\\/prodotto\\\/cockpit-gtr-s8-elite-force-red\\\/#primaryimage\"},\"image\":{\"@id\":\"https:\\\/\\\/oplitegames.com\\\/it\\\/prodotto\\\/cockpit-gtr-s8-elite-force-red\\\/#primaryimage\"},\"thumbnailUrl\":\"https:\\\/\\\/oplitegames-preprod.ezratis.fr\\\/wp-content\\\/uploads\\\/OP-GTR-EFR_1-1.png\",\"datePublished\":\"2024-09-09T12:48:21+00:00\",\"dateModified\":\"2025-11-17T08:32:42+00:00\",\"breadcrumb\":{\"@id\":\"https:\\\/\\\/oplitegames.com\\\/it\\\/prodotto\\\/cockpit-gtr-s8-elite-force-red\\\/#breadcrumb\"},\"inLanguage\":\"it-IT\",\"potentialAction\":[{\"@type\":\"ReadAction\",\"target\":[\"https:\\\/\\\/oplitegames.com\\\/it\\\/prodotto\\\/cockpit-gtr-s8-elite-force-red\\\/\"]}]},{\"@type\":\"ImageObject\",\"inLanguage\":\"it-IT\",\"@id\":\"https:\\\/\\\/oplitegames.com\\\/it\\\/prodotto\\\/cockpit-gtr-s8-elite-force-red\\\/#primaryimage\",\"url\":\"https:\\\/\\\/oplitegames-preprod.ezratis.fr\\\/wp-content\\\/uploads\\\/OP-GTR-EFR_1-1.png\",\"contentUrl\":\"https:\\\/\\\/oplitegames-preprod.ezratis.fr\\\/wp-content\\\/uploads\\\/OP-GTR-EFR_1-1.png\",\"width\":1000,\"height\":1000},{\"@type\":\"BreadcrumbList\",\"@id\":\"https:\\\/\\\/oplitegames.com\\\/it\\\/prodotto\\\/cockpit-gtr-s8-elite-force-red\\\/#breadcrumb\",\"itemListElement\":[{\"@type\":\"ListItem\",\"position\":1,\"name\":\"Home\",\"item\":\"https:\\\/\\\/oplitegames.com\\\/it\\\/oplite-gaming\\\/\"},{\"@type\":\"ListItem\",\"position\":2,\"name\":\"Negozio\",\"item\":\"https:\\\/\\\/oplitegames.com\\\/it\\\/negozio\\\/\"},{\"@type\":\"ListItem\",\"position\":3,\"name\":\"Cockpit GTR S8 Elite Force Red\"}]},{\"@type\":\"WebSite\",\"@id\":\"https:\\\/\\\/oplitegames.com\\\/#website\",\"url\":\"https:\\\/\\\/oplitegames.com\\\/\",\"name\":\"OPLITE\",\"description\":\"\",\"publisher\":{\"@id\":\"https:\\\/\\\/oplitegames.com\\\/#organization\"},\"potentialAction\":[{\"@type\":\"SearchAction\",\"target\":{\"@type\":\"EntryPoint\",\"urlTemplate\":\"https:\\\/\\\/oplitegames.com\\\/?s={search_term_string}\"},\"query-input\":{\"@type\":\"PropertyValueSpecification\",\"valueRequired\":true,\"valueName\":\"search_term_string\"}}],\"inLanguage\":\"it-IT\"},{\"@type\":\"Organization\",\"@id\":\"https:\\\/\\\/oplitegames.com\\\/#organization\",\"name\":\"OPLITE\",\"url\":\"https:\\\/\\\/oplitegames.com\\\/\",\"logo\":{\"@type\":\"ImageObject\",\"inLanguage\":\"it-IT\",\"@id\":\"https:\\\/\\\/oplitegames.com\\\/#\\\/schema\\\/logo\\\/image\\\/\",\"url\":\"https:\\\/\\\/oplitegames-preprod.ezratis.fr\\\/wp-content\\\/uploads\\\/cropped-cropped-Oplite-Blanc-casse-002-scaled-1.png\",\"contentUrl\":\"https:\\\/\\\/oplitegames-preprod.ezratis.fr\\\/wp-content\\\/uploads\\\/cropped-cropped-Oplite-Blanc-casse-002-scaled-1.png\",\"width\":2509,\"height\":597,\"caption\":\"OPLITE\"},\"image\":{\"@id\":\"https:\\\/\\\/oplitegames.com\\\/#\\\/schema\\\/logo\\\/image\\\/\"}}]}<\/script>\n<meta property=\"product:price:amount\" content=\"599.90\" \/>\n<meta property=\"product:price:currency\" content=\"EUR\" \/>\n<meta property=\"og:availability\" content=\"out of stock\" \/>\n<meta property=\"product:availability\" content=\"out of stock\" \/>\n<meta property=\"product:retailer_item_id\" content=\"100732\" \/>\n<meta property=\"product:condition\" content=\"new\" \/>\n<!-- \/ Yoast SEO plugin. -->","yoast_head_json":{"title":"Cockpit GTR S8 Elite Force Red - OPLITE","robots":{"index":"index","follow":"follow","max-snippet":"max-snippet:-1","max-image-preview":"max-image-preview:large","max-video-preview":"max-video-preview:-1"},"canonical":"https:\/\/oplitegames.com\/it\/prodotto\/cockpit-gtr-s8-elite-force-red\/","og_locale":"it_IT","og_type":"article","og_title":"Cockpit GTR S8 Elite Force Red - OPLITE","og_description":"Il cockpit GTR S8 ELITE FORCE Red \u00e8 la versione premium del famoso GTR S8 Infinity. Ne conserva quindi le stesse caratteristiche tecniche e si distingue per finiture estetiche pi\u00f9 eleganti.  Questi sviluppi includono:   Una vernice bicolore laccato di grande raffinatezza,  Un taglio laser del logo \u00abGTR S8\u00bb sotto il sedile della vasca,  Rivestimento in pelle scamosciata (equivalente ad Alcantara) per la vasca.","og_url":"https:\/\/oplitegames.com\/it\/prodotto\/cockpit-gtr-s8-elite-force-red\/","og_site_name":"OPLITE","article_modified_time":"2025-11-17T08:32:42+00:00","og_image":[{"width":1000,"height":1000,"url":"https:\/\/oplitegames.com\/wp-content\/uploads\/OP-GTR-EFR_1-1.png","type":"image\/png"}],"twitter_card":"summary_large_image","twitter_misc":{"Price":"599,90&nbsp;&euro;","Availability":"Out of stock"},"schema":{"@context":"https:\/\/schema.org","@graph":[{"@type":["WebPage","ItemPage"],"@id":"https:\/\/oplitegames.com\/it\/prodotto\/cockpit-gtr-s8-elite-force-red\/","url":"https:\/\/oplitegames.com\/it\/prodotto\/cockpit-gtr-s8-elite-force-red\/","name":"Cockpit GTR S8 Elite Force Red - OPLITE","isPartOf":{"@id":"https:\/\/oplitegames.com\/#website"},"primaryImageOfPage":{"@id":"https:\/\/oplitegames.com\/it\/prodotto\/cockpit-gtr-s8-elite-force-red\/#primaryimage"},"image":{"@id":"https:\/\/oplitegames.com\/it\/prodotto\/cockpit-gtr-s8-elite-force-red\/#primaryimage"},"thumbnailUrl":"https:\/\/oplitegames-preprod.ezratis.fr\/wp-content\/uploads\/OP-GTR-EFR_1-1.png","datePublished":"2024-09-09T12:48:21+00:00","dateModified":"2025-11-17T08:32:42+00:00","breadcrumb":{"@id":"https:\/\/oplitegames.com\/it\/prodotto\/cockpit-gtr-s8-elite-force-red\/#breadcrumb"},"inLanguage":"it-IT","potentialAction":[{"@type":"ReadAction","target":["https:\/\/oplitegames.com\/it\/prodotto\/cockpit-gtr-s8-elite-force-red\/"]}]},{"@type":"ImageObject","inLanguage":"it-IT","@id":"https:\/\/oplitegames.com\/it\/prodotto\/cockpit-gtr-s8-elite-force-red\/#primaryimage","url":"https:\/\/oplitegames-preprod.ezratis.fr\/wp-content\/uploads\/OP-GTR-EFR_1-1.png","contentUrl":"https:\/\/oplitegames-preprod.ezratis.fr\/wp-content\/uploads\/OP-GTR-EFR_1-1.png","width":1000,"height":1000},{"@type":"BreadcrumbList","@id":"https:\/\/oplitegames.com\/it\/prodotto\/cockpit-gtr-s8-elite-force-red\/#breadcrumb","itemListElement":[{"@type":"ListItem","position":1,"name":"Home","item":"https:\/\/oplitegames.com\/it\/oplite-gaming\/"},{"@type":"ListItem","position":2,"name":"Negozio","item":"https:\/\/oplitegames.com\/it\/negozio\/"},{"@type":"ListItem","position":3,"name":"Cockpit GTR S8 Elite Force Red"}]},{"@type":"WebSite","@id":"https:\/\/oplitegames.com\/#website","url":"https:\/\/oplitegames.com\/","name":"OPLITE","description":"","publisher":{"@id":"https:\/\/oplitegames.com\/#organization"},"potentialAction":[{"@type":"SearchAction","target":{"@type":"EntryPoint","urlTemplate":"https:\/\/oplitegames.com\/?s={search_term_string}"},"query-input":{"@type":"PropertyValueSpecification","valueRequired":true,"valueName":"search_term_string"}}],"inLanguage":"it-IT"},{"@type":"Organization","@id":"https:\/\/oplitegames.com\/#organization","name":"OPLITE","url":"https:\/\/oplitegames.com\/","logo":{"@type":"ImageObject","inLanguage":"it-IT","@id":"https:\/\/oplitegames.com\/#\/schema\/logo\/image\/","url":"https:\/\/oplitegames-preprod.ezratis.fr\/wp-content\/uploads\/cropped-cropped-Oplite-Blanc-casse-002-scaled-1.png","contentUrl":"https:\/\/oplitegames-preprod.ezratis.fr\/wp-content\/uploads\/cropped-cropped-Oplite-Blanc-casse-002-scaled-1.png","width":2509,"height":597,"caption":"OPLITE"},"image":{"@id":"https:\/\/oplitegames.com\/#\/schema\/logo\/image\/"}}]},"product_price_amount":"599.90","product_price_currency":"EUR","og_availability":"out of stock","product_availability":"out of stock","product_retailer_item_id":"100732","product_condition":"new"},"_links":{"self":[{"href":"https:\/\/oplitegames-preprod.ezratis.fr\/it\/wp-json\/wp\/v2\/product\/37801","targetHints":{"allow":["GET"]}}],"collection":[{"href":"https:\/\/oplitegames-preprod.ezratis.fr\/it\/wp-json\/wp\/v2\/product"}],"about":[{"href":"https:\/\/oplitegames-preprod.ezratis.fr\/it\/wp-json\/wp\/v2\/types\/product"}],"version-history":[{"count":11,"href":"https:\/\/oplitegames-preprod.ezratis.fr\/it\/wp-json\/wp\/v2\/product\/37801\/revisions"}],"predecessor-version":[{"id":61547,"href":"https:\/\/oplitegames-preprod.ezratis.fr\/it\/wp-json\/wp\/v2\/product\/37801\/revisions\/61547"}],"wp:featuredmedia":[{"embeddable":true,"href":"https:\/\/oplitegames-preprod.ezratis.fr\/it\/wp-json\/wp\/v2\/media\/38486"}],"wp:attachment":[{"href":"https:\/\/oplitegames-preprod.ezratis.fr\/it\/wp-json\/wp\/v2\/media?parent=37801"}],"wp:term":[{"taxonomy":"product_brand","embeddable":true,"href":"https:\/\/oplitegames-preprod.ezratis.fr\/it\/wp-json\/wp\/v2\/product_brand?post=37801"},{"taxonomy":"product_cat","embeddable":true,"href":"https:\/\/oplitegames-preprod.ezratis.fr\/it\/wp-json\/wp\/v2\/product_cat?post=37801"},{"taxonomy":"product_tag","embeddable":true,"href":"https:\/\/oplitegames-preprod.ezratis.fr\/it\/wp-json\/wp\/v2\/product_tag?post=37801"}],"curies":[{"name":"wp","href":"https:\/\/api.w.org\/{rel}","templated":true}]}}