{"id":42506,"date":"2025-01-10T11:15:38","date_gmt":"2025-01-10T10:15:38","guid":{"rendered":"https:\/\/oplitegames.com\/?post_type=product&#038;p=42506"},"modified":"2025-11-25T03:01:47","modified_gmt":"2025-11-25T02:01:47","slug":"monitor-stand-gtr-s3-s8-white","status":"publish","type":"product","link":"https:\/\/oplitegames-preprod.ezratis.fr\/it\/prodotto\/monitor-stand-gtr-s3-s8-white\/","title":{"rendered":"Monitor Stand GTR S3\/S8 White"},"content":{"rendered":"<p>Lo schermo \u00e8 ora perfettamente integrato nella cabina di pilotaggio grazie al <strong>MONITOR STAND GTR WHITE V2<\/strong>! Questo supporto per schermo singolo \u00e8 stato appositamente progettato per adattarsi a tutte le generazioni di cabine di pilotaggio della serie OPLITE GTR WHITE. Come il vostro abitacolo, il suo design si ispira al mondo delle corse automobilistiche e le opzioni di regolazione sono state meticolosamente migliorate per offrire un&#8217;ergonomia il pi\u00f9 possibile simile a quella reale.<br \/>\nSarete sedotti dall&#8217;aspetto e dalla robustezza complessiva di tutti i vostri equipaggiamenti di guida, oltre che dalle molteplici opzioni di regolazione.<\/p>\n<p><span style=\"text-decoration: underline;\"><strong>Caratteristiche tecniche:<\/strong><\/span><\/p>\n<ul>\n<li>\u00a0Struttura tubolare di \u00d8 48 mm per la massima stabilit\u00e0 e rigidit\u00e0.<\/li>\n<li>Viti in acciaio al nichel e inserti filettati di alta qualit\u00e0 provenienti dall&#8217;industria automobilistica.<\/li>\n<li>Altezza del display regolabile in 2 posizioni per un comfort visivo ottimale: 955\/1005 mm<\/li>\n<li>Profondit\u00e0 del display regolabile su un intervallo di 60 mm<\/li>\n<li>Sistema di bloccaggio antifurto per proteggere lo schermo<\/li>\n<li>Viti incluse per fissare lo schermo \/ si adatta alla maggior parte degli schermi<\/li>\n<\/ul>\n<p><span style=\"text-decoration: underline;\"><strong>Compatibilit\u00e0 dello schermo :<\/strong><\/span><\/p>\n<ul>\n<li>Tutti i tipi di schermo (PC o TV) fino a 50 pollici<\/li>\n<li>Tutti i tipi di schermo, standard VESA: 75\u00d775, 100\u00d7100, 200\u00d7100, 200\u00d7200, 300\u00d7200,<br \/>\n400\u00d7200<\/li>\n<\/ul>\n<p><span style=\"text-decoration: underline;\"><strong>Compatibilit\u00e0 del prodotto<\/strong>:<\/span> 100% compatibile con i cockpit della serie GTR WHITE<\/p>\n","protected":false},"excerpt":{"rendered":"<p>Esperta nella progettazione di prodotti ergonomici per l&#8217;ufficio e il gioco, OPLITE presenta il suo <strong>MONITOR STAND GTR WHITE V2<\/strong>, compatibile con tutte le generazioni di cockpit OPLITE GTR. \u00c8 ora di passare da giocatore a pilota! Corse in auto o aviazione, scegliete voi!<\/p>\n[embed]https:\/\/youtu.be\/yDJwHIkV1Tw[\/embed]\n<p>&nbsp;<\/p>\n","protected":false},"featured_media":43114,"template":"","meta":{"_acf_changed":false,"footnotes":""},"product_brand":[],"product_cat":[796,730],"product_tag":[],"class_list":{"0":"post-42506","1":"product","2":"type-product","3":"status-publish","4":"has-post-thumbnail","6":"product_cat-cockpit-s8-ultra-it","7":"product_cat-simulatori","8":"pa_colisage-pcb-824","9":"pa_colisage-pcb-1-it","11":"first","12":"outofstock","13":"taxable","14":"shipping-taxable","15":"purchasable","16":"product-type-simple"},"bundled_by":[],"bundle_stock_status":"outofstock","bundle_stock_quantity":0,"bundle_virtual":false,"bundle_layout":"","bundle_add_to_cart_form_location":"","bundle_editable_in_cart":false,"bundle_sold_individually_context":"","bundle_item_grouping":"","bundle_min_size":"","bundle_max_size":"","bundle_price":[],"bundled_items":[],"bundle_sell_ids":[],"acf":[],"yoast_head":"<!-- This site is optimized with the Yoast SEO plugin v27.3 - https:\/\/yoast.com\/product\/yoast-seo-wordpress\/ -->\n<title>Monitor Stand GTR S3\/S8 White - OPLITE<\/title>\n<meta name=\"robots\" content=\"index, follow, max-snippet:-1, max-image-preview:large, max-video-preview:-1\" \/>\n<link rel=\"canonical\" href=\"https:\/\/oplitegames.com\/it\/prodotto\/monitor-stand-gtr-s3-s8-white\/\" \/>\n<meta property=\"og:locale\" content=\"it_IT\" \/>\n<meta property=\"og:type\" content=\"article\" \/>\n<meta property=\"og:title\" content=\"Monitor Stand GTR S3\/S8 White - OPLITE\" \/>\n<meta property=\"og:description\" content=\"Esperta nella progettazione di prodotti ergonomici per l&#039;ufficio e il gioco, OPLITE presenta il suo MONITOR STAND GTR WHITE V2, compatibile con tutte le generazioni di cockpit OPLITE GTR. \u00c8 ora di passare da giocatore a pilota! Corse in auto o aviazione, scegliete voi!    &nbsp;\" \/>\n<meta property=\"og:url\" content=\"https:\/\/oplitegames.com\/it\/prodotto\/monitor-stand-gtr-s3-s8-white\/\" \/>\n<meta property=\"og:site_name\" content=\"OPLITE\" \/>\n<meta property=\"article:modified_time\" content=\"2025-11-25T02:01:47+00:00\" \/>\n<meta property=\"og:image\" content=\"https:\/\/oplitegames.com\/wp-content\/uploads\/OPLITE-MONITOR-STAND-GTR-S3_S8-WHITE-OP-SMS-GTRW_01.png\" \/>\n\t<meta property=\"og:image:width\" content=\"2750\" \/>\n\t<meta property=\"og:image:height\" content=\"2750\" \/>\n\t<meta property=\"og:image:type\" content=\"image\/png\" \/>\n<meta name=\"twitter:card\" content=\"summary_large_image\" \/>\n<meta name=\"twitter:label1\" content=\"Price\" \/>\n\t<meta name=\"twitter:data1\" content=\"99,90&nbsp;&euro;\" \/>\n\t<meta name=\"twitter:label2\" content=\"Availability\" \/>\n\t<meta name=\"twitter:data2\" content=\"Out of stock\" \/>\n<script type=\"application\/ld+json\" class=\"yoast-schema-graph\">{\"@context\":\"https:\\\/\\\/schema.org\",\"@graph\":[{\"@type\":[\"WebPage\",\"ItemPage\"],\"@id\":\"https:\\\/\\\/oplitegames.com\\\/it\\\/prodotto\\\/monitor-stand-gtr-s3-s8-white\\\/\",\"url\":\"https:\\\/\\\/oplitegames.com\\\/it\\\/prodotto\\\/monitor-stand-gtr-s3-s8-white\\\/\",\"name\":\"Monitor Stand GTR S3\\\/S8 White - OPLITE\",\"isPartOf\":{\"@id\":\"https:\\\/\\\/oplitegames.com\\\/#website\"},\"primaryImageOfPage\":{\"@id\":\"https:\\\/\\\/oplitegames.com\\\/it\\\/prodotto\\\/monitor-stand-gtr-s3-s8-white\\\/#primaryimage\"},\"image\":{\"@id\":\"https:\\\/\\\/oplitegames.com\\\/it\\\/prodotto\\\/monitor-stand-gtr-s3-s8-white\\\/#primaryimage\"},\"thumbnailUrl\":\"https:\\\/\\\/oplitegames-preprod.ezratis.fr\\\/wp-content\\\/uploads\\\/OPLITE-MONITOR-STAND-GTR-S3_S8-WHITE-OP-SMS-GTRW_01.png\",\"datePublished\":\"2025-01-10T10:15:38+00:00\",\"dateModified\":\"2025-11-25T02:01:47+00:00\",\"breadcrumb\":{\"@id\":\"https:\\\/\\\/oplitegames.com\\\/it\\\/prodotto\\\/monitor-stand-gtr-s3-s8-white\\\/#breadcrumb\"},\"inLanguage\":\"it-IT\",\"potentialAction\":[{\"@type\":\"ReadAction\",\"target\":[\"https:\\\/\\\/oplitegames.com\\\/it\\\/prodotto\\\/monitor-stand-gtr-s3-s8-white\\\/\"]}]},{\"@type\":\"ImageObject\",\"inLanguage\":\"it-IT\",\"@id\":\"https:\\\/\\\/oplitegames.com\\\/it\\\/prodotto\\\/monitor-stand-gtr-s3-s8-white\\\/#primaryimage\",\"url\":\"https:\\\/\\\/oplitegames-preprod.ezratis.fr\\\/wp-content\\\/uploads\\\/OPLITE-MONITOR-STAND-GTR-S3_S8-WHITE-OP-SMS-GTRW_01.png\",\"contentUrl\":\"https:\\\/\\\/oplitegames-preprod.ezratis.fr\\\/wp-content\\\/uploads\\\/OPLITE-MONITOR-STAND-GTR-S3_S8-WHITE-OP-SMS-GTRW_01.png\",\"width\":2750,\"height\":2750},{\"@type\":\"BreadcrumbList\",\"@id\":\"https:\\\/\\\/oplitegames.com\\\/it\\\/prodotto\\\/monitor-stand-gtr-s3-s8-white\\\/#breadcrumb\",\"itemListElement\":[{\"@type\":\"ListItem\",\"position\":1,\"name\":\"Home\",\"item\":\"https:\\\/\\\/oplitegames.com\\\/it\\\/oplite-gaming\\\/\"},{\"@type\":\"ListItem\",\"position\":2,\"name\":\"Negozio\",\"item\":\"https:\\\/\\\/oplitegames.com\\\/it\\\/negozio\\\/\"},{\"@type\":\"ListItem\",\"position\":3,\"name\":\"Monitor Stand GTR S3\\\/S8 White\"}]},{\"@type\":\"WebSite\",\"@id\":\"https:\\\/\\\/oplitegames.com\\\/#website\",\"url\":\"https:\\\/\\\/oplitegames.com\\\/\",\"name\":\"OPLITE\",\"description\":\"\",\"publisher\":{\"@id\":\"https:\\\/\\\/oplitegames.com\\\/#organization\"},\"potentialAction\":[{\"@type\":\"SearchAction\",\"target\":{\"@type\":\"EntryPoint\",\"urlTemplate\":\"https:\\\/\\\/oplitegames.com\\\/?s={search_term_string}\"},\"query-input\":{\"@type\":\"PropertyValueSpecification\",\"valueRequired\":true,\"valueName\":\"search_term_string\"}}],\"inLanguage\":\"it-IT\"},{\"@type\":\"Organization\",\"@id\":\"https:\\\/\\\/oplitegames.com\\\/#organization\",\"name\":\"OPLITE\",\"url\":\"https:\\\/\\\/oplitegames.com\\\/\",\"logo\":{\"@type\":\"ImageObject\",\"inLanguage\":\"it-IT\",\"@id\":\"https:\\\/\\\/oplitegames.com\\\/#\\\/schema\\\/logo\\\/image\\\/\",\"url\":\"https:\\\/\\\/oplitegames-preprod.ezratis.fr\\\/wp-content\\\/uploads\\\/cropped-cropped-Oplite-Blanc-casse-002-scaled-1.png\",\"contentUrl\":\"https:\\\/\\\/oplitegames-preprod.ezratis.fr\\\/wp-content\\\/uploads\\\/cropped-cropped-Oplite-Blanc-casse-002-scaled-1.png\",\"width\":2509,\"height\":597,\"caption\":\"OPLITE\"},\"image\":{\"@id\":\"https:\\\/\\\/oplitegames.com\\\/#\\\/schema\\\/logo\\\/image\\\/\"}}]}<\/script>\n<meta property=\"product:price:amount\" content=\"99.90\" \/>\n<meta property=\"product:price:currency\" content=\"EUR\" \/>\n<meta property=\"og:availability\" content=\"out of stock\" \/>\n<meta property=\"product:availability\" content=\"out of stock\" \/>\n<meta property=\"product:retailer_item_id\" content=\"101628\" \/>\n<meta property=\"product:condition\" content=\"new\" \/>\n<!-- \/ Yoast SEO plugin. -->","yoast_head_json":{"title":"Monitor Stand GTR S3\/S8 White - OPLITE","robots":{"index":"index","follow":"follow","max-snippet":"max-snippet:-1","max-image-preview":"max-image-preview:large","max-video-preview":"max-video-preview:-1"},"canonical":"https:\/\/oplitegames.com\/it\/prodotto\/monitor-stand-gtr-s3-s8-white\/","og_locale":"it_IT","og_type":"article","og_title":"Monitor Stand GTR S3\/S8 White - OPLITE","og_description":"Esperta nella progettazione di prodotti ergonomici per l'ufficio e il gioco, OPLITE presenta il suo MONITOR STAND GTR WHITE V2, compatibile con tutte le generazioni di cockpit OPLITE GTR. \u00c8 ora di passare da giocatore a pilota! Corse in auto o aviazione, scegliete voi!    &nbsp;","og_url":"https:\/\/oplitegames.com\/it\/prodotto\/monitor-stand-gtr-s3-s8-white\/","og_site_name":"OPLITE","article_modified_time":"2025-11-25T02:01:47+00:00","og_image":[{"width":2750,"height":2750,"url":"https:\/\/oplitegames.com\/wp-content\/uploads\/OPLITE-MONITOR-STAND-GTR-S3_S8-WHITE-OP-SMS-GTRW_01.png","type":"image\/png"}],"twitter_card":"summary_large_image","twitter_misc":{"Price":"99,90&nbsp;&euro;","Availability":"Out of stock"},"schema":{"@context":"https:\/\/schema.org","@graph":[{"@type":["WebPage","ItemPage"],"@id":"https:\/\/oplitegames.com\/it\/prodotto\/monitor-stand-gtr-s3-s8-white\/","url":"https:\/\/oplitegames.com\/it\/prodotto\/monitor-stand-gtr-s3-s8-white\/","name":"Monitor Stand GTR S3\/S8 White - OPLITE","isPartOf":{"@id":"https:\/\/oplitegames.com\/#website"},"primaryImageOfPage":{"@id":"https:\/\/oplitegames.com\/it\/prodotto\/monitor-stand-gtr-s3-s8-white\/#primaryimage"},"image":{"@id":"https:\/\/oplitegames.com\/it\/prodotto\/monitor-stand-gtr-s3-s8-white\/#primaryimage"},"thumbnailUrl":"https:\/\/oplitegames-preprod.ezratis.fr\/wp-content\/uploads\/OPLITE-MONITOR-STAND-GTR-S3_S8-WHITE-OP-SMS-GTRW_01.png","datePublished":"2025-01-10T10:15:38+00:00","dateModified":"2025-11-25T02:01:47+00:00","breadcrumb":{"@id":"https:\/\/oplitegames.com\/it\/prodotto\/monitor-stand-gtr-s3-s8-white\/#breadcrumb"},"inLanguage":"it-IT","potentialAction":[{"@type":"ReadAction","target":["https:\/\/oplitegames.com\/it\/prodotto\/monitor-stand-gtr-s3-s8-white\/"]}]},{"@type":"ImageObject","inLanguage":"it-IT","@id":"https:\/\/oplitegames.com\/it\/prodotto\/monitor-stand-gtr-s3-s8-white\/#primaryimage","url":"https:\/\/oplitegames-preprod.ezratis.fr\/wp-content\/uploads\/OPLITE-MONITOR-STAND-GTR-S3_S8-WHITE-OP-SMS-GTRW_01.png","contentUrl":"https:\/\/oplitegames-preprod.ezratis.fr\/wp-content\/uploads\/OPLITE-MONITOR-STAND-GTR-S3_S8-WHITE-OP-SMS-GTRW_01.png","width":2750,"height":2750},{"@type":"BreadcrumbList","@id":"https:\/\/oplitegames.com\/it\/prodotto\/monitor-stand-gtr-s3-s8-white\/#breadcrumb","itemListElement":[{"@type":"ListItem","position":1,"name":"Home","item":"https:\/\/oplitegames.com\/it\/oplite-gaming\/"},{"@type":"ListItem","position":2,"name":"Negozio","item":"https:\/\/oplitegames.com\/it\/negozio\/"},{"@type":"ListItem","position":3,"name":"Monitor Stand GTR S3\/S8 White"}]},{"@type":"WebSite","@id":"https:\/\/oplitegames.com\/#website","url":"https:\/\/oplitegames.com\/","name":"OPLITE","description":"","publisher":{"@id":"https:\/\/oplitegames.com\/#organization"},"potentialAction":[{"@type":"SearchAction","target":{"@type":"EntryPoint","urlTemplate":"https:\/\/oplitegames.com\/?s={search_term_string}"},"query-input":{"@type":"PropertyValueSpecification","valueRequired":true,"valueName":"search_term_string"}}],"inLanguage":"it-IT"},{"@type":"Organization","@id":"https:\/\/oplitegames.com\/#organization","name":"OPLITE","url":"https:\/\/oplitegames.com\/","logo":{"@type":"ImageObject","inLanguage":"it-IT","@id":"https:\/\/oplitegames.com\/#\/schema\/logo\/image\/","url":"https:\/\/oplitegames-preprod.ezratis.fr\/wp-content\/uploads\/cropped-cropped-Oplite-Blanc-casse-002-scaled-1.png","contentUrl":"https:\/\/oplitegames-preprod.ezratis.fr\/wp-content\/uploads\/cropped-cropped-Oplite-Blanc-casse-002-scaled-1.png","width":2509,"height":597,"caption":"OPLITE"},"image":{"@id":"https:\/\/oplitegames.com\/#\/schema\/logo\/image\/"}}]},"product_price_amount":"99.90","product_price_currency":"EUR","og_availability":"out of stock","product_availability":"out of stock","product_retailer_item_id":"101628","product_condition":"new"},"_links":{"self":[{"href":"https:\/\/oplitegames-preprod.ezratis.fr\/it\/wp-json\/wp\/v2\/product\/42506","targetHints":{"allow":["GET"]}}],"collection":[{"href":"https:\/\/oplitegames-preprod.ezratis.fr\/it\/wp-json\/wp\/v2\/product"}],"about":[{"href":"https:\/\/oplitegames-preprod.ezratis.fr\/it\/wp-json\/wp\/v2\/types\/product"}],"version-history":[{"count":7,"href":"https:\/\/oplitegames-preprod.ezratis.fr\/it\/wp-json\/wp\/v2\/product\/42506\/revisions"}],"predecessor-version":[{"id":48360,"href":"https:\/\/oplitegames-preprod.ezratis.fr\/it\/wp-json\/wp\/v2\/product\/42506\/revisions\/48360"}],"wp:featuredmedia":[{"embeddable":true,"href":"https:\/\/oplitegames-preprod.ezratis.fr\/it\/wp-json\/wp\/v2\/media\/43114"}],"wp:attachment":[{"href":"https:\/\/oplitegames-preprod.ezratis.fr\/it\/wp-json\/wp\/v2\/media?parent=42506"}],"wp:term":[{"taxonomy":"product_brand","embeddable":true,"href":"https:\/\/oplitegames-preprod.ezratis.fr\/it\/wp-json\/wp\/v2\/product_brand?post=42506"},{"taxonomy":"product_cat","embeddable":true,"href":"https:\/\/oplitegames-preprod.ezratis.fr\/it\/wp-json\/wp\/v2\/product_cat?post=42506"},{"taxonomy":"product_tag","embeddable":true,"href":"https:\/\/oplitegames-preprod.ezratis.fr\/it\/wp-json\/wp\/v2\/product_tag?post=42506"}],"curies":[{"name":"wp","href":"https:\/\/api.w.org\/{rel}","templated":true}]}}