{"id":42999,"date":"2025-01-10T11:14:21","date_gmt":"2025-01-10T10:14:21","guid":{"rendered":"https:\/\/oplitegames.com\/?post_type=product&#038;p=42999"},"modified":"2026-01-20T10:44:09","modified_gmt":"2026-01-20T09:44:09","slug":"cockpit-gtr-s8-infinity-force-white","status":"publish","type":"product","link":"https:\/\/oplitegames-preprod.ezratis.fr\/it\/prodotto\/cockpit-gtr-s8-infinity-force-white\/","title":{"rendered":"Cockpit GTR S8 Infinity Force White"},"content":{"rendered":"<p>Il cockpit di simulazione <strong>OPLITE GTR S8 Infinity Force White<\/strong> combina i pi\u00f9 recenti progressi della tecnologia di simulazione del marchio con un design senza tempo ispirato al mondo delle corse. La sua struttura tubolare in acciaio al carbonio ad alta densit\u00e0 con un diametro di 48 mm garantisce una rigidit\u00e0 ottimale, mentre le piastre di montaggio assicurano la totale compatibilit\u00e0 con le soluzioni di marchi leader come Fanatec\u00ae, Moza\u00ae, Thrustmaster\u00ae, Logitech\u00ae, Turtle Beach\u00ae, Nacon\u00ae, o Asetek\u00ae. Dotato di un&#8217;ampia gamma di opzioni di regolazione, questo cockpit offre un abitacolo ergonomico adatto a diverse modalit\u00e0 di guida, tra cui GT, Drift, F1 e Rally.<\/p>\n<p>&nbsp;<\/p>\n<p><span style=\"text-decoration: underline;\"><strong>Caratteristiche principali:<\/strong><\/span><\/p>\n<ul>\n<li>Sedile in vera fibra di vetro, montato su pattini, adatto a tutte le taglie da 1m50 a + 2m10 per una capacit\u00e0 di carico fino a 150KG.<\/li>\n<li>Supporto pedale rinforzato per l&#8217;installazione di pedali LoadCell, anche piatti.<\/li>\n<li>Kit Full Force incluso per una rigidit\u00e0 ottimale e un look aggressivo.<\/li>\n<li>Numerose regolazioni facili e veloci, grazie all&#8217;uso di sganci rapidi.<\/li>\n<li>Supporto della base del volante regolabile in altezza e inclinazione, compatibile con le tecnologie Force Feedback Direct Drive e cinghia +25 Nm.<\/li>\n<li>Viti e inserti filettati di alta qualit\u00e0 in acciaio al nichel proveniente dall&#8217;industria automobilistica.<\/li>\n<li>Staffe di irrigidimento sulla parte anteriore e posteriore del telaio con scanalature allungate di 6 mm di diametro che consentono l&#8217;installazione di accessori provenienti dalla stampa 3D o da altri metodi fai-da-te.<\/li>\n<li>Il telaio \u00e8 dotato di otto dadi saldati che possono essere utilizzati per fissare i piedini girevoli Oplite in dotazione o il set di ruote ad alte prestazioni <strong>CASTOR WHEEL GTR S8<\/strong> opzionale.<\/li>\n<li>Gli ultimi progressi tecnologici aprono nuove possibilit\u00e0 di simulazione di volo con il <strong>SIMRACING &amp; FLIGHTSIM HOLDER<\/strong> opzionale.<\/li>\n<\/ul>\n<p><strong><u>Dati tecnici :<\/u><\/strong><\/p>\n<p><strong>Telaio :<\/strong><br \/>\no Telaio tubolare \u00d8 48 mm x 2 mm di spessore<br \/>\no Kit completo di forza incluso<br \/>\no Vernice bianca lucida ad alta resistenza per una finitura di alta qualit\u00e0<\/p>\n<p><strong>Supporto del volante :<\/strong><br \/>\no Regolazione su\/gi\u00f9 \u00b130<br \/>\no Inclinazione su\/gi\u00f9 \u00b130<\/p>\n<p><strong>Supporto pedale :<\/strong><br \/>\no Regolazione della profondit\u00e0 Consente una regolazione in avanti\/indietro di \u00b1200 mm e un&#8217;inclinazione da 0\u00b0 a +30\u00b0 per adattarsi alla morfologia del corpo.<\/p>\n<p><strong>Sedile a secchiello :<\/strong><br \/>\no Profondit\u00e0 regolabile<br \/>\no Altezza e inclinazione in avanti\/indietro regolabili da -6\u00b0 a +6\u00b0 e +5\/-5cm<br \/>\no Scocca in poliestere rinforzato con fibra di vetro (GRP), finitura nera satinata.<br \/>\no Rivestimento in microfibra nera Schiuma ad alta densit\u00e0 32Kg\/m3<br \/>\no 5 attacchi per l&#8217;imbracatura \/ Compatibile con imbracature a 3 o 4 punti di attacco<br \/>\no Fibbie scorrevoli per una regolazione di \u00b1220 mm.<\/p>\n<p><span style=\"text-decoration: underline;\"><strong>Compatibilit\u00e0 del prodotto:<\/strong><\/span><\/p>\n<p>100% Compatibile* con volanti e pedali Fanatec\u00ae, Moza\u00ae, Thrustmaster\u00ae, Logitech\u00ae, Turtle Beach\u00ae, Asetek\u00ae e Revosim\u00ae<\/p>\n<p><small>*Per garantire la massima compatibilit\u00e0 con alcuni dispositivi, potrebbero essere necessari piccoli adattamenti. Nessuna preoccupazione: la qualit\u00e0 e la garanzia del prodotto non ne risentono.<\/small><\/p>\n","protected":false},"excerpt":{"rendered":"<p>Esperta nella progettazione di prodotti ergonomici per l&#8217;ufficio e il gioco, OPLITE presenta il suo ultimo cockpit per la simulazione di corse, il <strong>GTR S8 INFINITY FORCE WHITE<\/strong>. Con il KIT FUll FORCE incluso, il cockpit GTR S8 \u00e8 pronto a ricevere il SIMRACING &amp; FLIGHTSIM HOLDER. \u00c8 l&#8217;accessorio indispensabile per gli appassionati di corse e di aviazione che vi porter\u00e0 da giocatori a piloti!<\/p>\n<p>https:\/\/youtu.be\/wc7N5O8aKqE?si=GYpRcm_R7w3h58BF<\/p>\n<p>&nbsp;<\/p>\n<p>&nbsp;<\/p>\n","protected":false},"featured_media":44541,"template":"","meta":{"_acf_changed":false,"footnotes":""},"product_brand":[],"product_cat":[796,730],"product_tag":[],"class_list":{"0":"post-42999","1":"product","2":"type-product","3":"status-publish","4":"has-post-thumbnail","6":"product_cat-cockpit-s8-ultra-it","7":"product_cat-simulatori","8":"pa_colisage-pcb-824","9":"pa_colisage-pcb-1-it","11":"first","12":"instock","13":"taxable","14":"shipping-taxable","15":"purchasable","16":"product-type-simple"},"bundled_by":[],"bundle_stock_status":"instock","bundle_stock_quantity":54,"bundle_virtual":false,"bundle_layout":"","bundle_add_to_cart_form_location":"","bundle_editable_in_cart":false,"bundle_sold_individually_context":"","bundle_item_grouping":"","bundle_min_size":"","bundle_max_size":"","bundle_price":[],"bundled_items":[],"bundle_sell_ids":[],"acf":[],"yoast_head":"<!-- This site is optimized with the Yoast SEO plugin v27.3 - https:\/\/yoast.com\/product\/yoast-seo-wordpress\/ -->\n<title>Cockpit GTR S8 Infinity Force White - OPLITE<\/title>\n<meta name=\"robots\" content=\"index, follow, max-snippet:-1, max-image-preview:large, max-video-preview:-1\" \/>\n<link rel=\"canonical\" href=\"https:\/\/oplitegames.com\/it\/prodotto\/cockpit-gtr-s8-infinity-force-white\/\" \/>\n<meta property=\"og:locale\" content=\"it_IT\" \/>\n<meta property=\"og:type\" content=\"article\" \/>\n<meta property=\"og:title\" content=\"Cockpit GTR S8 Infinity Force White - OPLITE\" \/>\n<meta property=\"og:description\" content=\"Esperta nella progettazione di prodotti ergonomici per l&#039;ufficio e il gioco, OPLITE presenta il suo ultimo cockpit per la simulazione di corse, il GTR S8 INFINITY FORCE WHITE. Con il KIT FUll FORCE incluso, il cockpit GTR S8 \u00e8 pronto a ricevere il SIMRACING &amp; FLIGHTSIM HOLDER. \u00c8 l&#039;accessorio indispensabile per gli appassionati di corse e di aviazione che vi porter\u00e0 da giocatori a piloti!  https:\/\/youtu.be\/wc7N5O8aKqE?si=GYpRcm_R7w3h58BF  &nbsp;  &nbsp;\" \/>\n<meta property=\"og:url\" content=\"https:\/\/oplitegames.com\/it\/prodotto\/cockpit-gtr-s8-infinity-force-white\/\" \/>\n<meta property=\"og:site_name\" content=\"OPLITE\" \/>\n<meta property=\"article:modified_time\" content=\"2026-01-20T09:44:09+00:00\" \/>\n<meta property=\"og:image\" content=\"https:\/\/oplitegames.com\/wp-content\/uploads\/GTR-S8-INFINITY-FORCE-WHITE-OP-GTR-S8FFW_01-1-2.png\" \/>\n\t<meta property=\"og:image:width\" content=\"2750\" \/>\n\t<meta property=\"og:image:height\" content=\"2750\" \/>\n\t<meta property=\"og:image:type\" content=\"image\/png\" \/>\n<meta name=\"twitter:card\" content=\"summary_large_image\" \/>\n<meta name=\"twitter:label1\" content=\"Price\" \/>\n\t<meta name=\"twitter:data1\" content=\"549,90&nbsp;&euro;\" \/>\n\t<meta name=\"twitter:label2\" content=\"Availability\" \/>\n\t<meta name=\"twitter:data2\" content=\"In stock\" \/>\n<script type=\"application\/ld+json\" class=\"yoast-schema-graph\">{\"@context\":\"https:\\\/\\\/schema.org\",\"@graph\":[{\"@type\":[\"WebPage\",\"ItemPage\"],\"@id\":\"https:\\\/\\\/oplitegames.com\\\/it\\\/prodotto\\\/cockpit-gtr-s8-infinity-force-white\\\/\",\"url\":\"https:\\\/\\\/oplitegames.com\\\/it\\\/prodotto\\\/cockpit-gtr-s8-infinity-force-white\\\/\",\"name\":\"Cockpit GTR S8 Infinity Force White - OPLITE\",\"isPartOf\":{\"@id\":\"https:\\\/\\\/oplitegames.com\\\/#website\"},\"primaryImageOfPage\":{\"@id\":\"https:\\\/\\\/oplitegames.com\\\/it\\\/prodotto\\\/cockpit-gtr-s8-infinity-force-white\\\/#primaryimage\"},\"image\":{\"@id\":\"https:\\\/\\\/oplitegames.com\\\/it\\\/prodotto\\\/cockpit-gtr-s8-infinity-force-white\\\/#primaryimage\"},\"thumbnailUrl\":\"https:\\\/\\\/oplitegames-preprod.ezratis.fr\\\/wp-content\\\/uploads\\\/GTR-S8-INFINITY-FORCE-WHITE-OP-GTR-S8FFW_01-1-2.png\",\"datePublished\":\"2025-01-10T10:14:21+00:00\",\"dateModified\":\"2026-01-20T09:44:09+00:00\",\"breadcrumb\":{\"@id\":\"https:\\\/\\\/oplitegames.com\\\/it\\\/prodotto\\\/cockpit-gtr-s8-infinity-force-white\\\/#breadcrumb\"},\"inLanguage\":\"it-IT\",\"potentialAction\":[{\"@type\":\"ReadAction\",\"target\":[\"https:\\\/\\\/oplitegames.com\\\/it\\\/prodotto\\\/cockpit-gtr-s8-infinity-force-white\\\/\"]}]},{\"@type\":\"ImageObject\",\"inLanguage\":\"it-IT\",\"@id\":\"https:\\\/\\\/oplitegames.com\\\/it\\\/prodotto\\\/cockpit-gtr-s8-infinity-force-white\\\/#primaryimage\",\"url\":\"https:\\\/\\\/oplitegames-preprod.ezratis.fr\\\/wp-content\\\/uploads\\\/GTR-S8-INFINITY-FORCE-WHITE-OP-GTR-S8FFW_01-1-2.png\",\"contentUrl\":\"https:\\\/\\\/oplitegames-preprod.ezratis.fr\\\/wp-content\\\/uploads\\\/GTR-S8-INFINITY-FORCE-WHITE-OP-GTR-S8FFW_01-1-2.png\",\"width\":2750,\"height\":2750},{\"@type\":\"BreadcrumbList\",\"@id\":\"https:\\\/\\\/oplitegames.com\\\/it\\\/prodotto\\\/cockpit-gtr-s8-infinity-force-white\\\/#breadcrumb\",\"itemListElement\":[{\"@type\":\"ListItem\",\"position\":1,\"name\":\"Home\",\"item\":\"https:\\\/\\\/oplitegames.com\\\/it\\\/oplite-gaming\\\/\"},{\"@type\":\"ListItem\",\"position\":2,\"name\":\"Negozio\",\"item\":\"https:\\\/\\\/oplitegames.com\\\/it\\\/negozio\\\/\"},{\"@type\":\"ListItem\",\"position\":3,\"name\":\"Cockpit GTR S8 Infinity Force White\"}]},{\"@type\":\"WebSite\",\"@id\":\"https:\\\/\\\/oplitegames.com\\\/#website\",\"url\":\"https:\\\/\\\/oplitegames.com\\\/\",\"name\":\"OPLITE\",\"description\":\"\",\"publisher\":{\"@id\":\"https:\\\/\\\/oplitegames.com\\\/#organization\"},\"potentialAction\":[{\"@type\":\"SearchAction\",\"target\":{\"@type\":\"EntryPoint\",\"urlTemplate\":\"https:\\\/\\\/oplitegames.com\\\/?s={search_term_string}\"},\"query-input\":{\"@type\":\"PropertyValueSpecification\",\"valueRequired\":true,\"valueName\":\"search_term_string\"}}],\"inLanguage\":\"it-IT\"},{\"@type\":\"Organization\",\"@id\":\"https:\\\/\\\/oplitegames.com\\\/#organization\",\"name\":\"OPLITE\",\"url\":\"https:\\\/\\\/oplitegames.com\\\/\",\"logo\":{\"@type\":\"ImageObject\",\"inLanguage\":\"it-IT\",\"@id\":\"https:\\\/\\\/oplitegames.com\\\/#\\\/schema\\\/logo\\\/image\\\/\",\"url\":\"https:\\\/\\\/oplitegames-preprod.ezratis.fr\\\/wp-content\\\/uploads\\\/cropped-cropped-Oplite-Blanc-casse-002-scaled-1.png\",\"contentUrl\":\"https:\\\/\\\/oplitegames-preprod.ezratis.fr\\\/wp-content\\\/uploads\\\/cropped-cropped-Oplite-Blanc-casse-002-scaled-1.png\",\"width\":2509,\"height\":597,\"caption\":\"OPLITE\"},\"image\":{\"@id\":\"https:\\\/\\\/oplitegames.com\\\/#\\\/schema\\\/logo\\\/image\\\/\"}}]}<\/script>\n<meta property=\"product:price:amount\" content=\"549.90\" \/>\n<meta property=\"product:price:currency\" content=\"EUR\" \/>\n<meta property=\"og:availability\" content=\"instock\" \/>\n<meta property=\"product:availability\" content=\"instock\" \/>\n<meta property=\"product:retailer_item_id\" content=\"101625\" \/>\n<meta property=\"product:condition\" content=\"new\" \/>\n<!-- \/ Yoast SEO plugin. -->","yoast_head_json":{"title":"Cockpit GTR S8 Infinity Force White - OPLITE","robots":{"index":"index","follow":"follow","max-snippet":"max-snippet:-1","max-image-preview":"max-image-preview:large","max-video-preview":"max-video-preview:-1"},"canonical":"https:\/\/oplitegames.com\/it\/prodotto\/cockpit-gtr-s8-infinity-force-white\/","og_locale":"it_IT","og_type":"article","og_title":"Cockpit GTR S8 Infinity Force White - OPLITE","og_description":"Esperta nella progettazione di prodotti ergonomici per l'ufficio e il gioco, OPLITE presenta il suo ultimo cockpit per la simulazione di corse, il GTR S8 INFINITY FORCE WHITE. Con il KIT FUll FORCE incluso, il cockpit GTR S8 \u00e8 pronto a ricevere il SIMRACING &amp; FLIGHTSIM HOLDER. \u00c8 l'accessorio indispensabile per gli appassionati di corse e di aviazione che vi porter\u00e0 da giocatori a piloti!  https:\/\/youtu.be\/wc7N5O8aKqE?si=GYpRcm_R7w3h58BF  &nbsp;  &nbsp;","og_url":"https:\/\/oplitegames.com\/it\/prodotto\/cockpit-gtr-s8-infinity-force-white\/","og_site_name":"OPLITE","article_modified_time":"2026-01-20T09:44:09+00:00","og_image":[{"width":2750,"height":2750,"url":"https:\/\/oplitegames.com\/wp-content\/uploads\/GTR-S8-INFINITY-FORCE-WHITE-OP-GTR-S8FFW_01-1-2.png","type":"image\/png"}],"twitter_card":"summary_large_image","twitter_misc":{"Price":"549,90&nbsp;&euro;","Availability":"In stock"},"schema":{"@context":"https:\/\/schema.org","@graph":[{"@type":["WebPage","ItemPage"],"@id":"https:\/\/oplitegames.com\/it\/prodotto\/cockpit-gtr-s8-infinity-force-white\/","url":"https:\/\/oplitegames.com\/it\/prodotto\/cockpit-gtr-s8-infinity-force-white\/","name":"Cockpit GTR S8 Infinity Force White - OPLITE","isPartOf":{"@id":"https:\/\/oplitegames.com\/#website"},"primaryImageOfPage":{"@id":"https:\/\/oplitegames.com\/it\/prodotto\/cockpit-gtr-s8-infinity-force-white\/#primaryimage"},"image":{"@id":"https:\/\/oplitegames.com\/it\/prodotto\/cockpit-gtr-s8-infinity-force-white\/#primaryimage"},"thumbnailUrl":"https:\/\/oplitegames-preprod.ezratis.fr\/wp-content\/uploads\/GTR-S8-INFINITY-FORCE-WHITE-OP-GTR-S8FFW_01-1-2.png","datePublished":"2025-01-10T10:14:21+00:00","dateModified":"2026-01-20T09:44:09+00:00","breadcrumb":{"@id":"https:\/\/oplitegames.com\/it\/prodotto\/cockpit-gtr-s8-infinity-force-white\/#breadcrumb"},"inLanguage":"it-IT","potentialAction":[{"@type":"ReadAction","target":["https:\/\/oplitegames.com\/it\/prodotto\/cockpit-gtr-s8-infinity-force-white\/"]}]},{"@type":"ImageObject","inLanguage":"it-IT","@id":"https:\/\/oplitegames.com\/it\/prodotto\/cockpit-gtr-s8-infinity-force-white\/#primaryimage","url":"https:\/\/oplitegames-preprod.ezratis.fr\/wp-content\/uploads\/GTR-S8-INFINITY-FORCE-WHITE-OP-GTR-S8FFW_01-1-2.png","contentUrl":"https:\/\/oplitegames-preprod.ezratis.fr\/wp-content\/uploads\/GTR-S8-INFINITY-FORCE-WHITE-OP-GTR-S8FFW_01-1-2.png","width":2750,"height":2750},{"@type":"BreadcrumbList","@id":"https:\/\/oplitegames.com\/it\/prodotto\/cockpit-gtr-s8-infinity-force-white\/#breadcrumb","itemListElement":[{"@type":"ListItem","position":1,"name":"Home","item":"https:\/\/oplitegames.com\/it\/oplite-gaming\/"},{"@type":"ListItem","position":2,"name":"Negozio","item":"https:\/\/oplitegames.com\/it\/negozio\/"},{"@type":"ListItem","position":3,"name":"Cockpit GTR S8 Infinity Force White"}]},{"@type":"WebSite","@id":"https:\/\/oplitegames.com\/#website","url":"https:\/\/oplitegames.com\/","name":"OPLITE","description":"","publisher":{"@id":"https:\/\/oplitegames.com\/#organization"},"potentialAction":[{"@type":"SearchAction","target":{"@type":"EntryPoint","urlTemplate":"https:\/\/oplitegames.com\/?s={search_term_string}"},"query-input":{"@type":"PropertyValueSpecification","valueRequired":true,"valueName":"search_term_string"}}],"inLanguage":"it-IT"},{"@type":"Organization","@id":"https:\/\/oplitegames.com\/#organization","name":"OPLITE","url":"https:\/\/oplitegames.com\/","logo":{"@type":"ImageObject","inLanguage":"it-IT","@id":"https:\/\/oplitegames.com\/#\/schema\/logo\/image\/","url":"https:\/\/oplitegames-preprod.ezratis.fr\/wp-content\/uploads\/cropped-cropped-Oplite-Blanc-casse-002-scaled-1.png","contentUrl":"https:\/\/oplitegames-preprod.ezratis.fr\/wp-content\/uploads\/cropped-cropped-Oplite-Blanc-casse-002-scaled-1.png","width":2509,"height":597,"caption":"OPLITE"},"image":{"@id":"https:\/\/oplitegames.com\/#\/schema\/logo\/image\/"}}]},"product_price_amount":"549.90","product_price_currency":"EUR","og_availability":"instock","product_availability":"instock","product_retailer_item_id":"101625","product_condition":"new"},"_links":{"self":[{"href":"https:\/\/oplitegames-preprod.ezratis.fr\/it\/wp-json\/wp\/v2\/product\/42999","targetHints":{"allow":["GET"]}}],"collection":[{"href":"https:\/\/oplitegames-preprod.ezratis.fr\/it\/wp-json\/wp\/v2\/product"}],"about":[{"href":"https:\/\/oplitegames-preprod.ezratis.fr\/it\/wp-json\/wp\/v2\/types\/product"}],"version-history":[{"count":10,"href":"https:\/\/oplitegames-preprod.ezratis.fr\/it\/wp-json\/wp\/v2\/product\/42999\/revisions"}],"predecessor-version":[{"id":61642,"href":"https:\/\/oplitegames-preprod.ezratis.fr\/it\/wp-json\/wp\/v2\/product\/42999\/revisions\/61642"}],"wp:featuredmedia":[{"embeddable":true,"href":"https:\/\/oplitegames-preprod.ezratis.fr\/it\/wp-json\/wp\/v2\/media\/44541"}],"wp:attachment":[{"href":"https:\/\/oplitegames-preprod.ezratis.fr\/it\/wp-json\/wp\/v2\/media?parent=42999"}],"wp:term":[{"taxonomy":"product_brand","embeddable":true,"href":"https:\/\/oplitegames-preprod.ezratis.fr\/it\/wp-json\/wp\/v2\/product_brand?post=42999"},{"taxonomy":"product_cat","embeddable":true,"href":"https:\/\/oplitegames-preprod.ezratis.fr\/it\/wp-json\/wp\/v2\/product_cat?post=42999"},{"taxonomy":"product_tag","embeddable":true,"href":"https:\/\/oplitegames-preprod.ezratis.fr\/it\/wp-json\/wp\/v2\/product_tag?post=42999"}],"curies":[{"name":"wp","href":"https:\/\/api.w.org\/{rel}","templated":true}]}}