{"id":43017,"date":"2025-01-10T11:14:43","date_gmt":"2025-01-10T10:14:43","guid":{"rendered":"https:\/\/oplitegames.com\/?post_type=product&#038;p=43017"},"modified":"2025-11-23T21:43:36","modified_gmt":"2025-11-23T20:43:36","slug":"simracing-flightsim-holder-white","status":"publish","type":"product","link":"https:\/\/oplitegames-preprod.ezratis.fr\/it\/prodotto\/simracing-flightsim-holder-white\/","title":{"rendered":"Simracing &amp; Flightsim Holder White"},"content":{"rendered":"<p>Elemento indissociabile del FULL FORCE KIT, il SIMRACING &amp; FLIGHTSIM HOLDER WHITE \u00e8 stato progettato per soddisfare i piloti pi\u00f9 esigenti che cercano una rigidit\u00e0 eccezionale e un&#8217;ergonomia ottimale per i loro dispositivi, come il freno a mano, il cambio, il joystick e il throttle.<\/p>\n<p>Il kit SIMRACING &amp; FLIGHTSIM HOLDER WHITE viene fissato direttamente sul tuo FULL FORCE KIT per ospitare i tuoi dispositivi di simulazione preferiti. Se sei un appassionato di SIMRACING o FLIGHTSIM, questo supporto sapr\u00e0 soddisfare le vostre esigenze grazie alla sua eccezionale compatibilit\u00e0 con i dispositivi attualmente disponibili sul mercato.<\/p>\n<p>Questo supporto offre una regolazione precisa su tre assi, tra cui altezza e profondit\u00e0, per ottimizzare l&#8217;ergonomia generale della configurazione in base alla morfologia. Realizzato interamente in acciaio al carbonio, la sua rigidit\u00e0 gli permette di resistere a movimenti bruschi e ripetuti mantenendo un&#8217;eccellente stabilit\u00e0.<\/p>\n<p><span style=\"text-decoration: underline;\"><strong>Caratteristiche tecniche:<\/strong><\/span><\/p>\n<ul>\n<li>Piastra in acciaio al carbonio di 3mm di spessore<\/li>\n<li>Vernice: bianco lucido ad alta resistenza per una finitura di alta qualit\u00e0<\/li>\n<li>Altezza: 95 mm, larghezza 214 mm, profondit\u00e0 400 mm<\/li>\n<li>Kit di fissaggio per il fissaggio al Full Force Kit<\/li>\n<\/ul>\n<p><strong><u>Compatibilit\u00e0 con i dispositivi*:<\/u><\/strong><\/p>\n<ul>\n<li>Freni a mano e cambio dei marchi Fanatec\u00ae, Moza\u00ae, Thrustmaster\u00ae, Logitech\u00ae, Turtle Beach\u00ae o Asetek\u00ae<\/li>\n<li>Thrustmaster\u00ae HOTAS WarthogTM joystick e throttle, T.16000MFCS Hotas, TCA Airbus Edition, TWCS. Supporto 100% compatibile con i dispositivi Logitech\/ Saitek\u00ae X52, X52 Pro, X55, X56, GSaitek Pro Flight Yoke<\/li>\n<\/ul>\n<p><small>*Per garantire la massima compatibilit\u00e0 con alcuni dispositivi, potrebbero essere necessari piccoli adattamenti. Nessuna preoccupazione: la qualit\u00e0 e la garanzia del prodotto non ne risentono.<\/small><\/p>\n<p><strong><u>Compatibilit\u00e0 del prodotto: <\/u><\/strong><\/p>\n<p>&#8211; 100% Compatibile con i cockpit GTR S8 FORCE WHITE<br \/>\n&#8211; Compatibile anche con gli altri cockpit della serie GTR dotati del Full Force Kit<\/p>\n","protected":false},"excerpt":{"rendered":"<p>Esperto nella progettazione di prodotti ergonomici per il settore dell&#8217;ufficio e del gioco, OPLITE presenta il suo <strong>SIMRACING &amp; FLIGHTSIM HOLDER WHITE<\/strong> dedicato al tuo cockpit GTR S8 White.<\/p>\n<p>\u00c8 il momento di passare dallo status di giocatore a quello di pilota! Gara automobilistica o aviazione, fai la tua scelta!<\/p>\n<p>&nbsp;<\/p>\n","protected":false},"featured_media":43149,"template":"","meta":{"_acf_changed":false,"footnotes":""},"product_brand":[],"product_cat":[796,730],"product_tag":[],"class_list":{"0":"post-43017","1":"product","2":"type-product","3":"status-publish","4":"has-post-thumbnail","6":"product_cat-cockpit-s8-ultra-it","7":"product_cat-simulatori","8":"pa_colisage-pcb-4-it","10":"first","11":"outofstock","12":"taxable","13":"shipping-taxable","14":"purchasable","15":"product-type-simple"},"bundled_by":[],"bundle_stock_status":"outofstock","bundle_stock_quantity":0,"bundle_virtual":false,"bundle_layout":"","bundle_add_to_cart_form_location":"","bundle_editable_in_cart":false,"bundle_sold_individually_context":"","bundle_item_grouping":"","bundle_min_size":"","bundle_max_size":"","bundle_price":[],"bundled_items":[],"bundle_sell_ids":[],"acf":[],"yoast_head":"<!-- This site is optimized with the Yoast SEO plugin v27.3 - https:\/\/yoast.com\/product\/yoast-seo-wordpress\/ -->\n<title>Simracing &amp; Flightsim Holder White - OPLITE<\/title>\n<meta name=\"robots\" content=\"index, follow, max-snippet:-1, max-image-preview:large, max-video-preview:-1\" \/>\n<link rel=\"canonical\" href=\"https:\/\/oplitegames.com\/it\/prodotto\/simracing-flightsim-holder-white\/\" \/>\n<meta property=\"og:locale\" content=\"it_IT\" \/>\n<meta property=\"og:type\" content=\"article\" \/>\n<meta property=\"og:title\" content=\"Simracing &amp; Flightsim Holder White - OPLITE\" \/>\n<meta property=\"og:description\" content=\"Esperto nella progettazione di prodotti ergonomici per il settore dell&#039;ufficio e del gioco, OPLITE presenta il suo SIMRACING &amp; FLIGHTSIM HOLDER WHITE dedicato al tuo cockpit GTR S8 White.  \u00c8 il momento di passare dallo status di giocatore a quello di pilota! Gara automobilistica o aviazione, fai la tua scelta!  &nbsp;\" \/>\n<meta property=\"og:url\" content=\"https:\/\/oplitegames.com\/it\/prodotto\/simracing-flightsim-holder-white\/\" \/>\n<meta property=\"og:site_name\" content=\"OPLITE\" \/>\n<meta property=\"article:modified_time\" content=\"2025-11-23T20:43:36+00:00\" \/>\n<meta property=\"og:image\" content=\"https:\/\/oplitegames.com\/wp-content\/uploads\/OPLITE-SIMRACING-FLIGHTSIM-HOLDER-WHITE-OP-GTR-FSHW_01.png\" \/>\n\t<meta property=\"og:image:width\" content=\"2750\" \/>\n\t<meta property=\"og:image:height\" content=\"2750\" \/>\n\t<meta property=\"og:image:type\" content=\"image\/png\" \/>\n<meta name=\"twitter:card\" content=\"summary_large_image\" \/>\n<meta name=\"twitter:label1\" content=\"Price\" \/>\n\t<meta name=\"twitter:data1\" content=\"89,90&nbsp;&euro;\" \/>\n\t<meta name=\"twitter:label2\" content=\"Availability\" \/>\n\t<meta name=\"twitter:data2\" content=\"Out of stock\" \/>\n<script type=\"application\/ld+json\" class=\"yoast-schema-graph\">{\"@context\":\"https:\\\/\\\/schema.org\",\"@graph\":[{\"@type\":[\"WebPage\",\"ItemPage\"],\"@id\":\"https:\\\/\\\/oplitegames.com\\\/it\\\/prodotto\\\/simracing-flightsim-holder-white\\\/\",\"url\":\"https:\\\/\\\/oplitegames.com\\\/it\\\/prodotto\\\/simracing-flightsim-holder-white\\\/\",\"name\":\"Simracing &amp; Flightsim Holder White - OPLITE\",\"isPartOf\":{\"@id\":\"https:\\\/\\\/oplitegames.com\\\/#website\"},\"primaryImageOfPage\":{\"@id\":\"https:\\\/\\\/oplitegames.com\\\/it\\\/prodotto\\\/simracing-flightsim-holder-white\\\/#primaryimage\"},\"image\":{\"@id\":\"https:\\\/\\\/oplitegames.com\\\/it\\\/prodotto\\\/simracing-flightsim-holder-white\\\/#primaryimage\"},\"thumbnailUrl\":\"https:\\\/\\\/oplitegames-preprod.ezratis.fr\\\/wp-content\\\/uploads\\\/OPLITE-SIMRACING-FLIGHTSIM-HOLDER-WHITE-OP-GTR-FSHW_01.png\",\"datePublished\":\"2025-01-10T10:14:43+00:00\",\"dateModified\":\"2025-11-23T20:43:36+00:00\",\"breadcrumb\":{\"@id\":\"https:\\\/\\\/oplitegames.com\\\/it\\\/prodotto\\\/simracing-flightsim-holder-white\\\/#breadcrumb\"},\"inLanguage\":\"it-IT\",\"potentialAction\":[{\"@type\":\"ReadAction\",\"target\":[\"https:\\\/\\\/oplitegames.com\\\/it\\\/prodotto\\\/simracing-flightsim-holder-white\\\/\"]}]},{\"@type\":\"ImageObject\",\"inLanguage\":\"it-IT\",\"@id\":\"https:\\\/\\\/oplitegames.com\\\/it\\\/prodotto\\\/simracing-flightsim-holder-white\\\/#primaryimage\",\"url\":\"https:\\\/\\\/oplitegames-preprod.ezratis.fr\\\/wp-content\\\/uploads\\\/OPLITE-SIMRACING-FLIGHTSIM-HOLDER-WHITE-OP-GTR-FSHW_01.png\",\"contentUrl\":\"https:\\\/\\\/oplitegames-preprod.ezratis.fr\\\/wp-content\\\/uploads\\\/OPLITE-SIMRACING-FLIGHTSIM-HOLDER-WHITE-OP-GTR-FSHW_01.png\",\"width\":2750,\"height\":2750},{\"@type\":\"BreadcrumbList\",\"@id\":\"https:\\\/\\\/oplitegames.com\\\/it\\\/prodotto\\\/simracing-flightsim-holder-white\\\/#breadcrumb\",\"itemListElement\":[{\"@type\":\"ListItem\",\"position\":1,\"name\":\"Home\",\"item\":\"https:\\\/\\\/oplitegames.com\\\/it\\\/oplite-gaming\\\/\"},{\"@type\":\"ListItem\",\"position\":2,\"name\":\"Negozio\",\"item\":\"https:\\\/\\\/oplitegames.com\\\/it\\\/negozio\\\/\"},{\"@type\":\"ListItem\",\"position\":3,\"name\":\"Simracing &amp; Flightsim Holder White\"}]},{\"@type\":\"WebSite\",\"@id\":\"https:\\\/\\\/oplitegames.com\\\/#website\",\"url\":\"https:\\\/\\\/oplitegames.com\\\/\",\"name\":\"OPLITE\",\"description\":\"\",\"publisher\":{\"@id\":\"https:\\\/\\\/oplitegames.com\\\/#organization\"},\"potentialAction\":[{\"@type\":\"SearchAction\",\"target\":{\"@type\":\"EntryPoint\",\"urlTemplate\":\"https:\\\/\\\/oplitegames.com\\\/?s={search_term_string}\"},\"query-input\":{\"@type\":\"PropertyValueSpecification\",\"valueRequired\":true,\"valueName\":\"search_term_string\"}}],\"inLanguage\":\"it-IT\"},{\"@type\":\"Organization\",\"@id\":\"https:\\\/\\\/oplitegames.com\\\/#organization\",\"name\":\"OPLITE\",\"url\":\"https:\\\/\\\/oplitegames.com\\\/\",\"logo\":{\"@type\":\"ImageObject\",\"inLanguage\":\"it-IT\",\"@id\":\"https:\\\/\\\/oplitegames.com\\\/#\\\/schema\\\/logo\\\/image\\\/\",\"url\":\"https:\\\/\\\/oplitegames-preprod.ezratis.fr\\\/wp-content\\\/uploads\\\/cropped-cropped-Oplite-Blanc-casse-002-scaled-1.png\",\"contentUrl\":\"https:\\\/\\\/oplitegames-preprod.ezratis.fr\\\/wp-content\\\/uploads\\\/cropped-cropped-Oplite-Blanc-casse-002-scaled-1.png\",\"width\":2509,\"height\":597,\"caption\":\"OPLITE\"},\"image\":{\"@id\":\"https:\\\/\\\/oplitegames.com\\\/#\\\/schema\\\/logo\\\/image\\\/\"}}]}<\/script>\n<meta property=\"product:price:amount\" content=\"89.90\" \/>\n<meta property=\"product:price:currency\" content=\"EUR\" \/>\n<meta property=\"og:availability\" content=\"out of stock\" \/>\n<meta property=\"product:availability\" content=\"out of stock\" \/>\n<meta property=\"product:retailer_item_id\" content=\"101629\" \/>\n<meta property=\"product:condition\" content=\"new\" \/>\n<!-- \/ Yoast SEO plugin. -->","yoast_head_json":{"title":"Simracing &amp; Flightsim Holder White - OPLITE","robots":{"index":"index","follow":"follow","max-snippet":"max-snippet:-1","max-image-preview":"max-image-preview:large","max-video-preview":"max-video-preview:-1"},"canonical":"https:\/\/oplitegames.com\/it\/prodotto\/simracing-flightsim-holder-white\/","og_locale":"it_IT","og_type":"article","og_title":"Simracing &amp; Flightsim Holder White - OPLITE","og_description":"Esperto nella progettazione di prodotti ergonomici per il settore dell'ufficio e del gioco, OPLITE presenta il suo SIMRACING &amp; FLIGHTSIM HOLDER WHITE dedicato al tuo cockpit GTR S8 White.  \u00c8 il momento di passare dallo status di giocatore a quello di pilota! Gara automobilistica o aviazione, fai la tua scelta!  &nbsp;","og_url":"https:\/\/oplitegames.com\/it\/prodotto\/simracing-flightsim-holder-white\/","og_site_name":"OPLITE","article_modified_time":"2025-11-23T20:43:36+00:00","og_image":[{"width":2750,"height":2750,"url":"https:\/\/oplitegames.com\/wp-content\/uploads\/OPLITE-SIMRACING-FLIGHTSIM-HOLDER-WHITE-OP-GTR-FSHW_01.png","type":"image\/png"}],"twitter_card":"summary_large_image","twitter_misc":{"Price":"89,90&nbsp;&euro;","Availability":"Out of stock"},"schema":{"@context":"https:\/\/schema.org","@graph":[{"@type":["WebPage","ItemPage"],"@id":"https:\/\/oplitegames.com\/it\/prodotto\/simracing-flightsim-holder-white\/","url":"https:\/\/oplitegames.com\/it\/prodotto\/simracing-flightsim-holder-white\/","name":"Simracing &amp; Flightsim Holder White - OPLITE","isPartOf":{"@id":"https:\/\/oplitegames.com\/#website"},"primaryImageOfPage":{"@id":"https:\/\/oplitegames.com\/it\/prodotto\/simracing-flightsim-holder-white\/#primaryimage"},"image":{"@id":"https:\/\/oplitegames.com\/it\/prodotto\/simracing-flightsim-holder-white\/#primaryimage"},"thumbnailUrl":"https:\/\/oplitegames-preprod.ezratis.fr\/wp-content\/uploads\/OPLITE-SIMRACING-FLIGHTSIM-HOLDER-WHITE-OP-GTR-FSHW_01.png","datePublished":"2025-01-10T10:14:43+00:00","dateModified":"2025-11-23T20:43:36+00:00","breadcrumb":{"@id":"https:\/\/oplitegames.com\/it\/prodotto\/simracing-flightsim-holder-white\/#breadcrumb"},"inLanguage":"it-IT","potentialAction":[{"@type":"ReadAction","target":["https:\/\/oplitegames.com\/it\/prodotto\/simracing-flightsim-holder-white\/"]}]},{"@type":"ImageObject","inLanguage":"it-IT","@id":"https:\/\/oplitegames.com\/it\/prodotto\/simracing-flightsim-holder-white\/#primaryimage","url":"https:\/\/oplitegames-preprod.ezratis.fr\/wp-content\/uploads\/OPLITE-SIMRACING-FLIGHTSIM-HOLDER-WHITE-OP-GTR-FSHW_01.png","contentUrl":"https:\/\/oplitegames-preprod.ezratis.fr\/wp-content\/uploads\/OPLITE-SIMRACING-FLIGHTSIM-HOLDER-WHITE-OP-GTR-FSHW_01.png","width":2750,"height":2750},{"@type":"BreadcrumbList","@id":"https:\/\/oplitegames.com\/it\/prodotto\/simracing-flightsim-holder-white\/#breadcrumb","itemListElement":[{"@type":"ListItem","position":1,"name":"Home","item":"https:\/\/oplitegames.com\/it\/oplite-gaming\/"},{"@type":"ListItem","position":2,"name":"Negozio","item":"https:\/\/oplitegames.com\/it\/negozio\/"},{"@type":"ListItem","position":3,"name":"Simracing &amp; Flightsim Holder White"}]},{"@type":"WebSite","@id":"https:\/\/oplitegames.com\/#website","url":"https:\/\/oplitegames.com\/","name":"OPLITE","description":"","publisher":{"@id":"https:\/\/oplitegames.com\/#organization"},"potentialAction":[{"@type":"SearchAction","target":{"@type":"EntryPoint","urlTemplate":"https:\/\/oplitegames.com\/?s={search_term_string}"},"query-input":{"@type":"PropertyValueSpecification","valueRequired":true,"valueName":"search_term_string"}}],"inLanguage":"it-IT"},{"@type":"Organization","@id":"https:\/\/oplitegames.com\/#organization","name":"OPLITE","url":"https:\/\/oplitegames.com\/","logo":{"@type":"ImageObject","inLanguage":"it-IT","@id":"https:\/\/oplitegames.com\/#\/schema\/logo\/image\/","url":"https:\/\/oplitegames-preprod.ezratis.fr\/wp-content\/uploads\/cropped-cropped-Oplite-Blanc-casse-002-scaled-1.png","contentUrl":"https:\/\/oplitegames-preprod.ezratis.fr\/wp-content\/uploads\/cropped-cropped-Oplite-Blanc-casse-002-scaled-1.png","width":2509,"height":597,"caption":"OPLITE"},"image":{"@id":"https:\/\/oplitegames.com\/#\/schema\/logo\/image\/"}}]},"product_price_amount":"89.90","product_price_currency":"EUR","og_availability":"out of stock","product_availability":"out of stock","product_retailer_item_id":"101629","product_condition":"new"},"_links":{"self":[{"href":"https:\/\/oplitegames-preprod.ezratis.fr\/it\/wp-json\/wp\/v2\/product\/43017","targetHints":{"allow":["GET"]}}],"collection":[{"href":"https:\/\/oplitegames-preprod.ezratis.fr\/it\/wp-json\/wp\/v2\/product"}],"about":[{"href":"https:\/\/oplitegames-preprod.ezratis.fr\/it\/wp-json\/wp\/v2\/types\/product"}],"version-history":[{"count":7,"href":"https:\/\/oplitegames-preprod.ezratis.fr\/it\/wp-json\/wp\/v2\/product\/43017\/revisions"}],"predecessor-version":[{"id":48378,"href":"https:\/\/oplitegames-preprod.ezratis.fr\/it\/wp-json\/wp\/v2\/product\/43017\/revisions\/48378"}],"wp:featuredmedia":[{"embeddable":true,"href":"https:\/\/oplitegames-preprod.ezratis.fr\/it\/wp-json\/wp\/v2\/media\/43149"}],"wp:attachment":[{"href":"https:\/\/oplitegames-preprod.ezratis.fr\/it\/wp-json\/wp\/v2\/media?parent=43017"}],"wp:term":[{"taxonomy":"product_brand","embeddable":true,"href":"https:\/\/oplitegames-preprod.ezratis.fr\/it\/wp-json\/wp\/v2\/product_brand?post=43017"},{"taxonomy":"product_cat","embeddable":true,"href":"https:\/\/oplitegames-preprod.ezratis.fr\/it\/wp-json\/wp\/v2\/product_cat?post=43017"},{"taxonomy":"product_tag","embeddable":true,"href":"https:\/\/oplitegames-preprod.ezratis.fr\/it\/wp-json\/wp\/v2\/product_tag?post=43017"}],"curies":[{"name":"wp","href":"https:\/\/api.w.org\/{rel}","templated":true}]}}