{"id":45895,"date":"2025-01-28T03:00:18","date_gmt":"2025-01-28T02:00:18","guid":{"rendered":"https:\/\/oplitegames.com\/?post_type=product&#038;p=45895"},"modified":"2025-12-16T12:03:13","modified_gmt":"2025-12-16T11:03:13","slug":"r8-extensions-triple-screen-mount","status":"publish","type":"product","link":"https:\/\/oplitegames-preprod.ezratis.fr\/it\/prodotto\/r8-extensions-triple-screen-mount\/","title":{"rendered":"R8 \/ S8 Extensions Triple Screen Mount"},"content":{"rendered":"<p>Il kit &#8220;<strong>R8 \/ S8 Extensions Triple Screen Mount<\/strong>&#8221; consente di trasformare il supporto per singolo schermo della serie \u201cR8\u201d o \u201cGTR\u201d in un supporto per triplo schermo. Progettato per offrire un&#8217;esperienza immersiva massima, questo kit si fissa facilmente al tuo supporto per monitor singolo.<br \/>\nI due pannelli sono realizzati in acciaio tipo E355, \u00d8 35 mm e spessore di 2 mm. Questo kit \u00e8 compatibile con un&#8217;ampia gamma di monitor piatti e curvi.<\/p>\n<p><span style=\"text-decoration: underline;\"><strong>Punti salienti<\/strong><\/span><br \/>\n\u2022 Ideale per completare il vostro setup R8 FURY \/ setup GTR<br \/>\n\u2022 Installazione rapida e ultra rigida<br \/>\n\u2022 Ampia compatibilit\u00e0 con schermi piatti e curvi<\/p>\n<p><span style=\"text-decoration: underline;\"><strong>Specifiche tecniche<\/strong><\/span><br \/>\n<strong>Tubi di collegamento:<\/strong><br \/>\n\u2022 Struttura robusta in acciaio tubolare tipoE355 con diametro di \u00d8 35 mm e spessore di 2 mm<br \/>\n<strong>Cornice di ricezione dello schermo:<\/strong><br \/>\n\u2022 Struttura in acciaio tipo E355 con spessore di 2 mm<br \/>\n<strong>Regolazioni dello schermo:<\/strong><br \/>\n\u2022 Adattabili alla dimensione degli schermi e ai formati piatti e curvi<\/p>\n<p><span style=\"text-decoration: underline;\"><strong>Ecosistema:<\/strong><\/span><br \/>\n\u2022 Sin dal lancio del R8 FURY, una vasta gamma di prodotti OPLITE \u00e8 disponibile per progettare il vostro ecosistema<br \/>\n<strong>\u00a0Compatibile con:<\/strong><br \/>\nR8 SINGLE MONITOR MOUNT<br \/>\nR8 SINGLE MONITOR STAND<br \/>\nMONITOR STAND GTR S3\/S8<\/p>\n<p><span style=\"text-decoration: underline;\"><strong>Compatibilit\u00e0 con schermi e TV<\/strong><\/span><\/p>\n<table style=\"height: 217px;\" width=\"677\">\n<tbody>\n<tr>\n<th>Informazioni<\/th>\n<th>Dati Tecnici<\/th>\n<\/tr>\n<tr>\n<td>DIMENSIONE MASSIMA DEL TELEVISORE<\/td>\n<td>32&#8243; 16:9 piatto o curvo<\/td>\n<\/tr>\n<tr>\n<td>DIMENSIONE MASSIMA DELLO SCHERMO DEL PC<\/td>\n<td>32&#8243; 16:9 piatto o curvo<\/td>\n<\/tr>\n<tr>\n<td>PESO MASSIMO<\/td>\n<td>2&#215;10 kg<\/td>\n<\/tr>\n<tr>\n<td>VESA<\/td>\n<td>75\u00d775,100\u00d7100,200\u00d7100,<br \/>\n200\u00d7200,300\u00d7200,400\u00d7200<\/td>\n<\/tr>\n<\/tbody>\n<\/table>\n<p>&nbsp;<\/p>\n<p><span style=\"text-decoration: underline;\"><strong>Ecosistema R8 Fury<\/strong><\/span><\/p>\n<table>\n<tbody>\n<tr>\n<th>OPLITE<\/th>\n<th>Item No.<\/th>\n<th>Commercial Name GTIN<\/th>\n<\/tr>\n<tr>\n<td>OP-R8-CHB<\/td>\n<td>CHASSIS COCKPIT R8 FURY BLACK<\/td>\n<td>3770031134445<\/td>\n<\/tr>\n<tr>\n<td>OP-R8-CHW<\/td>\n<td>CHASSIS COCKPIT R8 FURY WHITE<\/td>\n<td>3770031134452<\/td>\n<\/tr>\n<tr>\n<td>OP-R8-B<\/td>\n<td>COCKPIT R8 FURY BLACK<\/td>\n<td>3770031134438<\/td>\n<\/tr>\n<tr>\n<td>OP-R8-W<\/td>\n<td>COCKPIT R8 FURY WHITE<\/td>\n<td>3770031134421<\/td>\n<\/tr>\n<tr>\n<td>OP-R8-HBB<\/td>\n<td>R8 GEAR SHIFT HANDBRAKE HOLDER BLACK<\/td>\n<td>3770031134414<\/td>\n<\/tr>\n<tr>\n<td>OP-R8-HBW<\/td>\n<td>R8 GEAR SHIFT HANDBRAKE HOLDER WHITE<\/td>\n<td>3770031134407<\/td>\n<\/tr>\n<tr>\n<td>OP-R8-CW<\/td>\n<td>R8 SUPREME CASTOR WHEEL<\/td>\n<td>3770031134391<\/td>\n<\/tr>\n<tr>\n<td>OP-R8-MKTB<\/td>\n<td>R8 KEYBOARD &amp; MOUSE TRAY<\/td>\n<td>3770031134377<\/td>\n<\/tr>\n<tr>\n<td>OP-R8-MKTW<\/td>\n<td>R8 KEYBOARD &amp; MOUSE TRAY<\/td>\n<td>3770031134544<\/td>\n<\/tr>\n<tr>\n<td>OP-R8-CPUHB<\/td>\n<td>R8 CPU HOLDER R8<\/td>\n<td>3770031134360<\/td>\n<\/tr>\n<tr>\n<td>OP-R8-CPUHW<\/td>\n<td>R8 CPU HOLDER R8<\/td>\n<td>3770031134551<\/td>\n<\/tr>\n<tr>\n<td>OP-R8-SMMB<\/td>\n<td>R8 SINGLE MONITOR MOUNT BLACK<\/td>\n<td>3770031134384<\/td>\n<\/tr>\n<tr>\n<td>OP-R8-SMMW<\/td>\n<td>R8 SINGLE MONITOR MOUNT WHITE<\/td>\n<td>3770031134353<\/td>\n<\/tr>\n<tr>\n<td>OP-R8-SMSB<\/td>\n<td>R8 SINGLE MONITOR STAND<\/td>\n<td>3770031134346<\/td>\n<\/tr>\n<tr>\n<td><strong>OP-R8-ETSM<\/strong><\/td>\n<td><strong>R8 EXTENSIONS TRIPLE SCREEN MOUNT<\/strong><\/td>\n<td><strong>3770031134339<\/strong><\/td>\n<\/tr>\n<tr>\n<td>OP-R8-4MMB<\/td>\n<td>R8 ON TOP MONITOR MOUNT<\/td>\n<td>3770031134322<\/td>\n<\/tr>\n<tr>\n<td>OP-R8-4MMW<\/td>\n<td>R8 ON TOP MONITOR MOUNT<\/td>\n<td>3770031134568<\/td>\n<\/tr>\n<\/tbody>\n<\/table>\n","protected":false},"excerpt":{"rendered":"<p>Esperto nella progettazione di prodotti ergonomici per i settori ufficio e gaming, OPLITE presenta questo kit di conversione da schermo singolo a triplo schermo.<\/p>\n[embed]https:\/\/youtu.be\/yDJwHIkV1Tw[\/embed]\n","protected":false},"featured_media":45267,"template":"","meta":{"_acf_changed":false,"footnotes":""},"product_brand":[],"product_cat":[743,763,805,802,796,730],"product_tag":[810],"class_list":{"0":"post-45895","1":"product","2":"type-product","3":"status-publish","4":"has-post-thumbnail","6":"product_cat-abitacolo-gtr-s8-elite","7":"product_cat-abitacolo-gtr-s8-infinity-it","8":"product_cat-cockpit-r8-fury-black-it","9":"product_cat-cockpit-r8-fury-white-it","10":"product_cat-cockpit-s8-ultra-it","11":"product_cat-simulatori","12":"product_tag-r8-fury-it","13":"pa_colisage-pcb-824","14":"pa_colisage-pcb-1-it","16":"first","17":"instock","18":"taxable","19":"shipping-taxable","20":"purchasable","21":"product-type-simple"},"bundled_by":[],"bundle_stock_status":"instock","bundle_stock_quantity":8,"bundle_virtual":false,"bundle_layout":"","bundle_add_to_cart_form_location":"","bundle_editable_in_cart":false,"bundle_sold_individually_context":"","bundle_item_grouping":"","bundle_min_size":"","bundle_max_size":"","bundle_price":[],"bundled_items":[],"bundle_sell_ids":[],"acf":[],"yoast_head":"<!-- This site is optimized with the Yoast SEO plugin v27.3 - https:\/\/yoast.com\/product\/yoast-seo-wordpress\/ -->\n<title>R8 \/ S8 Extensions Triple Screen Mount - OPLITE<\/title>\n<meta name=\"robots\" content=\"index, follow, max-snippet:-1, max-image-preview:large, max-video-preview:-1\" \/>\n<link rel=\"canonical\" href=\"https:\/\/oplitegames.com\/it\/prodotto\/r8-extensions-triple-screen-mount\/\" \/>\n<meta property=\"og:locale\" content=\"it_IT\" \/>\n<meta property=\"og:type\" content=\"article\" \/>\n<meta property=\"og:title\" content=\"R8 \/ S8 Extensions Triple Screen Mount - OPLITE\" \/>\n<meta property=\"og:description\" content=\"Esperto nella progettazione di prodotti ergonomici per i settori ufficio e gaming, OPLITE presenta questo kit di conversione da schermo singolo a triplo schermo.\" \/>\n<meta property=\"og:url\" content=\"https:\/\/oplitegames.com\/it\/prodotto\/r8-extensions-triple-screen-mount\/\" \/>\n<meta property=\"og:site_name\" content=\"OPLITE\" \/>\n<meta property=\"article:modified_time\" content=\"2025-12-16T11:03:13+00:00\" \/>\n<meta property=\"og:image\" content=\"https:\/\/oplitegames.com\/wp-content\/uploads\/OPLITE-R8-EXTENSIONS-TRIPLE-SCREEN-MOUNT-OP-R8-ETSM_01.png\" \/>\n\t<meta property=\"og:image:width\" content=\"2750\" \/>\n\t<meta property=\"og:image:height\" content=\"2750\" \/>\n\t<meta property=\"og:image:type\" content=\"image\/png\" \/>\n<meta name=\"twitter:card\" content=\"summary_large_image\" \/>\n<meta name=\"twitter:label1\" content=\"Price\" \/>\n\t<meta name=\"twitter:data1\" content=\"69,90&nbsp;&euro;\" \/>\n\t<meta name=\"twitter:label2\" content=\"Availability\" \/>\n\t<meta name=\"twitter:data2\" content=\"In stock\" \/>\n<script type=\"application\/ld+json\" class=\"yoast-schema-graph\">{\"@context\":\"https:\\\/\\\/schema.org\",\"@graph\":[{\"@type\":[\"WebPage\",\"ItemPage\"],\"@id\":\"https:\\\/\\\/oplitegames.com\\\/it\\\/prodotto\\\/r8-extensions-triple-screen-mount\\\/\",\"url\":\"https:\\\/\\\/oplitegames.com\\\/it\\\/prodotto\\\/r8-extensions-triple-screen-mount\\\/\",\"name\":\"R8 \\\/ S8 Extensions Triple Screen Mount - OPLITE\",\"isPartOf\":{\"@id\":\"https:\\\/\\\/oplitegames.com\\\/#website\"},\"primaryImageOfPage\":{\"@id\":\"https:\\\/\\\/oplitegames.com\\\/it\\\/prodotto\\\/r8-extensions-triple-screen-mount\\\/#primaryimage\"},\"image\":{\"@id\":\"https:\\\/\\\/oplitegames.com\\\/it\\\/prodotto\\\/r8-extensions-triple-screen-mount\\\/#primaryimage\"},\"thumbnailUrl\":\"https:\\\/\\\/oplitegames-preprod.ezratis.fr\\\/wp-content\\\/uploads\\\/OPLITE-R8-EXTENSIONS-TRIPLE-SCREEN-MOUNT-OP-R8-ETSM_01.png\",\"datePublished\":\"2025-01-28T02:00:18+00:00\",\"dateModified\":\"2025-12-16T11:03:13+00:00\",\"breadcrumb\":{\"@id\":\"https:\\\/\\\/oplitegames.com\\\/it\\\/prodotto\\\/r8-extensions-triple-screen-mount\\\/#breadcrumb\"},\"inLanguage\":\"it-IT\",\"potentialAction\":[{\"@type\":\"ReadAction\",\"target\":[\"https:\\\/\\\/oplitegames.com\\\/it\\\/prodotto\\\/r8-extensions-triple-screen-mount\\\/\"]}]},{\"@type\":\"ImageObject\",\"inLanguage\":\"it-IT\",\"@id\":\"https:\\\/\\\/oplitegames.com\\\/it\\\/prodotto\\\/r8-extensions-triple-screen-mount\\\/#primaryimage\",\"url\":\"https:\\\/\\\/oplitegames-preprod.ezratis.fr\\\/wp-content\\\/uploads\\\/OPLITE-R8-EXTENSIONS-TRIPLE-SCREEN-MOUNT-OP-R8-ETSM_01.png\",\"contentUrl\":\"https:\\\/\\\/oplitegames-preprod.ezratis.fr\\\/wp-content\\\/uploads\\\/OPLITE-R8-EXTENSIONS-TRIPLE-SCREEN-MOUNT-OP-R8-ETSM_01.png\",\"width\":2750,\"height\":2750},{\"@type\":\"BreadcrumbList\",\"@id\":\"https:\\\/\\\/oplitegames.com\\\/it\\\/prodotto\\\/r8-extensions-triple-screen-mount\\\/#breadcrumb\",\"itemListElement\":[{\"@type\":\"ListItem\",\"position\":1,\"name\":\"Home\",\"item\":\"https:\\\/\\\/oplitegames.com\\\/it\\\/oplite-gaming\\\/\"},{\"@type\":\"ListItem\",\"position\":2,\"name\":\"Negozio\",\"item\":\"https:\\\/\\\/oplitegames.com\\\/it\\\/negozio\\\/\"},{\"@type\":\"ListItem\",\"position\":3,\"name\":\"R8 \\\/ S8 Extensions Triple Screen Mount\"}]},{\"@type\":\"WebSite\",\"@id\":\"https:\\\/\\\/oplitegames.com\\\/#website\",\"url\":\"https:\\\/\\\/oplitegames.com\\\/\",\"name\":\"OPLITE\",\"description\":\"\",\"publisher\":{\"@id\":\"https:\\\/\\\/oplitegames.com\\\/#organization\"},\"potentialAction\":[{\"@type\":\"SearchAction\",\"target\":{\"@type\":\"EntryPoint\",\"urlTemplate\":\"https:\\\/\\\/oplitegames.com\\\/?s={search_term_string}\"},\"query-input\":{\"@type\":\"PropertyValueSpecification\",\"valueRequired\":true,\"valueName\":\"search_term_string\"}}],\"inLanguage\":\"it-IT\"},{\"@type\":\"Organization\",\"@id\":\"https:\\\/\\\/oplitegames.com\\\/#organization\",\"name\":\"OPLITE\",\"url\":\"https:\\\/\\\/oplitegames.com\\\/\",\"logo\":{\"@type\":\"ImageObject\",\"inLanguage\":\"it-IT\",\"@id\":\"https:\\\/\\\/oplitegames.com\\\/#\\\/schema\\\/logo\\\/image\\\/\",\"url\":\"https:\\\/\\\/oplitegames-preprod.ezratis.fr\\\/wp-content\\\/uploads\\\/cropped-cropped-Oplite-Blanc-casse-002-scaled-1.png\",\"contentUrl\":\"https:\\\/\\\/oplitegames-preprod.ezratis.fr\\\/wp-content\\\/uploads\\\/cropped-cropped-Oplite-Blanc-casse-002-scaled-1.png\",\"width\":2509,\"height\":597,\"caption\":\"OPLITE\"},\"image\":{\"@id\":\"https:\\\/\\\/oplitegames.com\\\/#\\\/schema\\\/logo\\\/image\\\/\"}}]}<\/script>\n<meta property=\"product:price:amount\" content=\"69.90\" \/>\n<meta property=\"product:price:currency\" content=\"EUR\" \/>\n<meta property=\"og:availability\" content=\"instock\" \/>\n<meta property=\"product:availability\" content=\"instock\" \/>\n<meta property=\"product:retailer_item_id\" content=\"101273\" \/>\n<meta property=\"product:condition\" content=\"new\" \/>\n<!-- \/ Yoast SEO plugin. -->","yoast_head_json":{"title":"R8 \/ S8 Extensions Triple Screen Mount - OPLITE","robots":{"index":"index","follow":"follow","max-snippet":"max-snippet:-1","max-image-preview":"max-image-preview:large","max-video-preview":"max-video-preview:-1"},"canonical":"https:\/\/oplitegames.com\/it\/prodotto\/r8-extensions-triple-screen-mount\/","og_locale":"it_IT","og_type":"article","og_title":"R8 \/ S8 Extensions Triple Screen Mount - OPLITE","og_description":"Esperto nella progettazione di prodotti ergonomici per i settori ufficio e gaming, OPLITE presenta questo kit di conversione da schermo singolo a triplo schermo.","og_url":"https:\/\/oplitegames.com\/it\/prodotto\/r8-extensions-triple-screen-mount\/","og_site_name":"OPLITE","article_modified_time":"2025-12-16T11:03:13+00:00","og_image":[{"width":2750,"height":2750,"url":"https:\/\/oplitegames.com\/wp-content\/uploads\/OPLITE-R8-EXTENSIONS-TRIPLE-SCREEN-MOUNT-OP-R8-ETSM_01.png","type":"image\/png"}],"twitter_card":"summary_large_image","twitter_misc":{"Price":"69,90&nbsp;&euro;","Availability":"In stock"},"schema":{"@context":"https:\/\/schema.org","@graph":[{"@type":["WebPage","ItemPage"],"@id":"https:\/\/oplitegames.com\/it\/prodotto\/r8-extensions-triple-screen-mount\/","url":"https:\/\/oplitegames.com\/it\/prodotto\/r8-extensions-triple-screen-mount\/","name":"R8 \/ S8 Extensions Triple Screen Mount - OPLITE","isPartOf":{"@id":"https:\/\/oplitegames.com\/#website"},"primaryImageOfPage":{"@id":"https:\/\/oplitegames.com\/it\/prodotto\/r8-extensions-triple-screen-mount\/#primaryimage"},"image":{"@id":"https:\/\/oplitegames.com\/it\/prodotto\/r8-extensions-triple-screen-mount\/#primaryimage"},"thumbnailUrl":"https:\/\/oplitegames-preprod.ezratis.fr\/wp-content\/uploads\/OPLITE-R8-EXTENSIONS-TRIPLE-SCREEN-MOUNT-OP-R8-ETSM_01.png","datePublished":"2025-01-28T02:00:18+00:00","dateModified":"2025-12-16T11:03:13+00:00","breadcrumb":{"@id":"https:\/\/oplitegames.com\/it\/prodotto\/r8-extensions-triple-screen-mount\/#breadcrumb"},"inLanguage":"it-IT","potentialAction":[{"@type":"ReadAction","target":["https:\/\/oplitegames.com\/it\/prodotto\/r8-extensions-triple-screen-mount\/"]}]},{"@type":"ImageObject","inLanguage":"it-IT","@id":"https:\/\/oplitegames.com\/it\/prodotto\/r8-extensions-triple-screen-mount\/#primaryimage","url":"https:\/\/oplitegames-preprod.ezratis.fr\/wp-content\/uploads\/OPLITE-R8-EXTENSIONS-TRIPLE-SCREEN-MOUNT-OP-R8-ETSM_01.png","contentUrl":"https:\/\/oplitegames-preprod.ezratis.fr\/wp-content\/uploads\/OPLITE-R8-EXTENSIONS-TRIPLE-SCREEN-MOUNT-OP-R8-ETSM_01.png","width":2750,"height":2750},{"@type":"BreadcrumbList","@id":"https:\/\/oplitegames.com\/it\/prodotto\/r8-extensions-triple-screen-mount\/#breadcrumb","itemListElement":[{"@type":"ListItem","position":1,"name":"Home","item":"https:\/\/oplitegames.com\/it\/oplite-gaming\/"},{"@type":"ListItem","position":2,"name":"Negozio","item":"https:\/\/oplitegames.com\/it\/negozio\/"},{"@type":"ListItem","position":3,"name":"R8 \/ S8 Extensions Triple Screen Mount"}]},{"@type":"WebSite","@id":"https:\/\/oplitegames.com\/#website","url":"https:\/\/oplitegames.com\/","name":"OPLITE","description":"","publisher":{"@id":"https:\/\/oplitegames.com\/#organization"},"potentialAction":[{"@type":"SearchAction","target":{"@type":"EntryPoint","urlTemplate":"https:\/\/oplitegames.com\/?s={search_term_string}"},"query-input":{"@type":"PropertyValueSpecification","valueRequired":true,"valueName":"search_term_string"}}],"inLanguage":"it-IT"},{"@type":"Organization","@id":"https:\/\/oplitegames.com\/#organization","name":"OPLITE","url":"https:\/\/oplitegames.com\/","logo":{"@type":"ImageObject","inLanguage":"it-IT","@id":"https:\/\/oplitegames.com\/#\/schema\/logo\/image\/","url":"https:\/\/oplitegames-preprod.ezratis.fr\/wp-content\/uploads\/cropped-cropped-Oplite-Blanc-casse-002-scaled-1.png","contentUrl":"https:\/\/oplitegames-preprod.ezratis.fr\/wp-content\/uploads\/cropped-cropped-Oplite-Blanc-casse-002-scaled-1.png","width":2509,"height":597,"caption":"OPLITE"},"image":{"@id":"https:\/\/oplitegames.com\/#\/schema\/logo\/image\/"}}]},"product_price_amount":"69.90","product_price_currency":"EUR","og_availability":"instock","product_availability":"instock","product_retailer_item_id":"101273","product_condition":"new"},"_links":{"self":[{"href":"https:\/\/oplitegames-preprod.ezratis.fr\/it\/wp-json\/wp\/v2\/product\/45895","targetHints":{"allow":["GET"]}}],"collection":[{"href":"https:\/\/oplitegames-preprod.ezratis.fr\/it\/wp-json\/wp\/v2\/product"}],"about":[{"href":"https:\/\/oplitegames-preprod.ezratis.fr\/it\/wp-json\/wp\/v2\/types\/product"}],"version-history":[{"count":6,"href":"https:\/\/oplitegames-preprod.ezratis.fr\/it\/wp-json\/wp\/v2\/product\/45895\/revisions"}],"predecessor-version":[{"id":62410,"href":"https:\/\/oplitegames-preprod.ezratis.fr\/it\/wp-json\/wp\/v2\/product\/45895\/revisions\/62410"}],"wp:featuredmedia":[{"embeddable":true,"href":"https:\/\/oplitegames-preprod.ezratis.fr\/it\/wp-json\/wp\/v2\/media\/45267"}],"wp:attachment":[{"href":"https:\/\/oplitegames-preprod.ezratis.fr\/it\/wp-json\/wp\/v2\/media?parent=45895"}],"wp:term":[{"taxonomy":"product_brand","embeddable":true,"href":"https:\/\/oplitegames-preprod.ezratis.fr\/it\/wp-json\/wp\/v2\/product_brand?post=45895"},{"taxonomy":"product_cat","embeddable":true,"href":"https:\/\/oplitegames-preprod.ezratis.fr\/it\/wp-json\/wp\/v2\/product_cat?post=45895"},{"taxonomy":"product_tag","embeddable":true,"href":"https:\/\/oplitegames-preprod.ezratis.fr\/it\/wp-json\/wp\/v2\/product_tag?post=45895"}],"curies":[{"name":"wp","href":"https:\/\/api.w.org\/{rel}","templated":true}]}}